{"id":9992,"date":"2013-10-31T15:33:42","date_gmt":"2013-10-31T13:33:42","guid":{"rendered":"https:\/\/www.paih.gov.pl\/?p=9992"},"modified":"2026-02-20T12:29:04","modified_gmt":"2026-02-20T11:29:04","slug":"bialogard","status":"publish","type":"page","link":"https:\/\/www.paih.gov.pl\/en\/why-poland\/investment-incentives\/industrial-and-technology-parks\/bialogard\/","title":{"rendered":"Bia\u0142ogard Investment Park Invest-Park"},"content":{"rendered":"\n<p align=\"center\"><a title=\"Bia\u0142ogard Investment Park INVEST-PARK\" href=\"https:\/\/www.investparkbialogard.pl\/\" target=\"_blank\" rel=\"noopener\"><img decoding=\"async\" src=\"\/wp-content\/uploads\/sites\/2\/0\/117301\/117301.png\" border=\"0\"><\/a><\/p><div style=\"text-align: right;\"><b><a href=\"https:\/\/www.paih.gov.pl\/dlaczego_polska\/zachety_inwestycyjne\/parki_przemyslowe_i_technologiczne\/bialogard\">PL<\/a> | EN<\/b><br><br><\/div><p align=\"justify\">The Bia\u0142ogard Investment Park&#8221; Invest Park&#8221;, the adjacent Technology Incubator, the Investor Service Office and Loan Fund, offer support for entrepreneurs planning to start or develop production in north-western Poland.<strong><br><\/strong><\/p><p align=\"justify\"><strong><br>Location<\/strong><br><\/p><p align=\"justify\">The &#8220;Invest Park&#8221; is located approx. 30 km from Koszalin, at the intersection of important communication routes, near the sea and the ports in Ko\u0142obrzeg and Dar\u0142owo. Bia\u0142ogard is the largest railway junction in Central Pomerania. Voivodeship road no. 163 Ko\u0142obrzeg &#8211; Pozna\u0144 and road no. 166 Bia\u0142ogard &#8211; Koszalin run through the town. The national road No. 6 Szczecin &#8211; Gda\u0144sk is only 8 km away. It is not far from the express roads S6 and S11. The nearest airports are: Szczecin-Goleni\u00f3w (95 km), Gda\u0144sk (220 km) and Berlin (309 km).<br><\/p><p align=\"justify\"><b><br><\/b><strong>Offer<\/strong><br><\/p><p align=\"justify\">The Bia\u0142ogard Investment Park &#8220;Invest Park&#8221; offers:<\/p><div align=\"justify\"><ul><li align=\"justify\">construction land sale,<\/li><li align=\"justify\">turnkey facility construction,<\/li><li align=\"justify\">turnkey construction and deferred sales,<\/li><li align=\"justify\">turnkey facility construction for long-term lease,<\/li><li align=\"justify\">reduction of manufacturing start-up time,<\/li><li align=\"justify\">comprehensive investor services,<\/li><li align=\"justify\">assistance in staff recruitment.<strong><br><\/strong><\/li><\/ul><\/div><p align=\"justify\"><strong><br>Contact<\/strong><\/p><p align=\"justify\">Bia\u0142ogard Investment Park &#8220;Invest Park&#8221;<br>58 Ko\u0142obrzeska Str.<br>78-200 Bia\u0142ogard<br>tel\/fax: + 48 94 312 44 49<br>tel: +48 600 899 138<br>e-mail: <a href=\"mailto:biuro@investparkbialogard.pl\">biuro@investparkbialogard.pl<\/a><br><a href=\"https:\/\/www.investparkbialogard.pl\/\" target=\"_blank\" rel=\"noopener\">www.investparkbialogard.pl<\/a><\/p>\n\n\n\n<div style=\"height:60px\" aria-hidden=\"true\" class=\"wp-block-spacer\"><\/div>\n\n\n\n<a title=\"back\" href=\"https:\/\/www.paih.gov.pl\/en\/why-poland\/investment-incentives\/industrial-and-technology-parks\/\" class=\"button_back\">back<\/a>\n","protected":false},"excerpt":{"rendered":"<p>PL | EN The Bia\u0142ogard Investment Park&#8221; Invest Park&#8221;, the adjacent Technology Incubator, the Investor Service Office and Loan Fund, offer support for entrepreneurs planning to start or develop production in north-western Poland. Location The &#8220;Invest Park&#8221; is located approx. 30 km from Koszalin, at the intersection of important communication routes, near the sea and [&hellip;]<\/p>\n","protected":false},"author":4,"featured_media":0,"parent":8576,"menu_order":0,"comment_status":"closed","ping_status":"open","template":"","meta":{"inline_featured_image":false,"_themeisle_gutenberg_block_has_review":false,"footnotes":"","_links_to":"","_links_to_target":""},"acf":{"template_hide_top_photo":false,"template_btn_contact_disable":false,"template_btn_contact_link":"","template_btn_contact_text":"","_hide_from_search_wp":false,"_hide_from_search_engines":false},"_links":{"self":[{"href":"https:\/\/www.paih.gov.pl\/en\/wp-json\/wp\/v2\/pages\/9992"}],"collection":[{"href":"https:\/\/www.paih.gov.pl\/en\/wp-json\/wp\/v2\/pages"}],"about":[{"href":"https:\/\/www.paih.gov.pl\/en\/wp-json\/wp\/v2\/types\/page"}],"author":[{"embeddable":true,"href":"https:\/\/www.paih.gov.pl\/en\/wp-json\/wp\/v2\/users\/4"}],"replies":[{"embeddable":true,"href":"https:\/\/www.paih.gov.pl\/en\/wp-json\/wp\/v2\/comments?post=9992"}],"version-history":[{"count":2,"href":"https:\/\/www.paih.gov.pl\/en\/wp-json\/wp\/v2\/pages\/9992\/revisions"}],"predecessor-version":[{"id":206144,"href":"https:\/\/www.paih.gov.pl\/en\/wp-json\/wp\/v2\/pages\/9992\/revisions\/206144"}],"up":[{"embeddable":true,"href":"https:\/\/www.paih.gov.pl\/en\/wp-json\/wp\/v2\/pages\/8576"}],"wp:attachment":[{"href":"https:\/\/www.paih.gov.pl\/en\/wp-json\/wp\/v2\/media?parent=9992"}],"curies":[{"name":"wp","href":"https:\/\/api.w.org\/{rel}","templated":true}]}}