{"id":9989,"date":"2013-10-31T15:33:42","date_gmt":"2013-10-31T13:33:42","guid":{"rendered":"https:\/\/www.paih.gov.pl\/?p=9989"},"modified":"2026-02-20T11:37:57","modified_gmt":"2026-02-20T10:37:57","slug":"elblag","status":"publish","type":"page","link":"https:\/\/www.paih.gov.pl\/en\/why-poland\/investment-incentives\/industrial-and-technology-parks\/elblag\/","title":{"rendered":"Elbl\u0105g Technology Park"},"content":{"rendered":"\n<p align=\"center\"><a title=\"Elbl\u0105g Technology Park\" href=\"https:\/\/ept.elblag.eu\/\" target=\"_blank\" rel=\"noopener\"><img decoding=\"async\" src=\"\/wp-content\/uploads\/sites\/2\/0\/149801\/149868.jpg\" border=\"0\"><\/a><\/p><div style=\"text-align: right;\"><b><a href=\"https:\/\/www.paih.gov.pl\/dlaczego_polska\/zachety_inwestycyjne\/parki_przemyslowe_i_technologiczne\/elblag\">PL<\/a> | EN<\/b><br><br><\/div><p align=\"justify\">Elbl\u0105g is a city with tradition and a future, investing in modern solutions and technologies. A place with a good climate for business development and investment. The Elbl\u0105g Technology Park(ETP) operates in its area, its main task is to create favourable conditions for the undertaking of business, investment and research activities.<\/p><p align=\"justify\">The Elbl\u0105g Technology Park was created to support local entrepreneurship and implement innovative solutions in cooperation with local Institutes of Higher Education. Modern infrastructure and specialized research equipment enable the implementation of any business and scientific project. EPT is a place that brings together partnership cooperation between Local Government, science and business.<\/p><p align=\"justify\">Entrepreneurs who decide to cooperate with EPT receive support at every stage of development &#8211; from a startup, through technology development, initiation and participation in research and development.<\/p><p align=\"justify\">The Park&#8217;s activities focus on increasing the competitiveness of companies, their active promotion and providing specialized consulting services.<strong><br><\/strong><\/p><p align=\"justify\"><strong><br>Location<\/strong><br><\/p><p align=\"justify\">The Elblag Technology Park is located in the Business Development and Innovation Centre, in the northern part of the city of Elblag in the Modrzewina area, which is one of the most attractive investment areas in Poland.<\/p><p align=\"justify\">Elbl\u0105g is an extremely well located city in the northern part of Poland, at the junction of two provinces: Pomorskie and Warmi\u0144sko-Mazurskie. Located near the Tri-City agglomeration. The national roads S7 and S22 intersect here, connecting the north with the south of the country and forming a bridge between the east and west of Europe. Elbl\u0105g also has a water connection with the Baltic Sea through the Vistula Lagoon.<br><\/p><p align=\"justify\"><b><br><\/b><strong>Offer<\/strong><br><\/p><p align=\"justify\">Elbl\u0105g Technology Park offers:<\/p><div align=\"justify\"><ul><li align=\"justify\">services to local entrepreneurs and potential investors. EPT staff provide comprehensive information on available investment areas, income and real estate tax exemptions, business financing opportunities, as well as administrative support at every stage of the investment process,<\/li><li align=\"justify\">support for novice entrepreneurs &#8211; running a business incubator,<\/li><li align=\"justify\">lease of office and laboratory space,<\/li><li align=\"justify\">rental of specialized research equipment,<\/li><li align=\"justify\">accredited laboratory tests (Laboratory of Advanced Environmental Analysis EPT),<\/li><li align=\"justify\">specialist consulting services,<\/li><li align=\"justify\">rental of rooms in the Conference and Training Centre.<br><\/li><\/ul><\/div><p align=\"justify\"><strong><br>Contact<\/strong><\/p><p align=\"justify\">Elbl\u0105g Technology Park<br>ul. Stanis\u0142awa Sulimy 1<br>82-300 Elbl\u0105g<br>tel: +48 55 239 34 67<br>e-mail: <a href=\"mailto:biuro@ept.umelblag.pl\">biuro@ept.umelblag.pl<\/a><br><a href=\"https:\/\/ept.elblag.eu\/\" target=\"_blank\" rel=\"noopener\">www.ept.elblag.eu<\/a><\/p>\n\n\n\n<div style=\"height:60px\" aria-hidden=\"true\" class=\"wp-block-spacer\"><\/div>\n\n\n\n<a title=\"back\" href=\"https:\/\/www.paih.gov.pl\/en\/why-poland\/investment-incentives\/industrial-and-technology-parks\/\" class=\"button_back\">back<\/a>\n","protected":false},"excerpt":{"rendered":"<p>PL | EN Elbl\u0105g is a city with tradition and a future, investing in modern solutions and technologies. A place with a good climate for business development and investment. The Elbl\u0105g Technology Park(ETP) operates in its area, its main task is to create favourable conditions for the undertaking of business, investment and research activities. The [&hellip;]<\/p>\n","protected":false},"author":4,"featured_media":0,"parent":8576,"menu_order":0,"comment_status":"closed","ping_status":"open","template":"","meta":{"inline_featured_image":false,"_themeisle_gutenberg_block_has_review":false,"footnotes":"","_links_to":"","_links_to_target":""},"acf":{"template_hide_top_photo":false,"template_btn_contact_disable":false,"template_btn_contact_link":"","template_btn_contact_text":"","_hide_from_search_wp":false,"_hide_from_search_engines":false},"_links":{"self":[{"href":"https:\/\/www.paih.gov.pl\/en\/wp-json\/wp\/v2\/pages\/9989"}],"collection":[{"href":"https:\/\/www.paih.gov.pl\/en\/wp-json\/wp\/v2\/pages"}],"about":[{"href":"https:\/\/www.paih.gov.pl\/en\/wp-json\/wp\/v2\/types\/page"}],"author":[{"embeddable":true,"href":"https:\/\/www.paih.gov.pl\/en\/wp-json\/wp\/v2\/users\/4"}],"replies":[{"embeddable":true,"href":"https:\/\/www.paih.gov.pl\/en\/wp-json\/wp\/v2\/comments?post=9989"}],"version-history":[{"count":2,"href":"https:\/\/www.paih.gov.pl\/en\/wp-json\/wp\/v2\/pages\/9989\/revisions"}],"predecessor-version":[{"id":206128,"href":"https:\/\/www.paih.gov.pl\/en\/wp-json\/wp\/v2\/pages\/9989\/revisions\/206128"}],"up":[{"embeddable":true,"href":"https:\/\/www.paih.gov.pl\/en\/wp-json\/wp\/v2\/pages\/8576"}],"wp:attachment":[{"href":"https:\/\/www.paih.gov.pl\/en\/wp-json\/wp\/v2\/media?parent=9989"}],"curies":[{"name":"wp","href":"https:\/\/api.w.org\/{rel}","templated":true}]}}