{"id":9936,"date":"2013-10-31T15:33:19","date_gmt":"2013-10-31T13:33:19","guid":{"rendered":"https:\/\/www.paih.gov.pl\/?p=9936"},"modified":"2026-02-20T11:04:35","modified_gmt":"2026-02-20T10:04:35","slug":"bialystok","status":"publish","type":"page","link":"https:\/\/www.paih.gov.pl\/en\/why-poland\/investment-incentives\/industrial-and-technology-parks\/bialystok\/","title":{"rendered":"Bia\u0142ystok Science and Technology Park"},"content":{"rendered":"\n<p align=\"center\"><a title=\"Bia\u0142ystok Science and Technology Park\" href=\"https:\/\/bpnt.bialystok.pl\/en\" target=\"_blank\" rel=\"noopener\"><img decoding=\"async\" src=\"\/wp-content\/uploads\/sites\/2\/0\/116101\/116159.png\" border=\"0\"><\/a><\/p><div style=\"text-align: right;\"><b><a href=\"https:\/\/www.paih.gov.pl\/dlaczego_polska\/zachety_inwestycyjne\/parki_przemyslowe_i_technologiczne\/bialystok\">PL<\/a> | EN<\/b><br><br><\/div><p align=\"justify\">The Bialystok Science and Technology Park is a space open not only to entrepreneurs, scientists and enthusiasts of new technologies and ideas, but also Bia\u0142ystok and the Podlasie region residents of all ages who contribute with their talents and discoveries to increasing the attractiveness of the city.<\/p><p align=\"justify\">BPN-T objective is to create an infrastructure that will favour increasing of innovativeness among local and regional enterprises, as well as to improve attractiveness of the city to new, new-technologies-based investments.<\/p><p align=\"justify\">&#8222;We Cultivate Innovations. Naturally.&#8221; <i>The mission of the BPN-T<strong><br><\/strong><\/i><\/p><p align=\"justify\"><strong><br>Location<\/strong><br><\/p><p align=\"justify\">The Bia\u0142ystok Science and Technology Park is located in the southern part of the city, in the direct vicinity of the Suwa\u0142ki Special Economic Zone &#8211; Bia\u0142ystok Subzone.<br><\/p><p align=\"justify\"><b><br><\/b><strong>Offer<\/strong><br><\/p><p align=\"justify\">The Bialystok Science and Technology Park offers:<\/p><div align=\"justify\"><ul><li align=\"justify\">incubating young companies (startups) and provides support services to innovative companies,<\/li><li align=\"justify\">developing a framework for collaboration between enterprises, scientific centres and academic community in the region,<\/li><li align=\"justify\">leasing office and laboratory space, as well as a service area to developing enterprises and R&amp;D units at preferential rates,<\/li><li align=\"justify\">investment areas,<\/li><li align=\"justify\">fostering commercialisation of scientific research results,<\/li><li align=\"justify\">conferences, training sessions, workshops to improve the professional skills of the local community, entrepreneurs,<\/li><li align=\"justify\">various coworking spaces,<\/li><li align=\"justify\">rental of conference and training rooms,<\/li><li align=\"justify\">virtual secretarial services and server space rental.<strong><br><\/strong><\/li><\/ul><\/div><p align=\"justify\"><strong><br>Contact<\/strong><\/p><p align=\"justify\">Bia\u0142ystok Science and Technology Park <br>\u017burawia 71 <br>15-540 Bia\u0142ystok<br>tel: +48 534 653 001<br>tel\/fax: +48 85 733 39 55<br>e-mail: <a href=\"mailto:bpnt@bpnt.bialystok.pl\">bpnt@bpnt.bialystok.pl<\/a><br><a href=\"https:\/\/bpnt.bialystok.pl\/en\" target=\"_blank\" rel=\"noopener\">www.bpnt.bialystok.pl<\/a><\/p>\n\n\n\n<div style=\"height:60px\" aria-hidden=\"true\" class=\"wp-block-spacer\"><\/div>\n\n\n\n<a title=\"back\" href=\"https:\/\/www.paih.gov.pl\/en\/why-poland\/investment-incentives\/industrial-and-technology-parks\/\" class=\"button_back\">back<\/a>\n","protected":false},"excerpt":{"rendered":"<p>PL | EN The Bialystok Science and Technology Park is a space open not only to entrepreneurs, scientists and enthusiasts of new technologies and ideas, but also Bia\u0142ystok and the Podlasie region residents of all ages who contribute with their talents and discoveries to increasing the attractiveness of the city. BPN-T objective is to create [&hellip;]<\/p>\n","protected":false},"author":4,"featured_media":0,"parent":8576,"menu_order":0,"comment_status":"closed","ping_status":"open","template":"","meta":{"inline_featured_image":false,"_themeisle_gutenberg_block_has_review":false,"footnotes":"","_links_to":"","_links_to_target":""},"acf":{"template_hide_top_photo":false,"template_btn_contact_disable":false,"template_btn_contact_link":"","template_btn_contact_text":"","_hide_from_search_wp":false,"_hide_from_search_engines":false},"_links":{"self":[{"href":"https:\/\/www.paih.gov.pl\/en\/wp-json\/wp\/v2\/pages\/9936"}],"collection":[{"href":"https:\/\/www.paih.gov.pl\/en\/wp-json\/wp\/v2\/pages"}],"about":[{"href":"https:\/\/www.paih.gov.pl\/en\/wp-json\/wp\/v2\/types\/page"}],"author":[{"embeddable":true,"href":"https:\/\/www.paih.gov.pl\/en\/wp-json\/wp\/v2\/users\/4"}],"replies":[{"embeddable":true,"href":"https:\/\/www.paih.gov.pl\/en\/wp-json\/wp\/v2\/comments?post=9936"}],"version-history":[{"count":2,"href":"https:\/\/www.paih.gov.pl\/en\/wp-json\/wp\/v2\/pages\/9936\/revisions"}],"predecessor-version":[{"id":206091,"href":"https:\/\/www.paih.gov.pl\/en\/wp-json\/wp\/v2\/pages\/9936\/revisions\/206091"}],"up":[{"embeddable":true,"href":"https:\/\/www.paih.gov.pl\/en\/wp-json\/wp\/v2\/pages\/8576"}],"wp:attachment":[{"href":"https:\/\/www.paih.gov.pl\/en\/wp-json\/wp\/v2\/media?parent=9936"}],"curies":[{"name":"wp","href":"https:\/\/api.w.org\/{rel}","templated":true}]}}