{"id":9755,"date":"2013-10-31T15:32:17","date_gmt":"2013-10-31T13:32:17","guid":{"rendered":"https:\/\/www.paih.gov.pl\/?p=9755"},"modified":"2026-02-20T11:33:01","modified_gmt":"2026-02-20T10:33:01","slug":"kielce","status":"publish","type":"page","link":"https:\/\/www.paih.gov.pl\/en\/why-poland\/investment-incentives\/industrial-and-technology-parks\/kielce\/","title":{"rendered":"Kielce Technology Park"},"content":{"rendered":"\n<p align=\"center\"><a title=\"Kielce Technology Park\" href=\"https:\/\/www.technopark.kielce.pl\/eng\/\" target=\"_blank\" rel=\"noopener\"><img decoding=\"async\" src=\"\/wp-content\/uploads\/sites\/2\/0\/119601\/119696.png\" border=\"0\"><\/a><\/p><div style=\"text-align: right;\"><b><a href=\"https:\/\/www.paih.gov.pl\/dlaczego_polska\/zachety_inwestycyjne\/parki_przemyslowe_i_technologiczne\/kielce\">PL<\/a> | EN<\/b><br><br><\/div><p align=\"justify\">Kielce Technology Park is a business showcase of Kielce, one of the largest economic ventures implemented by the City. This is a place focused on innovation and creativity, open to cooperation with entrepreneurs from both Poland and abroad. Companies that operate here are offered a wide range of &#8220;tailor-made&#8221; business and development services, as well as assistance in finding business partners. In addition, preferential rental conditions are offered. The institution, with the support of European Union funds, also implements projects of national and international range, regarding digitization of enterprises, security in cyberspace, dual education system or CSR.<strong><br><\/strong><\/p><p align=\"justify\"><strong><br>Location<\/strong><br><\/p><p align=\"justify\">Kielce Technology Park is located at Olszewskiego Str., in the northern, industrial part of Kielce. The most important local governmental institutions (City Hall, Office of \u015awietokrzyskie region, Marshal&#8217;s Office) and main academic centres (UJK, University of Technology) are located in 4 km distance from park. KTP has convenient transport connection with exit routes and expressways towards \u0141\u00f3d\u017a, Krak\u00f3w, Warsaw and Lublin. This location allows quick and easy access to any place in Poland, in particular to the largest urban agglomerations.<br><\/p><p align=\"justify\"><b><br><\/b><strong>Offer<\/strong><br><\/p><p align=\"justify\">Kielce Technology Park offers:<\/p><div align=\"justify\"><ul><li align=\"justify\">rental of space,<\/li><li align=\"justify\">sale of investment land,<\/li><li align=\"justify\">Complex of Technology Incubators,<\/li><li align=\"justify\">Technology Centre,<\/li><li align=\"justify\">Logistics Incubator Rotterdam,<\/li><li align=\"justify\">3D Printing Centre,<\/li><li align=\"justify\">Energy Science Centre,<\/li><li align=\"justify\">Conference Centre,<\/li><li align=\"justify\">ICT Centre,<\/li><li align=\"justify\">CNC Centre,<\/li><li align=\"justify\">LabDesign Studio,<\/li><li align=\"justify\">services for SMEs,<\/li><li align=\"justify\">digitisation of companies,<\/li><li align=\"justify\">IT services,&nbsp;<\/li><li align=\"justify\">study visits,<\/li><li align=\"justify\">relaxation area,&nbsp;<\/li><li align=\"justify\">organisation of events,&nbsp;<\/li><li align=\"justify\">trainings.<strong><br><\/strong><\/li><\/ul><\/div><p align=\"justify\"><strong><br>Contact<\/strong><\/p><p align=\"justify\">Kielce Technology Park<br>ul. Olszewskiego 6 <br>25-663 Kielce<br>tel: +48 41 278 72 00 <br>fax: +48 41 278 72 01<br>e-mail: <a href=\"mailto:biuro@technopark.kielce.pl\">biuro@technopark.kielce.pl<\/a><br><a href=\"https:\/\/www.technopark.kielce.pl\/eng\/\" target=\"_blank\" rel=\"noopener\">www.technopark.kielce.pl<\/a><\/p>\n\n\n\n<div style=\"height:60px\" aria-hidden=\"true\" class=\"wp-block-spacer\"><\/div>\n\n\n\n<a title=\"back\" href=\"https:\/\/www.paih.gov.pl\/en\/why-poland\/investment-incentives\/industrial-and-technology-parks\/\" class=\"button_back\">back<\/a>\n","protected":false},"excerpt":{"rendered":"<p>PL | EN Kielce Technology Park is a business showcase of Kielce, one of the largest economic ventures implemented by the City. This is a place focused on innovation and creativity, open to cooperation with entrepreneurs from both Poland and abroad. Companies that operate here are offered a wide range of &#8220;tailor-made&#8221; business and development [&hellip;]<\/p>\n","protected":false},"author":4,"featured_media":0,"parent":8576,"menu_order":0,"comment_status":"closed","ping_status":"open","template":"","meta":{"inline_featured_image":false,"_themeisle_gutenberg_block_has_review":false,"footnotes":"","_links_to":"","_links_to_target":""},"acf":{"template_hide_top_photo":false,"template_btn_contact_disable":false,"template_btn_contact_link":"","template_btn_contact_text":"","_hide_from_search_wp":false,"_hide_from_search_engines":false},"_links":{"self":[{"href":"https:\/\/www.paih.gov.pl\/en\/wp-json\/wp\/v2\/pages\/9755"}],"collection":[{"href":"https:\/\/www.paih.gov.pl\/en\/wp-json\/wp\/v2\/pages"}],"about":[{"href":"https:\/\/www.paih.gov.pl\/en\/wp-json\/wp\/v2\/types\/page"}],"author":[{"embeddable":true,"href":"https:\/\/www.paih.gov.pl\/en\/wp-json\/wp\/v2\/users\/4"}],"replies":[{"embeddable":true,"href":"https:\/\/www.paih.gov.pl\/en\/wp-json\/wp\/v2\/comments?post=9755"}],"version-history":[{"count":3,"href":"https:\/\/www.paih.gov.pl\/en\/wp-json\/wp\/v2\/pages\/9755\/revisions"}],"predecessor-version":[{"id":206121,"href":"https:\/\/www.paih.gov.pl\/en\/wp-json\/wp\/v2\/pages\/9755\/revisions\/206121"}],"up":[{"embeddable":true,"href":"https:\/\/www.paih.gov.pl\/en\/wp-json\/wp\/v2\/pages\/8576"}],"wp:attachment":[{"href":"https:\/\/www.paih.gov.pl\/en\/wp-json\/wp\/v2\/media?parent=9755"}],"curies":[{"name":"wp","href":"https:\/\/api.w.org\/{rel}","templated":true}]}}