{"id":9637,"date":"2013-10-31T15:31:45","date_gmt":"2013-10-31T13:31:45","guid":{"rendered":"https:\/\/www.paih.gov.pl\/?p=9637"},"modified":"2025-10-16T14:53:49","modified_gmt":"2025-10-16T12:53:49","slug":"warminsko-mazurskie","status":"publish","type":"page","link":"https:\/\/www.paih.gov.pl\/en\/polish-regions\/voivodships\/warminsko-mazurskie\/","title":{"rendered":"warmi\u0144sko-mazurskie"},"content":{"rendered":"\n<div style=\"text-align: right;\"><b><a href=\"https:\/\/www.paih.gov.pl\/dlaczego_polska\/regiony\/wojewodztwa\/warminsko-mazurskie\">PL<\/a> | EN<\/b><\/div><br>\n\n<table style=\"border-collapse: collapse;\" cellspacing=\"0\" cellpadding=\"4\" bordercolor=\"#eeeeee\" border=\"1\">\n<tbody>\n<tr>\n<td>\nTotal area of the voivodeship<\/td>\n<td>\n24,173.17 km<sup>2<\/sup><\/td><\/tr>\n<tr>\n<td valign=\"top\">\nPopulation:<br>&#8211; in urban areas<\/td>\n<td>\n<div align=\"left\">1 353 374<br>59.0%<\/div><div align=\"right\"><sub>(as of: 06.2024)<\/sub><br><\/div><\/td><\/tr>\n<tr>\n<td valign=\"top\">\nPopulation density<\/td>\n<td>\n<div align=\"left\">56 persons\/km<sup>2<\/sup><\/div><div align=\"right\"><sub>(as of: 06.2024)<\/sub><br><\/div><\/td><\/tr>\n<tr>\n<td>\nVoivodeship capital <\/td>\n<td>\nOlsztyn<\/td><\/tr>\n<tr>\n<td>\nOther big towns in the voivodeship<\/td>\n<td>\nElbl\u0105g, E\u0142k, Ostr\u00f3da, I\u0142awa, Gi\u017cycko<\/td><\/tr>\n<tr>\n<td>\nSpecial Economic Zones<\/td>\n<td>\n<a href=\"\/en\/why_poland\/investment_incentives\/polish_investment_zone\/olsztyn\">Warmi\u0144sko-Mazurska &#187;<\/a><br><a href=\"\/en\/why_poland\/investment_incentives\/polish_investment_zone\/suwalki\">Suwalska &#187;<\/a><\/td><\/tr>\n<tr>\n<td>Science and technology parks<\/td>\n\n<td><a href=\"\/en\/why_poland\/investment_incentives\/industrial_and_technology_parks\/elblag\">Elblag Technology Park &#187;<\/a><br><a href=\"\/en\/why_poland\/investment_incentives\/industrial_and_technology_parks\/elk\">Science and Technology Park in E\u0142k &#187;<\/a><br><a href=\"\/en\/why_poland\/investment_incentives\/industrial_and_technology_parks\/olsztyn\">Olsztyn Scientific and Technology Park &#187;<\/a><br><\/td><\/tr>\n<tr>\n<td>\nInvestor and Exporter Assistance Centre<\/td>\n<td>\n<a href=\"https:\/\/www.paih.gov.pl\/en\/polish_regions\/coie\/\">Olsztyn &#187;<\/a><\/td><\/tr>\n<tr>\n<td>PAIH\u2019s Regional Trade Office<\/td>\n<td><a href=\"https:\/\/www.paih.gov.pl\/regionalne_biura_handlowe\/rbh_olsztyn\/\">Olsztyn &#187;<\/a><\/td>\n<\/tr>\n\n\n<\/tbody><\/table>\n\n<br>\n<b>Publication<\/b>\n<br><br>\n\n<table style=\"width: 100%; border-collapse: collapse;\" cellspacing=\"0\" cellpadding=\"3\" border=\"0\" align=\"center\">\n<tbody>\n<tr>\n<td valign=\"top\"><a href=\"https:\/\/www.paih.gov.pl\/en\/wp-content\/uploads\/sites\/2\/2024\/03\/Polish-Cities-unlocking-the-potential-Olsztyn-2024.pdf\"><img decoding=\"async\" style=\"width: 325px\" src=\"https:\/\/www.paih.gov.pl\/en\/wp-content\/uploads\/sites\/2\/2024\/03\/Polish-Cities-unlocking-the-potential-Olsztyn-2024_poziom.png\" alt=\"Polish Cities - unlocking the potential - Olsztyn, 2024\" title=\"Polish Cities - unlocking the potential - Olsztyn, 2024\" border=\"0\"><\/a><\/td><\/tr>\n<tr>\n<td valign=\"top\">Polish Cities &#8211; unlocking the potential <br>&#8211; Olsztyn, 2024<\/td><\/tr>\n<\/tbody><\/table>\n\n\n<p align=\"justify\"><br>The Warmian-Masurian Voivodeship is located in the north-eastern part of the country and is adjacent to the Russian Federation, thus constituting the external border of the European Union. The region of Warmia and Mazury is connected by national road No. 16 with the A1 motorway &#8211; the main transport axis connecting the north of Poland with the central and southern regions. The region is also crossed by national road No. 7, connecting among others, Krak\u00f3w and Warsaw with Gda\u0144sk. Thanks to the natural conditions (33% of the region&#8217;s area is covered by forests and 5.7% by water reservoirs), the region is extremely attractive in terms of nature, which is reflected in the economic sphere. The location and natural values are conducive to,among others, the development of the agri-food sector, wood and tourism, including medical and business tourism.<br><br><b>Map of the Voivodeship against the map of the country<\/b>\n\n<\/p><div id=\"mapy\">\n<div class=\"mapySSE\">\n<img decoding=\"async\" alt=\"map of Poland\" src=\"\/wp-content\/uploads\/sites\/2\/0\/147201\/147218.svg\" style=\"padding:10px;\"><\/div>\n<div class=\"mapySSE\">\n<img decoding=\"async\" alt=\"Voivodeship map\" src=\"\/wp-content\/uploads\/sites\/2\/0\/147201\/147217.svg\" style=\"margin: 0px 0px 0px 30px; padding:10px;\"><\/div>\n<\/div>\n\n<br>\n<p align=\"justify\"><strong><br>Advantages of the Voivodeship<\/strong><\/p>\n<ul>\n<li>Strategic location of Olsztyn, the capital of the Voivodeship, in relation to the Tri-City agglomeration (159 km to Gda\u0144sk) and Warsaw (212 km).<\/li>\n<li>Unique natural environment &#8211; excellent conditions for the development of ecological industries as well as tourist and agritourism activities.<\/li>\n<li>The highest public aid in Poland and attractive locations for investments.<\/li>\n<li>The seaport in Elbl\u0105g and the Olsztyn-Mazury Airport in Szymany.<\/li>\n<li>Access to highly specialized staff in fields related to the specificity of the region thanks to universities and scientific and research institutes operating in the region.<\/li>\n<li>The BPO\/SSC sector with high development potential in the largest cities of the region (Olsztyn, Elbl\u0105g, E\u0142k).<\/li>\n<li>A perfect place to live, relax and do business.<\/li><\/ul>\n<p align=\"justify\"><strong><br>High-opportunity sectors\n<\/strong><\/p>\n<ul>\n<li>water economy<\/li>\n<li>high-quality food<\/li>\n<li>wood and furniture<\/li>\n<li>healthy living<\/li><\/ul>\n<br>\n\n\n<!--<p align=\"justify\"><strong>Files:<\/strong><\/p>\n\n<p><a title=\"Informacje gospodarcze o wojew\u00f3dztwie\" href=\"\/wp-content\/uploads\/sites\/2\/0\/111901\/111999.pdf\" tagert=\"_blank\"><img decoding=\"async\" align=\"absMiddle\" style=\"margin-right: 10px;\" src=\"\/wp-content\/uploads\/sites\/2\/0\/104301\/104400.gif\" border=\"0\">Economic information about voivodship<\/a><\/p>-->\n\n\n\n\n<a title=\"back\" href=\"https:\/\/www.paih.gov.pl\/en\/polish_regions\/voivodships\/\" class=\"button_back\">back<\/a>\n\n<style>\n\n#mapy {\ndisplay: block;\nwidth: 100%;\n}\n.mapySSE {\ndisplay: inline-block;\nmax-width:400px;\nheight: auto;\nmargin: 0 auto;\n}\n<\/style>\n","protected":false},"excerpt":{"rendered":"<p>PL | EN Total area of the voivodeship 24,173.17 km2 Population:&#8211; in urban areas 1 353 37459.0% (as of: 06.2024) Population density 56 persons\/km2 (as of: 06.2024) Voivodeship capital Olsztyn Other big towns in the voivodeship Elbl\u0105g, E\u0142k, Ostr\u00f3da, I\u0142awa, Gi\u017cycko Special Economic Zones Warmi\u0144sko-Mazurska &#187;Suwalska &#187; Science and technology parks Elblag Technology Park &#187;Science [&hellip;]<\/p>\n","protected":false},"author":4,"featured_media":0,"parent":9109,"menu_order":0,"comment_status":"closed","ping_status":"open","template":"","meta":{"inline_featured_image":false,"_themeisle_gutenberg_block_has_review":false,"footnotes":"","_links_to":"","_links_to_target":""},"acf":{"template_hide_top_photo":false,"template_btn_contact_disable":false,"template_btn_contact_link":"","template_btn_contact_text":"","_hide_from_search_wp":false,"_hide_from_search_engines":false},"_links":{"self":[{"href":"https:\/\/www.paih.gov.pl\/en\/wp-json\/wp\/v2\/pages\/9637"}],"collection":[{"href":"https:\/\/www.paih.gov.pl\/en\/wp-json\/wp\/v2\/pages"}],"about":[{"href":"https:\/\/www.paih.gov.pl\/en\/wp-json\/wp\/v2\/types\/page"}],"author":[{"embeddable":true,"href":"https:\/\/www.paih.gov.pl\/en\/wp-json\/wp\/v2\/users\/4"}],"replies":[{"embeddable":true,"href":"https:\/\/www.paih.gov.pl\/en\/wp-json\/wp\/v2\/comments?post=9637"}],"version-history":[{"count":7,"href":"https:\/\/www.paih.gov.pl\/en\/wp-json\/wp\/v2\/pages\/9637\/revisions"}],"predecessor-version":[{"id":205097,"href":"https:\/\/www.paih.gov.pl\/en\/wp-json\/wp\/v2\/pages\/9637\/revisions\/205097"}],"up":[{"embeddable":true,"href":"https:\/\/www.paih.gov.pl\/en\/wp-json\/wp\/v2\/pages\/9109"}],"wp:attachment":[{"href":"https:\/\/www.paih.gov.pl\/en\/wp-json\/wp\/v2\/media?parent=9637"}],"curies":[{"name":"wp","href":"https:\/\/api.w.org\/{rel}","templated":true}]}}