{"id":9636,"date":"2013-10-31T15:31:45","date_gmt":"2013-10-31T13:31:45","guid":{"rendered":"https:\/\/www.paih.gov.pl\/?p=9636"},"modified":"2025-10-16T14:53:49","modified_gmt":"2025-10-16T12:53:49","slug":"swietokrzyskie","status":"publish","type":"page","link":"https:\/\/www.paih.gov.pl\/en\/polish-regions\/voivodships\/swietokrzyskie\/","title":{"rendered":"\u015bwi\u0119tokrzyskie"},"content":{"rendered":"\n<div style=\"text-align: right;\"><b><a href=\"https:\/\/www.paih.gov.pl\/dlaczego_polska\/regiony\/wojewodztwa\/swietokrzyskie\">PL<\/a> | EN<\/b><\/div><br>\n\n<table style=\"border-collapse: collapse;\" cellspacing=\"0\" cellpadding=\"4\" bordercolor=\"#eeeeee\" border=\"1\">\n<tbody>\n<tr>\n<td>\nTotal area of the voivodeship<\/td>\n<td>\n11 711 km<sup>2<\/sup><\/td><\/tr>\n<tr>\n<td>\nPopulation:<br>&#8211; in urban areas<\/td>\n<td>\n1 252 900<br>44.6%<\/td><\/tr>\n<tr>\n<td>\nPopulation density<\/td>\n<td>\n107 persons\/km<sup>2<\/sup><\/td><\/tr>\n<tr>\n<td>\nVoivodeship capital <\/td>\n<td>\nKielce<\/td><\/tr>\n<tr>\n<td>\nOther big towns in the voivodeship<\/td>\n<td>\nOstrowiec \u015awi\u0119tokrzyski, Starachowice, Skar\u017cysko Kamienna, Sandomierz, Ko\u0144skie<\/td><\/tr>\n<tr>\n<td>\nSpecial Economic Zones<\/td>\n<td>\n<a href=\"\/en\/why_poland\/investment_incentives\/polish_investment_zone\/starachowice\">Starachowicka &#187;<\/a><br><a href=\"\/en\/why_poland\/investment_incentives\/polish_investment_zone\/tarnobrzeg\">Tarnobrzeska &#187;<\/a><br><a href=\"\/en\/why_poland\/investment_incentives\/polish_investment_zone\/krakow\">Krak\u00f3w Technology Park &#187;<\/a><\/td><\/tr>\n<tr>\n<td>Industrial &amp; Technology Parks<\/td>\n<td><a href=\"\/en\/why_poland\/investment_incentives\/industrial_and_technology_parks\/kielce\">Kielce Technology Park &#187;<\/a><br><a href=\"\/en\/why_poland\/investment_incentives\/industrial_and_technology_parks\/checiny\">Regional Science-Technology Centre &#187;<\/a><\/td><\/tr>\n<tr>\n<td>\nInvestor and Exporter Assistance Centre<\/td>\n<td>\n<a href=\"https:\/\/www.paih.gov.pl\/en\/polish_regions\/coie\/\">Kielce &#187;<\/a><\/td><\/tr>\n<tr>\n<td>PAIH\u2019s Regional Trade Office<\/td>\n<td><a href=\"https:\/\/www.paih.gov.pl\/regionalne-biura-handlowe\/rbh-kielce\/\">Kielce &#187;<\/a><\/td>\n<\/tr>\n<\/tbody><\/table>\n\n\n<p align=\"justify\"><br>The \u015awi\u0119tokrzyskie Voivodeship is situated in the south-east part of Poland next to the biggest cities: Warsaw, Cracow, Katowice, Lublin and \u0141\u00f3d\u017a. Natural resources of the \u015awi\u0119tokrzyskie region enable production of gypsum and cement and the \u015awi\u0119tokrzyskie products are famous on the home and interantional markets. It houses the biggest construction companies in Poland. Targi Kielce (the Kielce Fairs Exhibition and Congress Centre) is a visit card of the voivodeship &#8211; it is second largest fair centre in the country which is situated on the crossroads of the most important national and international transport trails. The voivodeship is one of the cleanest areas in Poland as far as ecology is concerned.<br><br><b>Map of the Voivodeship against the map of the country<\/b>\n\n<\/p><div id=\"mapy\">\n<div class=\"mapySSE\">\n<img decoding=\"async\" alt=\"map of Poland\" src=\"\/wp-content\/uploads\/sites\/2\/0\/147201\/147216.svg\" style=\"padding:10px;\"><\/div>\n<div class=\"mapySSE\">\n<img decoding=\"async\" alt=\"Voivodeship map\" src=\"\/wp-content\/uploads\/sites\/2\/0\/147201\/147215.svg\" style=\"margin: 0px 0px 0px 30px; padding:10px;\"><\/div>\n<\/div>\n\n<br>\n<p align=\"justify\"><strong><br>Investment opportunities<\/strong><\/p>\n<ul>\n<li>\n<div align=\"justify\">Large pool of qualified staff for industry and other sectors of the economy,<\/div>\n<\/li><li>\n<div align=\"justify\">developed system of business infrastructure and financial institutions in Kielce and larger towns,<\/div>\n<\/li><li>\n<div align=\"justify\">well developed educational base,<\/div>\n<\/li><li>\n<div align=\"justify\">large potential for agricultural and horticultural production,<\/div>\n<\/li><li>\n<div align=\"justify\">important mineral deposits used for production of construction materials (lime, cement),<\/div>\n<\/li><li>\n<div align=\"justify\">rich resources of mineral waters,<\/div>\n<\/li><li>\n<div align=\"justify\">developed base of spas, sanatoriums, convalescence hospitals, recreational centres, hotels and private quarters in health resorts,<\/div>\n<\/li><li>\n<div align=\"justify\">consecutive modernization of road network (route S7 and national routes 74 and 73) as well as of the base of available investment grounds,<\/div>\n<\/li><li>\n<div align=\"justify\">relatively low cost of labour: the average in the voivodeship &#8211; 4,538.11 PLN per month, worker&#8217;s gross salary &#8211; between 3,010 and 4,407.93 PLN,<\/div>\n<\/li><li>\n\n<div align=\"justify\">developing base of the ecological food producers.<\/div><\/li><\/ul>\n\n\n\n\n<p align=\"justify\"><strong><br>Sectors with huge potential<\/strong><\/p>\n<ul>\n<p align=\"justify\">\n<\/p><li>\n\n<div align=\"justify\">Metal-machinary<br><\/div><\/li><li><div align=\"justify\">Economic building<br><\/div><\/li><li><div align=\"justify\">Medical-Spa &#8211; Rehabilitation<br><\/div><\/li><li><div align=\"justify\">State of the art farming and food processing<br><br><\/div><\/li><\/ul>\n\n\n\n\n<!--<p align=\"justify\"><strong>Files:<\/strong><\/p>\n\n<p><a title=\"Informacje gospodarcze o wojew\u00f3dztwie\" href=\"\/wp-content\/uploads\/sites\/2\/0\/111901\/111998.pdf\" tagert=\"_blank\"><img decoding=\"async\" align=\"absMiddle\" style=\"margin-right: 10px;\" src=\"\/wp-content\/uploads\/sites\/2\/0\/104301\/104400.gif\" border=\"0\">Economic information about voivodship<\/a><\/p>-->\n\n\n\n\n<a title=\"back\" href=\"https:\/\/www.paih.gov.pl\/en\/polish_regions\/voivodships\/\" class=\"button_back\">back<\/a>\n\n<style>\n\n#mapy {\ndisplay: block;\nwidth: 100%;\n}\n.mapySSE {\ndisplay: inline-block;\nmax-width:400px;\nheight: auto;\nmargin: 0 auto;\n}\n<\/style>\n","protected":false},"excerpt":{"rendered":"<p>PL | EN Total area of the voivodeship 11 711 km2 Population:&#8211; in urban areas 1 252 90044.6% Population density 107 persons\/km2 Voivodeship capital Kielce Other big towns in the voivodeship Ostrowiec \u015awi\u0119tokrzyski, Starachowice, Skar\u017cysko Kamienna, Sandomierz, Ko\u0144skie Special Economic Zones Starachowicka &#187;Tarnobrzeska &#187;Krak\u00f3w Technology Park &#187; Industrial &amp; Technology Parks Kielce Technology Park &#187;Regional [&hellip;]<\/p>\n","protected":false},"author":4,"featured_media":0,"parent":9109,"menu_order":0,"comment_status":"closed","ping_status":"open","template":"","meta":{"inline_featured_image":false,"_themeisle_gutenberg_block_has_review":false,"footnotes":"","_links_to":"","_links_to_target":""},"acf":{"template_hide_top_photo":false,"template_btn_contact_disable":false,"template_btn_contact_link":"","template_btn_contact_text":"","_hide_from_search_wp":false,"_hide_from_search_engines":false},"_links":{"self":[{"href":"https:\/\/www.paih.gov.pl\/en\/wp-json\/wp\/v2\/pages\/9636"}],"collection":[{"href":"https:\/\/www.paih.gov.pl\/en\/wp-json\/wp\/v2\/pages"}],"about":[{"href":"https:\/\/www.paih.gov.pl\/en\/wp-json\/wp\/v2\/types\/page"}],"author":[{"embeddable":true,"href":"https:\/\/www.paih.gov.pl\/en\/wp-json\/wp\/v2\/users\/4"}],"replies":[{"embeddable":true,"href":"https:\/\/www.paih.gov.pl\/en\/wp-json\/wp\/v2\/comments?post=9636"}],"version-history":[{"count":5,"href":"https:\/\/www.paih.gov.pl\/en\/wp-json\/wp\/v2\/pages\/9636\/revisions"}],"predecessor-version":[{"id":205099,"href":"https:\/\/www.paih.gov.pl\/en\/wp-json\/wp\/v2\/pages\/9636\/revisions\/205099"}],"up":[{"embeddable":true,"href":"https:\/\/www.paih.gov.pl\/en\/wp-json\/wp\/v2\/pages\/9109"}],"wp:attachment":[{"href":"https:\/\/www.paih.gov.pl\/en\/wp-json\/wp\/v2\/media?parent=9636"}],"curies":[{"name":"wp","href":"https:\/\/api.w.org\/{rel}","templated":true}]}}