{"id":9635,"date":"2013-10-31T15:31:45","date_gmt":"2013-10-31T13:31:45","guid":{"rendered":"https:\/\/www.paih.gov.pl\/?p=9635"},"modified":"2025-10-16T14:53:49","modified_gmt":"2025-10-16T12:53:49","slug":"slaskie","status":"publish","type":"page","link":"https:\/\/www.paih.gov.pl\/en\/polish-regions\/voivodships\/slaskie\/","title":{"rendered":"\u015bl\u0105skie"},"content":{"rendered":"\n<div style=\"text-align: right;\"><b><a href=\"https:\/\/www.paih.gov.pl\/dlaczego_polska\/regiony\/wojewodztwa\/slaskie\">PL<\/a> | EN<\/b><\/div><br>\n\n<table style=\"border-collapse: collapse;\" cellspacing=\"0\" cellpadding=\"4\" bordercolor=\"#eeeeee\" border=\"1\">\n<tbody>\n<tr>\n<td>\nTotal area of the voivodeship<\/td>\n<td>\n12 333 km<sup>2<\/sup><\/td><\/tr>\n<tr>\n<td>\nPopulation:<br>&#8211; in urban areas<\/td>\n<td>\n4.3 million (4291 thous.)<br>75.7%<\/td><\/tr>\n<tr>\n<td>\nPopulation density<\/td>\n<td>\n348 persons\/km<sup>2<\/sup><\/td><\/tr>\n<tr>\n<td>\nVoivodeship capital <\/td>\n<td>\nKatowice <\/td><\/tr>\n<tr>\n<td>\nOther big towns in the voivodeship<\/td>\n<td>\nCz\u0119stochowa, Bielsko-Bia\u0142a, Rybnik, Sosnowiec, Gliwice, Zabrze, Bytom, Ruda \u015al\u0105ska, Tychy, D\u0105browa G\u00f3rnicza, Chorz\u00f3w, Jaworzno, Jastrz\u0119bie Zdr\u00f3j, Mys\u0142owice, Siemianowice \u015al\u0105skie<\/td><\/tr>\n<tr>\n<td>\nSpecial Economic Zones<\/td>\n<td>\n<a href=\"\/en\/why_poland\/investment_incentives\/polish_investment_zone\/katowice\">Katowicka &#187;<\/a><\/td><\/tr>\n<tr>\n<td>\nIndustrial &amp; Technology Parks<\/td>\n<td>\n<a href=\"\/en\/why_poland\/investment_incentives\/industrial_and_technology_parks\/bielsko\">Bielski Technology Park of Aviation-innovation, cooperation and development &#187;<\/a><br><a href=\"\/en\/why_poland\/investment_incentives\/industrial_and_technology_parks\/bytom\">Bytom Industrial Park &#187;<\/a><br><a href=\"\/en\/why_poland\/investment_incentives\/industrial_and_technology_parks\/katowice_usip\">G\u00f3rno\u015bl\u0105ski Industrial Park &#187;<\/a><br><a href=\"https:\/\/gzut.pl\/\" target=\"_blank\" rel=\"noopener\">GZUT Industrial Park &#187;<\/a><br><a href=\"https:\/\/www.arr.czestochowa.pl\/czestochowski-park-przemyslowo-technologiczny\" target=\"_blank\" rel=\"noopener\">Cz\u0119stochowski Park Przemys\u0142owo-Technologiczny &#187;<\/a><br><a href=\"\/en\/why_poland\/investment_incentives\/industrial_and_technology_parks\/katowice_euro_center_stp\">&#8220;Euro Centrum&#8221; Science and Technology Park &#187;<\/a><br><a href=\"\/en\/why_poland\/investment_incentives\/industrial_and_technology_parks\/katowice_euro_center_ip\">&#8220;Euro Centrum&#8221;&nbsp;Industrial Park &#187;<\/a><br><a href=\"\/en\/why_poland\/investment_incentives\/industrial_and_technology_parks\/gliwice_technopark\">&#8220;Technopark&#8221; Science-Technology Park in Gliwice &#187;<\/a><br><a href=\"\/en\/why_poland\/investment_incentives\/industrial_and_technology_parks\/piekary_slaskie\">EkoPark Industrial and Technology Park &#187;<\/a><br><a href=\"https:\/\/www.revitapark.pl\/revitapark\" target=\"_blank\" rel=\"noopener\">&#8220;Revita Park&#8221; Industrial-Technology Park &#187;<\/a><br><a href=\"\/en\/why_poland\/investment_incentives\/industrial_and_technology_parks\/sosnowiec\">Sosnowiec Science and Technology Park &#187;<\/a><br><a href=\"\/en\/why_poland\/investment_incentives\/industrial_and_technology_parks\/ruda_slaska_ip\">\u015al\u0105sk Industrial and Technology Park &#187;<\/a><br><a href=\"\/en\/why_poland\/investment_incentives\/industrial_and_technology_parks\/zory_ip\">\u017bory Industrial Park &#187;<\/a><br><a href=\"https:\/\/kmptm.pl\/\" target=\"_blank\" rel=\"noopener\">\u015al\u0105ski Park Technologii Medycznych Kardio-Med Silesia &#187;<\/a><br><a href=\"\/en\/why_poland\/investment_incentives\/industrial_and_technology_parks\/zawiercie\">Zawiercia\u0144ski Park Przemys\u0142owo-Technologiczny &#187;<\/a><br><a href=\"https:\/\/fabryka-porcelany.pl\/fundacja-giesche\/o-parku\/\" target=\"_blank\" rel=\"noopener\">Park Przemys\u0142owo-Technologiczny Porcelana \u015al\u0105ska &#187;<\/a><br><a href=\"https:\/\/www.paih.gov.pl\/en\/why_poland\/investment_incentives\/industrial_and_technology_parks\/tychy\/\">Park Nowoczesnych Technologii IT Loft Park &#187;<\/a><br><a href=\"https:\/\/zeliwna38.pl\/\" target=\"_blank\" rel=\"noopener\">Park Technologiczny EkoEnergia-Woda-Bezpiecze\u0144stwo &#187;<\/a><br><a href=\"https:\/\/ekoenergiasilesia.pl\/\" target=\"_blank\" rel=\"noopener\">Park Przemys\u0142owo-Technologiczny EkoEnergia-Efektywno\u015b\u0107 &#187;<\/a><br><a href=\"https:\/\/kssenon.pl\/\" target=\"_blank\" rel=\"noopener\">KSSENON Business Accelerator &#187;<\/a><br><a href=\"http:\/\/www.arrsa.pl\/pl\/\" target=\"_blank\" rel=\"noopener\">Industrial and Service Park in Bielsko-Bia\u0142a &#187;<\/a><\/td><\/tr>\n<tr>\n<td>\nInvestor and Exporter Assistance Centre<\/td>\n<td><a href=\"https:\/\/www.paih.gov.pl\/en\/polish_regions\/coie\/\">Katowice &#187;<\/a><\/td><\/tr>\n<tr>\n<td>PAIH\u2019s Regional Trade Office<\/td>\n<td><a href=\"https:\/\/www.paih.gov.pl\/regionalne_biura_handlowe\/rbh_katowice\/\">Katowice &#187;<\/a><\/td>\n<\/tr>\n<tr>\n<td>\nInternational airport<\/td>\n<td>\n<a href=\"https:\/\/www.katowice-airport.com\/en\" target=\"_blank\" rel=\"noopener\">Katowice-Pyrzowice &#187;<\/a><\/td><\/tr><\/tbody><\/table>\n\n<p align=\"justify\"><br>The Silesian Voivodeship, located in southern Poland, is one of the most attractive regions in the country for investors. Its greatest asset is its human potential &#8211; Silesia is characterized by the highest population and urbanization in the country, which translates into access to a wide market and highly qualified employees with unique competences.<br><br>\n\nThe region has the densest network of motorways and expressways in the country, one of the most dynamically developing regional airports, as well as the Katowice Special Economic Zone (KSEZ), considered to be the best economic zone in Europe. Katowice &#8211; the Capital of the Voivodeship &#8211; also plays a key role in creating the investment and economic climate of Poland, while being an important business and technological centre. All this makes Silesia, with its innovative economy based on knowledge, technology and sustainable development, whose structure is based on regional smart specializations such as medicine, information technology, energy, green economy and emerging industries, one of the economically strongest regions of the country.<br><br>\n\nThere are over half a million companies operating in the region, whose dynamic development is conducive to the implementation of modern technologies, acquiring new competences and integration with global supply chains. Silesia creates favourable conditions for investment, professional development and establishing business relations. The confirmation of investment and economic attractiveness for both the Voivodeship, the city of Katowice and the Katowice Special Economic Zone are numerous awards granted by fDi Intelligence from the Financial Times group.<br><br>\n\nA strong scientific background is another pillar of regional advantage. There are 31 Institutes of Higher Education in the region, many of which cooperate with companies in the field of research and technological development. They have experienced staff, interdisciplinary research teams and modern laboratory facilities, which give them the opportunity to create and implement joint programs with domestic and foreign investors.\n\n\n<br><br><b>Map of the Voivodeship against the map of the country<\/b>\n\n<\/p><div id=\"mapy\">\n<div class=\"mapySSE\">\n<img decoding=\"async\" alt=\"map of Poland\" src=\"\/wp-content\/uploads\/sites\/2\/0\/147201\/147214.svg\" style=\"padding:10px;\"><\/div>\n<div class=\"mapySSE\">\n<img decoding=\"async\" alt=\"Voivodeship map\" src=\"\/wp-content\/uploads\/sites\/2\/0\/147201\/147213.svg\" style=\"margin: 0px 0px 0px 30px; padding:10px;\"><\/div>\n<\/div>\n\n<br>\n\n\n<!--<p align=\"justify\"><strong>Files:<\/strong><\/p>\n<p><a title=\"Informacje gospodarcze o wojew\u00f3dztwie\" href=\"\/wp-content\/uploads\/sites\/2\/0\/111901\/111997.pdf\" tagert=\"_blank\"><img decoding=\"async\" align=\"absMiddle\" style=\"margin-right: 10px;\" src=\"\/wp-content\/uploads\/sites\/2\/0\/104301\/104400.gif\" border=\"0\">Economic information about voivodship<\/a><\/p>-->\n\n<style>\n\n#mapy {\ndisplay: block;\nwidth: 100%;\n}\n.mapySSE {\ndisplay: inline-block;\nmax-width:400px;\nheight: auto;\nmargin: 0 auto;\n}\n<\/style>\n\n\n\n<div style=\"height:25px\" aria-hidden=\"true\" class=\"wp-block-spacer\"><\/div>\n\n\n\n<p><strong>The Voivodships advantages<\/strong><\/p>\n\n\n\n<ul>\n<li>The economic heart of Poland &#8211; 2nd place in terms of the number of entities of the national economy and 3rd place in terms of the number of companies per 1000 inhabitants.<\/li>\n\n\n\n<li>A high level of socio-economic development attracting investment.<\/li>\n\n\n\n<li>Transport accessibility &#8211; 13 Capitals within a radius of 1000 km (over 220 million inhabitants).<\/li>\n\n\n\n<li>Extensive road, rail and airport infrastructure.<\/li>\n\n\n\n<li>A well-developed warehouse and office real estate market.<\/li>\n\n\n\n<li>The logistics centre of southern Poland.<\/li>\n\n\n\n<li>Human potential &#8211; 1st place in Poland in terms of population density and urbanization rate, and 2nd place in Poland in terms of population.<\/li>\n\n\n\n<li>Highly qualified employees with unique competences.<\/li>\n\n\n\n<li>A wide range of services offered by dozens of Institutes of Higher Education.<\/li>\n\n\n\n<li>An extensive network of scientific and research units and business environment institutions.<\/li>\n\n\n\n<li>Katowice and the Upper Silesian-Zag\u0142\u0119bie Metropolis (GZM) are one of the 5 key centres of modern business services in Poland.<\/li>\n\n\n\n<li>Numerous distinctions and awards in prestigious rankings of investment attractiveness (among others, the fDi Intelligence ranking entitled European Cities and Regions of the Future 2025; 4th place in the Cost Effectiveness category; 7th place in the category of Openness to Business; 8th place in the Foreign Investment Attraction Strategy category).<\/li>\n\n\n\n<li>Katowice Special Economic Zone &#8211; one of the best economic zones in the world.<\/li>\n<\/ul>\n\n\n\n<div style=\"height:25px\" aria-hidden=\"true\" class=\"wp-block-spacer\"><\/div>\n\n\n\n<p><strong>High-opportunity sectors<\/strong><\/p>\n\n\n\n<ul>\n<li>Automotive<\/li>\n\n\n\n<li>Logistics<\/li>\n\n\n\n<li>Smart specializations of the region:\n<ul>\n<li>Energy<\/li>\n\n\n\n<li>Medicine<\/li>\n\n\n\n<li>Technology<\/li>\n\n\n\n<li>Green economy<\/li>\n\n\n\n<li>Emerging industries<\/li>\n<\/ul>\n<\/li>\n<\/ul>\n\n\n\n<div style=\"height:25px\" aria-hidden=\"true\" class=\"wp-block-spacer\"><\/div>\n\n\n\n<a title=\"back\" href=\"https:\/\/www.paih.gov.pl\/en\/polish_regions\/voivodships\/\" class=\"button_back\">back<\/a>\n","protected":false},"excerpt":{"rendered":"<p>PL | EN Total area of the voivodeship 12 333 km2 Population:&#8211; in urban areas 4.3 million (4291 thous.)75.7% Population density 348 persons\/km2 Voivodeship capital Katowice Other big towns in the voivodeship Cz\u0119stochowa, Bielsko-Bia\u0142a, Rybnik, Sosnowiec, Gliwice, Zabrze, Bytom, Ruda \u015al\u0105ska, Tychy, D\u0105browa G\u00f3rnicza, Chorz\u00f3w, Jaworzno, Jastrz\u0119bie Zdr\u00f3j, Mys\u0142owice, Siemianowice \u015al\u0105skie Special Economic Zones Katowicka [&hellip;]<\/p>\n","protected":false},"author":4,"featured_media":0,"parent":9109,"menu_order":0,"comment_status":"closed","ping_status":"open","template":"","meta":{"inline_featured_image":false,"_themeisle_gutenberg_block_has_review":false,"footnotes":"","_links_to":"","_links_to_target":""},"acf":{"template_hide_top_photo":false,"template_btn_contact_disable":false,"template_btn_contact_link":"","template_btn_contact_text":"","_hide_from_search_wp":false,"_hide_from_search_engines":false},"_links":{"self":[{"href":"https:\/\/www.paih.gov.pl\/en\/wp-json\/wp\/v2\/pages\/9635"}],"collection":[{"href":"https:\/\/www.paih.gov.pl\/en\/wp-json\/wp\/v2\/pages"}],"about":[{"href":"https:\/\/www.paih.gov.pl\/en\/wp-json\/wp\/v2\/types\/page"}],"author":[{"embeddable":true,"href":"https:\/\/www.paih.gov.pl\/en\/wp-json\/wp\/v2\/users\/4"}],"replies":[{"embeddable":true,"href":"https:\/\/www.paih.gov.pl\/en\/wp-json\/wp\/v2\/comments?post=9635"}],"version-history":[{"count":16,"href":"https:\/\/www.paih.gov.pl\/en\/wp-json\/wp\/v2\/pages\/9635\/revisions"}],"predecessor-version":[{"id":205341,"href":"https:\/\/www.paih.gov.pl\/en\/wp-json\/wp\/v2\/pages\/9635\/revisions\/205341"}],"up":[{"embeddable":true,"href":"https:\/\/www.paih.gov.pl\/en\/wp-json\/wp\/v2\/pages\/9109"}],"wp:attachment":[{"href":"https:\/\/www.paih.gov.pl\/en\/wp-json\/wp\/v2\/media?parent=9635"}],"curies":[{"name":"wp","href":"https:\/\/api.w.org\/{rel}","templated":true}]}}