{"id":9634,"date":"2013-10-31T15:31:45","date_gmt":"2013-10-31T13:31:45","guid":{"rendered":"https:\/\/www.paih.gov.pl\/?p=9634"},"modified":"2025-10-16T14:53:49","modified_gmt":"2025-10-16T12:53:49","slug":"pomorskie","status":"publish","type":"page","link":"https:\/\/www.paih.gov.pl\/en\/polish-regions\/voivodships\/pomorskie\/","title":{"rendered":"pomorskie"},"content":{"rendered":"\n<div style=\"text-align: right;\"><b><a href=\"https:\/\/www.paih.gov.pl\/dlaczego_polska\/regiony\/wojewodztwa\/pomorskie\">PL<\/a> | EN<\/b><\/div><br>\n\n<table style=\"border-collapse: collapse;\" cellspacing=\"0\" cellpadding=\"4\" bordercolor=\"#eeeeee\" border=\"1\">\n<tbody>\n<tr>\n<td>Total area of the voivodeship<\/td>\n<td>19,547 km<sup>2<\/sup><\/td><\/tr>\n<tr>\n<td>Population:<br>&#8211; in urban areas<\/td>\n<td>2,359,573<br>62.3%<\/td><\/tr>\n<tr>\n<td>Population density<\/td>\n<td>121 persons\/km<sup>2<\/sup><\/td><\/tr>\n<tr>\n<td>Main economic centre<\/td>\n<td>Tricity (Gda\u0144sk, Gdynia, Sopot)<\/td><\/tr>\n<tr>\n<td>Other big&nbsp;cities in the voivodeship<\/td>\n<td>S\u0142upsk, Tczew, Wejherowo, Starogard Gda\u0144ski<\/td><\/tr>\n<tr>\n<td>Special Economic Zones<\/td>\n<td><a href=\"\/en\/why_poland\/investment_incentives\/polish_investment_zone\/gdansk\">Pomeranian Special Economic Zone &#187;<\/a><br><a href=\"\/en\/why_poland\/investment_incentives\/polish_investment_zone\/slupsk\">Slupsk Special Economic Zone &#187;<\/a><\/td><\/tr>\n<tr>\n<td>Industrial &amp; Technology Parks<\/td>\n<td><a href=\"\/en\/why_poland\/investment_incentives\/industrial_and_technology_parks\/gdansk\">Gda\u0144sk Science and Technology Park &#187;<\/a><br><a href=\"\/en\/why_poland\/investment_incentives\/industrial_and_technology_parks\/gdynia\">Pomeranian Science and Technology Park &#187;<\/a><br>Starogard Industrial Park<br><a href=\"\/en\/why_poland\/investment_incentives\/industrial_and_technology_parks\/kwidzyn\">Kwidzyn Industry and Technology Park &#187;<\/a><br>Baltic Energy Conservation Agency<br><a href=\"\/en\/why_poland\/investment_incentives\/industrial_and_technology_parks\/cierznie\">Bussines Incubator Cierznie &#187;<\/a><br>&#8220;STARTER&#8221; &#8211; Gdansk Entrepreneurship<br><a href=\"\/en\/why_poland\/investment_incentives\/industrial_and_technology_parks\/slupsk\">S\u0142upsk Technology Incubator &#187;<\/a><\/td><\/tr>\n<tr>\n<td>\nInvestor and Exporter Assistance Centre<\/td>\n<td>\n<a href=\"https:\/\/www.paih.gov.pl\/en\/polish_regions\/coie\/\">Gda\u0144sk &#187;<\/a><\/td><\/tr>\n<tr>\n<td>PAIH\u2019s Regional Trade Office<\/td>\n<td><a href=\"https:\/\/www.paih.gov.pl\/regionalne_biura_handlowe\/rbh_gdansk\/\">Gda\u0144sk &#187;<\/a><\/td>\n<\/tr>\n<tr>\n<td>\nInternational airport<\/td>\n<td>\n<a href=\"http:\/\/www.airport.gdansk.pl\/\" target=\"_blank\" rel=\"noopener\">Gda\u0144sk &#187;<\/a><\/td><\/tr><\/tbody><\/table>\n\n\n<p align=\"justify\"><br>Pomerania is a region with a strategic location on the Baltic Sea, which is dynamically developing in the area of modern technologies and industry. Strong research and development facilities, innovative IT, R&#038;D, logistics, offshore and renewable energy sectors attract investors and specialists. The development of the semiconductor and high-tech industries strengthens the region&#8217;s position as a key player in the European investment market.<br><br><b>Map of the Voivodeship against the map of the country<\/b>\n\n<\/p><div id=\"mapy\">\n<div class=\"mapySSE\">\n<img decoding=\"async\" alt=\"map of Poland\" src=\"\/wp-content\/uploads\/sites\/2\/0\/147201\/147212.svg\" style=\"padding:10px;\"><\/div>\n<div class=\"mapySSE\">\n<img decoding=\"async\" alt=\"Voivodeship map\" src=\"\/wp-content\/uploads\/sites\/2\/0\/147201\/147211.svg\" style=\"margin: 0px 0px 0px 30px; padding:10px;\"><\/div>\n<\/div>\n\n<br>\n<p align=\"justify\"><strong><br>Investment opportunities<\/strong><\/p>\n\n\n<ul>\n<li>Investment attractiveness confirmed in annual rankings (Financial Times ranking of European Cities and Regions of the Future \u2013 3rd place in the FDI strategy and 7th place in the Business Friendliness category)<\/li>\n<li>Convenient coastal location at the intersection of Europe&#8217;s key transport corridors<\/li>\n<li>The widest network of air connections with Scandinavia<\/li>\n<li>A booming semiconductor sector<\/li>\n<li>The best conditions in Poland for the development of offshore wind and onshore energy<\/li>\n<li>Strong industrial background: shipyards, offshore, logistics, electronics<\/li>\n<li>Over 88,000 students and 20,300 graduates annually<\/li>\n<li>Modern transport infrastructure: A1 motorway, seaports of Gda\u0144sk and Gdynia, extensive railway network<\/li>\n<li>High quality of life confirmed in rankings<\/li>\n<li>Extensive support for investors, including tax reliefs and Special Economic Zones<\/li>\n<\/ul>\n\n\n\n\n<p align=\"justify\"><strong><br>Sectors with huge potential<\/strong><\/p>\n<ul>\n<li>Semiconductors<\/li>\n<li>Renewable energy (including wind energy)<\/li>\n<li>Nuclear energy<\/li>\n<li>Knowledge Intensive Business Services, including: financial and digital security processes<\/li>\n<li>IT i R&#038;D<\/li>\n<li>Automotive &#8211; Electromobility<\/li>\n<li>Shipbuilding and offshore<\/li><\/ul>\n<br>\n\n\n\n\n\n<a title=\"back\" href=\"https:\/\/www.paih.gov.pl\/en\/polish_regions\/voivodships\/\" class=\"button_back\">back<\/a>\n\n<style>\n\n#mapy {\ndisplay: block;\nwidth: 100%;\n}\n.mapySSE {\ndisplay: inline-block;\nmax-width:400px;\nheight: auto;\nmargin: 0 auto;\n}\n<\/style>\n","protected":false},"excerpt":{"rendered":"<p>PL | EN Total area of the voivodeship 19,547 km2 Population:&#8211; in urban areas 2,359,57362.3% Population density 121 persons\/km2 Main economic centre Tricity (Gda\u0144sk, Gdynia, Sopot) Other big&nbsp;cities in the voivodeship S\u0142upsk, Tczew, Wejherowo, Starogard Gda\u0144ski Special Economic Zones Pomeranian Special Economic Zone &#187;Slupsk Special Economic Zone &#187; Industrial &amp; Technology Parks Gda\u0144sk Science and [&hellip;]<\/p>\n","protected":false},"author":4,"featured_media":0,"parent":9109,"menu_order":0,"comment_status":"closed","ping_status":"open","template":"","meta":{"inline_featured_image":false,"_themeisle_gutenberg_block_has_review":false,"footnotes":"","_links_to":"","_links_to_target":""},"acf":{"template_hide_top_photo":false,"template_btn_contact_disable":false,"template_btn_contact_link":"","template_btn_contact_text":"","_hide_from_search_wp":false,"_hide_from_search_engines":false},"_links":{"self":[{"href":"https:\/\/www.paih.gov.pl\/en\/wp-json\/wp\/v2\/pages\/9634"}],"collection":[{"href":"https:\/\/www.paih.gov.pl\/en\/wp-json\/wp\/v2\/pages"}],"about":[{"href":"https:\/\/www.paih.gov.pl\/en\/wp-json\/wp\/v2\/types\/page"}],"author":[{"embeddable":true,"href":"https:\/\/www.paih.gov.pl\/en\/wp-json\/wp\/v2\/users\/4"}],"replies":[{"embeddable":true,"href":"https:\/\/www.paih.gov.pl\/en\/wp-json\/wp\/v2\/comments?post=9634"}],"version-history":[{"count":7,"href":"https:\/\/www.paih.gov.pl\/en\/wp-json\/wp\/v2\/pages\/9634\/revisions"}],"predecessor-version":[{"id":204969,"href":"https:\/\/www.paih.gov.pl\/en\/wp-json\/wp\/v2\/pages\/9634\/revisions\/204969"}],"up":[{"embeddable":true,"href":"https:\/\/www.paih.gov.pl\/en\/wp-json\/wp\/v2\/pages\/9109"}],"wp:attachment":[{"href":"https:\/\/www.paih.gov.pl\/en\/wp-json\/wp\/v2\/media?parent=9634"}],"curies":[{"name":"wp","href":"https:\/\/api.w.org\/{rel}","templated":true}]}}