{"id":9630,"date":"2013-10-31T15:31:45","date_gmt":"2013-10-31T13:31:45","guid":{"rendered":"https:\/\/www.paih.gov.pl\/?p=9630"},"modified":"2026-04-20T15:48:56","modified_gmt":"2026-04-20T13:48:56","slug":"mazowieckie","status":"publish","type":"page","link":"https:\/\/www.paih.gov.pl\/en\/polish-regions\/voivodships\/mazowieckie\/","title":{"rendered":"mazowieckie"},"content":{"rendered":"\n<div style=\"text-align: right;\"><b><a href=\"https:\/\/www.paih.gov.pl\/dlaczego_polska\/regiony\/wojewodztwa\/mazowieckie\">PL<\/a> | EN<\/b><\/div><br>\n\n<table style=\"border-collapse: collapse;\" cellspacing=\"0\" cellpadding=\"4\" bordercolor=\"#eeeeee\" border=\"1\">\n<tbody>\n<tr>\n<td>\nTotal area of the voivodeship<\/td>\n<td>\n35 558 km<sup>2<\/sup><\/td><\/tr>\n<tr>\n<td>\nPopulation:<br>&#8211; in urban areas<\/td>\n<td>\n5.5 mln <br>64.8%<\/td><\/tr>\n<tr>\n<td>\nPopulation density<\/td>\n<td>\n155 persons\/km<sup>2<\/sup><\/td><\/tr>\n<tr>\n<td>\nVoivodeship capital<\/td>\n<td>\nWarszawa<\/td><\/tr>\n<tr>\n<td>\nOther big towns in the voivodeship<\/td>\n<td>\nRadom, P\u0142ock, Siedlce, Pruszk\u00f3w, Ostro\u0142\u0119ka<\/td><\/tr>\n<tr>\n<td>\nSpecial Economic Zones<\/td>\n<td>\n<a href=\"\/en\/why_poland\/investment_incentives\/polish_investment_zone\/tarnobrzeg\">Tarnobrzeska &#187;<\/a><br><a href=\"\/en\/why_poland\/investment_incentives\/polish_investment_zone\/lodz\">\u0141\u00f3dzka &#187;<\/a><br><a href=\"\/en\/why_poland\/investment_incentives\/polish_investment_zone\/olsztyn\">Warmi\u0144sko-Mazurska &#187;<\/a><br><a href=\"\/en\/why_poland\/investment_incentives\/polish_investment_zone\/suwalki\">Suwalska &#187;<\/a><br><a href=\"\/en\/why_poland\/investment_incentives\/polish_investment_zone\/starachowice\">Starachowicka &#187;<\/a><\/td><\/tr>\n<tr>\n<td>\nIndustrial &amp; Technology Parks<\/td>\n<td>\n<a href=\"\/en\/why_poland\/investment_incentives\/industrial_and_technology_parks\/plock\">P\u0142ock Industry and Technology Park &#187;<\/a><br><a href=\"\/en\/why_poland\/investment_incentives\/industrial_and_technology_parks\/otwock\">Science and Technology Park \u201e\u015awierk\u201d &#187;<\/a><br><a href=\"https:\/\/mpnt.pl\/en\" target=\"_blank\" rel=\"noopener\">Masovian Science and Technology Park &#187;<br><\/a><\/td><\/tr>\n<tr>\n<td>\nInvestor and Exporter Assistance Centre<\/td>\n<td>\n<a href=\"https:\/\/www.paih.gov.pl\/en\/polish_regions\/coie\/\">Warszawa &#187;<\/a><\/td><\/tr>\n<tr>\n<td>\nInternational airport<\/td>\n<td>\n\n<a href=\"http:\/\/www.lotnisko-chopina.pl\/\" target=\"_blank\" rel=\"noopener\">Warsaw Chopin Airport &#187;<\/a><br><a href=\"http:\/\/www.modlinairport.pl\/\">Mazovia Airport in Modlin &#187;<\/a><br><a href=\"https:\/\/www.lotniskowarszawa-radom.pl\/\" target=\"_blank\" rel=\"noopener\">Radom &#8211; Sadk\u00f3w &#187;<\/a><\/td><\/tr>\n<tr>\n<td>PAIH\u2019s Regional Trade Office<\/td>\n<td><a href=\"https:\/\/www.paih.gov.pl\/regionalne-biura-handlowe\/rbh-mazowsze\/\">Mazowsze &#187;<\/a><\/td>\n<\/tr>\n<\/tbody><\/table>\n\n\n<p align=\"justify\"><br>Mazowieckie voivodeship (Mazovia Region) with Warsaw &#8211; the capital of Poland &#8211; is the leader of changes and the fastest developing region of Poland. Young, well qualified staff, low unemployment and the highest rate of employment &#8211; all these testify to high economic development of the region. The average wage in Mazovia exceeds the national average wage by more than 22%. Mazovia shows high internal diversification with a nationwide potential in nearly every field: science, research, education, industry and infrastructure.<br><br><b>Map of the Voivodeship against the map of the country<\/b>\n\n<\/p><div id=\"mapy\">\n<div class=\"mapySSE\">\n<img decoding=\"async\" alt=\"map of Poland\" src=\"\/wp-content\/uploads\/sites\/2\/0\/147201\/147204.svg\" style=\"padding:10px;\"><\/div>\n<div class=\"mapySSE\">\n<img decoding=\"async\" alt=\"Voivodeship map\" src=\"\/wp-content\/uploads\/sites\/2\/0\/147201\/147203.svg\" style=\"margin: 0px 0px 0px 30px; padding:10px;\"><\/div>\n<\/div>\n\n<br>\n\n\n<!--<p align=\"justify\"><strong>Files:<\/strong><\/p>\n<p><a title=\"Informacje gospodarcze o wojew\u00f3dztwie\" href=\"\/wp-content\/uploads\/sites\/2\/0\/111901\/111992.pdf\" tagert=\"_blank\"><img decoding=\"async\" align=\"absMiddle\" style=\"margin-right: 10px;\" src=\"\/wp-content\/uploads\/sites\/2\/0\/104301\/104400.gif\" border=\"0\">Economic information about voivodship<\/a><\/p>-->\n\n\n<style>\n\n#mapy {\ndisplay: block;\nwidth: 100%;\n}\n.mapySSE {\ndisplay: inline-block;\nmax-width:400px;\nheight: auto;\nmargin: 0 auto;\n}\n<\/style>\n\n\n\n<div style=\"height:25px\" aria-hidden=\"true\" class=\"wp-block-spacer\"><\/div>\n\n\n\n<p><strong>Investment opportunities<\/strong><\/p>\n\n\n\n<ul>\n<li>high concentration of business entities; including with foreign capital 10 560, in the capital and former Voivodeship cities &#8211; leaders of subregions;<\/li>\n\n\n\n<li>the highest level of income in the country;<\/li>\n\n\n\n<li>location in trans-European transport corridors, providing connections with larger cities of the country and Europe (extensive railway lines and the country&#8217;s largest airport);<\/li>\n\n\n\n<li>the highest level of innovation (expenditure on research and development activities is one of the highest in the country);<\/li>\n\n\n\n<li>Warsaw &#8211; the capital of the country and the Voivodeship, a city of international importance. Warsaw is characterized by the highest dynamics of economic changes in the country, large resources of qualified staff;<\/li>\n\n\n\n<li>centrally located at the intersection of trade routes;<\/li>\n\n\n\n<li>the country&#8217;s economic leader: the highest share rate in the national GDP, every year &#8211; 23% of the national total;<\/li>\n\n\n\n<li>1st place in the country in terms of GDP per capita &#8211; approx. 132% of the national average (approx. PLN 120 thousand);<\/li>\n\n\n\n<li>1st place in Poland 2023 in terms of GDP &#8211; PLN 808,345 million;<\/li>\n\n\n\n<li>in 2023, more than 1.1 million were business registered here;<\/li>\n\n\n\n<li>Warsaw Stock Exchange &#8211; financial centre of Central and Eastern Europe;<\/li>\n\n\n\n<li>headquarters of almost half of the largest companies in Poland.<\/li>\n<\/ul>\n\n\n\n<div style=\"height:25px\" aria-hidden=\"true\" class=\"wp-block-spacer\"><\/div>\n\n\n\n<p><strong>Sectors with huge potential<\/strong><\/p>\n\n\n\n<ul>\n<li><a href=\"https:\/\/www.paih.gov.pl\/en\/sectors\/food_processing\">Food \u00bb<\/a><\/li>\n\n\n\n<li>Construction<\/li>\n\n\n\n<li>Service, especially BPO<\/li>\n<\/ul>\n\n\n\n<div style=\"height:25px\" aria-hidden=\"true\" class=\"wp-block-spacer\"><\/div>\n\n\n\n<a title=\"back\" href=\"https:\/\/www.paih.gov.pl\/en\/polish_regions\/voivodships\/\" class=\"button_back\">back<\/a>\n","protected":false},"excerpt":{"rendered":"<p>PL | EN Total area of the voivodeship 35 558 km2 Population:&#8211; in urban areas 5.5 mln 64.8% Population density 155 persons\/km2 Voivodeship capital Warszawa Other big towns in the voivodeship Radom, P\u0142ock, Siedlce, Pruszk\u00f3w, Ostro\u0142\u0119ka Special Economic Zones Tarnobrzeska &#187;\u0141\u00f3dzka &#187;Warmi\u0144sko-Mazurska &#187;Suwalska &#187;Starachowicka &#187; Industrial &amp; Technology Parks P\u0142ock Industry and Technology Park &#187;Science [&hellip;]<\/p>\n","protected":false},"author":4,"featured_media":0,"parent":9109,"menu_order":0,"comment_status":"closed","ping_status":"open","template":"","meta":{"inline_featured_image":false,"_themeisle_gutenberg_block_has_review":false,"footnotes":"","_links_to":"","_links_to_target":""},"acf":{"template_hide_top_photo":false,"template_btn_contact_disable":false,"template_btn_contact_link":"","template_btn_contact_text":"","_hide_from_search_wp":false,"_hide_from_search_engines":false},"_links":{"self":[{"href":"https:\/\/www.paih.gov.pl\/en\/wp-json\/wp\/v2\/pages\/9630"}],"collection":[{"href":"https:\/\/www.paih.gov.pl\/en\/wp-json\/wp\/v2\/pages"}],"about":[{"href":"https:\/\/www.paih.gov.pl\/en\/wp-json\/wp\/v2\/types\/page"}],"author":[{"embeddable":true,"href":"https:\/\/www.paih.gov.pl\/en\/wp-json\/wp\/v2\/users\/4"}],"replies":[{"embeddable":true,"href":"https:\/\/www.paih.gov.pl\/en\/wp-json\/wp\/v2\/comments?post=9630"}],"version-history":[{"count":14,"href":"https:\/\/www.paih.gov.pl\/en\/wp-json\/wp\/v2\/pages\/9630\/revisions"}],"predecessor-version":[{"id":206414,"href":"https:\/\/www.paih.gov.pl\/en\/wp-json\/wp\/v2\/pages\/9630\/revisions\/206414"}],"up":[{"embeddable":true,"href":"https:\/\/www.paih.gov.pl\/en\/wp-json\/wp\/v2\/pages\/9109"}],"wp:attachment":[{"href":"https:\/\/www.paih.gov.pl\/en\/wp-json\/wp\/v2\/media?parent=9630"}],"curies":[{"name":"wp","href":"https:\/\/api.w.org\/{rel}","templated":true}]}}