{"id":9627,"date":"2013-10-31T15:31:45","date_gmt":"2013-10-31T13:31:45","guid":{"rendered":"https:\/\/www.paih.gov.pl\/?p=9627"},"modified":"2025-12-08T08:59:38","modified_gmt":"2025-12-08T07:59:38","slug":"lubuskie","status":"publish","type":"page","link":"https:\/\/www.paih.gov.pl\/en\/polish-regions\/voivodships\/lubuskie\/","title":{"rendered":"lubuskie"},"content":{"rendered":"\n<div style=\"text-align: right;\"><b><a href=\"https:\/\/www.paih.gov.pl\/dlaczego_polska\/regiony\/wojewodztwa\/lubuskie\">PL<\/a> | EN<\/b><\/div><br>\n\n\n\n\n\n<table style=\"border-collapse: collapse;\" cellspacing=\"0\" cellpadding=\"4\" bordercolor=\"#eeeeee\" border=\"1\">\n<tbody>\n<tr>\n<td>\nTotal area of the voivodeship<\/td>\n<td>\n13,988 km<sup>2<\/sup><\/td><\/tr>\n<tr>\n<td>\nPopulation:<br>&#8211; in urban areas<\/td>\n<td>\n966,389<br>64%<\/td><\/tr>\n<tr>\n<td>\nPopulation density<\/td>\n<td>\n69 persons\/km<sup>2<\/sup><\/td><\/tr>\n<tr>\n<td>\nPrincipal city<\/td>\n<td>\nGorz\u00f3w Wielkopolski, Zielona G\u00f3ra<\/td><\/tr>\n<tr>\n<td>\nBigger cities in the voivodeship<\/td>\n<td>\nGorz\u00f3w Wielkopolski, Zielona G\u00f3ra, Nowa S\u00f3l, \u017bary, \u017baga\u0144<\/td><\/tr>\n<tr>\n<td>\nSpecial Economic Zones<\/td>\n<td>\n<a href=\"\/en\/why_poland\/investment_incentives\/polish_investment_zone\/kostrzyn\">Kostrzyn S\u0142ubice &#187;<\/a><br><a href=\"\/en\/why_poland\/investment_incentives\/polish_investment_zone\/walbrzych\">Wa\u0142brzych &#187;<\/a><\/td><\/tr>\n<tr>\n<td>Industrial &amp; Technology Parks<\/td>\n<td>Centra Badawczo-Rozwojowe Uniwersytetu Zielonog\u00f3rskiego<br>\nPark Technologii Kosmicznych &#8211; Bada\u0144, Rozwoju i Innowacji<br>\nGorzowski O\u015brodek Technologiczny Park Naukowo-Przemys\u0142owy<\/td><\/tr>\n<tr>\n<td>\nInvestor and Exporter Assistance Centre<\/td>\n<td>\n<a href=\"https:\/\/www.paih.gov.pl\/en\/polish_regions\/coie\/\">Zielona G\u00f3ra &#187;<\/a><\/td><\/tr>\n<tr>\n<td>PAIH\u2019s Regional Trade Office<\/td>\n<td><a href=\"https:\/\/www.paih.gov.pl\/regionalne_biura_handlowe\/rbh_gorzow\/\">Gorz\u00f3w Wielkopolski &#187;<\/a><br>\n<a href=\"https:\/\/www.paih.gov.pl\/regionalne_biura_handlowe\/rbh_zielona_gora\/\">Zielona G\u00f3ra &#187;<\/a><\/td>\n<\/tr>\n<tr>\n<td>\nInternational airport<\/td>\n<td>\n<a href=\"https:\/\/airport.lubuskie.pl\/en\" target=\"_blank\" rel=\"noopener\">Zielona G\u00f3ra &#8211; Babimost &#187;<\/a><\/td><\/tr><\/tbody><\/table>\n\n\n<br>\n<b>Publication<\/b>\n<br><br>\n\n<table style=\"width: 100%; border-collapse: collapse;\" cellspacing=\"0\" cellpadding=\"3\" border=\"0\" align=\"center\">\n<tbody>\n<tr>\n<td valign=\"top\"><a href=\"https:\/\/www.paih.gov.pl\/en\/wp-content\/uploads\/sites\/2\/2024\/12\/Polish-Cities-unlocking-the-potential-Gorzow-Wielkopolski-2024.pdf\"><img decoding=\"async\" style=\"width: 325px\" src=\"https:\/\/www.paih.gov.pl\/en\/wp-content\/uploads\/sites\/2\/2024\/12\/Polish-Cities-unlocking-the-potential-Gorzow-Wielkopolski-2024_poziom.png\" alt=\"Polish Cities - unlocking the potential - Gorz\u00f3w Wielkopolski, 2024\" title=\"Polish Cities - unlocking the potential - Gorz\u00f3w Wielkopolski, 2024\" border=\"0\"><\/a><\/td><\/tr>\n<tr>\n<td valign=\"top\">Polish Cities &#8211; unlocking the potential <br>&#8211; Gorz\u00f3w Wielkopolski, 2024<\/td><\/tr>\n<\/tbody><\/table>\n\n\n\n\n<p align=\"justify\"><br>The Lubuskie Voivodeship is located in the central-western part of Poland. Nine border crossings ensure adequate economic cooperation with its immediate neighbour Germany. Currently, the leading industry in the region is production for the automotive sector, and the traditional industries are wood processing and paper production. Sectors such as electronics, food, glass and building ceramics, machinery, metal structures (metal products), biotechnology, transport and logistics are also active. Zielona G\u00f3ra and Gorz\u00f3w Wielkopolski are also important academic centres with significant scientific achievements.<br><br><b>Map of the Voivodeship against the map of the country<\/b>\n\n<\/p><div id=\"mapy\">\n<div class=\"mapySSE\">\n<img decoding=\"async\" alt=\"map of Poland\" src=\"\/wp-content\/uploads\/sites\/2\/0\/147101\/147198.svg\" style=\"padding:10px;\"><\/div>\n<div class=\"mapySSE\">\n<img decoding=\"async\" alt=\"Voivodeship map\" src=\"\/wp-content\/uploads\/sites\/2\/0\/147101\/147197.svg\" style=\"margin: 0px 0px 0px 30px; padding:10px;\"><\/div>\n<\/div>\n\n<br>\n<p align=\"justify\"><strong><br>Investment opportunities<\/strong><\/p>\n<ul>\n<li>A very well-developed road, rail and water transport network, numerous border crossings (road, rail and river) enabling fast transport of goods.<\/li>\n<li>Good conditions for the development of industry thanks to the presence of universities offering polytechnic faculties. The main potential for the creation of human capital in the province is 6 universities, where over eleven thousand students are educated. In the province, vocational schools are attended by 6.0% of students in the province, while technical secondary schools are attended by 43.0%.<\/li>\n<li>Numerous institutions and service companies actively supporting business and economic cooperation with neighbouring countries.<\/li>\n<li>Proximity to the large consumer markets of the European Union.<\/li>\n<li>Dynamic development of the private sector.<\/li>\n<li>A large number of enterprises with foreign capital compared to other Voivodeships.<\/li>\n<li>Possibility of gas supplies from local resources and transit pipelines.<\/li>\n<li>A clean environment, conducive to the development of tourism and agritourism enterprises.<\/li>\n<li>Two airports: Zielona G\u00f3ra\/Babimost Airport (IEG\/EPZG) and the sports airport of the Lubusz Land Aeroclub in Przylep (EPZP). The airport in Babimost serves international, domestic and charter flights (passenger and cargo), and the airport in Przylep serves sports and recreational flights.<\/li>\n<li>It is located in the heart of Europe, along the Polish-German border and perfectly connected to the European motorway system.<\/li>\n<li>It has a very well-developed technical infrastructure, e.g. A2, A18, S3 roads, railway and river routes and an airport.<\/li>\n<li>It provides EU funds for companies &#8211; EUR 908 million for the Lubuskie Voivodeship, including support for labour offices for investors (co-financing, among them, training and fitting out of the workplace up to 6 times the average monthly salary when employing the unemployed).<\/li>\n<li>It has almost 1,300 hectares of developed, available investment areas in Special Economic Zones and economic activity zones.<\/li>\n<li>It offers CIT exemption and local tax exemptions for up to 7 years.<\/li>\n<li>Domestic and foreign companies of diverse, traditional-innovative industries operate here.<\/li>\n<li>Local authorities cooperate with companies and business environment institutions in order to adjust secondary and higher education to the requirements of the labour market.<\/li>\n<li>There are tourist attractions here that will meet the expectations of even the most demanding.<\/li><\/ul>\n\n\n<p align=\"justify\"><strong><br>Sectors with huge potential<\/strong><\/p>\n\n<ul>\n<li>\n<div align=\"justify\">Automotive and <a href=\"https:\/\/www.paih.gov.pl\/en\/sectors\/electromobility\/\">Electromobility &#187;<\/a><\/div>\n<\/li><li>\n<div align=\"justify\">Timber and Paper<\/div><\/li><li><div align=\"justify\">Metal<\/div>\n<\/li><li>\n<div align=\"justify\"><a href=\"\/en\/sectors\/food_processing\">Food production &#187;<\/a><\/div>\n<\/li><li><div align=\"justify\">Glass industry<\/div><\/li>\n<li><div align=\"justify\">IT\/ICT, E-commerce<br><br><\/div><\/li><\/ul>\n\n\n\n\n<!--<br><strong>Files:<\/strong>\n\n<p><a title=\"Informacje gospodarcze o wojew\u00f3dztwie\" href=\"\/wp-content\/uploads\/sites\/2\/0\/111901\/111989.pdf\" target=\"_blank\" rel=\"noopener\"><img decoding=\"async\" align=\"absMiddle\" style=\"margin-right: 10px;\" src=\"\/wp-content\/uploads\/sites\/2\/0\/104301\/104400.gif\" border=\"0\">Economic information about voivodship<\/a><\/p>-->\n\n\n\n\n<a title=\"back\" href=\"https:\/\/www.paih.gov.pl\/en\/polish_regions\/voivodships\/\" class=\"button_back\">back<\/a>\n\n<style>\n\n#mapy {\ndisplay: block;\nwidth: 100%;\n}\n.mapySSE {\ndisplay: inline-block;\nmax-width:400px;\nheight: auto;\nmargin: 0 auto;\n}\n<\/style>\n","protected":false},"excerpt":{"rendered":"<p>PL | EN Total area of the voivodeship 13,988 km2 Population:&#8211; in urban areas 966,38964% Population density 69 persons\/km2 Principal city Gorz\u00f3w Wielkopolski, Zielona G\u00f3ra Bigger cities in the voivodeship Gorz\u00f3w Wielkopolski, Zielona G\u00f3ra, Nowa S\u00f3l, \u017bary, \u017baga\u0144 Special Economic Zones Kostrzyn S\u0142ubice &#187;Wa\u0142brzych &#187; Industrial &amp; Technology Parks Centra Badawczo-Rozwojowe Uniwersytetu Zielonog\u00f3rskiego Park Technologii [&hellip;]<\/p>\n","protected":false},"author":4,"featured_media":0,"parent":9109,"menu_order":0,"comment_status":"closed","ping_status":"open","template":"","meta":{"inline_featured_image":false,"_themeisle_gutenberg_block_has_review":false,"footnotes":"","_links_to":"","_links_to_target":""},"acf":{"template_hide_top_photo":false,"template_btn_contact_disable":false,"template_btn_contact_link":"","template_btn_contact_text":"","_hide_from_search_wp":false,"_hide_from_search_engines":false},"_links":{"self":[{"href":"https:\/\/www.paih.gov.pl\/en\/wp-json\/wp\/v2\/pages\/9627"}],"collection":[{"href":"https:\/\/www.paih.gov.pl\/en\/wp-json\/wp\/v2\/pages"}],"about":[{"href":"https:\/\/www.paih.gov.pl\/en\/wp-json\/wp\/v2\/types\/page"}],"author":[{"embeddable":true,"href":"https:\/\/www.paih.gov.pl\/en\/wp-json\/wp\/v2\/users\/4"}],"replies":[{"embeddable":true,"href":"https:\/\/www.paih.gov.pl\/en\/wp-json\/wp\/v2\/comments?post=9627"}],"version-history":[{"count":17,"href":"https:\/\/www.paih.gov.pl\/en\/wp-json\/wp\/v2\/pages\/9627\/revisions"}],"predecessor-version":[{"id":205773,"href":"https:\/\/www.paih.gov.pl\/en\/wp-json\/wp\/v2\/pages\/9627\/revisions\/205773"}],"up":[{"embeddable":true,"href":"https:\/\/www.paih.gov.pl\/en\/wp-json\/wp\/v2\/pages\/9109"}],"wp:attachment":[{"href":"https:\/\/www.paih.gov.pl\/en\/wp-json\/wp\/v2\/media?parent=9627"}],"curies":[{"name":"wp","href":"https:\/\/api.w.org\/{rel}","templated":true}]}}