{"id":9626,"date":"2013-10-31T15:31:45","date_gmt":"2013-10-31T13:31:45","guid":{"rendered":"https:\/\/www.paih.gov.pl\/?p=9626"},"modified":"2025-10-16T14:53:49","modified_gmt":"2025-10-16T12:53:49","slug":"lubelskie","status":"publish","type":"page","link":"https:\/\/www.paih.gov.pl\/en\/polish-regions\/voivodships\/lubelskie\/","title":{"rendered":"lubelskie"},"content":{"rendered":"\n<div style=\"text-align: right;\"><b><a href=\"https:\/\/www.paih.gov.pl\/dlaczego_polska\/regiony\/wojewodztwa\/lubelskie\">PL<\/a> | EN<\/b><\/div><br>\n\n\n<table style=\"border-collapse: collapse;\" cellspacing=\"0\" cellpadding=\"4\" bordercolor=\"#eeeeee\" border=\"1\">\n<tbody>\n<tr>\n<td>\nTotal area of the voivodeship<\/td>\n<td>\n25,122 km<sup>2<\/sup><\/td><\/tr>\n<tr>\n<td>\nPopulation:<br>&#8211; in urban areas<\/td>\n<td>\n2,086.4 thous.<br>46.5%<\/td><\/tr>\n<tr>\n<td>\nPopulation density<\/td>\n<td>\n83 persons\/km<sup>2<\/sup><\/td><\/tr>\n<tr>\n<td>\nVoivodeship capital <\/td>\n<td>\nLublin<\/td><\/tr>\n<tr>\n<td>\nOther big towns in the voivodeship<\/td>\n<td>\nChe\u0142m, Zamo\u015b\u0107, Bia\u0142a Podlaska, Pu\u0142awy, \u015awidnik<\/td><\/tr>\n<tr>\n<td>\nSpecial Economic Zones<\/td>\n<td>\n<a href=\"\/en\/why_poland\/investment_incentives\/polish_investment_zone\/tarnobrzeg\">Tarnobrzeg &#187;<\/a><br><a href=\"\/en\/why_poland\/investment_incentives\/polish_investment_zone\/starachowice\">Starachowice &#187;<\/a><br><a href=\"\/en\/why_poland\/investment_incentives\/polish_investment_zone\/mielec\">Mielec &#187;<\/a> <\/td><\/tr>\n<tr>\n<td>\nIndustrial &amp; Technology Parks<\/td>\n<td>\nLubelski Park Science and Technology&nbsp; <br><a href=\"\/en\/why_poland\/investment_incentives\/industrial_and_technology_parks\/pulawy_pp\">Pu\u0142awy Industrial Park &#187;<\/a><br>Regional Industrial Park \u015awidnik<br><\/td><\/tr>\n<tr>\n<td>\nInvestor and Exporter Assistance Centre<\/td>\n<td>\n<a href=\"https:\/\/www.paih.gov.pl\/en\/polish_regions\/coie\/\">Lublin &#187;<\/a><\/td><\/tr>\n<tr>\n<td>PAIH\u2019s Regional Trade Office<\/td>\n<td><a href=\"https:\/\/www.paih.gov.pl\/regionalne_biura_handlowe\/rbh_lublin\/\">Lublin &#187;<\/a><\/td>\n<\/tr>\n<\/tbody><\/table>\n\n<br>\n<b>Publication<\/b>\n<br><br>\n\n<table style=\"width: 100%; border-collapse: collapse;\" cellspacing=\"0\" cellpadding=\"3\" border=\"0\" align=\"center\">\n<tbody>\n<tr>\n<td valign=\"top\"><a href=\"https:\/\/www.paih.gov.pl\/en\/wp-content\/uploads\/sites\/2\/2024\/03\/Polish-Cities-unlocking-the-potential-Lublin-2024.pdf\"><img decoding=\"async\" style=\"width: 325px\" src=\"https:\/\/www.paih.gov.pl\/en\/wp-content\/uploads\/sites\/2\/2024\/03\/Polish-Cities-unlocking-the-potential-Lublin-2024_poziom.png\" alt=\"Polish Cities - unlocking the potential - Lublin, 2024\" title=\"Polish Cities - unlocking the potential - Lublin, 2024\" border=\"0\"><\/a><\/td><\/tr>\n<tr>\n<td valign=\"top\">Polish Cities &#8211; unlocking the potential <br>&#8211; Lublin, 2024<\/td><\/tr>\n<\/tbody><\/table>\n\n\n\n<p align=\"justify\"><br>Lubelskie is located in central-eastern Poland. The region is predominantly agricultural, known e.g. for the cultivation of hops, raspberries and tobacco. A very strong academic center (16 universities with over 67,000 students) and an impressive scientific and research potential, especially in the field of natural and medical sciences. The machinery and automotive industries also have a traditions here. The voivodeship is focused on the development of innovative sectors of the economy based on the existing scientific potential. Due to the quality of the natural environment, investments in the agri-food sector related to organic food are being developed. Natural resources and research conducted at universities in the voivodeship have led to the development of the renewable energy sector. Young well educated people in cities are a potential for the development of the BPO sector.<br><br><b>Map of the Voivodeship against the map of the country<\/b>\n\n<\/p><div id=\"mapy\">\n<div class=\"mapySSE\">\n<img decoding=\"async\" alt=\"map of Poland\" src=\"\/wp-content\/uploads\/sites\/2\/0\/147101\/147196.svg\" style=\"padding:10px;\"><\/div>\n<div class=\"mapySSE\">\n<img decoding=\"async\" alt=\"Voivodeship map\" src=\"\/wp-content\/uploads\/sites\/2\/0\/147101\/147195.svg\" style=\"margin: 0px 0px 0px 30px; padding:10px;\"><\/div>\n<\/div>\n\n<br>\n<p align=\"justify\"><strong><br>Advantages of the voivodeship<\/strong><\/p>\n<ul>\n<li>\n\n<div align=\"justify\">The Lublin region is the Gate way to the East<br><\/div><\/li><li><div align=\"justify\">Strong scientific and technical background<br><\/div><\/li><li><div align=\"justify\">Lublin&#8217;s tourist potential<br><\/div><\/li><li><div align=\"justify\">The dynamically developing Lublin Airport &#8211; international and domestic air connections<br><\/div><\/li><li><div align=\"justify\">Development of the communication infrastructure<\/div><\/li><ul><li><div align=\"justify\">the construction of the S-17 Route; completed section Lublin-Warsaw,<\/div><\/li><li><div align=\"justify\">the construction of the S-19 Via Carpathia route, which is part of the pan-European north-south corridor; Lublin-Kra\u015bnik section: May 2022, Bia\u0142ystok-Rzesz\u00f3w section: in 2025<\/div><\/li><\/ul><li><div align=\"justify\">Ma\u0142aszewicze reloading port, has international significance &#8211; the main rail route between China and Europe runs through the port in Ma\u0142aszewicze: it enables the reloading of goods between standard and broad-gauge rails, located 5 km from the border with Belarus, the duty-free zone facilitates international trade and cargo handling.<\/div><\/li><li><div align=\"justify\">Friendly institutional environment<br><\/div><\/li><li><div align=\"justify\">Land and areas prepared for investments<br><\/div><\/li><li><div align=\"justify\">One of the lowest costs of renting office space in Poland<br><\/div><\/li><li><div align=\"justify\">Competitive labour costs and high qualifications of staff<br><\/div><\/li><li><div align=\"justify\">A package of available investment incentives<br><\/div><\/li><li><div align=\"justify\">Stability of employment &#8211; low rotation of employees for individual positions<br><\/div><\/li><li><div align=\"justify\">Qualified and competent staff &#8211; every year the number of foreign students and graduates of Polish universities increases, including from the fields of study most sought after by companies investing in technologically advanced industries.<br><\/div><\/li><li><div align=\"justify\">An emerging innovation leader in the region &#8211; high dynamics of expenditure on research and development and active implementation of innovative research projects.<br><\/div><\/li><li><div align=\"justify\">Developed vocational education and a system of vocational counselling<br><\/div><\/li><li><div align=\"justify\">Growing involvement of companies in cooperation (including as part of clusters)<br><\/div><\/li><li><div align=\"justify\">Relatively high employment in R&amp;D compared to the national average, especially in the areas of smart specialization<br><\/div><\/li><li><div align=\"justify\">Good conditions for the development of agriculture, food, machinery and wood industries, offshoring services and tourism<br><\/div><\/li><li><div align=\"justify\">The neighbourhood of markets of Belarus and Ukraine. Border crossings with Belarus: Kukuryki, Terespol, S\u0142awatycze. Border crossings with Ukraine: Dorohusk, Zosin, Hrebenne, Do\u0142hobycz\u00f3w.<\/div><\/li><\/ul>\n\n\n<p align=\"justify\"><strong><br>Smart specializations of the Lubelskie Voivodeship<\/strong><\/p>\n\n<ul>\n<li>\n\n<div align=\"justify\">High-quality food<br><\/div><\/li><li><div align=\"justify\">Green economy<br><\/div><\/li><li><div align=\"justify\">A healthy society<br><\/div><\/li><li><div align=\"justify\">Digital Society<\/div><\/li><li><div align=\"justify\">Material technologies, production and logistics processes<br><br><\/div>\n<\/li><\/ul>\n\n\n<a title=\"back\" href=\"https:\/\/www.paih.gov.pl\/en\/polish_regions\/voivodships\/\" class=\"button_back\">back<\/a>\n\n<style>\n\n#mapy {\ndisplay: block;\nwidth: 100%;\n}\n.mapySSE {\ndisplay: inline-block;\nmax-width:400px;\nheight: auto;\nmargin: 0 auto;\n}\n<\/style>\n","protected":false},"excerpt":{"rendered":"<p>PL | EN Total area of the voivodeship 25,122 km2 Population:&#8211; in urban areas 2,086.4 thous.46.5% Population density 83 persons\/km2 Voivodeship capital Lublin Other big towns in the voivodeship Che\u0142m, Zamo\u015b\u0107, Bia\u0142a Podlaska, Pu\u0142awy, \u015awidnik Special Economic Zones Tarnobrzeg &#187;Starachowice &#187;Mielec &#187; Industrial &amp; Technology Parks Lubelski Park Science and Technology&nbsp; Pu\u0142awy Industrial Park &#187;Regional [&hellip;]<\/p>\n","protected":false},"author":4,"featured_media":0,"parent":9109,"menu_order":0,"comment_status":"closed","ping_status":"open","template":"","meta":{"inline_featured_image":false,"_themeisle_gutenberg_block_has_review":false,"footnotes":"","_links_to":"","_links_to_target":""},"acf":{"template_hide_top_photo":false,"template_btn_contact_disable":false,"template_btn_contact_link":"","template_btn_contact_text":"","_hide_from_search_wp":false,"_hide_from_search_engines":false},"_links":{"self":[{"href":"https:\/\/www.paih.gov.pl\/en\/wp-json\/wp\/v2\/pages\/9626"}],"collection":[{"href":"https:\/\/www.paih.gov.pl\/en\/wp-json\/wp\/v2\/pages"}],"about":[{"href":"https:\/\/www.paih.gov.pl\/en\/wp-json\/wp\/v2\/types\/page"}],"author":[{"embeddable":true,"href":"https:\/\/www.paih.gov.pl\/en\/wp-json\/wp\/v2\/users\/4"}],"replies":[{"embeddable":true,"href":"https:\/\/www.paih.gov.pl\/en\/wp-json\/wp\/v2\/comments?post=9626"}],"version-history":[{"count":8,"href":"https:\/\/www.paih.gov.pl\/en\/wp-json\/wp\/v2\/pages\/9626\/revisions"}],"predecessor-version":[{"id":205318,"href":"https:\/\/www.paih.gov.pl\/en\/wp-json\/wp\/v2\/pages\/9626\/revisions\/205318"}],"up":[{"embeddable":true,"href":"https:\/\/www.paih.gov.pl\/en\/wp-json\/wp\/v2\/pages\/9109"}],"wp:attachment":[{"href":"https:\/\/www.paih.gov.pl\/en\/wp-json\/wp\/v2\/media?parent=9626"}],"curies":[{"name":"wp","href":"https:\/\/api.w.org\/{rel}","templated":true}]}}