{"id":9625,"date":"2013-10-31T15:31:45","date_gmt":"2013-10-31T13:31:45","guid":{"rendered":"https:\/\/www.paih.gov.pl\/?p=9625"},"modified":"2026-02-09T13:07:35","modified_gmt":"2026-02-09T12:07:35","slug":"kujawsko-pomorskie","status":"publish","type":"page","link":"https:\/\/www.paih.gov.pl\/en\/polish-regions\/voivodships\/kujawsko-pomorskie\/","title":{"rendered":"kujawsko-pomorskie"},"content":{"rendered":"\n<div style=\"text-align: right;\"><b><a href=\"https:\/\/www.paih.gov.pl\/dlaczego_polska\/regiony\/wojewodztwa\/kujawsko-pomorskie\">PL<\/a> | EN<\/b><\/div><br>\n\n<table style=\"border-collapse: collapse;\" cellspacing=\"0\" cellpadding=\"4\" bordercolor=\"#eeeeee\" border=\"1\">\n<tbody>\n<tr>\n<td>Total area of the voivodeship<\/td>\n<td>17,972 km<sup>2<\/sup><\/td><\/tr>\n<tr>\n<td>Population:<br>&#8211; in urban areas<\/td>\n<td>1,977.5 thous.<br>57.8%<\/td><\/tr>\n<tr>\n<td>Population density<\/td>\n<td>110 persons\/km<sup>2<\/sup><\/td><\/tr>\n<tr>\n<td>Principal cities<\/td>\n<td>Bydgoszcz (voivode seat), <br>Toru\u0144 (self&#8211;government seat)<\/td><\/tr>\n<tr>\n<td>Other major towns in the voivodeship<\/td>\n<td>W\u0142oc\u0142awek, Grudzi\u0105dz, Inowroc\u0142aw<\/td><\/tr>\n<tr>\n<td>Special Economic Zones<\/td>\n<td><a href=\"\/en\/why_poland\/investment_incentives\/polish_investment_zone\/gdansk\">Pomeranian Special Economic Zone &#187;<\/a><\/td><\/tr>\n<tr>\n<td>Industrial &amp; Technology Parks<\/td>\n<td><a href=\"\/en\/why_poland\/investment_incentives\/industrial_and_technology_parks\/bydgoszcz\">Bydgoszcz Industrial and Technology&nbsp;Park &#187;<\/a><br><a href=\"\/en\/why_poland\/investment_incentives\/industrial_and_technology_parks\/grudziadz\">Grudzi\u0105dz Industrial Park &#187;<\/a><br><a href=\"\/en\/why_poland\/investment_incentives\/industrial_and_technology_parks\/torun\">Toru\u0144 Technology Park &#187;<\/a><br><a href=\"\/en\/why_poland\/investment_incentives\/industrial_and_technology_parks\/solec_kujawski\">Solec Kujawski Industrial Park &#187;<\/a><br><a href=\"\/en\/why_poland\/investment_incentives\/industrial_and_technology_parks\/swiecie_vistula\">Vistula Park \u015awiecie &#187;<\/a><br><a href=\"\/en\/why_poland\/investment_incentives\/industrial_and_technology_parks\/swiecie_vistula\/swiecie_vistula2\/\">Vistula Park II in&nbsp;\u015awiecie &#187;<\/a><br><a href=\"\/en\/why_poland\/investment_incentives\/industrial_and_technology_parks\/wloclawek\">W\u0142oc\u0142awek Economic Development Area &#8211; Industrial and Technological Park &#187;<\/a><br>Brzeska zone<br>Inowroc\u0142aw Economic Area<\/td><\/tr>\n<tr>\n<td>Investor and Exporter Assistance Centre<\/td>\n<td><a href=\"https:\/\/www.paih.gov.pl\/en\/polish_regions\/coie\/\">Toru\u0144 &#187;<\/a><\/td><\/tr>\n<tr>\n<td>PAIH\u2019s Regional Trade Office<\/td>\n<td><a href=\"https:\/\/www.paih.gov.pl\/regionalne-biura-handlowe\/rbh-bydgoszcz\/\">Bydgoszcz &#187;<\/a><br><a href=\"https:\/\/www.paih.gov.pl\/regionalne-biura-handlowe\/rbh-torun\/\">Toru\u0144 &#187;<\/a><\/td>\n<\/tr>\n<tr>\n<td>International airport<\/td>\n<td><a href=\"http:\/\/www.plb.pl\/index.php?lang=en\" target=\"_blank\" rel=\"noopener\">Bydgoszcz &#187;<\/a><\/td><\/tr><\/tbody><\/table>\n\n\n<br>\n<b>Publication<\/b>\n<br><br>\n\n<table style=\"width: 100%; border-collapse: collapse;\" cellspacing=\"0\" cellpadding=\"3\" border=\"0\" align=\"center\">\n<tbody>\n<tr>\n<td valign=\"top\"><a href=\"https:\/\/www.paih.gov.pl\/en\/wp-content\/uploads\/sites\/2\/2024\/07\/Polish-Cities-unlocking-the-potential-Bydgoszcz-2024.pdf\"><img decoding=\"async\" style=\"width: 325px\" src=\"https:\/\/www.paih.gov.pl\/en\/wp-content\/uploads\/sites\/2\/2024\/07\/Polish-Cities-unlocking-the-potential-Bydgoszcz-2024_poziom.png\" alt=\"Polish Cities - unlocking the potential - Bydgoszcz, 2024\" title=\"Polish Cities - unlocking the potential - Bydgoszcz, 2024\" border=\"0\"><\/a><\/td><\/tr>\n<tr>\n<td valign=\"top\">Polish Cities &#8211; unlocking the potential <br>&#8211; Bydgoszcz, 2024<\/td><\/tr>\n<\/tbody><\/table>\n\n<p align=\"justify\"><br>The Kujawy and Pomerania region is located in the central part of the country. An area with industrial and agricultural traditions. In addition to the highly developed sectors: agriculture, chemical, electro-mechanical, shared services (BPO\/SSC), plastics processing, the Voivodeship has a rich scientific and research base, led by the Nicolaus Copernicus University in Toru\u0144, the Bydgoszcz University of Technology and numerous centres supporting the flow of modern solutions from science to industry, e.g. the Regional Innovation Centre in Bydgoszcz, the Technology Transfer Centre, the Kujawsko-Pomorskie Science and Technology Centre named after Prof. Jan Czochralski or Exea Data Centre in Toru\u0144.<br><br><b>Map of the Voivodeship against the map of the country<\/b>\n\n<\/p><div id=\"mapy\">\n<div class=\"mapySSE\">\n<img decoding=\"async\" alt=\"map of Poland\" src=\"\/wp-content\/uploads\/sites\/2\/0\/147101\/147194.svg\" style=\"padding:10px;\"><\/div>\n<div class=\"mapySSE\">\n<img decoding=\"async\" alt=\"Voivodeship map\" src=\"\/wp-content\/uploads\/sites\/2\/0\/147101\/147193.svg\" style=\"margin: 0px 0px 0px 30px; padding:10px;\"><\/div>\n<\/div>\n\n<br>\n<p align=\"justify\"><strong><br>Advantages of the Voivodeship<\/strong><\/p>\n<ul>\n<li><div align=\"justify\">industrial traditions<\/div><\/li>\n<li><div align=\"justify\">numerous, qualified engineering and technical staff<\/div><\/li>\n<li><div align=\"justify\">strong scientific and research facilities (universities, research centres)<\/div><\/li>\n<li><div align=\"justify\">advancement in building the information society<\/div><\/li>\n<li><div align=\"justify\">Bydgoszcz-Toru\u0144 agglomeration and other strong sub-regional centres<\/div><\/li>\n<li><div align=\"justify\">high-commodity agriculture<\/div><\/li>\n<li><div align=\"justify\">developed food processing and a growing share of health food producers<\/div><\/li>\n<li><div align=\"justify\">clean environment supported by advanced environmental projects<\/div><\/li>\n<li><div align=\"justify\">extensive social infrastructure (leading medical facilities, spa and sanatorium base, cultural and cultural heritage facilities, efficient educational system)<\/div><\/li>\n<li><div align=\"justify\">favourable conditions for the development of renewable energy sources: of agricultural origin, flowing waters, geothermal<\/div><\/li><\/ul>\n\n<p align=\"justify\"><strong><br>Sectors with huge potential<\/strong><\/p>\n\n<ul>\n<li>\n<div align=\"justify\"><a href=\"\/en\/sectors\/bss\">BPO\/SSC &#187;<\/a><\/div>\n<\/li><li>\n<div align=\"justify\"><a href=\"\/en\/sectors\/electromobility\">Automotive &#187;<\/a><\/div>\n<\/li><li>\n<div align=\"justify\">Electro-mechanical industry<\/div>\n<\/li><li>\n<div align=\"justify\">Chemical Industry<\/div>\n<\/li><li>\n<div align=\"justify\"><a href=\"\/en\/sectors\/food_processing\">Food processing &#187;<\/a><\/div>\n<\/li>\n<li>\n<div align=\"justify\">Plastics processing<\/a><\/div>\n<\/li>\n<li>\n<div align=\"justify\">Logistics<\/div>\n<\/li>\n<li>\n<div align=\"justify\">Health&#038;Spa<br><br><\/div>\n<\/li><\/ul>\n\n<!--<p align=\"justify\"><strong>Files:<\/strong><\/p>\n\n<p><a title=\"Informacje gospodarcze o wojew\u00f3dztwie\" href=\"\/wp-content\/uploads\/sites\/2\/0\/111901\/111987.pdf\" tagert=\"_blank\"><img decoding=\"async\" align=\"absMiddle\" style=\"margin-right: 10px;\" src=\"\/wp-content\/uploads\/sites\/2\/0\/104301\/104400.gif\" border=\"0\">Economic information about voivodship<\/a><\/p>-->\n\n\n<a title=\"back\" href=\"https:\/\/www.paih.gov.pl\/en\/polish_regions\/voivodships\/\" class=\"button_back\">back<\/a>\n\n<style>\n\n#mapy {\ndisplay: block;\nwidth: 100%;\n}\n.mapySSE {\ndisplay: inline-block;\nmax-width:400px;\nheight: auto;\nmargin: 0 auto;\n}\n<\/style>\n","protected":false},"excerpt":{"rendered":"<p>PL | EN Total area of the voivodeship 17,972 km2 Population:&#8211; in urban areas 1,977.5 thous.57.8% Population density 110 persons\/km2 Principal cities Bydgoszcz (voivode seat), Toru\u0144 (self&#8211;government seat) Other major towns in the voivodeship W\u0142oc\u0142awek, Grudzi\u0105dz, Inowroc\u0142aw Special Economic Zones Pomeranian Special Economic Zone &#187; Industrial &amp; Technology Parks Bydgoszcz Industrial and Technology&nbsp;Park &#187;Grudzi\u0105dz Industrial [&hellip;]<\/p>\n","protected":false},"author":4,"featured_media":0,"parent":9109,"menu_order":0,"comment_status":"closed","ping_status":"open","template":"","meta":{"inline_featured_image":false,"_themeisle_gutenberg_block_has_review":false,"footnotes":"","_links_to":"","_links_to_target":""},"acf":{"template_hide_top_photo":false,"template_btn_contact_disable":false,"template_btn_contact_link":"","template_btn_contact_text":"","_hide_from_search_wp":false,"_hide_from_search_engines":false},"_links":{"self":[{"href":"https:\/\/www.paih.gov.pl\/en\/wp-json\/wp\/v2\/pages\/9625"}],"collection":[{"href":"https:\/\/www.paih.gov.pl\/en\/wp-json\/wp\/v2\/pages"}],"about":[{"href":"https:\/\/www.paih.gov.pl\/en\/wp-json\/wp\/v2\/types\/page"}],"author":[{"embeddable":true,"href":"https:\/\/www.paih.gov.pl\/en\/wp-json\/wp\/v2\/users\/4"}],"replies":[{"embeddable":true,"href":"https:\/\/www.paih.gov.pl\/en\/wp-json\/wp\/v2\/comments?post=9625"}],"version-history":[{"count":14,"href":"https:\/\/www.paih.gov.pl\/en\/wp-json\/wp\/v2\/pages\/9625\/revisions"}],"predecessor-version":[{"id":206003,"href":"https:\/\/www.paih.gov.pl\/en\/wp-json\/wp\/v2\/pages\/9625\/revisions\/206003"}],"up":[{"embeddable":true,"href":"https:\/\/www.paih.gov.pl\/en\/wp-json\/wp\/v2\/pages\/9109"}],"wp:attachment":[{"href":"https:\/\/www.paih.gov.pl\/en\/wp-json\/wp\/v2\/media?parent=9625"}],"curies":[{"name":"wp","href":"https:\/\/api.w.org\/{rel}","templated":true}]}}