{"id":9624,"date":"2013-10-31T15:31:45","date_gmt":"2013-10-31T13:31:45","guid":{"rendered":"https:\/\/www.paih.gov.pl\/?p=9624"},"modified":"2026-02-02T12:59:16","modified_gmt":"2026-02-02T11:59:16","slug":"dolnoslaskie","status":"publish","type":"page","link":"https:\/\/www.paih.gov.pl\/en\/polish-regions\/voivodships\/dolnoslaskie\/","title":{"rendered":"dolno\u015bl\u0105skie (Lower Silesia)"},"content":{"rendered":"\n<div style=\"text-align: right;\"><b><a href=\"https:\/\/www.paih.gov.pl\/dlaczego_polska\/regiony\/wojewodztwa\/dolnoslaskie\">PL<\/a> | EN<\/b><\/div><br>\n\n<table style=\"border-collapse: collapse;\" cellspacing=\"0\" cellpadding=\"4\" bordercolor=\"#eeeeee\" border=\"1\">\n<tbody>\n<tr>\n<td>Total area of the voivodeship<\/td>\n<td colspan=\"2\">19,947 km<sup>2<\/sup><\/td><\/tr>\n<tr>\n<td>Population:<br>&#8211; in urban areas<\/td>\n<td colspan=\"2\">2 884 000<br>67.1%<\/td><\/tr>\n<tr>\n<td>Population density<\/td>\n<td colspan=\"2\">145 persons\/km<sup>2<\/sup><\/td><\/tr>\n<tr>\n<td>Voivodeship capital<\/td>\n<td colspan=\"2\">Wroc\u0142aw<\/td><\/tr>\n<tr>\n<td>Other big towns in the voivodeship<\/td>\n<td colspan=\"2\">Wa\u0142brzych, Legnica, Jelenia G\u00f3ra, \u015awidnica, Boles\u0142awiec, Dzier\u017coni\u00f3w<\/td><\/tr>\n<tr>\n<td>Special Economic Zones<\/td>\n<td colspan=\"2\"><a href=\"\/en\/why_poland\/investment_incentives\/polish_investment_zone\/legnica\">Legnica SEZ &#187;<\/a><br><a href=\"\/en\/why_poland\/investment_incentives\/polish_investment_zone\/walbrzych\">Wa\u0142brzych SEZ &#187;<\/a><br><a href=\"\/en\/why_poland\/investment_incentives\/polish_investment_zone\/kamienna_gora\">Kamienna G\u00f3ra SEZ &#187;<\/a><br><a href=\"\/en\/why_poland\/investment_incentives\/polish_investment_zone\/tarnobrzeg\">Tarnobrzeska SEZ &#187;<\/a><\/td><\/tr>\n<tr>\n<td>Industrial &amp; Technology Parks<\/td>\n<td colspan=\"2\"><a href=\"http:\/\/www.dtpark.pl\/\" target=\"_blank\" rel=\"noopener\">Data Techno Park &#187;<\/a><br><a href=\"https:\/\/dpin.pl\/\" target=\"_blank\" rel=\"noopener\">Lower Silesian Innovation and Science Park &#187;<\/a><br><a href=\"https:\/\/www.chemipark.pl\/\" target=\"_blank\" rel=\"noopener\">ChemiPark Technology &#187;<\/a><br><a href=\"https:\/\/www.technologpark.pl\/en\/\" target=\"_blank\" rel=\"noopener\">Wroc\u0142aw Technology Park &#187;<\/a><br><a href=\"https:\/\/wpp.wroc.pl\/\" target=\"_blank\" rel=\"noopener\">Wroc\u0142aw Industrial Park &#187;<\/a><br><a href=\"https:\/\/bukowiceip.com\/en\/\" target=\"_blank\" rel=\"noopener\">Bukowice Industrial Park &#187;<\/a><br><a href=\"\/en\/why_poland\/investment_incentives\/industrial_and_technology_parks\/nowa_ruda\">Nowa Ruda Industrial and Technology Park &#187;<\/a><br>G\u0142og\u00f3w Industrial Park<\/td><\/tr>\n<tr>\n<td>Investor and Exporter Assistance Centre<\/td>\n<td colspan=\"2\"><a href=\"https:\/\/www.paih.gov.pl\/en\/polish_regions\/coie\/\">Wroc\u0142aw &#187;<\/a><\/td><\/tr>\n<tr>\n<td>PAIH\u2019s Regional Trade Office<\/td>\n<td><a href=\"https:\/\/www.paih.gov.pl\/regionalne_biura_handlowe\/rbh_wroclaw\/\">Wroc\u0142aw &#187;<\/a><\/td>\n<\/tr>\n<tr>\n<td>International airport<\/td>\n<td colspan=\"2\">\n<a href=\"https:\/\/airport.wroclaw.pl\/en\" target=\"_blank\" rel=\"noopener\">Wroc\u0142aw &#8211; Strachowice &#187;<\/a><\/td><\/tr><\/tbody><\/table>\n\n\n\n\n<p align=\"justify\"><br>Lower Silesia is situated in the south-western part of Poland and borders with Germany and Czechia. It&#8217;s the most urbanized region in Poland. The majority of companies have foreign capital. The basis of Lower Silesian economic development are its natural resources and perfect communication with Western Europe together with a high level of education of its citizens, good administration and regional promotion. Dynamic regional&nbsp; development&nbsp; attracts young people from other regions. Highly developed sectors, among others are the: automotive, electro machinery and high-tech.<br><br><b>Map of the Voivodeship against the map of the country<\/b>\n\n<\/p><div id=\"mapy\">\n<div class=\"mapySSE\">\n<img decoding=\"async\" alt=\"map of Poland\" src=\"\/wp-content\/uploads\/sites\/2\/0\/147101\/147192.svg\" style=\"padding:10px;\"><\/div>\n<div class=\"mapySSE\">\n<img decoding=\"async\" alt=\"Voivodeship map\" src=\"\/wp-content\/uploads\/sites\/2\/0\/147101\/147191.svg\" style=\"margin: 0px 0px 0px 30px; padding:10px;\"><\/div>\n<\/div>\n\n<br>\n<p align=\"justify\"><strong><br>The advantages of this Voivodship<\/strong><\/p>\n\n\n\n\n\n\n<ul>\n<li>\n<div align=\"justify\">location on the European transport corridor, bordering with Czechia and Germany, close to the cities of Prague, Berlin and Warsaw <br><\/div><\/li>\n<li>\n<div align=\"justify\">well-developed transport infrastructure (road, rail, water canals, sea and airport) and IT:<br><\/div><\/li>\n<ul>\n<li>\n<div align=\"justify\">favourable Voivodship location due to main routes: motorway A4, international routes: &#8211; connecting Germany with Ukraine and connecting ports in Szczecin- \u015awinouj\u015bcie with southern Europe, Wroc\u0142aw &#8211; the largest railway junction in Poland servicing passengers and cargos<br><\/div><\/li>\n<li>\n<div align=\"justify\">transit-transport along Odra river route connecting Lower Silesia with Baltic seaports &#8211; Szczecin- \u015awinouj\u015bcie and with the system of inland European waterways<\/div><\/li><li>international Airport<\/li><\/ul>\n<li>\n<div align=\"justify\">mineral resources of high value<br><\/div><\/li>\n<li>\n<div align=\"justify\">a well developed electro-mechanical industry <br><\/div><\/li>\n<li>\n<div align=\"justify\">a high amount of urbanisation<br><\/div><\/li>\n<li>\n<div align=\"justify\">higher education, scientific and cultural&nbsp; potential<br><\/div><\/li>\n<li>\n<div align=\"justify\">a great potential for tourism and recreational development<br><\/div><\/li>\n<li>\n\n<div align=\"justify\">rich cultural heritage: numerous monuments, also some on the UNESCO World Heritage List: the Centennial Hall in Wroc\u0142aw, Cathedrals in \u015awidnica and Jawor<\/div><\/li><\/ul>\n\n\n<p align=\"justify\"><strong><br>Sectors with a high potential<\/strong><\/p>\n\n<ul>\n<li>\n<div align=\"justify\"><a href=\"\/en\/sectors\/electromobility\">Automotive &#187;<\/a><\/div>\n<\/li><li>\n<div align=\"justify\"><a href=\"\/en\/sectors\/electronics\">Electro machinery &#187;<\/a><\/div>\n<\/li><li>\n<div align=\"justify\">High-Tech<br><br><\/div>\n<\/li><\/ul>\n\n<!--<p align=\"justify\"><strong>Files:<\/strong><\/p>\n\n<p><a title=\"Informacje gospodarcze o wojew\u00f3dztwie\" href=\"\/wp-content\/uploads\/sites\/2\/0\/111901\/111986.pdf\" tagert=\"_blank\"><img decoding=\"async\" align=\"absMiddle\" style=\"margin-right: 10px;\" src=\"\/wp-content\/uploads\/sites\/2\/0\/104301\/104400.gif\" border=\"0\">Economic information about voivodship<\/a><\/p>-->\n\n\n<a title=\"back\" href=\"https:\/\/www.paih.gov.pl\/en\/polish_regions\/voivodships\/\" class=\"button_back\">back<\/a>\n\n<style>\n\n#mapy {\ndisplay: block;\nwidth: 100%;\n}\n.mapySSE {\ndisplay: inline-block;\nmax-width:400px;\nheight: auto;\nmargin: 0 auto;\n}\n<\/style>\n","protected":false},"excerpt":{"rendered":"<p>PL | EN Total area of the voivodeship 19,947 km2 Population:&#8211; in urban areas 2 884 00067.1% Population density 145 persons\/km2 Voivodeship capital Wroc\u0142aw Other big towns in the voivodeship Wa\u0142brzych, Legnica, Jelenia G\u00f3ra, \u015awidnica, Boles\u0142awiec, Dzier\u017coni\u00f3w Special Economic Zones Legnica SEZ &#187;Wa\u0142brzych SEZ &#187;Kamienna G\u00f3ra SEZ &#187;Tarnobrzeska SEZ &#187; Industrial &amp; Technology Parks Data [&hellip;]<\/p>\n","protected":false},"author":4,"featured_media":0,"parent":9109,"menu_order":0,"comment_status":"closed","ping_status":"open","template":"","meta":{"inline_featured_image":false,"_themeisle_gutenberg_block_has_review":false,"footnotes":"","_links_to":"","_links_to_target":""},"acf":{"template_hide_top_photo":false,"template_btn_contact_disable":false,"template_btn_contact_link":"","template_btn_contact_text":"","_hide_from_search_wp":false,"_hide_from_search_engines":false},"_links":{"self":[{"href":"https:\/\/www.paih.gov.pl\/en\/wp-json\/wp\/v2\/pages\/9624"}],"collection":[{"href":"https:\/\/www.paih.gov.pl\/en\/wp-json\/wp\/v2\/pages"}],"about":[{"href":"https:\/\/www.paih.gov.pl\/en\/wp-json\/wp\/v2\/types\/page"}],"author":[{"embeddable":true,"href":"https:\/\/www.paih.gov.pl\/en\/wp-json\/wp\/v2\/users\/4"}],"replies":[{"embeddable":true,"href":"https:\/\/www.paih.gov.pl\/en\/wp-json\/wp\/v2\/comments?post=9624"}],"version-history":[{"count":12,"href":"https:\/\/www.paih.gov.pl\/en\/wp-json\/wp\/v2\/pages\/9624\/revisions"}],"predecessor-version":[{"id":205977,"href":"https:\/\/www.paih.gov.pl\/en\/wp-json\/wp\/v2\/pages\/9624\/revisions\/205977"}],"up":[{"embeddable":true,"href":"https:\/\/www.paih.gov.pl\/en\/wp-json\/wp\/v2\/pages\/9109"}],"wp:attachment":[{"href":"https:\/\/www.paih.gov.pl\/en\/wp-json\/wp\/v2\/media?parent=9624"}],"curies":[{"name":"wp","href":"https:\/\/api.w.org\/{rel}","templated":true}]}}