{"id":9577,"date":"2013-10-31T15:31:32","date_gmt":"2013-10-31T13:31:32","guid":{"rendered":"https:\/\/www.paih.gov.pl\/?p=9577"},"modified":"2026-02-20T11:18:45","modified_gmt":"2026-02-20T10:18:45","slug":"piekary-slaskie","status":"publish","type":"page","link":"https:\/\/www.paih.gov.pl\/en\/why-poland\/investment-incentives\/industrial-and-technology-parks\/piekary-slaskie\/","title":{"rendered":"Industrial and Technological Park in Piekary \u015al\u0105skie"},"content":{"rendered":"\n<p align=\"center\"><a title=\"Industrial and Technological Park in Piekary \u015al\u0105skie\" href=\"https:\/\/ekopark.piekary.pl\/\" target=\"_blank\" rel=\"noopener\"><img decoding=\"async\" src=\"\/wp-content\/uploads\/sites\/2\/0\/111401\/111449.png\" border=\"0\"><\/a><\/p><div style=\"text-align: right;\"><b><a href=\"https:\/\/www.paih.gov.pl\/dlaczego_polska\/zachety_inwestycyjne\/parki_przemyslowe_i_technologiczne\/piekary_slaskie\">PL<\/a> | EN<\/b><br><br><\/div><p align=\"justify\">The mission of the Industrial and Technological Park \u201eEkoPark\u201d is creating a centre for the implementation of environmental technologies based on recycling, segregation, processing and storage waste. The main aim for the realization of the project is transforming contaminated grounds into useable areas and the economic development of the region by offering advantageous conditions to start investments and for their realization.<\/p><p align=\"justify\"><strong><br>Location<\/strong><br><\/p><p align=\"justify\">Piekary \u015al\u0105skie is a town located in south-western Poland, in the Silesian Voivodeship, in the center of the Upper Silesian Industrial Region. The areas covered by the Industrial and Technological Park &#8220;EkoPark&#8221; project are located in Piekary \u015al\u0105skie in the vicinity of the border with Bytom and cover an area of 120 ha. These areas are located in a strategic communication point of the Silesian agglomeration. They are located in close proximity to the existing national and provincial road junctions. Along the southern border of the Park runs Harcerska Street, which serves as the international E40 road, national road No. 4 and 94. At a distance of only 3 km from the Park lies the A1 motorway, which is a continuation of the international road E75 starting in northern Norway and leading through Finland, Poland, the Czech Republic, Slovakia, Hungary, Serbia, Macedonia to Greece. In addition, the areas covered by the Park are efficiently connected by a network of local roads with the existing A4 motorway, running only about 8 km from the Park, as well as this there is the International Airport in Pyrzowice (distance of about 18 km). On the initiative of the municipal authorities, the local road infrastructure was expanded. There is also the possibility of extending the railway siding, which is an alternative solution to road transport.<br><\/p><p align=\"justify\"><b><br><\/b><strong>Offer<\/strong><br><\/p><p align=\"justify\">The Industrial and Technological Park &#8220;EkoPark&#8221; offers:<\/p><div align=\"justify\"><ul><li align=\"justify\">immediate availability of sites for investment, especially of construction of modern technology facilities connected with recycling, but also industrial halls, warehouses, sorting areas,<\/li><li align=\"justify\">wide range of competent advice on investment,<\/li><li align=\"justify\">favourable conditions for investment due to the adopted and current Plan of Land Use, in its wording taking into account activities related to waste management,<\/li><li align=\"justify\">support and goodwill of the city authorities to initiate business activity in Piekary \u015al\u0105skie,<\/li><li align=\"justify\">the possibility of cooperation with AIG\/Orze\u0142 Bia\u0142y S.A. capital group in,<\/li><li align=\"justify\">co-organizing and co-financing projects,<\/li><li align=\"justify\">in the future, a possibility of Entrepreneurship Incubator support, including an extensive database of services for business initiatives: legal services, accounting, design, etc., and sharing office supplies, production and storage space,<\/li><li align=\"justify\">assistance in the preparation of investment in the field of acquiring EU structural funds,<\/li><li align=\"justify\">direct access to public roads,<\/li><li align=\"justify\">creating conditions for the development of a cluster of companies from the waste management sector,<\/li><li align=\"justify\">assistance in the flow of knowledge and new technologies between scientific bodies and entrepreneurs,<\/li><li align=\"justify\">access to well-educated manpower from declining heavy industry.<br><\/li><\/ul><\/div><p align=\"justify\"><strong><br>Contact<\/strong><\/p><p align=\"justify\">Industrial and Technological Park in Piekary \u015al\u0105skie<br>ul. Walentego Ro\u017adzie\u0144skiego 38<br>41-946 Piekary \u015al\u0105skie<br>tel: +48 32 289 04 84<br>fax: +48 32 289 04 78<br>e-mail: <a href=\"mailto:biuro@ekopark.piekary.pl\">biuro@ekopark.piekary.pl<\/a><br><a href=\"https:\/\/ekopark.piekary.pl\/\" target=\"_blank\" rel=\"noopener\">www.ekopark.piekary.pl<\/a><\/p>\n\n\n\n<div style=\"height:60px\" aria-hidden=\"true\" class=\"wp-block-spacer\"><\/div>\n\n\n\n<a title=\"back\" href=\"https:\/\/www.paih.gov.pl\/en\/why-poland\/investment-incentives\/industrial-and-technology-parks\/\" class=\"button_back\">back<\/a>\n","protected":false},"excerpt":{"rendered":"<p>PL | EN The mission of the Industrial and Technological Park \u201eEkoPark\u201d is creating a centre for the implementation of environmental technologies based on recycling, segregation, processing and storage waste. The main aim for the realization of the project is transforming contaminated grounds into useable areas and the economic development of the region by offering [&hellip;]<\/p>\n","protected":false},"author":4,"featured_media":0,"parent":8576,"menu_order":0,"comment_status":"closed","ping_status":"open","template":"","meta":{"inline_featured_image":false,"_themeisle_gutenberg_block_has_review":false,"footnotes":"","_links_to":"","_links_to_target":""},"acf":{"template_hide_top_photo":false,"template_btn_contact_disable":false,"template_btn_contact_link":"","template_btn_contact_text":"","_hide_from_search_wp":false,"_hide_from_search_engines":false},"_links":{"self":[{"href":"https:\/\/www.paih.gov.pl\/en\/wp-json\/wp\/v2\/pages\/9577"}],"collection":[{"href":"https:\/\/www.paih.gov.pl\/en\/wp-json\/wp\/v2\/pages"}],"about":[{"href":"https:\/\/www.paih.gov.pl\/en\/wp-json\/wp\/v2\/types\/page"}],"author":[{"embeddable":true,"href":"https:\/\/www.paih.gov.pl\/en\/wp-json\/wp\/v2\/users\/4"}],"replies":[{"embeddable":true,"href":"https:\/\/www.paih.gov.pl\/en\/wp-json\/wp\/v2\/comments?post=9577"}],"version-history":[{"count":3,"href":"https:\/\/www.paih.gov.pl\/en\/wp-json\/wp\/v2\/pages\/9577\/revisions"}],"predecessor-version":[{"id":206113,"href":"https:\/\/www.paih.gov.pl\/en\/wp-json\/wp\/v2\/pages\/9577\/revisions\/206113"}],"up":[{"embeddable":true,"href":"https:\/\/www.paih.gov.pl\/en\/wp-json\/wp\/v2\/pages\/8576"}],"wp:attachment":[{"href":"https:\/\/www.paih.gov.pl\/en\/wp-json\/wp\/v2\/media?parent=9577"}],"curies":[{"name":"wp","href":"https:\/\/api.w.org\/{rel}","templated":true}]}}