{"id":9576,"date":"2013-10-31T15:31:32","date_gmt":"2013-10-31T13:31:32","guid":{"rendered":"https:\/\/www.paih.gov.pl\/?p=9576"},"modified":"2026-02-18T15:27:01","modified_gmt":"2026-02-18T14:27:01","slug":"swiecie-vistula2","status":"publish","type":"page","link":"https:\/\/www.paih.gov.pl\/en\/why-poland\/investment-incentives\/industrial-and-technology-parks\/swiecie-vistula\/swiecie-vistula2\/","title":{"rendered":"Vistula Park II"},"content":{"rendered":"\n<p align=\"center\"><img decoding=\"async\" alt=\"VISTULA PARK II\" src=\"\/wp-content\/uploads\/sites\/2\/0\/111401\/111446.png\" border=\"0\"><\/p><div align=\"right\"><b><a href=\"https:\/\/www.paih.gov.pl\/dlaczego_polska\/zachety_inwestycyjne\/parki_przemyslowe_i_technologiczne\/swiecie_vistula\/swiecie_vistula2\">PL<\/a> | EN<\/b><br><\/div><p><strong>Location<\/strong><\/p><p>Town\/Commune: \u015awiecie Commune. The site is located 14 km from A1 motorway junction Nowe Marzy.<br><strong><br>Offer<\/strong><\/p>\n<ul>\n<li>There are well qualified workers in \u015awiecie Commune.<\/li><li>The site is located near to universities &#8211; Toru\u0144, Bydgoszcz.<\/li><li>The site is owned by \u015awiecie Commune.<\/li><\/ul>\n<p>Infrastructure: water supply lines; telecommunication lines; gas supply lines; sewage disposal system; power supply lines.<br><br><\/p>\n\n<p><strong>Contact<\/strong><\/p>\n<p>\u015awiecie City Hall<br>Department of Economy<br>Development and Foreign Cooperation<br>Wojska Polskiego 124<br>86-100 \u015awiecie<br>tel.: +48 52 333 23 30\/ +48 52 333 23 31<br>e-mail: <a href=\"mailto:gospodarka.rozwoj@swiecie.eu\">gospodarka.rozwoj@swiecie.eu<\/a><br><a href=\"http:\/\/www.swiecie.eu\">www.swiecie.eu<\/a><\/p>\n\n\n\n<div style=\"height:60px\" aria-hidden=\"true\" class=\"wp-block-spacer\"><\/div>\n\n\n\n<a title=\"back\" href=\"https:\/\/www.paih.gov.pl\/en\/why-poland\/investment-incentives\/industrial-and-technology-parks\/\" class=\"button_back\">back<\/a>\n","protected":false},"excerpt":{"rendered":"<p>PL | EN Location Town\/Commune: \u015awiecie Commune. The site is located 14 km from A1 motorway junction Nowe Marzy.Offer There are well qualified workers in \u015awiecie Commune. The site is located near to universities &#8211; Toru\u0144, Bydgoszcz. The site is owned by \u015awiecie Commune. Infrastructure: water supply lines; telecommunication lines; gas supply lines; sewage disposal [&hellip;]<\/p>\n","protected":false},"author":4,"featured_media":0,"parent":8612,"menu_order":0,"comment_status":"closed","ping_status":"open","template":"","meta":{"inline_featured_image":false,"_themeisle_gutenberg_block_has_review":false,"footnotes":"","_links_to":"","_links_to_target":""},"acf":{"template_hide_top_photo":false,"template_btn_contact_disable":false,"template_btn_contact_link":"","template_btn_contact_text":"","_hide_from_search_wp":false,"_hide_from_search_engines":false},"_links":{"self":[{"href":"https:\/\/www.paih.gov.pl\/en\/wp-json\/wp\/v2\/pages\/9576"}],"collection":[{"href":"https:\/\/www.paih.gov.pl\/en\/wp-json\/wp\/v2\/pages"}],"about":[{"href":"https:\/\/www.paih.gov.pl\/en\/wp-json\/wp\/v2\/types\/page"}],"author":[{"embeddable":true,"href":"https:\/\/www.paih.gov.pl\/en\/wp-json\/wp\/v2\/users\/4"}],"replies":[{"embeddable":true,"href":"https:\/\/www.paih.gov.pl\/en\/wp-json\/wp\/v2\/comments?post=9576"}],"version-history":[{"count":2,"href":"https:\/\/www.paih.gov.pl\/en\/wp-json\/wp\/v2\/pages\/9576\/revisions"}],"predecessor-version":[{"id":206048,"href":"https:\/\/www.paih.gov.pl\/en\/wp-json\/wp\/v2\/pages\/9576\/revisions\/206048"}],"up":[{"embeddable":true,"href":"https:\/\/www.paih.gov.pl\/en\/wp-json\/wp\/v2\/pages\/8612"}],"wp:attachment":[{"href":"https:\/\/www.paih.gov.pl\/en\/wp-json\/wp\/v2\/media?parent=9576"}],"curies":[{"name":"wp","href":"https:\/\/api.w.org\/{rel}","templated":true}]}}