{"id":9242,"date":"2013-10-31T15:30:05","date_gmt":"2013-10-31T13:30:05","guid":{"rendered":"https:\/\/www.paih.gov.pl\/?p=9242"},"modified":"2026-01-28T15:28:27","modified_gmt":"2026-01-28T14:28:27","slug":"suwalki","status":"publish","type":"page","link":"https:\/\/www.paih.gov.pl\/en\/why-poland\/investment-incentives\/polish-investment-zone\/suwalki\/","title":{"rendered":"Suwa\u0142ki"},"content":{"rendered":"\n<style>\n#mapy {\ndisplay: block;\nwidth: 100%;\n}\n.mapySSE {\ndisplay: inline-block;\nmax-width:400px;\nheight: auto;\nmargin: 0 auto;\n} <\/style>\n\n<p align=\"center\"><br><a href=\"https:\/\/www.ssse.com.pl\/en\/\" target=\"_blank\" rel=\"noopener\"><img decoding=\"async\" style=\"width: 250px\" src=\"\/wp-content\/uploads\/sites\/2\/0\/141101\/141139.png\" border=\"0\" align=\"middle\"><\/a><\/p>\n\n<div style=\"text-align: right;\"><b><a href=\"https:\/\/www.paih.gov.pl\/dlaczego_polska\/zachety_inwestycyjne\/polska_strefa_inwestycji\/suwalki\">PL<\/a> | EN<\/b><\/div><br><div align=\"justify\">The Suwa\u0142ki Special Economic Zone S.A. was established in 1996. It is located in north-eastern Poland, in the geographical centre of Europe. The main European communication and transport routes, leading from north to south and from east to west of Europe, and important transit routes: Berlin &#8211; Warsaw &#8211; Grodno &#8211; St. Petersburg, Warsaw &#8211; Tallinn (part of Via Baltica) and a section of the Via Carpatia route intersect here. This is also where Rail Baltica has &#8211; a railway line that is part of the Trans-European Transport Corridor. Currently, the Suwa\u0142ki Special Economic Zone S.A. manages the area covering the entire Podlaskie Voivodeship, 2 districts of the Warmian-Masurian Voivodeship: E\u0142k and Go\u0142dap, and 4 districts of the Mazowieckie Voivodeship: \u0141osicki, Ostr\u00f3w, Soko\u0142\u00f3w and W\u0119gr\u00f3w. An entrepreneur investing here can obtain the highest public aid available in the country under the Polish Investment Zone program. Additional benefits of investing in the area managed by SSSE S.A. within the Polish Investment Zone are low quantitative criteria and the possibility of settling reliefs for a period of up to 15 years.<br><br><b>Zone map: divided into Voivodships and Poviats<\/b>\n<div id=\"mapy\">\n<div class=\"mapySSE\">\n<img decoding=\"async\" alt=\"map of Poland\" src=\"\/wp-content\/uploads\/sites\/2\/0\/147701\/147705.svg\" style=\"padding:10px;\"><\/div>\n<div class=\"mapySSE\">\n<img decoding=\"async\" alt=\"SEZ map\" src=\"\/wp-content\/uploads\/sites\/2\/0\/141001\/141094.svg\" style=\"padding:10px;\"><\/div>\n<\/div>\n\n\n\n\n\n<br><b>Advantages and successes of the SEZ:<\/b><br><div align=\"justify\"><ul><li>the highest State aid in the country up to 70% of eligible investment costs,<\/li>\n<li>support also available for smaller investments &#8211; low quantitative criteria,<\/li>\n<li>tax relief can be settled for a period of  up to 15 years,<\/li><li>the leading industries of the area managed by Suwalska Special Economic Zone are: wood (including furniture and interior design), metal, machinery and plastics. The manufacturers are valued producers on world markets,<br><\/li><li>the region managed by SSSE S.A. is characterized by an unpolluted natural environment, which positively affects the development of the food industry, while the picturesqueness of the lake district is conducive to the boatbuilding and yacht industry,<br><\/li><li>SSSE S.A. has a wide selection of investment plots of various sizes and provides advice on state aid,<br><\/li><li>the proposed investment areas, located in modern industrial districts of cities and municipalities of north-eastern Poland, in most cases equipped with the necessary technical infrastructure.<\/li><\/ul><div><br><ul style=\"list-style-type: square;\"><li>The total amount of capital expenditure incurred by companies operating in the area managed by the SSSE from its start until now: over PLN 7.5 billion<br><\/li><li>Total number of employed: over 20,100<br><\/li><li>Leading sectors: wood (including decorative items), metal, machinery and plastics, food, boatbuilding<br><\/li><\/ul><br><\/div><\/div><b>Major investors in the Zone:<\/b><br>\n<p align=\"center\">\n<\/p><center>\n\n<p align=\"center\">\n<table style=\"border-collapse: collapse; width:100%;\" cellspacing=\"0\" cellpadding=\"3\" bordercolor=\"#e1e3e4\" border=\"1\" align=\"center\">\n<tbody>\n<tr>\n<td style=\"color: #fff;\" valign=\"middle\" bgcolor=\"#b51a29\" align=\"center\">\n<strong>Investor<\/strong><\/td>\n<td style=\"color: #fff;\" valign=\"middle\" bgcolor=\"#b51a29\" align=\"center\">\n<strong>Country of origin<\/strong><\/td>\n<td style=\"color: #fff;\" valign=\"middle\" bgcolor=\"#b51a29\" align=\"center\">\n<strong>Sector<br><\/strong><\/td><\/tr>\n<tr><td valign=\"middle\">Sp\u00f3\u0142dzielnia Mleczarska MLEKPOL<\/td><td valign=\"middle\">Poland<\/td><td valign=\"middle\">dairy<\/td><\/tr>\n<tr><td valign=\"middle\">TANNE Sp. z o.o.\/Fabryki Mebli \u201eFORTE\u201d S.A.<\/td><td valign=\"middle\">Poland<\/td><td valign=\"middle\">furniture<\/td><\/tr>\n<tr><td valign=\"middle\">SaMASZ<\/td><td valign=\"middle\">Poland<\/td><td valign=\"middle\">machine<\/td><\/tr>\n<tr><td valign=\"middle\">MALOW Sp. z o.o.<\/td><td valign=\"middle\">Poland<\/td><td valign=\"middle\">metal<\/td><\/tr>\n<tr><td valign=\"middle\">Grupa PADMA Sp. z o.o. sp\u00f3\u0142ka komandytowa<\/td><td valign=\"middle\">Poland<\/td><td valign=\"middle\">interior design\/wood<\/td><\/tr>\n<tr><td valign=\"middle\">PRONAR Sp. z o.o.<\/td><td valign=\"middle\">Poland<\/td><td valign=\"middle\">machine<\/td><\/tr>\n<tr><td valign=\"middle\">KOMAGRA Sp. z o.o.<\/td><td valign=\"middle\">Poland<\/td><td valign=\"middle\">agriculture and food<\/td><\/tr>\n<tr><td valign=\"middle\">KAN Sp. z o.o.<\/td><td valign=\"middle\">Netherlands<\/td><td valign=\"middle\">plastics\/water&#038;heating<\/td><\/tr>\n<tr><td valign=\"middle\">PORTA KMI POLAND S.A.<\/td><td valign=\"middle\">Poland<\/td><td valign=\"middle\">wooden doors<\/td><\/tr>\n<tr><td valign=\"middle\">SERWISTAL Sp z o.o.<\/td><td valign=\"middle\">Poland<\/td><td valign=\"middle\">metal<\/td><\/tr>\n<tr><td valign=\"middle\">IMPRESS DECOR POLSKA Sp. z o.o.<\/td><td valign=\"middle\">Austria<\/td><td valign=\"middle\">interior design<\/td><\/tr>\n<tr><td valign=\"middle\">Animex Foods sp. z o.o.<\/td><td valign=\"middle\">China<\/td><td valign=\"middle\">food<\/td><\/tr>\n<tr><td valign=\"middle\">ADDIT Sp. z o.o.<\/td><td valign=\"middle\">Netherlands<\/td><td valign=\"middle\">metal<\/td><\/tr>\n<tr><td valign=\"middle\">OstroVit Sp. z o.o.<\/td><td valign=\"middle\">Poland<\/td><td valign=\"middle\">food<\/td><\/tr>\n<tr><td valign=\"middle\">Kensus Sp. z o.o. sp.k.<\/td><td valign=\"middle\">Poland<\/td><td valign=\"middle\">metal\/rolling stock<\/td><\/tr>\n\n<\/tbody><\/table><\/p><\/center>\n\n\n\n\n<div><b><br>Looking for an investment site?<\/b><\/div>\n<div><table width=\"100%\"><tbody><tr><td style=\"text-align: center;\"><a href=\"https:\/\/baza.paih.gov.pl\/?lang=en\" target=\"_blank\" rel=\"noopener\"><img decoding=\"async\" src=\"\/wp-content\/uploads\/sites\/2\/0\/130201\/130257.png\" alt=\"Baza EN\" style=\"margin-right: 20px;\"><\/a><\/td><td><br>Make use of the data base of investment sites which covers all of Poland&nbsp;<br>and is managed by the Polish Investment and Trade Agency (PAIH).<br><br><a href=\"https:\/\/baza.paih.gov.pl\/sez\/11?lang=en\" target=\"_blank\" rel=\"noopener\">Check out what the Suwa\u0142ki SEZ has currently on offer&nbsp;&#187;<\/a><br><h5><br><\/h5><\/td><\/tr><\/tbody><\/table><br><\/div><div><b><br><\/b><\/div>\n\n\n\n<div><b>Zone Management<\/b><b><br><br><\/b>Suwa\u0142ki Special Economic Zone S.A.<br><\/div><div>ul. T. Noniewicza 49<br>16-400 Suwa\u0142ki<br>phone\/fax: +48 87 565 22 17, +48 87 565 24 49<br>e-mail: <a href=\"mailto:ssse@ssse.com.pl\">ssse@ssse.com.pl<\/a><br><a href=\"https:\/\/www.ssse.com.pl\/en\/\" target=\"_blank\" rel=\"noopener\">www.ssse.com.pl<\/a><br><br>Investor service department in E\u0142k<br>ul. A. Mickiewicza 15<br>19-300 E\u0142k<br>phone: +48 87 610 62 72<br>mobile: +48 607 058 222<br>e-mail: <a href=\"mailto:elk@ssse.com.pl\">elk@ssse.com.pl<\/a><br><br>Investor service department in Suwa\u0142ki<br>ul. T. Noniewicza 49<br>16-400 Suwa\u0142ki<br>phone: +48 87 565 22 17<br>mobile: +48 723 137 313<br>e-mail: <a href=\"mailto:suwalki@ssse.com.pl\">suwalki@ssse.com.pl<\/a><br><\/div>\n<\/div>\n\n\n\n<div style=\"height:60px\" aria-hidden=\"true\" class=\"wp-block-spacer\"><\/div>\n\n\n\n<a title=\"back\" href=\"https:\/\/www.paih.gov.pl\/en\/why-poland\/investment-incentives\/polish-investment-zone\/\" class=\"button_back\">back<\/a>\n","protected":false},"excerpt":{"rendered":"<p>PL | EN The Suwa\u0142ki Special Economic Zone S.A. was established in 1996. It is located in north-eastern Poland, in the geographical centre of Europe. The main European communication and transport routes, leading from north to south and from east to west of Europe, and important transit routes: Berlin &#8211; Warsaw &#8211; Grodno &#8211; St. [&hellip;]<\/p>\n","protected":false},"author":4,"featured_media":0,"parent":9140,"menu_order":0,"comment_status":"closed","ping_status":"open","template":"","meta":{"inline_featured_image":false,"_themeisle_gutenberg_block_has_review":false,"footnotes":"","_links_to":"","_links_to_target":""},"acf":{"template_hide_top_photo":false,"template_btn_contact_disable":false,"template_btn_contact_link":"","template_btn_contact_text":"","_hide_from_search_wp":false,"_hide_from_search_engines":false},"_links":{"self":[{"href":"https:\/\/www.paih.gov.pl\/en\/wp-json\/wp\/v2\/pages\/9242"}],"collection":[{"href":"https:\/\/www.paih.gov.pl\/en\/wp-json\/wp\/v2\/pages"}],"about":[{"href":"https:\/\/www.paih.gov.pl\/en\/wp-json\/wp\/v2\/types\/page"}],"author":[{"embeddable":true,"href":"https:\/\/www.paih.gov.pl\/en\/wp-json\/wp\/v2\/users\/4"}],"replies":[{"embeddable":true,"href":"https:\/\/www.paih.gov.pl\/en\/wp-json\/wp\/v2\/comments?post=9242"}],"version-history":[{"count":6,"href":"https:\/\/www.paih.gov.pl\/en\/wp-json\/wp\/v2\/pages\/9242\/revisions"}],"predecessor-version":[{"id":205955,"href":"https:\/\/www.paih.gov.pl\/en\/wp-json\/wp\/v2\/pages\/9242\/revisions\/205955"}],"up":[{"embeddable":true,"href":"https:\/\/www.paih.gov.pl\/en\/wp-json\/wp\/v2\/pages\/9140"}],"wp:attachment":[{"href":"https:\/\/www.paih.gov.pl\/en\/wp-json\/wp\/v2\/media?parent=9242"}],"curies":[{"name":"wp","href":"https:\/\/api.w.org\/{rel}","templated":true}]}}