{"id":9239,"date":"2013-10-31T15:30:00","date_gmt":"2013-10-31T13:30:00","guid":{"rendered":"https:\/\/www.paih.gov.pl\/?p=9239"},"modified":"2026-01-14T11:37:05","modified_gmt":"2026-01-14T10:37:05","slug":"gdansk","status":"publish","type":"page","link":"https:\/\/www.paih.gov.pl\/en\/why-poland\/investment-incentives\/polish-investment-zone\/gdansk\/","title":{"rendered":"Pomorska"},"content":{"rendered":"\n<style>\n#mapy {\ndisplay: block;\nwidth: 100%;\n}\n.mapySSE {\ndisplay: inline-block;\nmax-width:400px;\nheight: auto;\nmargin: 0 auto;\n} <\/style>\n\n<p align=\"center\"><a href=\"https:\/\/www.strefa.gda.pl\/\" target=\"_blank\" rel=\"noopener\"><img decoding=\"async\" style=\"width: auto; max-width: 250px\" src=\"\/wp-content\/uploads\/sites\/2\/0\/141601\/141605.png\" border=\"0\" align=\"middle\"><\/a><\/p>\n\n<div style=\"text-align: right;\"><b><a href=\"https:\/\/www.paih.gov.pl\/dlaczego_polska\/zachety_inwestycyjne\/polska_strefa_inwestycji\/gdansk\">PL<\/a> | EN<\/b><\/div><br><div align=\"justify\">The Pomeranian Special Economic Zone was established in 2001. It operates in 226 municipalities in the Kujawsko-Pomorskie Voivodeship and in the eastern part of the Pomeranian Voivodeship and is part of the Polish Investment Zone, one of 14 regional entities responsible for comprehensive investor services. It aims to support entrepreneurship by creating favourable conditions for the development of micro, small, medium and large companies. The industrial areas are located on the main communication routes &#8211; the A1 motorway, near seaports (Gda\u0144sk, Gdynia) and international airports (Gda\u0144sk, Bydgoszcz).<br><br><b>Zone map: divided into Voivodships and Poviats<\/b>\n<div id=\"mapy\">\n<div class=\"mapySSE\">\n<img decoding=\"async\" alt=\"map of Poland\" src=\"\/wp-content\/uploads\/sites\/2\/0\/147101\/147125.svg\" style=\"padding:10px;\"><\/div>\n<div class=\"mapySSE\">\n<img decoding=\"async\" alt=\"SEZ map\" src=\"\/wp-content\/uploads\/sites\/2\/0\/141001\/141082.svg\" style=\"padding:10px;\"><\/div>\n<\/div>\n\n\n\n<br><b>Advantages and successes of the <\/b><b>Pomeranian SEZ:<\/b><br><div align=\"justify\"><ul><li>a comprehensive service for domestic and foreign investors, including income tax exemption and investment advice,<br><\/li><li>offer supplementing and expanding the zone&#8217;s activity: investment consulting, attractive investment areas with extensive infrastructure, assistance in finding qualified employees, promotion on both Polish and foreign markets,<br><\/li><li>Gda\u0144sk Science and Technology Park &#8211; a place where science, technology and business meet, where innovative entrepreneurship is stimulated, support for Startups and companies with unique ideas. It is a center supporting knowledge-based entrepreneurship. Together with entrepreneurs, scientists and local government officials, it creates a business-friendly ecosystem (more information <b><a href=\"\/investment_support\/industrial_and_technology_parks\/gdansk\">here<\/a><\/b>),<br><\/li><li>The Baltic Port of New Technologies in Gdynia which is located on the former premises of Gdynia Shipyard S.A. &#8211; supports the development of shipbuilding and maritime industry, as well as logistics and transport, bringing together the largest companies in these industries in the region (more information <b><a href=\"\/investment_support\/sez\/gdansk\/BPNT\">here<\/a><\/b>),<br><\/li><li>Industrial Robot Programming Centres (in Gda\u0144sk, W\u0142oc\u0142awek and Grudzi\u0105dz) &#8211; personnel training centres for Industry 4.0, conducting courses and training sessions in the use of industrial robots, 3D printers and welding (using traditional and VR methods),<br><\/li><li>Space4Makers &#8211; a creative space for innovators, DIY enthusiasts, startups and other companies,<br><\/li><li>Molanote Laboratories &#8211; six modern research laboratories used to carry out various types of research related to the industry profile of the Molanote association, i.e. energy-efficient construction and renewable energy sources (RES),<br><\/li><li>in 2022, the Zone was awarded the fDi Global Free Zones of the Year ranking, gaining 2nd place among the SEZs in Europe and 7th place among the SEZs in the world, while in 2024 fDi Global Free Zones of the Year 2024 was awarded for sustainable innovation.<\/li><\/ul><div><br><ul style=\"list-style-type: square;\"><li>The total amount of capital expenditure incurred by all the companies operating in the Zone, since its start until now: 19 961 515 864.60 PLN<br><\/li><li>Total employment in the Zone: 8 398 (actual jobs created), 59 779.27 (level of employment)<br><\/li><li>Leading sectors: electronics, metal, machinery, furniture and modern business services<br><\/li><\/ul><br><\/div><\/div><b>Major investors in the Zone:<\/b><br>\n<p align=\"center\">\n<\/p><center>\n\n<p align=\"center\">\n<table style=\"border-collapse: collapse; width:100%;\" cellspacing=\"0\" cellpadding=\"3\" bordercolor=\"#e1e3e4\" border=\"1\" align=\"center\">\n<tbody>\n<tr>\n<td style=\"color: #fff;\" valign=\"middle\" bgcolor=\"#b51a29\" align=\"center\">\n<strong>Investor<\/strong><\/td>\n<td style=\"color: #fff;\" valign=\"middle\" bgcolor=\"#b51a29\" align=\"center\">\n<strong>Country of origin<\/strong><\/td>\n<td style=\"color: #fff;\" valign=\"middle\" bgcolor=\"#b51a29\" align=\"center\">\n<strong>Sector<br><\/strong><\/td><\/tr>\n<tr>\n<td valign=\"middle\">Pojazdy Szynowe Pesa Bydgoszcz<br><\/td><td valign=\"middle\">Poland<br><\/td><td valign=\"middle\">railway<br><\/td><\/tr>\n<tr>\n<td valign=\"middle\">Cedrob<br><\/td><td valign=\"middle\">Poland<br><\/td><td valign=\"middle\">food<br><\/td><\/tr>\n<tr><td valign=\"middle\">Canpack<br><\/td><td valign=\"middle\">USA<br><\/td><td valign=\"middle\">production of metal packaging<br><\/td><\/tr>\n<tr>\n<td valign=\"middle\">Anwil<br><\/td><td valign=\"middle\">Poland<br><\/td><td valign=\"middle\">chemical<br><\/td><\/tr>\n<tr>\n<td valign=\"middle\">Mondi \u015awiecie<br><\/td><td valign=\"middle\">Great Britain<br><\/td><td valign=\"middle\">paper<br><\/td><\/tr>\n<tr>\n<td valign=\"middle\">Wika Polska sp. z o.o. SGF<br><\/td><td valign=\"middle\">Germany<br><\/td><td valign=\"middle\">electronics<br><\/td><\/tr>\n<tr>\n<td valign=\"middle\">Bridgestone Stargard<br><\/td><td valign=\"middle\">Japan<br><\/td><td valign=\"middle\">tire production<br><\/td><\/tr>\n<tr>\n<td valign=\"middle\">QEMETICA S\u00d3L POLSKA<br><\/td><td valign=\"middle\">Poland<br><\/td><td valign=\"middle\">chemical<br><\/td><\/tr>\n<tr>\n<td valign=\"middle\">MM Kwidzyn (previous International Paper-Kwidzyn)<br><\/td><td valign=\"middle\">Austria<br><\/td><td valign=\"middle\">paper<br><\/td><\/tr>\n<tr>\n<td valign=\"middle\">Solvay Poland<br><\/td><td valign=\"middle\">Belgium<br><\/td><td valign=\"middle\">chemical<br><\/td><\/tr>\n<tr>\n<td valign=\"middle\">Tele-fonika Kable<br><\/td><td valign=\"middle\">Poland<br><\/td><td valign=\"middle\">electrical<br><\/td><\/tr>\n<tr>\n<td valign=\"middle\">LPP Logistics<br><\/td><td valign=\"middle\">Poland<br><\/td><td valign=\"middle\">warehousing \/ logistics<br><\/td><\/tr>\n<tr>\n<td valign=\"middle\">LACPOL Sp. z o. o. &#8211; Przedsi\u0119biorstwo Handlu Zagranicznego Sp\u00f3\u0142dzielni Mleczarskich<br><\/td><td valign=\"middle\">Poland<br><\/td><td valign=\"middle\">food<br><\/td><\/tr>\n<tr>\n<td valign=\"middle\">Zak\u0142ady Farmaceutyczne Polpharma<br><\/td><td valign=\"middle\">Poland<br><\/td><td valign=\"middle\">pharmaceutical<br><\/td><\/tr>\n<tr>\n<td valign=\"middle\">Cedrob Porty<br><\/td><td valign=\"middle\">Poland<br><\/td><td valign=\"middle\">warehousing<br><\/td><\/tr>\n<tr>\n<td valign=\"middle\">Cargotec Poland<br><\/td><td valign=\"middle\">Finland<br><\/td><td valign=\"middle\">machine<br><\/td><\/tr>\n<tr>\n<td valign=\"middle\">Iglotex<br><\/td><td valign=\"middle\">Poland<br><\/td><td valign=\"middle\">food<br><\/td><\/tr>\n<tr>\n<td valign=\"middle\">Reflex Polska Sp\u00f3\u0142ka Z Ograniczon\u0105 Odpowiedzialno\u015bci\u0105 Sp\u00f3\u0142ka Komandytowa<br><\/td><td valign=\"middle\">Germany<br><\/td><td valign=\"middle\">machine<br><\/td><\/tr>\n<tr>\n<td valign=\"middle\">Mielewczyk<br><\/td><td valign=\"middle\">Poland<br><\/td><td valign=\"middle\">food<br><\/td><\/tr>\n<\/tbody><\/table><\/p><\/center>\n\n\n<div><b><br>Looking for an investment site?<\/b><\/div>\n<div><table width=\"100%\"><tbody><tr><td style=\"text-align: center;\"><a href=\"https:\/\/baza.paih.gov.pl\/?lang=en\" target=\"_blank\" rel=\"noopener\"><img decoding=\"async\" src=\"\/wp-content\/uploads\/sites\/2\/0\/130201\/130257.png\" alt=\"Baza EN\" style=\"margin-right: 20px;\"><\/a><\/td><td><br>Make use of the data base of investment sites which covers all of Poland&nbsp;<br>and is managed by the Polish Investment and Trade Agency (PAIH).<br><br><a href=\"https:\/\/baza.paih.gov.pl\/sez\/8?lang=en\" target=\"_blank\" rel=\"noopener\">Check out what the Pomeranian SEZ has currently on offer&nbsp;&#187;<\/a><br><h5><br><\/h5><\/td><\/tr><\/tbody><\/table><br><\/div><div><b><br><\/b><\/div>\n\n\n\n\n\n<div><b>Current information on the PSSE&#8217;s activities on social media: <\/b><a href=\"https:\/\/www.facebook.com\/StrefaPomorze\" target=\"_blank\" rel=\"noopener\">facebook<\/a> | <a href=\"https:\/\/pl.linkedin.com\/company\/pomorska-specjalna-strefa-ekonomiczna-sp-z-o-o-\" target=\"_blank\" rel=\"noopener\">linkedin<\/a> | <a href=\"https:\/\/twitter.com\/pomorskasse\" target=\"_blank\" rel=\"noopener\">twitter<\/a><b><br><br>Zone Management<\/b><br><br>Pomeranian Special Economic Zone sp. z o. o.<b><br><\/b>ul. Trzy Lipy 3<br><\/div><div>80-172 Gda\u0144sk<\/div><div>phone: +48 58 740 43 00<br>e-mail: <a href=\"mailto:sekretariat@strefa.gda.pl\">sekretariat@strefa.gda.pl<\/a><br><a href=\"https:\/\/www.strefa.gda.pl\/\" target=\"_blank\" rel=\"noopener\">www.strefa.gda.pl<br><\/a><br><\/div>\n<div><b><b>Contacts for investors:<\/b><b><br><br><\/b><\/b>Joanna Gasek &#8211; Director of the Zone Investment Department<b><br><\/b>phone: +48 605 676 600<br>e-mail: <a href=\"mailto:j.gasek@strefa.gda.pl\">j.gasek@strefa.gda.pl<\/a><br><br>Ma\u0142gorzata Jab\u0142o\u0144ska &#8211; Head of Investor Acquisition and International Cooperation Team<b><br><\/b>phone: +48 607 620 450 <br>e-mail: <a href=\"mailto:m.jablonska@strefa.gda.pl\">m.jablonska@strefa.gda.pl<\/a>\n<\/div>\n<\/div>\n\n\n\n<div style=\"height:60px\" aria-hidden=\"true\" class=\"wp-block-spacer\"><\/div>\n\n\n\n<a title=\"back\" href=\"https:\/\/www.paih.gov.pl\/en\/why-poland\/investment-incentives\/polish-investment-zone\/\" class=\"button_back\">back<\/a>\n","protected":false},"excerpt":{"rendered":"<p>PL | EN The Pomeranian Special Economic Zone was established in 2001. It operates in 226 municipalities in the Kujawsko-Pomorskie Voivodeship and in the eastern part of the Pomeranian Voivodeship and is part of the Polish Investment Zone, one of 14 regional entities responsible for comprehensive investor services. It aims to support entrepreneurship by creating [&hellip;]<\/p>\n","protected":false},"author":4,"featured_media":0,"parent":9140,"menu_order":0,"comment_status":"closed","ping_status":"open","template":"","meta":{"inline_featured_image":false,"_themeisle_gutenberg_block_has_review":false,"footnotes":"","_links_to":"","_links_to_target":""},"acf":{"template_hide_top_photo":false,"template_btn_contact_disable":false,"template_btn_contact_link":"","template_btn_contact_text":"","_hide_from_search_wp":false,"_hide_from_search_engines":false},"_links":{"self":[{"href":"https:\/\/www.paih.gov.pl\/en\/wp-json\/wp\/v2\/pages\/9239"}],"collection":[{"href":"https:\/\/www.paih.gov.pl\/en\/wp-json\/wp\/v2\/pages"}],"about":[{"href":"https:\/\/www.paih.gov.pl\/en\/wp-json\/wp\/v2\/types\/page"}],"author":[{"embeddable":true,"href":"https:\/\/www.paih.gov.pl\/en\/wp-json\/wp\/v2\/users\/4"}],"replies":[{"embeddable":true,"href":"https:\/\/www.paih.gov.pl\/en\/wp-json\/wp\/v2\/comments?post=9239"}],"version-history":[{"count":14,"href":"https:\/\/www.paih.gov.pl\/en\/wp-json\/wp\/v2\/pages\/9239\/revisions"}],"predecessor-version":[{"id":205894,"href":"https:\/\/www.paih.gov.pl\/en\/wp-json\/wp\/v2\/pages\/9239\/revisions\/205894"}],"up":[{"embeddable":true,"href":"https:\/\/www.paih.gov.pl\/en\/wp-json\/wp\/v2\/pages\/9140"}],"wp:attachment":[{"href":"https:\/\/www.paih.gov.pl\/en\/wp-json\/wp\/v2\/media?parent=9239"}],"curies":[{"name":"wp","href":"https:\/\/api.w.org\/{rel}","templated":true}]}}