{"id":9126,"date":"2013-10-31T15:29:34","date_gmt":"2013-10-31T13:29:34","guid":{"rendered":"https:\/\/www.paih.gov.pl\/?p=9126"},"modified":"2026-02-09T10:40:41","modified_gmt":"2026-02-09T09:40:41","slug":"coie","status":"publish","type":"page","link":"https:\/\/www.paih.gov.pl\/en\/polish-regions\/coie\/","title":{"rendered":"Regional Investor and Exporter Service Centres (COIE)"},"content":{"rendered":"\n<p>The tasks carried out by the Polish Investment and Trade Agency(PAIH) are supported by a nationwide network of Certified Partners of the Polish Investment and Trade Agency under the name &#8211; Investor and Exporter Service Centres. COIE was established on the initiative of PAIH, in close cooperation with the Marshals of all 16 Voivodeships. The centres operate mainly within the structures of the Marshal offices and Regional Development Agencies, they are also responsible for the promotion of their region.<\/p>\n\n\n\n<p>COIE staff operate in accordance with investor and exporter service standards recommended by the Polish Investment and Trade Agency. The are trained by the Agency&#8217;s experts and provided with constant substantive assistance from PAIH\u2019s experts. Each unit covers the area of the Voivodeship in which it is based and is a source of current data on the Voivodeship&#8217;s economy. The centres post and monitor the validity of investment offers in <strong><a href=\"https:\/\/www.paih.gov.pl\/en\/polish_regions\/invest_offers\/\" data-type=\"link\" data-id=\"https:\/\/baza.paih.gov.pl\/?lang=en\">PAIH\u2019s Investment Offer Generator<\/a><\/strong>. They also have <a href=\"https:\/\/www.paih.gov.pl\/en\/polish_regions\/regional_cooperation\/boi\/\" data-type=\"link\" data-id=\"https:\/\/www.paih.gov.pl\/en\/polish_regions\/regional_cooperation\/boi\/\"><strong>contact databases<\/strong><\/a> with Local Governments in the Communes and with business-related institutions working for the development of the Voivodeship.<\/p>\n\n\n\n<p>The COIE\u2019s main objective is to provide a comprehensive service to investors and support the internationalization of companies at the Voivodeship level. The centres cooperate with the Polish Investment and Trade Agency in handling investment projects and independently provide services to investors and exporters who contact them directly.<\/p>\n\n\n\n<div style=\"height:50px\" aria-hidden=\"true\" class=\"wp-block-spacer\"><\/div>\n\n\n\n<h2 class=\"wp-block-heading has-text-align-center has-text-color has-link-color wp-elements-1e5150d52a1f0b830a1cc6e1262b6fcd\" style=\"color:#08283a\">Certified Partners of the Polish Investment and Trade Agency<\/h2>\n\n\n\n<div style=\"height:30px\" aria-hidden=\"true\" class=\"wp-block-spacer\"><\/div>\n\n\n\n<div class=\"section-wrapper\" data-id=\"zWBYiw\"><section class=\"wp-block-gutenverse-section guten-element guten-section guten-zWBYiw layout-boxed align-stretch\"><div class=\"guten-container guten-column-gap-default\">\n<div class=\"wp-block-gutenverse-column guten-element guten-column guten-SvIzDt\"><div class=\"guten-column-wrapper\" data-id=\"SvIzDt\">\n<div class=\"guten-element guten-accordions guten-Clbxtk\">\n<div class=\"accordion-item guten-3shUKi\"><div class=\"accordion-heading\"><div class=\"accordion-icon\"><span class=\"accordion-icon-open\"><i class=\"gtn gtn-back_up-light\"><\/i><\/span><span class=\"accordion-icon-closed\"><i class=\"gtn gtn-back_up-light\"><\/i><\/span><\/div><span class=\"accordion-text\">Dolno\u015bl\u0105skie Voivodship \u00bb<\/span><\/div><div class=\"accordion-body\"><div class=\"accordion-content\">\n<p>Lower Silesian Agency for Economic Cooperation<br>Investor and Exporter Assistance Centre<br>Kasztanowa Avenue 3a &#8211; 5<br>53-125 Wroc\u0142aw<br>Phone: +48 71 736 63 11<br><a href=\"mailto:coie@dawg.pl\">coie@dawg.pl<\/a><br><a href=\"https:\/\/dawg.pl\/\" target=\"_blank\" rel=\"noreferrer noopener\">www.dawg.pl<\/a><\/p>\n<\/div><\/div><\/div>\n<\/div>\n\n\n\n<div class=\"guten-element guten-accordions guten-VLYkmA\">\n<div class=\"accordion-item guten-7Nk0sY\"><div class=\"accordion-heading\"><div class=\"accordion-icon\"><span class=\"accordion-icon-open\"><i class=\"gtn gtn-back_up-light\"><\/i><\/span><span class=\"accordion-icon-closed\"><i class=\"gtn gtn-back_up-light\"><\/i><\/span><\/div><span class=\"accordion-text\">Kujawsko-Pomorskie Voivodship \u00bb<\/span><\/div><div class=\"accordion-body\"><div class=\"accordion-content\">\n<p>Kujawsko-Pomorskie Voivodship Marshal&#8217;s Office<br>Department of Economic Development<br>Departament for the promotion of the Economy and Investments<br>Investor and Exporter Assistance Centre<br>Franciszka\u0144ska 12 Str., II floor<br>87-100 Toru\u0144<br>(correspondence address: Plac Teatralny 2, 87-100 Toru\u0144)<br>Phone: +48 56 62 18 319, +48 56 62 12 503<br><a href=\"mailto:coi@kujawsko-pomorskie.pl\">coi@kujawsko-pomorskie.pl<\/a>, <a href=\"mailto:rg.sekretariat@kujawsko-pomorskie.pl\">rg.sekretariat@kujawsko-pomorskie.pl<\/a><br><a href=\"https:\/\/gospodarka.kujawsko-pomorskie.pl\/\" target=\"_blank\" rel=\"noreferrer noopener\">www.gospodarka.kujawsko-pomorskie.pl<\/a><br><a href=\"https:\/\/investin.kujawsko-pomorskie.pl\/\" target=\"_blank\" rel=\"noreferrer noopener\">www.investin.kujawsko-pomorskie.pl<\/a><\/p>\n<\/div><\/div><\/div>\n<\/div>\n\n\n\n<div class=\"guten-element guten-accordions guten-g6cHr1\">\n<div class=\"accordion-item guten-W5f92e\"><div class=\"accordion-heading\"><div class=\"accordion-icon\"><span class=\"accordion-icon-open\"><i class=\"gtn gtn-back_up-light\"><\/i><\/span><span class=\"accordion-icon-closed\"><i class=\"gtn gtn-back_up-light\"><\/i><\/span><\/div><span class=\"accordion-text\">Lubelskie Voivodship \u00bb<\/span><\/div><div class=\"accordion-body\"><div class=\"accordion-content\">\n<p>Lubelskie Voivodship Marshal&#8217;s Office<br>Department of Economy<br>Investor and Exporter Assistance Centre<br>Grottgera 4 Str., III floor<br>20-029 Lublin<br>Phone: +48 81 537 16 51<br><a href=\"mailto:coie@lubelskie.pl\">coie@lubelskie.pl<\/a><br><a href=\"https:\/\/www.invest.lubelskie.pl\/\" target=\"_blank\" rel=\"noreferrer noopener\">www.invest.lubelskie.pl<\/a><br><a href=\"https:\/\/gospodarka.lubelskie.pl\/pl\/\" target=\"_blank\" rel=\"noreferrer noopener\">www.gospodarka.lubelskie.pl<\/a><\/p>\n<\/div><\/div><\/div>\n<\/div>\n\n\n\n<div class=\"guten-element guten-accordions guten-ketglM\">\n<div class=\"accordion-item guten-WIttR9\"><div class=\"accordion-heading\"><div class=\"accordion-icon\"><span class=\"accordion-icon-open\"><i class=\"gtn gtn-back_up-light\"><\/i><\/span><span class=\"accordion-icon-closed\"><i class=\"gtn gtn-back_up-light\"><\/i><\/span><\/div><span class=\"accordion-text\">Lubuskie Voivodship \u00bb<\/span><\/div><div class=\"accordion-body\"><div class=\"accordion-content\">\n<p>Lubuskie Voivodship Marshal&#8217;s Office<br>Department of Economy and Development<br>Entrepreneurship Support Division<br>Investor and Exporter Assistance Centre<br>Chrobrego 1-3-5 Str.<br>65-043 Zielona G\u00f3ra<br>Phone: +48 68 45 65 462<br><a href=\"mailto:coie@lubuskie.pl\">coie@lubuskie.pl<\/a><br><a href=\"https:\/\/www.investinlubuskie.pl\/\" target=\"_blank\" rel=\"noreferrer noopener\">www.investinlubuskie.pl<\/a><\/p>\n<\/div><\/div><\/div>\n<\/div>\n\n\n\n<div class=\"guten-element guten-accordions guten-CjKw45\">\n<div class=\"accordion-item guten-FlUyc7\"><div class=\"accordion-heading\"><div class=\"accordion-icon\"><span class=\"accordion-icon-open\"><i class=\"gtn gtn-back_up-light\"><\/i><\/span><span class=\"accordion-icon-closed\"><i class=\"gtn gtn-back_up-light\"><\/i><\/span><\/div><span class=\"accordion-text\">\u0141\u00f3dzkie Voivodship \u00bb<\/span><\/div><div class=\"accordion-body\"><div class=\"accordion-content\">\n<p>Marshal&#8217;s Office of the \u0141\u00f3d\u017a Voivodeship<br>Department of Entrepreneurship and Just Transition<br>Department of Entrepreneurship Promotion<br>Investor and Exporter Service Centre<br>8 Pilsudskiego Ave.<br>90-051 \u0141\u00f3d\u017a<br>Phone: +48 42 291 98 99<br><a href=\"mailto:invest@lodzkie.pl\" data-type=\"mailto\" data-id=\"mailto:invest@lodzkie.pl\">invest@lodzkie.pl<\/a><br><a href=\"https:\/\/www.investinlodzkie.com\" target=\"_blank\" rel=\"noreferrer noopener\">www.investinlodzkie.com<br><\/a><a href=\"https:\/\/biznes.lodzkie.pl\/\" target=\"_blank\" rel=\"noreferrer noopener\">www.biznes.lodzkie.pl<\/a><\/p>\n<\/div><\/div><\/div>\n<\/div>\n\n\n\n<div class=\"guten-element guten-accordions guten-QAyyaI\">\n<div class=\"accordion-item guten-0fSImV\"><div class=\"accordion-heading\"><div class=\"accordion-icon\"><span class=\"accordion-icon-open\"><i class=\"gtn gtn-back_up-light\"><\/i><\/span><span class=\"accordion-icon-closed\"><i class=\"gtn gtn-back_up-light\"><\/i><\/span><\/div><span class=\"accordion-text\">Ma\u0142opolskie Voivodship \u00bb<\/span><\/div><div class=\"accordion-body\"><div class=\"accordion-content\">\n<p>Business in Ma\u0142opolska Centre<br>Investor and Exporter Assistance Centre<br>Podole 60 Str.<br>30-394 Krak\u00f3w<br>Phone: +48 12 620 91 40<br><a href=\"mailto:contact@businessinmalopolska.pl\">contact@businessinmalopolska.pl<\/a><br><a href=\"https:\/\/businessinmalopolska.pl\/en\" target=\"_blank\" rel=\"noreferrer noopener\">www.businessinmalopolska.pl<\/a><\/p>\n<\/div><\/div><\/div>\n<\/div>\n\n\n\n<div class=\"guten-element guten-accordions guten-Sx2x1t\">\n<div class=\"accordion-item guten-y53Fr5\"><div class=\"accordion-heading\"><div class=\"accordion-icon\"><span class=\"accordion-icon-open\"><i class=\"gtn gtn-back_up-light\"><\/i><\/span><span class=\"accordion-icon-closed\"><i class=\"gtn gtn-back_up-light\"><\/i><\/span><\/div><span class=\"accordion-text\">Mazowieckie Voivodship \u00bb<\/span><\/div><div class=\"accordion-body\"><div class=\"accordion-content\">\n<p>Agency for Development of Mazovia<br>Entrepreneurship and Innovation Centre<br>\u015awi\u0119tojerska 9 Str.<br>00-236 Warszawa<br>Phone: +48 22 566 47 60<br><a href=\"mailto:cpi@armsa.pl\">cpi@armsa.pl<\/a><br><a href=\"https:\/\/www.armsa.pl\/cpi\" target=\"_blank\" rel=\"noreferrer noopener\">www.armsa.pl\/cpi<\/a><\/p>\n<\/div><\/div><\/div>\n<\/div>\n\n\n\n<div class=\"guten-element guten-accordions guten-gYjKod\">\n<div class=\"accordion-item guten-wN3LjH\"><div class=\"accordion-heading\"><div class=\"accordion-icon\"><span class=\"accordion-icon-open\"><i class=\"gtn gtn-back_up-light\"><\/i><\/span><span class=\"accordion-icon-closed\"><i class=\"gtn gtn-back_up-light\"><\/i><\/span><\/div><span class=\"accordion-text\">Opolskie Voivodship \u00bb<\/span><\/div><div class=\"accordion-body\"><div class=\"accordion-content\">\n<p>Opolskie Centre Of Economy Development<br>Investor and Exporter Assistance Centre<br>Krakowska 38 Str.<br>45-075 Opole<br>Phone: +48 77 40 33 648, +48 77 40 33 645, +48 77 40 33 646<br><a href=\"mailto:invest@ocrg.opolskie.pl\">invest@ocrg.opolskie.pl<\/a>, <a href=\"mailto:biuro@ocrg.opolskie.pl\">biuro@ocrg.opolskie.pl<\/a><br><a href=\"https:\/\/ocrg.opolskie.pl\/\" target=\"_blank\" rel=\"noreferrer noopener\">www.ocrg.opolskie.pl<\/a><br><a href=\"https:\/\/coi.opolskie.pl\/\" target=\"_blank\" rel=\"noreferrer noopener\">www.coi.opolskie.pl<\/a><\/p>\n<\/div><\/div><\/div>\n<\/div>\n<\/div><\/div>\n\n\n\n<div class=\"wp-block-gutenverse-column guten-element guten-column guten-P28pWc\"><div class=\"guten-column-wrapper\" data-id=\"P28pWc\">\n<div class=\"guten-element guten-accordions guten-ldLknU\">\n<div class=\"accordion-item guten-tJ2o5J\"><div class=\"accordion-heading\"><div class=\"accordion-icon\"><span class=\"accordion-icon-open\"><i class=\"gtn gtn-back_up-light\"><\/i><\/span><span class=\"accordion-icon-closed\"><i class=\"gtn gtn-back_up-light\"><\/i><\/span><\/div><span class=\"accordion-text\">Podkarpackie Voivodship \u00bb<\/span><\/div><div class=\"accordion-body\"><div class=\"accordion-content\">\n<p>Podkarpackie Voivodship Marshal&#8217;s Office<br>Department of Regional Development<br>Investors and Exporters Assistance Centre<br>Lubelska 4 Str.<br>35-241 Rzesz\u00f3w<br>Phone: +48 17 743 30 32, +48 17 743 32 71<br>e-mail: <a href=\"mailto:m.dojnik@podkarpackie.pl\">m.dojnik@podkarpackie.pl<\/a>, <a href=\"mailto:coie@podkarpackie.pl\">coie@podkarpackie.pl<\/a><br><a href=\"https:\/\/coie.podkarpackie.pl\/en\/\" target=\"_blank\" rel=\"noreferrer noopener\">coie.podkarpackie.pl<\/a><\/p>\n\n\n\n<p>Rzesz\u00f3w Regional Development Agency<br>Management Department of the Podkarpackie Science and Technology Park AEROPOLIS \/ Investor Assistance Centre<br>Jasionka 954<br>36-002 Jasionka<br>Phone: +48 17 77 36 853, +48 17 77 36 832<br>e-mail: <a href=\"mailto:coi@rarr.rzeszow.pl\">coi@rarr.rzeszow.pl<\/a>, <a href=\"mailto:mrzucidlo@rarr.rzeszow.pl\">mrzucidlo@rarr.rzeszow.pl<\/a>, <a href=\"mailto:jsmulski@rarr.rzeszow.pl\">jsmulski@rarr.rzeszow.pl<\/a><br><a href=\"http:\/\/www.coi.rzeszow.pl\/\" target=\"_blank\" rel=\"noreferrer noopener\">www.coi.rzeszow.pl<\/a><\/p>\n<\/div><\/div><\/div>\n<\/div>\n\n\n\n<div class=\"guten-element guten-accordions guten-1k8TBB\">\n<div class=\"accordion-item guten-iVyFH0\"><div class=\"accordion-heading\"><div class=\"accordion-icon\"><span class=\"accordion-icon-open\"><i class=\"gtn gtn-back_up-light\"><\/i><\/span><span class=\"accordion-icon-closed\"><i class=\"gtn gtn-back_up-light\"><\/i><\/span><\/div><span class=\"accordion-text\">Podlaskie Voivodship \u00bb<\/span><\/div><div class=\"accordion-body\"><div class=\"accordion-content\">\n<p>Podlaskie Voivodship Marshal&#8217;s Office<br>Department of Economic Promotion and International Cooperation<br>Investor and Exporter Assistance Centre<br>Wyszy\u0144skiego 1 Str.<br>15-888 Bia\u0142ystok<br>Phone: +48 85 66 54 495, +48 85 66 54 987, +48 85 66 54 860<br><a href=\"mailto:info@investinpodlaskie.pl\">info@investinpodlaskie.pl<\/a><br><a href=\"https:\/\/investinpodlaskie.pl\/\" target=\"_blank\" rel=\"noreferrer noopener\">investinpodlaskie.pl<\/a><\/p>\n<\/div><\/div><\/div>\n<\/div>\n\n\n\n<div class=\"guten-element guten-accordions guten-sdPz7v\">\n<div class=\"accordion-item guten-nWj73v\"><div class=\"accordion-heading\"><div class=\"accordion-icon\"><span class=\"accordion-icon-open\"><i class=\"gtn gtn-back_up-light\"><\/i><\/span><span class=\"accordion-icon-closed\"><i class=\"gtn gtn-back_up-light\"><\/i><\/span><\/div><span class=\"accordion-text\">Pomorskie Voivodship \u00bb<\/span><\/div><div class=\"accordion-body\"><div class=\"accordion-content\">\n<p>Pomerania Development Agency Co.<br>Invest in Pomerania<br>Investor and Exporter Assistance Centre<br>472 D Grunwaldzka Ave.<br>(Olivia Business Centre &#8211; Olivia Six)<br>80-309 Gda\u0144sk<br>Phone: +48 58 32 33 256<br>e-mail: <a href=\"mailto:office@investinpomerania.pl\">office@investinpomerania.pl<\/a><br><a href=\"https:\/\/investinpomerania.pl\/\" target=\"_blank\" rel=\"noreferrer noopener\">www.investinpomerania.pl<\/a><\/p>\n<\/div><\/div><\/div>\n<\/div>\n\n\n\n<div class=\"guten-element guten-accordions guten-FFn1eF\">\n<div class=\"accordion-item guten-wP0sYE\"><div class=\"accordion-heading\"><div class=\"accordion-icon\"><span class=\"accordion-icon-open\"><i class=\"gtn gtn-back_up-light\"><\/i><\/span><span class=\"accordion-icon-closed\"><i class=\"gtn gtn-back_up-light\"><\/i><\/span><\/div><span class=\"accordion-text\">\u015al\u0105skie Voivodship \u00bb<\/span><\/div><div class=\"accordion-body\"><div class=\"accordion-content\">\n<p>Marshal Office of the Silesian Voivodeship<br>Department of Promotion, Economy and Sport<br>Silesian Investor and Exporter Assistance Centre<br>Al. Korfantego 79<br>40-160 Katowice<br>(correspondence address: 46, Ligonia Str., 40-037 Katowice)<br>Phone: +48 32 77 44 503<br><a href=\"mailto:coie@slaskie.pl\">coie@slaskie.pl<\/a>, <a href=\"mailto:gospodarka@slaskie.pl\">gospodarka@slaskie.pl<\/a><br><a href=\"http:\/\/www.invest-in-silesia.pl\/\" target=\"_blank\" rel=\"noreferrer noopener\"><\/a><a href=\"https:\/\/invest-in-silesia.pl\/\" target=\"_blank\" rel=\"noreferrer noopener\">invest-in-silesia.pl<\/a><\/p>\n<\/div><\/div><\/div>\n<\/div>\n\n\n\n<div class=\"guten-element guten-accordions guten-qx9Px8\">\n<div class=\"accordion-item guten-pK9pj2\"><div class=\"accordion-heading\"><div class=\"accordion-icon\"><span class=\"accordion-icon-open\"><i class=\"gtn gtn-back_up-light\"><\/i><\/span><span class=\"accordion-icon-closed\"><i class=\"gtn gtn-back_up-light\"><\/i><\/span><\/div><span class=\"accordion-text\">\u015awi\u0119tokrzyskie Voivodship \u00bb<\/span><\/div><div class=\"accordion-body\"><div class=\"accordion-content\">\n<p>\u015awi\u0119tokrzyskie Voivodship Marshal\u2019s Office<br>Department of Regional Development<br>Division of Economic Cooperation and European Projects<br>Investor and Exporter Assistance Centre<br>Al. IX Wiek\u00f3w Kielc 4<br>25-516 Kielce<br>Phone: +48 41 395 12 59<br><a href=\"mailto:sekretariat.rr@sejmik.kielce.pl\">sekretariat.rr@sejmik.kielce.pl<\/a><br><a href=\"https:\/\/www.swietokrzyskie.pro\/\" target=\"_blank\" rel=\"noreferrer noopener\">www.swietokrzyskie.pro<\/a><\/p>\n<\/div><\/div><\/div>\n<\/div>\n\n\n\n<div class=\"guten-element guten-accordions guten-fS2bo3\">\n<div class=\"accordion-item guten-qMiWxt\"><div class=\"accordion-heading\"><div class=\"accordion-icon\"><span class=\"accordion-icon-open\"><i class=\"gtn gtn-back_up-light\"><\/i><\/span><span class=\"accordion-icon-closed\"><i class=\"gtn gtn-back_up-light\"><\/i><\/span><\/div><span class=\"accordion-text\">Warmi\u0144sko-Mazurskie Voivodship \u00bb<\/span><\/div><div class=\"accordion-body\"><div class=\"accordion-content\">\n<p>Marshal&#8217;s Office of the Warmi\u0144sko-Mazurskie Voivodeship<br>Promotion Coordination Department<br>Investors and Exporters Service Centre<br>G\u0142owackiego 17 Str.<br>10-447 Olsztyn<br>Phone: +48 89 512 51 70<br><a href=\"mailto:coie@warmia.mazury.pl\">coie@warmia.mazury.pl<\/a><br><a href=\"https:\/\/invest.warmia.mazury.pl\/\" target=\"_blank\" rel=\"noreferrer noopener\">www.invest.warmia.mazury.pl<\/a><\/p>\n<\/div><\/div><\/div>\n<\/div>\n\n\n\n<div class=\"guten-element guten-accordions guten-z9OATy\">\n<div class=\"accordion-item guten-TEzQfd\"><div class=\"accordion-heading\"><div class=\"accordion-icon\"><span class=\"accordion-icon-open\"><i class=\"gtn gtn-back_up-light\"><\/i><\/span><span class=\"accordion-icon-closed\"><i class=\"gtn gtn-back_up-light\"><\/i><\/span><\/div><span class=\"accordion-text\">Wielkopolskie Voivodship \u00bb<\/span><\/div><div class=\"accordion-body\"><div class=\"accordion-content\">\n<p>The Association of&nbsp;Wielkopolska Municipalities and Counties<br>Investor Assistance Centre<br>Piekary 17 Str.<br>61-823 Pozna\u0144<br>Phone: +48 61 22 40 797<br><a href=\"mailto:office@sgipw.wlkp.pl\">office@sgipw.wlkp.pl<\/a>, <a href=\"https:\/\/www.paih.gov.pl\/dlaczego_polska\/regiony\/coi\/coi@investinwielkopolska.pl\">coi@investinwielkopolska.pl<\/a><br><a href=\"https:\/\/www.investinwielkopolska.pl\/\" target=\"_blank\" rel=\"noreferrer noopener\">www.investinwielkopolska.pl<\/a><br><a href=\"http:\/\/www.sgipw.wlkp.pl\/\" target=\"_blank\" rel=\"noreferrer noopener\">www.sgipw.wlkp.pl<\/a><\/p>\n<\/div><\/div><\/div>\n<\/div>\n\n\n\n<div class=\"guten-element guten-accordions guten-jd3JWs\">\n<div class=\"accordion-item guten-eQMlGy\"><div class=\"accordion-heading\"><div class=\"accordion-icon\"><span class=\"accordion-icon-open\"><i class=\"gtn gtn-back_up-light\"><\/i><\/span><span class=\"accordion-icon-closed\"><i class=\"gtn gtn-back_up-light\"><\/i><\/span><\/div><span class=\"accordion-text\">Zachodniopomorskie Voivodship \u00bb<\/span><\/div><div class=\"accordion-body\"><div class=\"accordion-content\">\n<p>Zachodniopomorskie Voivodship Marshal\u2019s Office<br>Centre for Economic Initiatives<br>Investor and Exporter Assistance Centre<br>Mazowiecka 14 Str.<br>70-526 Szczecin<br>Phone: +48 91 454 27 60<br><a href=\"mailto:cig@wzp.pl\">cig@wzp.pl<\/a><br><a href=\"https:\/\/biznes.wzp.pl\/en\/invest\/\" target=\"_blank\" rel=\"noreferrer noopener\">biznes.wzp.pl\/en\/invest<\/a><\/p>\n<\/div><\/div><\/div>\n<\/div>\n<\/div><\/div>\n<\/div><\/section><\/div>\n\n\n\n<div style=\"height:30px\" aria-hidden=\"true\" class=\"wp-block-spacer\"><\/div>\n","protected":false},"excerpt":{"rendered":"<p>The tasks carried out by the Polish Investment and Trade Agency(PAIH) are supported by a nationwide network of Certified Partners of the Polish Investment and Trade Agency under the name &#8211; Investor and Exporter Service Centres. COIE was established on the initiative of PAIH, in close cooperation with the Marshals of all 16 Voivodeships. The [&hellip;]<\/p>\n","protected":false},"author":4,"featured_media":0,"parent":9108,"menu_order":0,"comment_status":"closed","ping_status":"open","template":"","meta":{"inline_featured_image":false,"_themeisle_gutenberg_block_has_review":false,"footnotes":"","_links_to":"","_links_to_target":""},"acf":{"template_hide_top_photo":false,"template_btn_contact_disable":false,"template_btn_contact_link":"","template_btn_contact_text":"","_hide_from_search_wp":false,"_hide_from_search_engines":false},"_links":{"self":[{"href":"https:\/\/www.paih.gov.pl\/en\/wp-json\/wp\/v2\/pages\/9126"}],"collection":[{"href":"https:\/\/www.paih.gov.pl\/en\/wp-json\/wp\/v2\/pages"}],"about":[{"href":"https:\/\/www.paih.gov.pl\/en\/wp-json\/wp\/v2\/types\/page"}],"author":[{"embeddable":true,"href":"https:\/\/www.paih.gov.pl\/en\/wp-json\/wp\/v2\/users\/4"}],"replies":[{"embeddable":true,"href":"https:\/\/www.paih.gov.pl\/en\/wp-json\/wp\/v2\/comments?post=9126"}],"version-history":[{"count":37,"href":"https:\/\/www.paih.gov.pl\/en\/wp-json\/wp\/v2\/pages\/9126\/revisions"}],"predecessor-version":[{"id":205995,"href":"https:\/\/www.paih.gov.pl\/en\/wp-json\/wp\/v2\/pages\/9126\/revisions\/205995"}],"up":[{"embeddable":true,"href":"https:\/\/www.paih.gov.pl\/en\/wp-json\/wp\/v2\/pages\/9108"}],"wp:attachment":[{"href":"https:\/\/www.paih.gov.pl\/en\/wp-json\/wp\/v2\/media?parent=9126"}],"curies":[{"name":"wp","href":"https:\/\/api.w.org\/{rel}","templated":true}]}}