{"id":8974,"date":"2013-10-31T15:28:45","date_gmt":"2013-10-31T13:28:45","guid":{"rendered":"https:\/\/www.paih.gov.pl\/?p=8974"},"modified":"2026-02-20T11:59:27","modified_gmt":"2026-02-20T10:59:27","slug":"younick-tp","status":"publish","type":"page","link":"https:\/\/www.paih.gov.pl\/en\/why-poland\/investment-incentives\/industrial-and-technology-parks\/younick-tp\/","title":{"rendered":"YouNick Technology Park"},"content":{"rendered":"\n<p align=\"center\"><a title=\"YouNick Technology Park\" href=\"https:\/\/younick.pl\/en\" target=\"_blank\" rel=\"noopener\"><img decoding=\"async\" src=\"\/wp-content\/uploads\/sites\/2\/0\/149801\/149874.png\" border=\"0\"><\/a><\/p><div style=\"text-align: right;\"><b><a href=\"https:\/\/www.paih.gov.pl\/dlaczego_polska\/zachety_inwestycyjne\/parki_przemyslowe_i_technologiczne\/younick_pt\">PL<\/a> | EN<\/b><br><br><\/div><p align=\"justify\">YouNick Technology Park offers services related to financing new businesses and the development of innovative products and services, as well as a modern, friendly office, warehouse, and laboratory infrastructure.<strong><br><\/strong><\/p><p align=\"justify\"><strong><br>Location<\/strong><br><\/p><p align=\"justify\">The YouNick technology park is located in Z\u0142otniki near Pozna\u0144. The Park&#8217;s advantage is its location in the vicinity of the main domestic and foreign communication routes &#8211; near the national road no. 11 and the Pozna\u0144 Western Ring Road. The Z\u0142otk\u00f3w interchange is located just 4.5 km from the park. YouNick is located 12 km from the city centre of Pozna\u0144, 15 km from the Pozna\u0144-\u0141awica Airport. You can reach YouNick by public transport, including a direct line from the Pozna\u0144 G\u0142\u00f3wny Railway Station.<br><\/p><p align=\"justify\"><b><br><\/b><strong>Offer<\/strong><br><\/p><p align=\"justify\">YouNick Technology Park offers:<\/p><div align=\"justify\"><ul><li align=\"justify\">sale of investment areas,<\/li><li align=\"justify\">rental of office space,<\/li><li align=\"justify\">laboratory services,<\/li><li align=\"justify\">rental of warehouse space,<\/li><li align=\"justify\">ancillary infrastructure to support work-life balance,<\/li><li align=\"justify\">financing of innovative businesses in the biotechnology, medical, chemical and ICT sectors,<\/li><li align=\"justify\">virtual office,<\/li><li align=\"justify\">conference centre.<strong><br><\/strong><\/li><\/ul><\/div><p align=\"justify\"><strong><br>Contact<\/strong><\/p><p align=\"justify\">YouNick Technology Park <br>ul. Krzemowa 1<br>62-002 Z\u0142otniki<br>tel: +48 505 689 784<br>e-mail: <a href=\"mailto:biuro@younick.pl\">biuro@younick.pl<\/a><br><a href=\"https:\/\/younick.pl\/en\" target=\"_blank\" rel=\"noopener\">www.younick.pl<\/a><\/p>\n\n\n\n<div style=\"height:60px\" aria-hidden=\"true\" class=\"wp-block-spacer\"><\/div>\n\n\n\n<a title=\"back\" href=\"https:\/\/www.paih.gov.pl\/en\/why-poland\/investment-incentives\/industrial-and-technology-parks\/\" class=\"button_back\">back<\/a>\n","protected":false},"excerpt":{"rendered":"<p>PL | EN YouNick Technology Park offers services related to financing new businesses and the development of innovative products and services, as well as a modern, friendly office, warehouse, and laboratory infrastructure. Location The YouNick technology park is located in Z\u0142otniki near Pozna\u0144. The Park&#8217;s advantage is its location in the vicinity of the main [&hellip;]<\/p>\n","protected":false},"author":4,"featured_media":0,"parent":8576,"menu_order":0,"comment_status":"closed","ping_status":"open","template":"","meta":{"inline_featured_image":false,"_themeisle_gutenberg_block_has_review":false,"footnotes":"","_links_to":"","_links_to_target":""},"acf":{"template_hide_top_photo":false,"template_btn_contact_disable":false,"template_btn_contact_link":"","template_btn_contact_text":"","_hide_from_search_wp":false,"_hide_from_search_engines":false},"_links":{"self":[{"href":"https:\/\/www.paih.gov.pl\/en\/wp-json\/wp\/v2\/pages\/8974"}],"collection":[{"href":"https:\/\/www.paih.gov.pl\/en\/wp-json\/wp\/v2\/pages"}],"about":[{"href":"https:\/\/www.paih.gov.pl\/en\/wp-json\/wp\/v2\/types\/page"}],"author":[{"embeddable":true,"href":"https:\/\/www.paih.gov.pl\/en\/wp-json\/wp\/v2\/users\/4"}],"replies":[{"embeddable":true,"href":"https:\/\/www.paih.gov.pl\/en\/wp-json\/wp\/v2\/comments?post=8974"}],"version-history":[{"count":2,"href":"https:\/\/www.paih.gov.pl\/en\/wp-json\/wp\/v2\/pages\/8974\/revisions"}],"predecessor-version":[{"id":206129,"href":"https:\/\/www.paih.gov.pl\/en\/wp-json\/wp\/v2\/pages\/8974\/revisions\/206129"}],"up":[{"embeddable":true,"href":"https:\/\/www.paih.gov.pl\/en\/wp-json\/wp\/v2\/pages\/8576"}],"wp:attachment":[{"href":"https:\/\/www.paih.gov.pl\/en\/wp-json\/wp\/v2\/media?parent=8974"}],"curies":[{"name":"wp","href":"https:\/\/api.w.org\/{rel}","templated":true}]}}