{"id":8942,"date":"2013-10-31T15:28:33","date_gmt":"2013-10-31T13:28:33","guid":{"rendered":"https:\/\/www.paih.gov.pl\/?p=8942"},"modified":"2026-02-20T12:00:15","modified_gmt":"2026-02-20T11:00:15","slug":"kalisz","status":"publish","type":"page","link":"https:\/\/www.paih.gov.pl\/en\/why-poland\/investment-incentives\/industrial-and-technology-parks\/kalisz\/","title":{"rendered":"Kalisz Technological Incubator"},"content":{"rendered":"\n<p align=\"center\"><a title=\"Kalisz Technological Incubator\" href=\"https:\/\/www.inkubator.kalisz.pl\/\" target=\"_blank\" rel=\"noopener\"><img decoding=\"async\" src=\"\/wp-content\/uploads\/sites\/2\/0\/149801\/149870.png\" border=\"0\"><\/a><\/p><div style=\"text-align: right;\"><b><a href=\"https:\/\/www.paih.gov.pl\/dlaczego_polska\/zachety_inwestycyjne\/parki_przemyslowe_i_technologiczne\/kalisz\">PL<\/a> | EN<\/b><br><br><\/div><p align=\"justify\">Kalisz Technological Incubator is a foundation which, as a partner of Kalisz&#8217;s local government, supports economic development and the creation of new jobs in Kalisz and the region. Currently, it focuses on promotion of innovation and new technologies.<strong><br><\/strong><\/p><p align=\"justify\"><strong><br>Location<\/strong><br><\/p><p align=\"justify\">Kalisz is the second largest center of the Greater Poland Voivodeship and the main industrial center of the Kalisz Industrial District. The nearest airports are located more than 100 km from the city and are: \u0141\u00f3d\u017a-Lublinek, Wroc\u0142aw-Strachowice and Pozna\u0144-\u0141awica.<br><\/p><p align=\"justify\"><b><br><\/b><strong>Offer<\/strong><br><\/p><p align=\"justify\">Kalisz Technological Incubator offers:<\/p><div align=\"justify\"><ul><li align=\"justify\">assistance in raising EU funds, subsidies and investment bank credits;<\/li><li align=\"justify\">services from Euro Info Center (European Comission);<\/li><li align=\"justify\">assistance in company promotion and cooperation with Polish and foreign entrepreneurs;<\/li><li align=\"justify\">assistance in registering and administrating a company and legal advice.<strong><br><\/strong><\/li><\/ul><\/div><p align=\"justify\"><strong><br>Contact<\/strong><\/p><p align=\"justify\">Kalisz Technological Incubator<br>ul. Cz\u0119stochowska 25<br>62-800 Kalisz<br>tel: +48 62 764 12 42<br>e-mail: <a href=\"mailto:sekretariat@inkubator.kalisz.pl\">sekretariat@inkubator.kalisz.pl<\/a><br><a href=\"https:\/\/www.inkubator.kalisz.pl\/\" target=\"_blank\" rel=\"noopener\">www.inkubator.kalisz.pl<\/a><\/p>\n\n\n\n<div style=\"height:60px\" aria-hidden=\"true\" class=\"wp-block-spacer\"><\/div>\n\n\n\n<a title=\"back\" href=\"https:\/\/www.paih.gov.pl\/en\/why-poland\/investment-incentives\/industrial-and-technology-parks\/\" class=\"button_back\">back<\/a>\n","protected":false},"excerpt":{"rendered":"<p>PL | EN Kalisz Technological Incubator is a foundation which, as a partner of Kalisz&#8217;s local government, supports economic development and the creation of new jobs in Kalisz and the region. Currently, it focuses on promotion of innovation and new technologies. Location Kalisz is the second largest center of the Greater Poland Voivodeship and the [&hellip;]<\/p>\n","protected":false},"author":4,"featured_media":0,"parent":8576,"menu_order":0,"comment_status":"closed","ping_status":"open","template":"","meta":{"inline_featured_image":false,"_themeisle_gutenberg_block_has_review":false,"footnotes":"","_links_to":"","_links_to_target":""},"acf":{"template_hide_top_photo":false,"template_btn_contact_disable":false,"template_btn_contact_link":"","template_btn_contact_text":"","_hide_from_search_wp":false,"_hide_from_search_engines":false},"_links":{"self":[{"href":"https:\/\/www.paih.gov.pl\/en\/wp-json\/wp\/v2\/pages\/8942"}],"collection":[{"href":"https:\/\/www.paih.gov.pl\/en\/wp-json\/wp\/v2\/pages"}],"about":[{"href":"https:\/\/www.paih.gov.pl\/en\/wp-json\/wp\/v2\/types\/page"}],"author":[{"embeddable":true,"href":"https:\/\/www.paih.gov.pl\/en\/wp-json\/wp\/v2\/users\/4"}],"replies":[{"embeddable":true,"href":"https:\/\/www.paih.gov.pl\/en\/wp-json\/wp\/v2\/comments?post=8942"}],"version-history":[{"count":2,"href":"https:\/\/www.paih.gov.pl\/en\/wp-json\/wp\/v2\/pages\/8942\/revisions"}],"predecessor-version":[{"id":206131,"href":"https:\/\/www.paih.gov.pl\/en\/wp-json\/wp\/v2\/pages\/8942\/revisions\/206131"}],"up":[{"embeddable":true,"href":"https:\/\/www.paih.gov.pl\/en\/wp-json\/wp\/v2\/pages\/8576"}],"wp:attachment":[{"href":"https:\/\/www.paih.gov.pl\/en\/wp-json\/wp\/v2\/media?parent=8942"}],"curies":[{"name":"wp","href":"https:\/\/api.w.org\/{rel}","templated":true}]}}