{"id":8933,"date":"2013-10-31T15:28:30","date_gmt":"2013-10-31T13:28:30","guid":{"rendered":"https:\/\/www.paih.gov.pl\/?p=8933"},"modified":"2026-02-20T11:19:10","modified_gmt":"2026-02-20T10:19:10","slug":"ruda-slaska-bi","status":"publish","type":"page","link":"https:\/\/www.paih.gov.pl\/en\/why-poland\/investment-incentives\/industrial-and-technology-parks\/ruda-slaska-bi\/","title":{"rendered":"Ruda \u015al\u0105ska Business Incubator"},"content":{"rendered":"\n<p align=\"center\"><img decoding=\"async\" src=\"\/wp-content\/uploads\/sites\/2\/0\/111501\/111516.png\" border=\"0\"><\/p><div style=\"text-align: right;\"><b><a href=\"https:\/\/www.paih.gov.pl\/dlaczego_polska\/zachety_inwestycyjne\/parki_przemyslowe_i_technologiczne\/ruda_slaska_inkubator\">PL<\/a> | EN<\/b><br><br><\/div><p align=\"justify\">The Incubator&#8217;s aim is to create favourable conditions for the establishment and development of innovative businesses, by guaranteeing support in terms of infrastructure, marketing, personnel and finance, as well as additional services.<\/p><p align=\"justify\"><strong><br>Location<\/strong><br><\/p><p align=\"justify\">Ruda \u015al\u0105ska Business Incubator (RSBI) is a new, attractively localized addition to the business map of the Silesian Viovodeship. RSBI is located in the centre of the Silesian agglomeration, with easy access to the DTS express road as well as the A4 motorway, which has been created in frame of Sectoral Operational Programme Improvement of the competitiveness of enterprises.<br><\/p><p align=\"justify\"><b><br><\/b><strong>Offer<\/strong><br><\/p><p align=\"justify\">The Ruda \u015al\u0105ska Business Incubator offers:<\/p><div align=\"justify\"><ul><li align=\"justify\">rental of office, industrial and warehouse space,<\/li><li align=\"justify\">rental of a modern, multimedia conference room,<\/li><li align=\"justify\">rental of a training and conference room,<\/li><li align=\"justify\">rental of a virtual office,<\/li><li align=\"justify\">training in the field of EU funds, starting and running a business, communication in business, improving personal development, information and communication techniques,<\/li><li align=\"justify\">vocational courses, upskilling, retraining.<br><\/li><\/ul><\/div><p align=\"justify\"><strong><br>Contact<\/strong><\/p><p align=\"justify\">Rudzki Inkubator Przedsi\u0119biorczo\u015bci Sp. z o.o.<br>ul. Karola Goduli 36<br>41-703 Ruda \u015al\u0105ska<br>tel: +48 32 342 22 30, w. 100<br>fax: +48 32 342 22 30, w. 108<br>e-mail: <a href=\"mailto:info@inkubatorrudzki.pl\">info@inkubatorrudzki.pl<\/a><\/p>\n\n\n\n<div style=\"height:60px\" aria-hidden=\"true\" class=\"wp-block-spacer\"><\/div>\n\n\n\n<a title=\"back\" href=\"https:\/\/www.paih.gov.pl\/en\/why-poland\/investment-incentives\/industrial-and-technology-parks\/\" class=\"button_back\">back<\/a>\n","protected":false},"excerpt":{"rendered":"<p>PL | EN The Incubator&#8217;s aim is to create favourable conditions for the establishment and development of innovative businesses, by guaranteeing support in terms of infrastructure, marketing, personnel and finance, as well as additional services. Location Ruda \u015al\u0105ska Business Incubator (RSBI) is a new, attractively localized addition to the business map of the Silesian Viovodeship. [&hellip;]<\/p>\n","protected":false},"author":4,"featured_media":0,"parent":8576,"menu_order":0,"comment_status":"closed","ping_status":"open","template":"","meta":{"inline_featured_image":false,"_themeisle_gutenberg_block_has_review":false,"footnotes":"","_links_to":"","_links_to_target":""},"acf":{"template_hide_top_photo":false,"template_btn_contact_disable":false,"template_btn_contact_link":"","template_btn_contact_text":"","_hide_from_search_wp":false,"_hide_from_search_engines":false},"_links":{"self":[{"href":"https:\/\/www.paih.gov.pl\/en\/wp-json\/wp\/v2\/pages\/8933"}],"collection":[{"href":"https:\/\/www.paih.gov.pl\/en\/wp-json\/wp\/v2\/pages"}],"about":[{"href":"https:\/\/www.paih.gov.pl\/en\/wp-json\/wp\/v2\/types\/page"}],"author":[{"embeddable":true,"href":"https:\/\/www.paih.gov.pl\/en\/wp-json\/wp\/v2\/users\/4"}],"replies":[{"embeddable":true,"href":"https:\/\/www.paih.gov.pl\/en\/wp-json\/wp\/v2\/comments?post=8933"}],"version-history":[{"count":2,"href":"https:\/\/www.paih.gov.pl\/en\/wp-json\/wp\/v2\/pages\/8933\/revisions"}],"predecessor-version":[{"id":206114,"href":"https:\/\/www.paih.gov.pl\/en\/wp-json\/wp\/v2\/pages\/8933\/revisions\/206114"}],"up":[{"embeddable":true,"href":"https:\/\/www.paih.gov.pl\/en\/wp-json\/wp\/v2\/pages\/8576"}],"wp:attachment":[{"href":"https:\/\/www.paih.gov.pl\/en\/wp-json\/wp\/v2\/media?parent=8933"}],"curies":[{"name":"wp","href":"https:\/\/api.w.org\/{rel}","templated":true}]}}