{"id":8833,"date":"2013-10-31T15:28:17","date_gmt":"2013-10-31T13:28:17","guid":{"rendered":"https:\/\/www.paih.gov.pl\/?p=8833"},"modified":"2026-02-20T11:08:18","modified_gmt":"2026-02-20T10:08:18","slug":"gdansk","status":"publish","type":"page","link":"https:\/\/www.paih.gov.pl\/en\/why-poland\/investment-incentives\/industrial-and-technology-parks\/gdansk\/","title":{"rendered":"Gda\u0144sk Science and Technology Park"},"content":{"rendered":"\n<p align=\"center\"><a title=\"Gda\u0144sk Science and Technology Park\" href=\"https:\/\/gpnt.pl\/en\" target=\"_blank\" rel=\"noopener\"><img decoding=\"async\" src=\"\/wp-content\/uploads\/sites\/2\/0\/145601\/145700.jpg\" border=\"0\"><\/a><\/p><div style=\"text-align: right;\"><b><a href=\"https:\/\/www.paih.gov.pl\/dlaczego_polska\/zachety_inwestycyjne\/parki_przemyslowe_i_technologiczne\/gdansk\">PL<\/a> | EN<\/b><br><br><\/div><p align=\"justify\">The Gda\u0144sk Science and Technology Park (GSTP) is a place designated for the development of science and entrepreneurship, cooperation between economic, social, scientific, research and local government entities. Together we are creating and promoting new economic and technological solutions. The Park was created upon the initiative of the Marshal&#8217;s Office of Pomorskie Voivodeship, the city of Gda\u0144sk, the Gda\u0144sk University of Technology and the Pomeranian Special Economic Zone (Pomorska Specjalna Strefa Ekonomiczna Sp. z o.o.), which currently manages the Park.<strong><br><\/strong><\/p><p align=\"justify\"><strong><br>Location<\/strong><br><\/p><p align=\"justify\">Gda\u0144sk is located at the crossroads of road transport routes. The European routes E28, E75 and E77 meet in the city. In the port of Gda\u0144sk, which is the largest port in Poland, national road no. 91 begins. National road No. 7 and express roads S6 and S7 intersect in the city. Within the city limits there is the Gda\u0144sk Airport. Lech Wa\u0142\u0119sa Airport, which is the third (after Warsaw and Krakow) airport in Poland in terms of the volume of passenger traffic. The park is a complex of three modern buildings with a total area of approx. 40,000 sqm located in the immediate vicinity of the center of Gda\u0144sk and the largest universities of Pomerania: Gda\u0144sk University of Technology, Medical University of Gda\u0144sk and University of Gda\u0144sk.<br><\/p><p align=\"justify\"><b><br><\/b><strong>Offer<\/strong><br><\/p><p align=\"justify\">The Park supports companies by offering them among others:<\/p><div align=\"justify\"><ul><li align=\"justify\">public aid in the form of de minimis aid in the form of rent relief and accompanying services for entrepreneurs starting to operate in GPN-T for a maximum period of 5 years (more information here),<\/li><li align=\"justify\">building a network of interconnections between companies operating in the Park and scientific institutions from around the Park,<\/li><li align=\"justify\">assistance in the promotion of activities and support in innovative projects,<\/li><li align=\"justify\">discounts when hiring meeting rooms in the Conference and Training Center,<\/li><li align=\"justify\">coworking,<\/li><li align=\"justify\">access to the Technology Incubator,<\/li><li align=\"justify\">space4Makers,<\/li><li align=\"justify\">assistance in the implementation and transfer of new technologies,<\/li><li align=\"justify\">acceleration programs,<\/li><li align=\"justify\">competitions for start-ups,<\/li><li align=\"justify\">preferential conditions of admission and fees in the Park&#8217;s kindergarten.<strong><br><\/strong><\/li><\/ul><\/div><p align=\"justify\"><strong><br>Contact<\/strong><\/p><p align=\"justify\">Gda\u0144sk Science and Technology Park<br>Pomeranian Special Economic Zone<br>ul. Trzy Lipy 3<br>80-172 Gda\u0144sk<br>tel: +48 58 740 42 00<br>e-mail: <a href=\"mailto:office@gpnt.pl\">office@gpnt.pl<\/a><br><a href=\"https:\/\/gpnt.pl\/en\" target=\"_blank\" rel=\"noopener\">www.gpnt.pl<\/a><\/p>\n\n\n\n<div style=\"height:60px\" aria-hidden=\"true\" class=\"wp-block-spacer\"><\/div>\n\n\n\n<a title=\"back\" href=\"https:\/\/www.paih.gov.pl\/en\/why-poland\/investment-incentives\/industrial-and-technology-parks\/\" class=\"button_back\">back<\/a>\n","protected":false},"excerpt":{"rendered":"<p>PL | EN The Gda\u0144sk Science and Technology Park (GSTP) is a place designated for the development of science and entrepreneurship, cooperation between economic, social, scientific, research and local government entities. Together we are creating and promoting new economic and technological solutions. The Park was created upon the initiative of the Marshal&#8217;s Office of Pomorskie [&hellip;]<\/p>\n","protected":false},"author":4,"featured_media":0,"parent":8576,"menu_order":0,"comment_status":"closed","ping_status":"open","template":"","meta":{"inline_featured_image":false,"_themeisle_gutenberg_block_has_review":false,"footnotes":"","_links_to":"","_links_to_target":""},"acf":{"template_hide_top_photo":false,"template_btn_contact_disable":false,"template_btn_contact_link":"","template_btn_contact_text":"","_hide_from_search_wp":false,"_hide_from_search_engines":false},"_links":{"self":[{"href":"https:\/\/www.paih.gov.pl\/en\/wp-json\/wp\/v2\/pages\/8833"}],"collection":[{"href":"https:\/\/www.paih.gov.pl\/en\/wp-json\/wp\/v2\/pages"}],"about":[{"href":"https:\/\/www.paih.gov.pl\/en\/wp-json\/wp\/v2\/types\/page"}],"author":[{"embeddable":true,"href":"https:\/\/www.paih.gov.pl\/en\/wp-json\/wp\/v2\/users\/4"}],"replies":[{"embeddable":true,"href":"https:\/\/www.paih.gov.pl\/en\/wp-json\/wp\/v2\/comments?post=8833"}],"version-history":[{"count":2,"href":"https:\/\/www.paih.gov.pl\/en\/wp-json\/wp\/v2\/pages\/8833\/revisions"}],"predecessor-version":[{"id":206098,"href":"https:\/\/www.paih.gov.pl\/en\/wp-json\/wp\/v2\/pages\/8833\/revisions\/206098"}],"up":[{"embeddable":true,"href":"https:\/\/www.paih.gov.pl\/en\/wp-json\/wp\/v2\/pages\/8576"}],"wp:attachment":[{"href":"https:\/\/www.paih.gov.pl\/en\/wp-json\/wp\/v2\/media?parent=8833"}],"curies":[{"name":"wp","href":"https:\/\/api.w.org\/{rel}","templated":true}]}}