{"id":8789,"date":"2013-10-31T15:27:59","date_gmt":"2013-10-31T13:27:59","guid":{"rendered":"https:\/\/www.paih.gov.pl\/?p=8789"},"modified":"2026-02-20T11:31:10","modified_gmt":"2026-02-20T10:31:10","slug":"ruda-slaska-ip","status":"publish","type":"page","link":"https:\/\/www.paih.gov.pl\/en\/why-poland\/investment-incentives\/industrial-and-technology-parks\/ruda-slaska-ip\/","title":{"rendered":"Silesian Industrial and Technological Park"},"content":{"rendered":"\n<p align=\"center\"><a title=\"Silesian Industrial and Technological Park\" href=\"http:\/\/sppt.pl\/\" target=\"_blank\" rel=\"noopener\"><img decoding=\"async\" src=\"\/wp-content\/uploads\/sites\/2\/0\/111801\/111887.png\" border=\"0\"><\/a><\/p><div style=\"text-align: right;\"><b><a href=\"https:\/\/www.paih.gov.pl\/dlaczego_polska\/zachety_inwestycyjne\/parki_przemyslowe_i_technologiczne\/ruda_slaska_spp\">PL<\/a> | EN<\/b><br><br><\/div><p align=\"justify\">The task of Silesian Industrial and Technology Park is creation of modern and attractive offer allowing for effective economic and social activities. Stimulation of local entrepreneurship and employment creation is equally important. The Park provides the most favorable conditions for running a business in Ruda \u015al\u0105ska.<\/p><p align=\"justify\"><strong><br>Location<\/strong><br><\/p><p align=\"justify\">Silesian Industrial and Technology Park covers Investment areas with excellent transport links located in the centre of the Silesian urban agglomeration. It was created for entrepreneurs with the intention of economic and social revival of these excellent areas in terms of investment attractiveness. Silesian Industrial and Technology Park was built on post-mining areas such as coal mines: KWK &#8220;Wawel&#8221; located in Ruda \u015al\u0105ska and KWK &#8220;Polska&#8221; located in \u015awi\u0119toch\u0142owice.<br><\/p><p align=\"justify\"><b><br><\/b><strong>Offer<\/strong><br><\/p><p align=\"justify\">Silesian Industrial and Technology Park offers:<\/p><div align=\"justify\"><ul><li align=\"justify\">modern office space in a building at Szyb Walenty in Ruda \u015al\u0105ska,<\/li><li align=\"justify\">an exhibition hall and a conference room,<\/li><li align=\"justify\">land properties for sale or lease,<\/li><li align=\"justify\">search for office, commercial and industrial objects and warehouse premises for lease or sale,<\/li><li align=\"justify\">assistance in rapid access to information on investment conditions in Ruda \u015al\u0105ska and \u015awi\u0119toch\u0142owice,<\/li><li align=\"justify\">real estate management services and obtaining up-to-date information on the real estate market.<br><\/li><\/ul><\/div><p align=\"justify\"><strong><br>Contact<\/strong><\/p><p align=\"justify\">Silesian Industrial and Technology Park<br>ul. Szyb Walenty 26<br>41-700 Ruda \u015al\u0105ska<br>tel: +48 32 78 95 100<br>fax: +48 32 78 95 114<br>e-mail: <a href=\"mailto:sekretariat@sppt.pl\">sekretariat@sppt.pl<\/a><br><a href=\"http:\/\/sppt.pl\/\" target=\"_blank\" rel=\"noopener\">www.sppt.pl<\/a><\/p>\n\n\n\n<div style=\"height:60px\" aria-hidden=\"true\" class=\"wp-block-spacer\"><\/div>\n\n\n\n<a title=\"back\" href=\"https:\/\/www.paih.gov.pl\/en\/why-poland\/investment-incentives\/industrial-and-technology-parks\/\" class=\"button_back\">back<\/a>\n","protected":false},"excerpt":{"rendered":"<p>PL | EN The task of Silesian Industrial and Technology Park is creation of modern and attractive offer allowing for effective economic and social activities. Stimulation of local entrepreneurship and employment creation is equally important. The Park provides the most favorable conditions for running a business in Ruda \u015al\u0105ska. Location Silesian Industrial and Technology Park [&hellip;]<\/p>\n","protected":false},"author":4,"featured_media":0,"parent":8576,"menu_order":0,"comment_status":"closed","ping_status":"open","template":"","meta":{"inline_featured_image":false,"_themeisle_gutenberg_block_has_review":false,"footnotes":"","_links_to":"","_links_to_target":""},"acf":{"template_hide_top_photo":false,"template_btn_contact_disable":false,"template_btn_contact_link":"","template_btn_contact_text":"","_hide_from_search_wp":false,"_hide_from_search_engines":false},"_links":{"self":[{"href":"https:\/\/www.paih.gov.pl\/en\/wp-json\/wp\/v2\/pages\/8789"}],"collection":[{"href":"https:\/\/www.paih.gov.pl\/en\/wp-json\/wp\/v2\/pages"}],"about":[{"href":"https:\/\/www.paih.gov.pl\/en\/wp-json\/wp\/v2\/types\/page"}],"author":[{"embeddable":true,"href":"https:\/\/www.paih.gov.pl\/en\/wp-json\/wp\/v2\/users\/4"}],"replies":[{"embeddable":true,"href":"https:\/\/www.paih.gov.pl\/en\/wp-json\/wp\/v2\/comments?post=8789"}],"version-history":[{"count":2,"href":"https:\/\/www.paih.gov.pl\/en\/wp-json\/wp\/v2\/pages\/8789\/revisions"}],"predecessor-version":[{"id":206118,"href":"https:\/\/www.paih.gov.pl\/en\/wp-json\/wp\/v2\/pages\/8789\/revisions\/206118"}],"up":[{"embeddable":true,"href":"https:\/\/www.paih.gov.pl\/en\/wp-json\/wp\/v2\/pages\/8576"}],"wp:attachment":[{"href":"https:\/\/www.paih.gov.pl\/en\/wp-json\/wp\/v2\/media?parent=8789"}],"curies":[{"name":"wp","href":"https:\/\/api.w.org\/{rel}","templated":true}]}}