{"id":8686,"date":"2013-10-31T15:27:24","date_gmt":"2013-10-31T13:27:24","guid":{"rendered":"https:\/\/www.paih.gov.pl\/?p=8686"},"modified":"2026-02-20T10:56:47","modified_gmt":"2026-02-20T09:56:47","slug":"rzeszow","status":"publish","type":"page","link":"https:\/\/www.paih.gov.pl\/en\/why-poland\/investment-incentives\/industrial-and-technology-parks\/rzeszow\/","title":{"rendered":"Podkarpackie Science and Technology Park AEROPOLIS"},"content":{"rendered":"\n<p align=\"center\"><a title=\"Podkarpackie Science and Technology Park AEROPOLIS\" href=\"https:\/\/aeropolis.com.pl\/en\/\" target=\"_blank\" rel=\"noopener\"><img decoding=\"async\" src=\"\/wp-content\/uploads\/sites\/2\/0\/111201\/111287.jpg\" border=\"0\"><\/a><\/p><div style=\"text-align: right;\"><b><a href=\"https:\/\/www.paih.gov.pl\/dlaczego_polska\/zachety_inwestycyjne\/parki_przemyslowe_i_technologiczne\/rzeszow\">PL<\/a> | EN<\/b><br><br><\/div><p align=\"justify\">Podkarpackie Science and Technology Park AEROPOLIS is one of the most attractive investment locations in southeastern Poland. It is an idea to attract modern companies and technologies and at the same time to use the potential of local universities and scientific and research centres. The key component of the Park&#8217;s offer is a fully developed investment area (170 ha). The companies located in the Park have the possibility to obtain relief from local taxes and charges and also &#8211; due to incorporation of the Park area into Special Economic Zone &#8220;EURO PARK Mielec&#8221; &#8211; to obtain relief from income tax. AEROPOLIS is managed by Rzeszow Regional Development Agency.<strong><br><\/strong><\/p><p align=\"justify\"><strong><br>Location<\/strong><br><\/p><p align=\"justify\">PSTP AEROPOLIS is located nearby the international Rzeszow-Jasionka Airport and motorway A4 &#8211; transport accessibility is therefore excellent. The area of the Park is divided into three investment zones:<\/p><div align=\"justify\"><ul><li align=\"justify\">S1 Zone &#8211; located in the villages of Jasionka and Taj\u0119cina, the Community of Trzebownisko (70 ha),<\/li><li align=\"justify\">S2 Zone &#8211; located in the village of Rogo\u017anica, Comm. G\u0142og\u00f3w Ma\u0142opolski (48 ha),<\/li><li align=\"justify\">S1-3 Zone &#8211; located in the villages Zaczernie, Comm. Trzebownisko and Rudna Ma\u0142a, Comm. G\u0142og\u00f3w Ma\u0142opolski (48 ha).<\/li><\/ul><\/div><p align=\"justify\"><b><br><\/b><strong>Offer<\/strong><br><\/p><p align=\"justify\">The Podkarpackie Science and Technology Park offers:<\/p><div align=\"justify\"><ul><li align=\"justify\">promotion of high technologies in the aviation, IT, electromechanical, biotechnological and chemical industries as part of the Technology Incubator project,<\/li><li align=\"justify\">increase the competitiveness of the economy, implementing modern technological solutions and managing knowledge and capital resources under the Preinkubator project,<\/li><li align=\"justify\">research, measurements, tests and analyzes at the Aeropolis Materials Science and Prototyping Laboratory,<\/li><li align=\"justify\">advice on creating and developing business concepts for start-ups,<\/li><li align=\"justify\">business planning,<\/li><li align=\"justify\">consulting services in the field of intellectual property rights,<\/li><li align=\"justify\">consulting services in the field of industrial design,<\/li><li align=\"justify\">fundraising advisory services,<\/li><li align=\"justify\">financial and accounting consulting,<\/li><li align=\"justify\">legal advice.<strong><br><\/strong><\/li><\/ul><\/div><p align=\"justify\"><strong><br>Contact<\/strong><\/p><p align=\"justify\">AEROPOLIS Podkarpackie Science and Technology Park Centre<br>Jasionka 954<br>36-002 Jasionka<br>tel: +48 17 77 36 822<br><a href=\"https:\/\/aeropolis.com.pl\/en\/\" target=\"_blank\" rel=\"noopener\">www.aeropolis.com.pl<\/a><br><a href=\"https:\/\/inkubator.rarr.rzeszow.pl\/en\/\" target=\"_blank\" rel=\"noopener\">www.inkubator.rarr.rzeszow.pl<\/a><\/p>\n\n\n\n<div style=\"height:60px\" aria-hidden=\"true\" class=\"wp-block-spacer\"><\/div>\n\n\n\n<a title=\"back\" href=\"https:\/\/www.paih.gov.pl\/en\/why-poland\/investment-incentives\/industrial-and-technology-parks\/\" class=\"button_back\">back<\/a>\n","protected":false},"excerpt":{"rendered":"<p>PL | EN Podkarpackie Science and Technology Park AEROPOLIS is one of the most attractive investment locations in southeastern Poland. It is an idea to attract modern companies and technologies and at the same time to use the potential of local universities and scientific and research centres. The key component of the Park&#8217;s offer is [&hellip;]<\/p>\n","protected":false},"author":4,"featured_media":0,"parent":8576,"menu_order":0,"comment_status":"closed","ping_status":"open","template":"","meta":{"inline_featured_image":false,"_themeisle_gutenberg_block_has_review":false,"footnotes":"","_links_to":"","_links_to_target":""},"acf":{"template_hide_top_photo":false,"template_btn_contact_disable":false,"template_btn_contact_link":"","template_btn_contact_text":"","_hide_from_search_wp":false,"_hide_from_search_engines":false},"_links":{"self":[{"href":"https:\/\/www.paih.gov.pl\/en\/wp-json\/wp\/v2\/pages\/8686"}],"collection":[{"href":"https:\/\/www.paih.gov.pl\/en\/wp-json\/wp\/v2\/pages"}],"about":[{"href":"https:\/\/www.paih.gov.pl\/en\/wp-json\/wp\/v2\/types\/page"}],"author":[{"embeddable":true,"href":"https:\/\/www.paih.gov.pl\/en\/wp-json\/wp\/v2\/users\/4"}],"replies":[{"embeddable":true,"href":"https:\/\/www.paih.gov.pl\/en\/wp-json\/wp\/v2\/comments?post=8686"}],"version-history":[{"count":2,"href":"https:\/\/www.paih.gov.pl\/en\/wp-json\/wp\/v2\/pages\/8686\/revisions"}],"predecessor-version":[{"id":206085,"href":"https:\/\/www.paih.gov.pl\/en\/wp-json\/wp\/v2\/pages\/8686\/revisions\/206085"}],"up":[{"embeddable":true,"href":"https:\/\/www.paih.gov.pl\/en\/wp-json\/wp\/v2\/pages\/8576"}],"wp:attachment":[{"href":"https:\/\/www.paih.gov.pl\/en\/wp-json\/wp\/v2\/media?parent=8686"}],"curies":[{"name":"wp","href":"https:\/\/api.w.org\/{rel}","templated":true}]}}