{"id":8668,"date":"2013-10-31T15:27:16","date_gmt":"2013-10-31T13:27:16","guid":{"rendered":"https:\/\/www.paih.gov.pl\/?p=8668"},"modified":"2026-02-20T10:21:34","modified_gmt":"2026-02-20T09:21:34","slug":"zgierz","status":"publish","type":"page","link":"https:\/\/www.paih.gov.pl\/en\/why-poland\/investment-incentives\/industrial-and-technology-parks\/zgierz\/","title":{"rendered":"Boruta Zgierz Industrial Park"},"content":{"rendered":"\n<p align=\"center\"><strong><\/strong><br><\/p><p align=\"center\"><img decoding=\"async\" src=\"\/wp-content\/uploads\/sites\/2\/0\/111801\/111899.png\" border=\"0\"><\/p>\n<div align=\"right\"><b>&nbsp;<a href=\"https:\/\/www.paih.gov.pl\/dlaczego_polska\/zachety_inwestycyjne\/parki_przemyslowe_i_technologiczne\/zgierz\">PL<\/a> | EN<br><br><\/b><\/div>\n<p align=\"justify\">The Commune City of Zgierz&nbsp; decided to set up Boruta Zgierz Industrial Park for the purpose of economic development in Zgierz. The Boruta Zgierz Industrial Park was created to increase the\nattractiveness of industrial areas and to reduce unemployment in\nindustry.<\/p>Who can invest in The Boruta Zgierz Industrial Park?\n<ol><li>\n<div align=\"justify\">natural, legal persons and commercial companies without legal&nbsp; personality which have enterprises on Park grounds,<br><\/div>\n<\/li><li>\n<div align=\"justify\">who have the right to administer property on Park grounds, and which&nbsp; do not have enterprises on the<br><\/div>\n<\/li><li>\n<div align=\"justify\">organizations and agencies, banks, consulting\ncompanies, interested in&nbsp; the development of the Park, which are not\nbased in Zgierz<br><\/div>\n<\/li><li>\n<div align=\"justify\">entrepreneurs who deliver services in selling energy, natural gas,&nbsp; water and sewage disposal, telecommunications not based in<br><\/div>\n<\/li><li>\n<div align=\"justify\">electricity and heat producers, not based in Zgierz<br><\/div>\n<\/li><li>\n<div align=\"justify\">higher education institutions and scientific institutes .<\/div><\/li><\/ol><p align=\"justify\"><b>Location<\/b><br><\/p><p align=\"justify\">The Park is situated on the area of the former &#8222; Boruta&#8221; Dye Industry Plant. This is one of the best industrial areas in Poland located 3 km of the A-2 motorway (currently being constructed) and roughly 15 km from the crossroads of the A-2 and the A-1 motorways. Furthermore,&nbsp;the Park is located near the planned western by-pass of \u0141\u00f3d\u017a &#8211;&nbsp;the S-14 express road. Investors also have at their disposal side-tracks, which substantially facilitate local, national and international connections.<\/p><!--\n<HR>\n\n\n<P align=center><STRONG>5. Conditions for receiving&nbsp;real estate tax relief<\/STRONG><\/P>\n<P align=justify>The Zgierz Town Council decided that investments located on some parts of the Park may be subject to full real estate tax exemption - as of 1 January 2005 and until 31 December 2007. One of the prerequisites for applying for real estate tax relief is carrying out an <STRONG>investment of no less than PLN 1,000,000 (roughly &nbsp;EUR 250,000)<\/STRONG> converted into 1 ha of the land. The investment outlays have to be borne until 31 December 2006.<\/P>\n<P align=justify>Tax exemtions can only be received by investors undertaking investments on the parts of the Park, which are subject to tax relief.<\/P>\n<P>An investor must be entitled to manage the real estate during the period of the investment.<\/P>\n<P align=justify>Today the Park offers about 50 hectares of real estate available for investors - plots subject to tax relief cover an area of 1,000 m<SUP>2<\/SUP> up to 35,000 m<SUP>2<\/SUP>. Further information concerning this issue can be found on the website of &#8222;The Boruta Industrial Park&#8221;.<\/P>\n--><br><strong>Contact <\/strong>\n<div align=\"left\"><strong><\/strong><strong><\/strong><\/div><p align=\"left\">Boruta Zgierz Industrial Park&#8217; s manager<strong><br><\/strong>95-100 Zgierz, <br>Plac Jana Paw\u0142a IIi nr 19 <br>Tel: (+48) (0) 500 160 915<br>E-mail: <a href=\"mailto:boruta@umz.zgierz.pl\">boruta@umz.zgierz.pl<\/a><a href=\"http:\/\/www.zgierz.pl\/miasto\/e-gospodarka\/index.php\" target=\"_BLANK\" rel=\"noopener\"><br>www.zgierz.pl<\/a><\/p>\n\n\n\n<div style=\"height:60px\" aria-hidden=\"true\" class=\"wp-block-spacer\"><\/div>\n\n\n\n<a title=\"back\" href=\"https:\/\/www.paih.gov.pl\/en\/why-poland\/investment-incentives\/industrial-and-technology-parks\/\" class=\"button_back\">back<\/a>\n","protected":false},"excerpt":{"rendered":"<p>&nbsp;PL | EN The Commune City of Zgierz&nbsp; decided to set up Boruta Zgierz Industrial Park for the purpose of economic development in Zgierz. The Boruta Zgierz Industrial Park was created to increase the attractiveness of industrial areas and to reduce unemployment in industry. Who can invest in The Boruta Zgierz Industrial Park? natural, legal [&hellip;]<\/p>\n","protected":false},"author":4,"featured_media":0,"parent":8576,"menu_order":0,"comment_status":"closed","ping_status":"open","template":"","meta":{"inline_featured_image":false,"_themeisle_gutenberg_block_has_review":false,"footnotes":"","_links_to":"","_links_to_target":""},"acf":{"template_hide_top_photo":false,"template_btn_contact_disable":false,"template_btn_contact_link":"","template_btn_contact_text":"","_hide_from_search_wp":false,"_hide_from_search_engines":false},"_links":{"self":[{"href":"https:\/\/www.paih.gov.pl\/en\/wp-json\/wp\/v2\/pages\/8668"}],"collection":[{"href":"https:\/\/www.paih.gov.pl\/en\/wp-json\/wp\/v2\/pages"}],"about":[{"href":"https:\/\/www.paih.gov.pl\/en\/wp-json\/wp\/v2\/types\/page"}],"author":[{"embeddable":true,"href":"https:\/\/www.paih.gov.pl\/en\/wp-json\/wp\/v2\/users\/4"}],"replies":[{"embeddable":true,"href":"https:\/\/www.paih.gov.pl\/en\/wp-json\/wp\/v2\/comments?post=8668"}],"version-history":[{"count":2,"href":"https:\/\/www.paih.gov.pl\/en\/wp-json\/wp\/v2\/pages\/8668\/revisions"}],"predecessor-version":[{"id":206065,"href":"https:\/\/www.paih.gov.pl\/en\/wp-json\/wp\/v2\/pages\/8668\/revisions\/206065"}],"up":[{"embeddable":true,"href":"https:\/\/www.paih.gov.pl\/en\/wp-json\/wp\/v2\/pages\/8576"}],"wp:attachment":[{"href":"https:\/\/www.paih.gov.pl\/en\/wp-json\/wp\/v2\/media?parent=8668"}],"curies":[{"name":"wp","href":"https:\/\/api.w.org\/{rel}","templated":true}]}}