{"id":8643,"date":"2013-10-31T15:27:09","date_gmt":"2013-10-31T13:27:09","guid":{"rendered":"https:\/\/www.paih.gov.pl\/?p=8643"},"modified":"2026-02-18T15:26:29","modified_gmt":"2026-02-18T14:26:29","slug":"torun","status":"publish","type":"page","link":"https:\/\/www.paih.gov.pl\/en\/why-poland\/investment-incentives\/industrial-and-technology-parks\/torun\/","title":{"rendered":"Toru\u0144 Technology Park"},"content":{"rendered":"\n<p align=\"justify\" style=\"text-align: center;\"><img decoding=\"async\" style=\"\" alt=\"Toru\u0144 Technology Park\" src=\"\/wp-content\/uploads\/sites\/2\/0\/122001\/122089.png\" border=\"0\"><\/p><p align=\"right\" style=\"box-sizing: border-box; margin: 0px 0px 10px; color: rgb(51, 51, 51); font-family: Calibri, sans-serif; font-size: 17px;\"><b style=\"box-sizing: border-box;\"><a href=\"https:\/\/www.paih.gov.pl\/dlaczego_polska\/zachety_inwestycyjne\/parki_przemyslowe_i_technologiczne\/torun\">PL<\/a> | EN<\/b><\/p><p align=\"justify\" style=\"box-sizing: border-box; margin: 0px 0px 10px;\">Toru\u0144 Technology Park is a value proposition tailored to business needs modern infrastructure: investment areas, offices, halls, training and conference rooms; specialized, commercial and free services &#8211; consulting, analytical, pro-innovative; preferential access to the offer of exceptional Partners, e.g. EXEA DATA CENTER, Nicolaus Copernicus University, Chamber of Commerce and Industry in Torun, Bydgoszcz Industrial Cluster; a diverse community of entrepreneurs in the SME sector.<\/p><p align=\"justify\"><b>Offer<\/b><br><\/p><ul><li style=\"text-align: justify;\">Infrastructure offer: investment areas, investor support, offices and halls, training and conference rooms.<\/li><li style=\"text-align: justify;\">Service offer:&nbsp;Commercial offer:&nbsp;Investment process management service.&nbsp;Consulting services in the area of application preparation and project settlement.&nbsp;Non-commercial offer (free):&nbsp;Consulting and export services of the Enterprise Europe Network office.<\/li><\/ul><p align=\"justify\"><br><strong>Offer partners&nbsp;<\/strong><\/p><p align=\"justify\">Exea Data Centre:&nbsp;Located in the Torun Technology Park, built from scratch to provide data centre services. As the first and only in Poland it has Tier III certification granted by the independent Uptime Institute after a series of rigorous tests. Modern infrastructure meets the highest standards, ensuring full redundancy of all systems and guaranteeing the availability of all services at the highest possible level.<\/p><p align=\"justify\">Exea Smart Space:&nbsp;It offers office space rental in the form of a traditional office and co-working, as well as having modern seminar rooms.<\/p><p align=\"justify\"><br><\/p><p align=\"justify\"><strong>Contact:<\/strong><\/p><p align=\"left\">\nToru\u0144 Technology Park<br>W\u0142oc\u0142awska 167 St.<br>87-100 Toru\u0144<br>phone: +48 56 699 54 81<br>mobile: +48 690 029 048<br>e-mail:&nbsp;<a href=\"mailto:sekretariat@technopark.org.pl\">sekretariat@technopark.org.pl<\/a><br><a href=\"http:\/\/www.technopark.org.pl\" target=\"_blank\" rel=\"noopener\">www.technopark.org.pl<\/a><\/p>\n\n\n\n<div style=\"height:60px\" aria-hidden=\"true\" class=\"wp-block-spacer\"><\/div>\n\n\n\n<a title=\"back\" href=\"https:\/\/www.paih.gov.pl\/en\/why-poland\/investment-incentives\/industrial-and-technology-parks\/\" class=\"button_back\">back<\/a>\n","protected":false},"excerpt":{"rendered":"<p>PL | EN Toru\u0144 Technology Park is a value proposition tailored to business needs modern infrastructure: investment areas, offices, halls, training and conference rooms; specialized, commercial and free services &#8211; consulting, analytical, pro-innovative; preferential access to the offer of exceptional Partners, e.g. EXEA DATA CENTER, Nicolaus Copernicus University, Chamber of Commerce and Industry in Torun, [&hellip;]<\/p>\n","protected":false},"author":4,"featured_media":0,"parent":8576,"menu_order":0,"comment_status":"closed","ping_status":"open","template":"","meta":{"inline_featured_image":false,"_themeisle_gutenberg_block_has_review":false,"footnotes":"","_links_to":"","_links_to_target":""},"acf":{"template_hide_top_photo":false,"template_btn_contact_disable":false,"template_btn_contact_link":"","template_btn_contact_text":"","_hide_from_search_wp":false,"_hide_from_search_engines":false},"_links":{"self":[{"href":"https:\/\/www.paih.gov.pl\/en\/wp-json\/wp\/v2\/pages\/8643"}],"collection":[{"href":"https:\/\/www.paih.gov.pl\/en\/wp-json\/wp\/v2\/pages"}],"about":[{"href":"https:\/\/www.paih.gov.pl\/en\/wp-json\/wp\/v2\/types\/page"}],"author":[{"embeddable":true,"href":"https:\/\/www.paih.gov.pl\/en\/wp-json\/wp\/v2\/users\/4"}],"replies":[{"embeddable":true,"href":"https:\/\/www.paih.gov.pl\/en\/wp-json\/wp\/v2\/comments?post=8643"}],"version-history":[{"count":4,"href":"https:\/\/www.paih.gov.pl\/en\/wp-json\/wp\/v2\/pages\/8643\/revisions"}],"predecessor-version":[{"id":206046,"href":"https:\/\/www.paih.gov.pl\/en\/wp-json\/wp\/v2\/pages\/8643\/revisions\/206046"}],"up":[{"embeddable":true,"href":"https:\/\/www.paih.gov.pl\/en\/wp-json\/wp\/v2\/pages\/8576"}],"wp:attachment":[{"href":"https:\/\/www.paih.gov.pl\/en\/wp-json\/wp\/v2\/media?parent=8643"}],"curies":[{"name":"wp","href":"https:\/\/api.w.org\/{rel}","templated":true}]}}