{"id":8626,"date":"2013-10-31T15:26:58","date_gmt":"2013-10-31T13:26:58","guid":{"rendered":"https:\/\/www.paih.gov.pl\/?p=8626"},"modified":"2026-02-20T12:16:39","modified_gmt":"2026-02-20T11:16:39","slug":"stargard-ip","status":"publish","type":"page","link":"https:\/\/www.paih.gov.pl\/en\/why-poland\/investment-incentives\/industrial-and-technology-parks\/stargard-ip\/","title":{"rendered":"Industrial Park in Stargard"},"content":{"rendered":"\n<p align=\"center\"><a title=\"Industrial Park in Stargard\" href=\"https:\/\/www.sarl.pl\/\" target=\"_blank\" rel=\"noopener\"><img decoding=\"async\" src=\"\/wp-content\/uploads\/sites\/2\/0\/107701\/107754.png\" border=\"0\"><\/a><\/p><div style=\"text-align: right;\"><b><a href=\"https:\/\/www.paih.gov.pl\/dlaczego_polska\/zachety_inwestycyjne\/parki_przemyslowe_i_technologiczne\/stargard_pp\">PL<\/a> | EN<\/b><br><br><\/div><p align=\"justify\">The offer of the Industrial Park in Stargard is addressed primarily to investors who are innovation leaders in their industries and who not only introduce modern technologies in their products, but also innovate in the fields of technological process, environmental protection.<strong><br><\/strong><\/p><p align=\"justify\"><strong><br>Location<\/strong><br><\/p><p align=\"justify\">Industrial Park is situated only 36 kilometers southeast of Szczecin, 40 kilometers from the western Polish border, approx. 35 kilometers from the international airport in Goleni\u00f3w, 120 kilometers from the ferry terminal in \u015awinouj\u015bcie and 180 kilometers from Berlin.<br><\/p><p align=\"justify\"><b><br><\/b><strong>Offer<\/strong><br><\/p><p align=\"justify\">The Industrial Park in Stargard offers:<br><\/p><div align=\"justify\"><ul><li align=\"justify\">investment areas with a total area of approximately 5 ha,<\/li><li align=\"justify\">rental of office space,&nbsp;<\/li><li align=\"justify\">access to a conference room.<br><\/li><\/ul><\/div><p align=\"justify\"><strong><br>Contact<\/strong><\/p><p align=\"justify\">Stargardzka Agencja Rozwoju Lokalnego <br>35, Pierwszej Brygady str.<br>73-110 Stargard<br>tel: +48 91 834 90 88<br>e-mail: <a href=\"mailto:sarl@sarl.pl\">sarl@sarl.pl<\/a><br><a href=\"https:\/\/www.sarl.pl\/\" target=\"_blank\" rel=\"noopener\">www.sarl.pl<\/a><\/p>\n\n\n\n<div style=\"height:60px\" aria-hidden=\"true\" class=\"wp-block-spacer\"><\/div>\n\n\n\n<a title=\"back\" href=\"https:\/\/www.paih.gov.pl\/en\/why-poland\/investment-incentives\/industrial-and-technology-parks\/\" class=\"button_back\">back<\/a>\n","protected":false},"excerpt":{"rendered":"<p>PL | EN The offer of the Industrial Park in Stargard is addressed primarily to investors who are innovation leaders in their industries and who not only introduce modern technologies in their products, but also innovate in the fields of technological process, environmental protection. Location Industrial Park is situated only 36 kilometers southeast of Szczecin, [&hellip;]<\/p>\n","protected":false},"author":4,"featured_media":0,"parent":8576,"menu_order":0,"comment_status":"closed","ping_status":"open","template":"","meta":{"inline_featured_image":false,"_themeisle_gutenberg_block_has_review":false,"footnotes":"","_links_to":"","_links_to_target":""},"acf":{"template_hide_top_photo":false,"template_btn_contact_disable":false,"template_btn_contact_link":"","template_btn_contact_text":"","_hide_from_search_wp":false,"_hide_from_search_engines":false},"_links":{"self":[{"href":"https:\/\/www.paih.gov.pl\/en\/wp-json\/wp\/v2\/pages\/8626"}],"collection":[{"href":"https:\/\/www.paih.gov.pl\/en\/wp-json\/wp\/v2\/pages"}],"about":[{"href":"https:\/\/www.paih.gov.pl\/en\/wp-json\/wp\/v2\/types\/page"}],"author":[{"embeddable":true,"href":"https:\/\/www.paih.gov.pl\/en\/wp-json\/wp\/v2\/users\/4"}],"replies":[{"embeddable":true,"href":"https:\/\/www.paih.gov.pl\/en\/wp-json\/wp\/v2\/comments?post=8626"}],"version-history":[{"count":2,"href":"https:\/\/www.paih.gov.pl\/en\/wp-json\/wp\/v2\/pages\/8626\/revisions"}],"predecessor-version":[{"id":206139,"href":"https:\/\/www.paih.gov.pl\/en\/wp-json\/wp\/v2\/pages\/8626\/revisions\/206139"}],"up":[{"embeddable":true,"href":"https:\/\/www.paih.gov.pl\/en\/wp-json\/wp\/v2\/pages\/8576"}],"wp:attachment":[{"href":"https:\/\/www.paih.gov.pl\/en\/wp-json\/wp\/v2\/media?parent=8626"}],"curies":[{"name":"wp","href":"https:\/\/api.w.org\/{rel}","templated":true}]}}