{"id":8619,"date":"2013-10-31T15:26:53","date_gmt":"2013-10-31T13:26:53","guid":{"rendered":"https:\/\/www.paih.gov.pl\/?p=8619"},"modified":"2026-02-18T15:35:39","modified_gmt":"2026-02-18T14:35:39","slug":"pulawy-pp","status":"publish","type":"page","link":"https:\/\/www.paih.gov.pl\/en\/why-poland\/investment-incentives\/industrial-and-technology-parks\/pulawy-pp\/","title":{"rendered":"Pu\u0142awy Production Park"},"content":{"rendered":"\n<p align=\"center\">\n<table width=\"80%\" align=\"center\">\n<tbody>\n<tr>\n<td valign=\"bottom\" align=\"center\">\n<p><a href=\"http:\/\/www.pulawy.com\/\" target=\"_blank\" rel=\"noopener\"><img decoding=\"async\" src=\"\/wp-content\/uploads\/sites\/2\/0\/114901\/114915.png\" border=\"0\"><\/a><\/p>\n<\/td>\n<td valign=\"bottom\" align=\"center\">\n<p><a href=\"http:\/\/www.sse.pulawy.com\/\" target=\"_blank\" rel=\"noopener\"><img decoding=\"async\" src=\"\/wp-content\/uploads\/sites\/2\/0\/114901\/114916.png\" border=\"0\"><\/a><\/p>\n<\/td><\/tr><\/tbody><\/table><\/p>\n<br>\n<p align=\"right\"><b><a href=\"https:\/\/www.paih.gov.pl\/dlaczego_polska\/zachety_inwestycyjne\/parki_przemyslowe_i_technologiczne\/pulawy_pp\">PL <\/a>| EN<\/b><\/p><p align=\"justify\">On 24 April, 2003, Pu\u0142awy Municipality and Zak\u0142ady Azotowe PU\u0141AWY S.A. (ZAP S.A.), set up the Pu\u0142awy Production Park. Today Pu\u0142awy Production Park spreads out on the area of nearly 700 hectares and it covers four areas of competence:\n<\/p><div align=\"justify\"><ol>\n<\/ol><\/div><ul><li><div align=\"justify\">Pu\u0142awy Production Park (PPP) &#8211; area of approx. 570 hectares, administered by GRUPA AZOTY Zak\u0142ady Azotowe PU\u0141AWY S.A.<\/div><\/li><li><div align=\"justify\">Pu\u0142awy Subzone of The &#8222;Starachowice&#8221; Special Economic Zone &#8211; area of approx. 99 hectares, located with in the premises of Pu\u0142awy Production Park &#8211; administered by the Management of SSE &#8222;Starachowice&#8221; S.A. and the Management Board of GRUPA AZOTY Zak\u0142ady Azotowe PU\u0141AWY S.A.<\/div><\/li><li><div align=\"justify\">Pu\u0142awy Production Park &#8211; area of approx. 130 hectares, administered by Pu\u0142awy Municipality.<\/div><\/li><li><div align=\"justify\">Pu\u0142awy Science and Technology Park (PPN-T) &#8211; erected within the premises of PPP, administered by Pu\u0142awy Municipality.<br><\/div><br><\/li><\/ul>\n<strong><\/strong><p align=\"justify\"><strong>Location<\/strong><\/p>\n<p align=\"justify\">Pu\u0142awy is situated in the South-East Poland, where the three following geographic regions meet: Nizina Mazowiecka, Ma\u0142opolski Prze\u0142om Wis\u0142y and Wy\u017cyna Lubelska. Distances from bigger towns of the region, Poland and Europe: Warszawa&nbsp;&#8211; 110 km; Lublin&nbsp;&#8211; 45 km; Lw\u00f3w&nbsp;&#8211; 260 km; Berlin&nbsp;&#8211; 700 km. Nearest airports: \u015awidnik &#8211; 55 km; Warsaw &#8211; 110 km;&nbsp; Rzesz\u00f3w &#8211; 167 km. Nearest sea ports: Gda\u0144sk, Gdynia approx. 450 km, Gdynia &#8211; own transhipment terminal.<\/p>\n\n<p align=\"justify\"><strong><br>Offer<\/strong><\/p>\n<p align=\"justify\">Due to specific activity of GRUPA AZOTY Zak\u0142ady Azotowe PU\u0141AWY S.A., closely related to the &#8220;Great Chemical Synthesis Sector&#8221;, the Pu\u0142awy Subzone of the Starachowice Special Economic Zone is a perfect location for investors whose undertakings can be realized in cooperation with GRUPA AZOTY Zak\u0142ady Azotowe PU\u0141AWY&nbsp; S.A., based on a broad basis of products and components manufactured in Pulawy, available here unique media and feedstocks.<\/p>\n<p align=\"justify\">The Pulawy Subzone is also open to investors from other branches, not related to the chemical\/fertilizer sector. A unique in Poland offer for the potential and scope of available media and feedstocks, creates a broad basis for many projects based on various processes and products. The location of the Pu\u0142awy Subzone in the eastern part of Poland is another advantage for the entrepreneurs starting their eastern markets-oriented business activity.<\/p>\n\n<p align=\"justify\"><b><br><\/b><b>Contact<\/b><br><\/p><p align=\"justify\">Project Coordination Office<br>and Research and Development Resources<br>AZOTY GROUP<br>Zak\u0142ady Azotowe &#8220;Pu\u0142awy&#8221; S.A.<br>Al. Tysi\u0105clecia Pa\u0144stwa Polskiego 13<br>24-110 Pu\u0142awy; POLAND<br>tel.: +48 81 565 38 97<br>tel.: +48 81 565 38 70<br><a href=\"http:\/\/www.sse.pulawy.com\/\" target=\"_blank\" rel=\"noopener\">www.sse.pulawy.com<\/a><br><a href=\"http:\/\/www.pulawy.com\/\" target=\"_blank\" rel=\"noopener\">www.pulawy.com<\/a><\/p>\n\n\n\n<div style=\"height:60px\" aria-hidden=\"true\" class=\"wp-block-spacer\"><\/div>\n\n\n\n<a title=\"back\" href=\"https:\/\/www.paih.gov.pl\/en\/why-poland\/investment-incentives\/industrial-and-technology-parks\/\" class=\"button_back\">back<\/a>\n","protected":false},"excerpt":{"rendered":"<p>PL | EN On 24 April, 2003, Pu\u0142awy Municipality and Zak\u0142ady Azotowe PU\u0141AWY S.A. (ZAP S.A.), set up the Pu\u0142awy Production Park. Today Pu\u0142awy Production Park spreads out on the area of nearly 700 hectares and it covers four areas of competence: Pu\u0142awy Production Park (PPP) &#8211; area of approx. 570 hectares, administered by GRUPA [&hellip;]<\/p>\n","protected":false},"author":4,"featured_media":0,"parent":8576,"menu_order":0,"comment_status":"closed","ping_status":"open","template":"","meta":{"inline_featured_image":false,"_themeisle_gutenberg_block_has_review":false,"footnotes":"","_links_to":"","_links_to_target":""},"acf":{"template_hide_top_photo":false,"template_btn_contact_disable":false,"template_btn_contact_link":"","template_btn_contact_text":"","_hide_from_search_wp":false,"_hide_from_search_engines":false},"_links":{"self":[{"href":"https:\/\/www.paih.gov.pl\/en\/wp-json\/wp\/v2\/pages\/8619"}],"collection":[{"href":"https:\/\/www.paih.gov.pl\/en\/wp-json\/wp\/v2\/pages"}],"about":[{"href":"https:\/\/www.paih.gov.pl\/en\/wp-json\/wp\/v2\/types\/page"}],"author":[{"embeddable":true,"href":"https:\/\/www.paih.gov.pl\/en\/wp-json\/wp\/v2\/users\/4"}],"replies":[{"embeddable":true,"href":"https:\/\/www.paih.gov.pl\/en\/wp-json\/wp\/v2\/comments?post=8619"}],"version-history":[{"count":3,"href":"https:\/\/www.paih.gov.pl\/en\/wp-json\/wp\/v2\/pages\/8619\/revisions"}],"predecessor-version":[{"id":206052,"href":"https:\/\/www.paih.gov.pl\/en\/wp-json\/wp\/v2\/pages\/8619\/revisions\/206052"}],"up":[{"embeddable":true,"href":"https:\/\/www.paih.gov.pl\/en\/wp-json\/wp\/v2\/pages\/8576"}],"wp:attachment":[{"href":"https:\/\/www.paih.gov.pl\/en\/wp-json\/wp\/v2\/media?parent=8619"}],"curies":[{"name":"wp","href":"https:\/\/api.w.org\/{rel}","templated":true}]}}