{"id":8618,"date":"2013-10-31T15:26:53","date_gmt":"2013-10-31T13:26:53","guid":{"rendered":"https:\/\/www.paih.gov.pl\/?p=8618"},"modified":"2026-02-20T10:20:30","modified_gmt":"2026-02-20T09:20:30","slug":"kutno","status":"publish","type":"page","link":"https:\/\/www.paih.gov.pl\/en\/why-poland\/investment-incentives\/industrial-and-technology-parks\/kutno\/","title":{"rendered":"Kutno Agro-Industrial Park"},"content":{"rendered":"\n<br><div align=\"center\"><a href=\"https:\/\/um.kutno.pl\/en\" target=\"_blank\" rel=\"noopener\"><img decoding=\"async\" style=\"margin: 0px 0px 20px 20px;\" alt=\"Kutno Agro-Industrial Park\" src=\"\/wp-content\/uploads\/sites\/2\/0\/139801\/139856.png\" width=\"400\" border=\"0\"><\/a><\/div><div align=\"right\"><b><a href=\"https:\/\/www.paih.gov.pl\/dlaczego_polska\/zachety_inwestycyjne\/parki_przemyslowe_i_technologiczne\/kutno\">PL <\/a>| EN<br><\/b><\/div><p align=\"justify\"><br>The Kutno Agro-Industrial Park (KAIP) is located in the eastern part of the town in the Skl\u0119czki district. It occupies an area of several hundred hectares and houses more than 60 businesses with local and foreign capital within its boundaries. More than 10,000 people are employed here. An area of almost 130 hectares located in Park has the status of a sub zone of the \u0141\u00f3d\u017a Special Economic Zone. Curently, as a result of changes in the regulations in 2018, the status of a Special Economic Zone can be granted anywhere in KAIP.<br><\/p><p align=\"justify\"><br><strong>Location<\/strong><\/p>\n<p align=\"justify\">The Kutno Agro-Industrial Park is located near the A1 highway (1.6 km away), National road no. 92 (former no. 2, E-30) and the international railroad E-20. The distance from A2 highway (Stryk\u00f3w) is 35 km. The nearest airport is 60 km away from Kutno (\u0141\u00f3d\u017a Airport). The modern Intermodal Container Terminal is situated next to the international railroad E-20.<br><\/p><p align=\"justify\"><strong><br>Offer<br><\/strong><\/p>\n<p align=\"justify\">The diverse offer of land for investments pertains mainly to greenfield areas. It refers to the land owned by the City and that in private hands, the land within the \u0141\u00f3d\u017a Special Economic Zone and other land beyond this zone. The Local Spatial Management Plan involves the entire area of the Park. It is designed for industrial objects, warehouses, logistics centres and transportation services in the Study of the Conditions and Directions of the Spatial Management. The maximum rate of built-up intensity throughout the Park is at least 90% and the maximum building height for logistics investments reaches even upto 30 meters.<\/p><p align=\"justify\">The Park infrastructure is designed for industrial use and guarantees the supply of all essential media. There are two independent suppliers of electricity giving investors the opportunity to choose. High and medium pressure gas pipelines cross the Park area. The newly constructed infrastructure is adapted to investor&#8217;s requirements. Over the last few years the City of Kutno has invested more than 40 million PLN. This vast amount of money was used directly on investments in Kutno sub zone of the \u0141\u00f3d\u017a Special Economic Zone.<\/p><p align=\"justify\">Sector profile: the food industry, packaging, plastics processing, manufacturing of agricultural equipment and pharmaceuticals are the dominant branches in the Kutno Agro-Industrial Park. Because of its central location in Poland and the presence of the container terminal this part of the land was designed for logistics companies..<strong><br><\/strong><\/p><p align=\"left\"><strong><br>Contact<\/strong><\/p>\n<p align=\"left\">Kutno City Hall<br>Department of Culture, Promotion and Urban Development<br>18 J. Pi\u0142sudskiego Square<br>99-300 Kutno<br>Phone: +48 24 253 12 19<br>e-mail: <a href=\"mailto:invest@um.kutno.pl\">invest@um.kutno.pl<\/a><br><a href=\"https:\/\/um.kutno.pl\/en\" target=\"_blank\" rel=\"noopener\">www.um.kutno.pl<\/a> &#8211; bookmark &#8220;For investors&#8221;<\/p>\n\n\n\n<div style=\"height:60px\" aria-hidden=\"true\" class=\"wp-block-spacer\"><\/div>\n\n\n\n<a title=\"back\" href=\"https:\/\/www.paih.gov.pl\/en\/why-poland\/investment-incentives\/industrial-and-technology-parks\/\" class=\"button_back\">back<\/a>\n","protected":false},"excerpt":{"rendered":"<p>PL | EN The Kutno Agro-Industrial Park (KAIP) is located in the eastern part of the town in the Skl\u0119czki district. It occupies an area of several hundred hectares and houses more than 60 businesses with local and foreign capital within its boundaries. More than 10,000 people are employed here. An area of almost 130 [&hellip;]<\/p>\n","protected":false},"author":4,"featured_media":0,"parent":8576,"menu_order":0,"comment_status":"closed","ping_status":"open","template":"","meta":{"inline_featured_image":false,"_themeisle_gutenberg_block_has_review":false,"footnotes":"","_links_to":"","_links_to_target":""},"acf":{"template_hide_top_photo":false,"template_btn_contact_disable":false,"template_btn_contact_link":"","template_btn_contact_text":"","_hide_from_search_wp":false,"_hide_from_search_engines":false},"_links":{"self":[{"href":"https:\/\/www.paih.gov.pl\/en\/wp-json\/wp\/v2\/pages\/8618"}],"collection":[{"href":"https:\/\/www.paih.gov.pl\/en\/wp-json\/wp\/v2\/pages"}],"about":[{"href":"https:\/\/www.paih.gov.pl\/en\/wp-json\/wp\/v2\/types\/page"}],"author":[{"embeddable":true,"href":"https:\/\/www.paih.gov.pl\/en\/wp-json\/wp\/v2\/users\/4"}],"replies":[{"embeddable":true,"href":"https:\/\/www.paih.gov.pl\/en\/wp-json\/wp\/v2\/comments?post=8618"}],"version-history":[{"count":2,"href":"https:\/\/www.paih.gov.pl\/en\/wp-json\/wp\/v2\/pages\/8618\/revisions"}],"predecessor-version":[{"id":206064,"href":"https:\/\/www.paih.gov.pl\/en\/wp-json\/wp\/v2\/pages\/8618\/revisions\/206064"}],"up":[{"embeddable":true,"href":"https:\/\/www.paih.gov.pl\/en\/wp-json\/wp\/v2\/pages\/8576"}],"wp:attachment":[{"href":"https:\/\/www.paih.gov.pl\/en\/wp-json\/wp\/v2\/media?parent=8618"}],"curies":[{"name":"wp","href":"https:\/\/api.w.org\/{rel}","templated":true}]}}