{"id":8585,"date":"2013-10-31T15:26:42","date_gmt":"2013-10-31T13:26:42","guid":{"rendered":"https:\/\/www.paih.gov.pl\/?p=8585"},"modified":"2026-02-20T12:29:19","modified_gmt":"2026-02-20T11:29:19","slug":"goleniow","status":"publish","type":"page","link":"https:\/\/www.paih.gov.pl\/en\/why-poland\/investment-incentives\/industrial-and-technology-parks\/goleniow\/","title":{"rendered":"Goleni\u00f3w Industrial Park"},"content":{"rendered":"\n<p align=\"center\"><a title=\"Goleni\u00f3w Industrial Park\" href=\"https:\/\/goleniow.business\/\" target=\"_blank\" rel=\"noopener\"><img decoding=\"async\" src=\"\/wp-content\/uploads\/sites\/2\/0\/126301\/126328.png\" border=\"0\"><\/a><\/p><div style=\"text-align: right;\"><b><a href=\"https:\/\/www.paih.gov.pl\/dlaczego_polska\/zachety_inwestycyjne\/parki_przemyslowe_i_technologiczne\/goleniow\">PL<\/a> | EN<\/b><br><br><\/div><p align=\"justify\">The Goleni\u00f3w Industrial Park is a technically fully developed area. It has a systematically expanded network of internal roads for heavy transport. Almost 50 companies are located in the GPP, more than half of which are engaged in production. A Special Economic Zone, which is a subzone of the Kostrzyn-S\u0142ubice Special Economic Zone, also operates within the Park. The area of the Goleni\u00f3w subzone is 70 ha.<strong><br><\/strong><\/p><p align=\"justify\"><strong><br>Location<\/strong><br><\/p><p align=\"justify\">The GPP area is located in \u0141ozienica. The park is located 20 km from Szczecin and 15 km from the Szczecin-Goleni\u00f3w airport. The Goleni\u00f3w Industrial Park has convenient road connections &#8211; about 0.5 km from the centre of the park runs the S3 road and national road No. 6.<br><\/p><p align=\"justify\"><b><br><\/b><strong>Offer<\/strong><br><\/p><p align=\"justify\">The Goleni\u00f3w Industrial Park offers:<\/p><div align=\"justify\"><ul><li align=\"justify\">405 ha of investment areas,<\/li><li align=\"justify\">offices for rent,<\/li><li align=\"justify\">transport of large-scale elements and oversized loads,<\/li><li align=\"justify\">Institution for Professional Activity,<\/li><li align=\"justify\">local property tax exemptions up to 5 years.<strong><br><\/strong><\/li><\/ul><\/div><p align=\"justify\"><strong><br>Contact<\/strong><\/p><p align=\"justify\">Goleni\u00f3w Industrial Park<br>\u0141ozienica, 72-100 Goleni\u00f3w<br><a href=\"https:\/\/goleniow.business\/\" target=\"_blank\" rel=\"noopener\">www.goleniow.business<\/a><\/p>\n\n\n\n<div style=\"height:60px\" aria-hidden=\"true\" class=\"wp-block-spacer\"><\/div>\n\n\n\n<a title=\"back\" href=\"https:\/\/www.paih.gov.pl\/en\/why-poland\/investment-incentives\/industrial-and-technology-parks\/\" class=\"button_back\">back<\/a>\n","protected":false},"excerpt":{"rendered":"<p>PL | EN The Goleni\u00f3w Industrial Park is a technically fully developed area. It has a systematically expanded network of internal roads for heavy transport. Almost 50 companies are located in the GPP, more than half of which are engaged in production. A Special Economic Zone, which is a subzone of the Kostrzyn-S\u0142ubice Special Economic [&hellip;]<\/p>\n","protected":false},"author":4,"featured_media":0,"parent":8576,"menu_order":0,"comment_status":"closed","ping_status":"open","template":"","meta":{"inline_featured_image":false,"_themeisle_gutenberg_block_has_review":false,"footnotes":"","_links_to":"","_links_to_target":""},"acf":{"template_hide_top_photo":false,"template_btn_contact_disable":false,"template_btn_contact_link":"","template_btn_contact_text":"","_hide_from_search_wp":false,"_hide_from_search_engines":false},"_links":{"self":[{"href":"https:\/\/www.paih.gov.pl\/en\/wp-json\/wp\/v2\/pages\/8585"}],"collection":[{"href":"https:\/\/www.paih.gov.pl\/en\/wp-json\/wp\/v2\/pages"}],"about":[{"href":"https:\/\/www.paih.gov.pl\/en\/wp-json\/wp\/v2\/types\/page"}],"author":[{"embeddable":true,"href":"https:\/\/www.paih.gov.pl\/en\/wp-json\/wp\/v2\/users\/4"}],"replies":[{"embeddable":true,"href":"https:\/\/www.paih.gov.pl\/en\/wp-json\/wp\/v2\/comments?post=8585"}],"version-history":[{"count":2,"href":"https:\/\/www.paih.gov.pl\/en\/wp-json\/wp\/v2\/pages\/8585\/revisions"}],"predecessor-version":[{"id":206145,"href":"https:\/\/www.paih.gov.pl\/en\/wp-json\/wp\/v2\/pages\/8585\/revisions\/206145"}],"up":[{"embeddable":true,"href":"https:\/\/www.paih.gov.pl\/en\/wp-json\/wp\/v2\/pages\/8576"}],"wp:attachment":[{"href":"https:\/\/www.paih.gov.pl\/en\/wp-json\/wp\/v2\/media?parent=8585"}],"curies":[{"name":"wp","href":"https:\/\/api.w.org\/{rel}","templated":true}]}}