{"id":8580,"date":"2013-10-31T15:26:42","date_gmt":"2013-10-31T13:26:42","guid":{"rendered":"https:\/\/www.paih.gov.pl\/?p=8580"},"modified":"2026-02-20T12:01:44","modified_gmt":"2026-02-20T11:01:44","slug":"poznan-stp","status":"publish","type":"page","link":"https:\/\/www.paih.gov.pl\/en\/why-poland\/investment-incentives\/industrial-and-technology-parks\/poznan-stp\/","title":{"rendered":"Poznan Science and Technology Park of Adam Mickiewicz University Foundation"},"content":{"rendered":"\n<p align=\"center\"><a title=\"Poznan Science and Technology Park of Adam Mickiewicz University Foundation\" href=\"https:\/\/ppnt.poznan.pl\/en\/\" target=\"_blank\" rel=\"noopener\"><img decoding=\"async\" src=\"\/wp-content\/uploads\/sites\/2\/0\/149801\/149873.png\" border=\"0\"><\/a><\/p><div style=\"text-align: right;\"><b><a href=\"https:\/\/www.paih.gov.pl\/dlaczego_polska\/zachety_inwestycyjne\/parki_przemyslowe_i_technologiczne\/poznan_pnt\">PL<\/a> | EN<\/b><br><br><\/div><p align=\"justify\">Established in 1995 within the Adam Mickiewicz University Foundation, Poznan Science and Technology Park (PSTP) is Poland&#8217;s first centre of this kind. Our Park initiated a lot of activities in the field of science and economy cooperation and development of new technologies. Since the beginning, PSTP supports business incubation process and technology services related to the commercialization of knowledge, provides information and assistance concerning participation in European research programs, and takes initiatives to promote academic entrepreneurship and implementation of regional innovation policies and forms of cooperation.<strong><br><\/strong><\/p><p align=\"justify\"><strong><br>Location<\/strong><br><\/p><p align=\"justify\">Poznan is the fifth most populous city in Poland and one of the largest economic centres in the country. It is an important road and rail hub, Pozna\u0144-\u0141awica International Airport operates here. Five national roads and seven voivodeship roads converge in Pozna\u0144, and eight railway lines run through the Pozna\u0144 railway junction.<br><\/p><p align=\"justify\"><b><br><\/b><strong>Offer<\/strong><br><\/p><div align=\"justify\"><ul><li align=\"justify\">support for entrepreneurship,<\/li><li align=\"justify\">equity investments,<\/li><li align=\"justify\">technology transfer,<\/li><li align=\"justify\">research and innovation projects,<\/li><li align=\"justify\">research services and technology development in PSTP,<\/li><li align=\"justify\">chemistry,<\/li><li align=\"justify\">biotechnology,<\/li><li align=\"justify\">waste management,<\/li><li align=\"justify\">Poznan Radiocarbon Laboratory,<\/li><li align=\"justify\">modern DataCenter,<\/li><li align=\"justify\">Archaeology Centre,<\/li><li align=\"justify\">space rental.<strong><br><\/strong><\/li><\/ul><\/div><p align=\"justify\"><strong><br>Contact<\/strong><\/p><p align=\"justify\">Poznan Science and Technology Park<br>ul. Rubie\u017c 46<br>61-612 Pozna\u0144<br>tel: +48 61 827 97 00<br>e-mail: <a href=\"mailto:ppnt@ppnt.poznan.pl\">ppnt@ppnt.poznan.pl<\/a><br><a href=\"https:\/\/ppnt.poznan.pl\/en\/\" target=\"_blank\" rel=\"noopener\">www.ppnt.poznan.pl<\/a><\/p>\n\n\n\n<div style=\"height:60px\" aria-hidden=\"true\" class=\"wp-block-spacer\"><\/div>\n\n\n\n<a title=\"back\" href=\"https:\/\/www.paih.gov.pl\/en\/why-poland\/investment-incentives\/industrial-and-technology-parks\/\" class=\"button_back\">back<\/a>\n","protected":false},"excerpt":{"rendered":"<p>PL | EN Established in 1995 within the Adam Mickiewicz University Foundation, Poznan Science and Technology Park (PSTP) is Poland&#8217;s first centre of this kind. Our Park initiated a lot of activities in the field of science and economy cooperation and development of new technologies. Since the beginning, PSTP supports business incubation process and technology [&hellip;]<\/p>\n","protected":false},"author":4,"featured_media":0,"parent":8576,"menu_order":0,"comment_status":"closed","ping_status":"open","template":"","meta":{"inline_featured_image":false,"_themeisle_gutenberg_block_has_review":false,"footnotes":"","_links_to":"","_links_to_target":""},"acf":{"template_hide_top_photo":false,"template_btn_contact_disable":false,"template_btn_contact_link":"","template_btn_contact_text":"","_hide_from_search_wp":false,"_hide_from_search_engines":false},"_links":{"self":[{"href":"https:\/\/www.paih.gov.pl\/en\/wp-json\/wp\/v2\/pages\/8580"}],"collection":[{"href":"https:\/\/www.paih.gov.pl\/en\/wp-json\/wp\/v2\/pages"}],"about":[{"href":"https:\/\/www.paih.gov.pl\/en\/wp-json\/wp\/v2\/types\/page"}],"author":[{"embeddable":true,"href":"https:\/\/www.paih.gov.pl\/en\/wp-json\/wp\/v2\/users\/4"}],"replies":[{"embeddable":true,"href":"https:\/\/www.paih.gov.pl\/en\/wp-json\/wp\/v2\/comments?post=8580"}],"version-history":[{"count":2,"href":"https:\/\/www.paih.gov.pl\/en\/wp-json\/wp\/v2\/pages\/8580\/revisions"}],"predecessor-version":[{"id":206134,"href":"https:\/\/www.paih.gov.pl\/en\/wp-json\/wp\/v2\/pages\/8580\/revisions\/206134"}],"up":[{"embeddable":true,"href":"https:\/\/www.paih.gov.pl\/en\/wp-json\/wp\/v2\/pages\/8576"}],"wp:attachment":[{"href":"https:\/\/www.paih.gov.pl\/en\/wp-json\/wp\/v2\/media?parent=8580"}],"curies":[{"name":"wp","href":"https:\/\/api.w.org\/{rel}","templated":true}]}}