{"id":8579,"date":"2013-10-31T15:26:41","date_gmt":"2013-10-31T13:26:41","guid":{"rendered":"https:\/\/www.paih.gov.pl\/?p=8579"},"modified":"2026-02-20T10:39:13","modified_gmt":"2026-02-20T09:39:13","slug":"kedzierzyn-kozle","status":"publish","type":"page","link":"https:\/\/www.paih.gov.pl\/en\/why-poland\/investment-incentives\/industrial-and-technology-parks\/kedzierzyn-kozle\/","title":{"rendered":"K\u0119dzierzyn-Ko\u017ale Industrial Park"},"content":{"rendered":"\n<p align=\"center\"><a title=\"K\u0119dzierzyn-Ko\u017ale Industrial Park\" href=\"https:\/\/kkpp.pl\/en\/\" target=\"_blank\" rel=\"noopener\"><img decoding=\"async\" src=\"\/wp-content\/uploads\/sites\/2\/0\/149401\/149404.jpg\" border=\"0\"><\/a><\/p><div style=\"text-align: right;\"><b><a href=\"https:\/\/www.paih.gov.pl\/dlaczego_polska\/zachety_inwestycyjne\/parki_przemyslowe_i_technologiczne\/kedzierzyn_kozle\">PL<\/a> | EN<\/b><br><br><\/div><p align=\"justify\">The K\u0119dzierzyn-Ko\u017ale Industrial Park focuses on activities leading to an increase of the social and economic potential of the commune, increase of the competitiveness of the region, stimulation of regional and local development and increase of the investment attractiveness of the K\u0119dzierzyn-Ko\u017ale region.<\/p><p align=\"justify\">The mission of K\u0119dzierzyn-Ko\u017ale Industrial Park is to create new jobs by offering entrepreneurs favourable conditions to run a business. It is possible thanks to effective management of productive assets and the provision of infrastructural and consulting services along with a financial support system.<strong><br><\/strong><\/p><p align=\"justify\"><strong><br>Location<\/strong><br><\/p><p align=\"justify\">K\u0119dzierzyn-Ko\u017ale Industrial Park is located in the immediate vicinity of Upper and Lower Silesia, 40 km from the border with the Czech Republic. The city is well connected with other regions of the country thanks to the nearby A4 motorway, a railway junction and a large port on the Oder River. The nearby airports (in Katowice, Wroc\u0142aw and Krak\u00f3w) are also a great advantage.<br><\/p><p align=\"justify\"><b><br><\/b><strong>Offer<\/strong><br><\/p><p align=\"justify\">The K\u0119dzierzyn-Ko\u017ale Industrial Park, in cooperation with the K\u0119dzierzyn-Ko\u017ale commune, offers support for investors in the investment process through:<\/p><ul><li align=\"justify\">development of investment offers (investment plots, production buildings, warehouses, office space),<\/li><li align=\"justify\">preparation of visits and arrangement of meetings,<\/li><li align=\"justify\">looking for subcontractors and business partners,<\/li><li align=\"justify\">support in administrative proceedings, e.g. in obtaining permits,<\/li><li align=\"justify\">consulting in the area of public help.<strong><br><\/strong><\/li><\/ul><p align=\"justify\"><strong><br>Contact<\/strong><\/p><p align=\"justify\">K\u0119dzierzyn-Ko\u017ale Industrial Park Sp. z o.o.<br>ul. Wojska Polskiego 16F<br>47-220 K\u0119dzierzyn-Ko\u017ale<br>tel: +48 77 488 62 15<br>e-mail: <a href=\"mailto:biuro@kkpp.pl\">biuro@kkpp.pl<\/a><br><a href=\"https:\/\/kkpp.pl\/en\/\" target=\"_blank\" rel=\"noopener\">www.kkpp.pl<\/a><\/p>\n\n\n\n<div style=\"height:60px\" aria-hidden=\"true\" class=\"wp-block-spacer\"><\/div>\n\n\n\n<a title=\"back\" href=\"https:\/\/www.paih.gov.pl\/en\/why-poland\/investment-incentives\/industrial-and-technology-parks\/\" class=\"button_back\">back<\/a>\n","protected":false},"excerpt":{"rendered":"<p>PL | EN The K\u0119dzierzyn-Ko\u017ale Industrial Park focuses on activities leading to an increase of the social and economic potential of the commune, increase of the competitiveness of the region, stimulation of regional and local development and increase of the investment attractiveness of the K\u0119dzierzyn-Ko\u017ale region. The mission of K\u0119dzierzyn-Ko\u017ale Industrial Park is to create [&hellip;]<\/p>\n","protected":false},"author":4,"featured_media":0,"parent":8576,"menu_order":0,"comment_status":"closed","ping_status":"open","template":"","meta":{"inline_featured_image":false,"_themeisle_gutenberg_block_has_review":false,"footnotes":"","_links_to":"","_links_to_target":""},"acf":{"template_hide_top_photo":false,"template_btn_contact_disable":false,"template_btn_contact_link":"","template_btn_contact_text":"","_hide_from_search_wp":false,"_hide_from_search_engines":false},"_links":{"self":[{"href":"https:\/\/www.paih.gov.pl\/en\/wp-json\/wp\/v2\/pages\/8579"}],"collection":[{"href":"https:\/\/www.paih.gov.pl\/en\/wp-json\/wp\/v2\/pages"}],"about":[{"href":"https:\/\/www.paih.gov.pl\/en\/wp-json\/wp\/v2\/types\/page"}],"author":[{"embeddable":true,"href":"https:\/\/www.paih.gov.pl\/en\/wp-json\/wp\/v2\/users\/4"}],"replies":[{"embeddable":true,"href":"https:\/\/www.paih.gov.pl\/en\/wp-json\/wp\/v2\/comments?post=8579"}],"version-history":[{"count":3,"href":"https:\/\/www.paih.gov.pl\/en\/wp-json\/wp\/v2\/pages\/8579\/revisions"}],"predecessor-version":[{"id":206077,"href":"https:\/\/www.paih.gov.pl\/en\/wp-json\/wp\/v2\/pages\/8579\/revisions\/206077"}],"up":[{"embeddable":true,"href":"https:\/\/www.paih.gov.pl\/en\/wp-json\/wp\/v2\/pages\/8576"}],"wp:attachment":[{"href":"https:\/\/www.paih.gov.pl\/en\/wp-json\/wp\/v2\/media?parent=8579"}],"curies":[{"name":"wp","href":"https:\/\/api.w.org\/{rel}","templated":true}]}}