{"id":8577,"date":"2013-10-31T15:26:39","date_gmt":"2013-10-31T13:26:39","guid":{"rendered":"https:\/\/www.paih.gov.pl\/?p=8577"},"modified":"2026-02-20T10:19:31","modified_gmt":"2026-02-20T09:19:31","slug":"belchatow","status":"publish","type":"page","link":"https:\/\/www.paih.gov.pl\/en\/why-poland\/investment-incentives\/industrial-and-technology-parks\/belchatow\/","title":{"rendered":"Be\u0142chat\u00f3w Kleszcz\u00f3w Industrial And Technological Park"},"content":{"rendered":"\n<div align=\"center\"><a href=\"https:\/\/www.ppt.belchatow.pl\/\" target=\"_blank\" rel=\"noopener\"><img decoding=\"async\" style=\"margin: 40px 0px 0px 10px; width: 250px;\" src=\"\/wp-content\/uploads\/sites\/2\/0\/115701\/115757.png\" border=\"0\"><\/a><br><\/div>\n<p align=\"right\"><strong><\/strong><b><a href=\"https:\/\/www.paih.gov.pl\/dlaczego_polska\/zachety_inwestycyjne\/parki_przemyslowe_i_technologiczne\/belchatow\">PL <\/a>| EN<\/b><\/p><p align=\"justify\">The Be\u0142chat\u00f3w Kleszcz\u00f3w Industrial&nbsp;and Technology Park&nbsp;&nbsp;Ltd. (BKITP Ltd.) is one of the instrument of reviving the economy of Be\u0142chat\u00f3w. The main task of the Be\u0142chat\u00f3w Kleszcz\u00f3w Industrial&nbsp;and Technology Park Ltd. is restructuring of the local industry monoculture, acceleration of the economic growth in the region and creation of new jobs by development of high-tech companies, support of technology transfer and its commercialisation, stimulation of innovation process and economic activity in general. The main goal of BKITP Ltd. is to submit to the investors a modern offer that is in accordance with EU norms, encourages economic activity and efficiency as well as produces social benefits. <br><\/p><p align=\"justify\"><b><br>Offer<\/b><br><\/p>\n\n<p align=\"justify\">The main task of the ITPBK is to create attractive local conditions for development of businesses and investment opportunities for external investors. The board of the ITPBK offers entrepreneurs the option to purchase or rent the plots and buildings in order to make use of the existing infrastructure thereby benefiting from the consulting services. It also offers the possibility of technology transfer and assistance in applying for the financial support (incl. EU structural funds).<\/p><p align=\"justify\">The expected measurable results are:<\/p>\n<ul>\n<li>\n<div align=\"justify\">stimulating local economy,<\/div>\n<\/li><li>\n<div align=\"justify\">increasing inland revenue,<\/div>\n<\/li><li>\n<div align=\"justify\">stimulating of local and regional development and enhancement of investing attractiveness,<\/div>\n<\/li><li>\n<div align=\"justify\">growth of social and economical potential of the region,<\/div>\n<\/li><li>\n<div align=\"justify\">integration of local environment,<\/div>\n<\/li><li>\n<div align=\"justify\">enhancing of competitiveness of the region,<\/div>\n<\/li><li>\n<div align=\"justify\">enhancing of competitiveness of the enterprises set up within the ITPBK,<\/div>\n<\/li><li>\n<div align=\"justify\">implementing projects for small and medium-sized enterprises and consolidation of this sector,<\/div>\n<\/li><li>\n<div align=\"justify\">support in setting up business,<\/div>\n<\/li><li>\n<div align=\"justify\">experience exchange among the entrepreneurs.<br><br><\/div><\/li><\/ul><strong>Contact<\/strong><p align=\"left\">BKPPT Sp. z o.o.<br>97-400 Be\u0142chat\u00f3w, <br>Ciep\u0142ownicza Street 5<br>Phone: +48 533 770 443<br>e-mail: <a href=\"mailto:bkppt@ppt.belchatow.pl\">bkppt@ppt.belchatow.pl<\/a><br><a href=\"https:\/\/www.ppt.belchatow.pl\/\" target=\"_blank\" rel=\"noopener\">www.ppt.belchatow.pl<\/a><\/p>\n\n\n\n<div style=\"height:60px\" aria-hidden=\"true\" class=\"wp-block-spacer\"><\/div>\n\n\n\n<a title=\"back\" href=\"https:\/\/www.paih.gov.pl\/en\/why-poland\/investment-incentives\/industrial-and-technology-parks\/\" class=\"button_back\">back<\/a>\n","protected":false},"excerpt":{"rendered":"<p>PL | EN The Be\u0142chat\u00f3w Kleszcz\u00f3w Industrial&nbsp;and Technology Park&nbsp;&nbsp;Ltd. (BKITP Ltd.) is one of the instrument of reviving the economy of Be\u0142chat\u00f3w. The main task of the Be\u0142chat\u00f3w Kleszcz\u00f3w Industrial&nbsp;and Technology Park Ltd. is restructuring of the local industry monoculture, acceleration of the economic growth in the region and creation of new jobs by development [&hellip;]<\/p>\n","protected":false},"author":4,"featured_media":0,"parent":8576,"menu_order":0,"comment_status":"closed","ping_status":"open","template":"","meta":{"inline_featured_image":false,"_themeisle_gutenberg_block_has_review":false,"footnotes":"","_links_to":"","_links_to_target":""},"acf":{"template_hide_top_photo":false,"template_btn_contact_disable":false,"template_btn_contact_link":"","template_btn_contact_text":"","_hide_from_search_wp":false,"_hide_from_search_engines":false},"_links":{"self":[{"href":"https:\/\/www.paih.gov.pl\/en\/wp-json\/wp\/v2\/pages\/8577"}],"collection":[{"href":"https:\/\/www.paih.gov.pl\/en\/wp-json\/wp\/v2\/pages"}],"about":[{"href":"https:\/\/www.paih.gov.pl\/en\/wp-json\/wp\/v2\/types\/page"}],"author":[{"embeddable":true,"href":"https:\/\/www.paih.gov.pl\/en\/wp-json\/wp\/v2\/users\/4"}],"replies":[{"embeddable":true,"href":"https:\/\/www.paih.gov.pl\/en\/wp-json\/wp\/v2\/comments?post=8577"}],"version-history":[{"count":2,"href":"https:\/\/www.paih.gov.pl\/en\/wp-json\/wp\/v2\/pages\/8577\/revisions"}],"predecessor-version":[{"id":206059,"href":"https:\/\/www.paih.gov.pl\/en\/wp-json\/wp\/v2\/pages\/8577\/revisions\/206059"}],"up":[{"embeddable":true,"href":"https:\/\/www.paih.gov.pl\/en\/wp-json\/wp\/v2\/pages\/8576"}],"wp:attachment":[{"href":"https:\/\/www.paih.gov.pl\/en\/wp-json\/wp\/v2\/media?parent=8577"}],"curies":[{"name":"wp","href":"https:\/\/api.w.org\/{rel}","templated":true}]}}