{"id":8576,"date":"2013-10-31T15:26:37","date_gmt":"2013-10-31T13:26:37","guid":{"rendered":"https:\/\/www.paih.gov.pl\/?p=8576"},"modified":"2026-02-20T10:23:04","modified_gmt":"2026-02-20T09:23:04","slug":"industrial-and-technology-parks","status":"publish","type":"page","link":"https:\/\/www.paih.gov.pl\/en\/why-poland\/investment-incentives\/industrial-and-technology-parks\/","title":{"rendered":"Industrial and Technology Parks"},"content":{"rendered":"\n<div align=\"justify\">Industrial&nbsp;and technology parks are places which, due to a concentrations of firms from one sector and supporting science and research facilities, are enabled to develop quickly. This is a pro-development model that is increasingly being implemented in our country. The facilities being offered, are applicable both to Polish and foreign businesses.&nbsp; <span class=\"rodotitle rodotitleSml\">&#187;<\/span>\n\n<div>\n\n<p align=\"justify\">Though there are many common factors in the industrial and technology parks (missions, goals, forms of operating, organisation, etc.), it&#8217;s a very diversified segment. Each of the parks has its own individual character, stemming from regional social, cultural and economic factors, together with the facilities, materials and human resources available. There is no universal model for the parks, or organisational form for businesses, guaranteeing success. Specific initiatives reflect the differing local environments of: science and business, the economic character and industrial traditions, together with the cultural factors hindering business.<\/p>\n<p align=\"justify\"><b>A technology park<\/b> is a cluster of separate buildings together with a technical infrastructure, created with the aim of attracting an influx of knowledge and technology for scientific bodies and businesses. Entrepreneurs that use new technology are offered services in the form of:<\/p>\n<ul>\n<li>\n<div align=\"justify\">consultancy in the formation and development of an enterprise,<\/div>\n<\/li><li>\n<div align=\"justify\">transfer of technology,<\/div>\n<\/li><li>\n<div align=\"justify\">transfer of results from scientific research and development work, into technological innovation, <\/div>\n<\/li><li>\n<div align=\"justify\">creating favourable conditions for businesses.<\/div><\/li><\/ul>\n<p align=\"justify\"><br>The Pozna\u0144 Science &amp; Technology Park is recognised as the first Polish technology park &#8211; it was established in May 1995. The Polish Business and Innovation Centres Association, oversees the development of Poland&#8217;s technology parks, its headquarters are in Pozna\u0144.<\/p>\n<p align=\"justify\"><b>A industrial and technology park<\/b> is by contrast a cluster of separate buildings together with an infrastructure remaining after restructuring, the bankruptcy of an enterprise or of other buildings added to it. These types of parks are formed with the assistance of local authorities and are aimed at providing preferential conditions for businesses, in particular for small and medium sized firms. The goals for industrial and technology parks are, primarily:<\/p>\n<ul>\n<li>\n<div align=\"justify\">providing offers of workspace for commercially viable companies that use new technology,<\/div>\n<\/li><li>\n<div align=\"justify\">attracting investors,<\/div>\n<\/li><li>\n\n<div align=\"justify\">creating jobs.<\/div><\/li><\/ul>\n\n<\/div>\n\n<\/div>\n\n\n\n\n<hr><br>Choose the Voivodship and see what the Industrial and Technology Park has to offer.<br>\n\n\n\n<style>\n<!--\n.rodo_box {\nlist-style-type:none;\npadding:0;\nmargin:0;\n}\n.rodo_col {\ndisplay:inline-block;\nwidth:50%;\nmin-width:245px;\nfloat:left;\npadding:0;\n}\n@media screen and (max-width: 550px) {\n.rodo_col {\nwidth:100%;\nmin-width:unset;\nfloat:none;\nclear:both;\n}\n}\n@media screen and (min-width: 550px) {\n.rodo_col:nth-child(odd) {\npadding-right:30px;\n}\n.rodo_col:nth-child(even) {\npadding-left:30px;\n}\n}\n.rodotitle {\ncursor:pointer;\ncolor:#b51a29;\nfont-weight:bold;\nfont-size:22px;\npadding:10px 0;\nborder-bottom:1px dotted #bbb;\n}\n.rodotitleSml {\nfont-size:inherit;\nfont-weight:inherit;\npadding:0;\nborder:none;\n}\n.rodotitle~div {\ndisplay:none;\npadding:5px 10px 5px 5px;\nmargin:0;\n\/*border-top:1px dotted #bbb;*\/\nborder-bottom:1px dotted #bbb;\n}\n.rodotitleSml~div {\npadding:20px 0;\nmargin:0;\nborder:none;\n}\n.rodotitle~div ul {\nlist-style-type:none;\npadding:0;\nmargin:0;\n}\n.rodotitle~div ul li {\ntext-indent:0px;\nmargin-left:15px;\n}\n.rodotitle~div ul li a {\ncolor:#000;\n}\n.rodotitle~div ul li:before {\ncontent:'\\00bb\\00a0';\ndisplay:block;\nposition:absolute;\nfloat:left;\ncolor:#b51a29;\nmargin-left:-15px;\n}\nlabel {\nfont-size:13px;\n}\n-->\n<\/style>\n\n<br>\n<div class=\"rodo_col\">\n<ul class=\"rodo_box\">\n<li><div class=\"rodotitle\">\nDolno\u015bl\u0105skie Voivodship\n&nbsp;&#187;<br><\/div>\n<div><ul><li><a href=\"\/en\/why_poland\/investment_incentives\/industrial_and_technology_parks\/walbrzych\">Lower Silesian Technology Park &#8222;T-Park&#8221;<\/a><\/li><li><a href=\"\/en\/why_poland\/investment_incentives\/industrial_and_technology_parks\/nowa_ruda\">Nowa Ruda Industrial Park<\/a><\/li><li><a href=\"\/en\/why_poland\/investment_incentives\/industrial_and_technology_parks\/bukowice\">Bukowice Industrial Park <\/a><\/li><li><a href=\"\/en\/why_poland\/investment_incentives\/industrial_and_technology_parks\/wroclaw\">Wroclaw Industrial Park<\/a><\/li><li><a href=\"\/en\/why_poland\/investment_incentives\/industrial_and_technology_parks\/wroclaw_tp\">Wroc\u0142aw Technology Park<\/a><br><\/li><\/ul><\/div><\/li>\n\n<li>\n\n\n\n\n\n\n<div class=\"rodotitle\">\nKujawsko-Pomorskie Voivodship\n&nbsp;&#187;<br><\/div>\n<div><ul><li><a href=\"\/en\/why_poland\/investment_incentives\/industrial_and_technology_parks\/bydgoszcz\">Bydgoszcz Industrial and Technological Park<\/a><\/li><li><a href=\"\/en\/why_poland\/investment_incentives\/industrial_and_technology_parks\/grudziadz\">Grudzi\u0105dz Industrial Park<\/a><\/li><li><a href=\"\/en\/why_poland\/investment_incentives\/industrial_and_technology_parks\/solec_kujawski\">Industrial Park in Solec Kujawski<\/a><\/li><li><a href=\"\/en\/why_poland\/investment_incentives\/industrial_and_technology_parks\/pluznica\">P\u0142u\u017cnica Investment Park<\/a><\/li><li><a href=\"\/en\/why_poland\/investment_incentives\/industrial_and_technology_parks\/torun\">Toru\u0144 Technology Park<\/a><\/li><li><a href=\"\/en\/why_poland\/investment_incentives\/industrial_and_technology_parks\/swiecie_vistula\">Vistula Park<\/a>\n<\/li><li><a href=\"\/en\/why_poland\/investment_incentives\/industrial_and_technology_parks\/swiecie_vistula\/swiecie_vistula2\/\">Vistula Park II<\/a>\n\n\n\n\n\n\n<\/li><li><a href=\"\/en\/why_poland\/investment_incentives\/industrial_and_technology_parks\/wloclawek\">W\u0142oc\u0142awek Economic Development Area &#8211; Industrial and Technological Park<\/a><br><\/li><\/ul><\/div><\/li>\n\n<li>\n\n\n\n\n\n\n<div class=\"rodotitle\">Lubelskie Voivodship&nbsp;&#187;<br><\/div>\n<div><ul><li><a href=\"\/en\/why_poland\/investment_incentives\/industrial_and_technology_parks\/lublin\">Lublin Science and Technology Park<\/a><\/li><li><a href=\"\/en\/why_poland\/investment_incentives\/industrial_and_technology_parks\/pulawy_pnt\">Pu\u0142awy Science-Technology Park<\/a><\/li><li><a href=\"\/en\/why_poland\/investment_incentives\/industrial_and_technology_parks\/pulawy_pp\">Pu\u0142awy Production Park<\/a><br><\/li><\/ul><\/div>\n<\/li>\n\n<li>\n\n\n\n\n\n\n<div class=\"rodotitle\">Lubuskie Voivodship&nbsp;&#187;<br><\/div>\n<div><ul><li><a href=\"\/en\/why_poland\/investment_incentives\/industrial_and_technology_parks\/zielona_gora\">Lubuski Industrial and Technology Park<\/a><br><\/li><\/ul><\/div>\n<\/li>\n\n<li>\n\n\n\n\n<div class=\"rodotitle\">\u0141\u00f3dzkie Voivodship&nbsp;&#187;<br><\/div>\n<div><ul><li><a href=\"\/en\/why_poland\/investment_incentives\/industrial_and_technology_parks\/belchatow\">Be\u0142chat\u00f3w Kleszcz\u00f3w Industrial And Technological Park<\/a><\/li><li><a href=\"\/en\/why_poland\/investment_incentives\/industrial_and_technology_parks\/lodz\">Bionanopark <\/a><\/li><li><a href=\"\/en\/why_poland\/investment_incentives\/industrial_and_technology_parks\/kutno\">Kutno Agro-Industrial Park<\/a><\/li><li><a href=\"\/en\/why_poland\/investment_incentives\/industrial_and_technology_parks\/zgierz\">Boruta Zgierz Industrial Park<\/a><br><\/li><\/ul><\/div>\n<\/li>\n\n<li>\n\n\n\n\n<div class=\"rodotitle\">Ma\u0142opolskie Voivodship&nbsp;&#187;<br><\/div>\n\n<div><ul><li><a href=\"\/en\/why_poland\/investment_incentives\/industrial_and_technology_parks\/krakow_tp\">Krak\u00f3w Technology Park<\/a><\/li><li><a href=\"\/en\/why_poland\/investment_incentives\/industrial_and_technology_parks\/nowy_sacz\">MMC Brainville<\/a><\/li><li><a href=\"\/en\/why_poland\/investment_incentives\/industrial_and_technology_parks\/krakow_lifescience\">Life Science Park<\/a><\/li>\n<li><a href=\"https:\/\/www.paih.gov.pl\/en\/why-poland\/investment-incentives\/industrial-and-technology-parks\/branice\/\">Science and Technology Park &#8220;Branice&#8221;<\/a><br><\/li>\n<\/ul><\/div>\n<\/li>\n<li>\n<div class=\"rodotitle\">Mazowieckie Voivodship&nbsp;&#187;<\/div>\n<div><ul><li><a href=\"\/en\/why_poland\/investment_incentives\/industrial_and_technology_parks\/otwock\">Science and Technology Park \u201e\u015awierk\u201d<\/a><br><\/li><li><a href=\"\/en\/why_poland\/investment_incentives\/industrial_and_technology_parks\/plock\">P\u0142ock Industrial and Technological Park<\/a><br><\/li><\/ul><\/div>\n<\/li>\n<li>\n<div class=\"rodotitle\">Opolskie Voivodship&nbsp;&#187;<br><\/div>\n<div><ul><li><a href=\"\/en\/why_poland\/investment_incentives\/industrial_and_technology_parks\/kedzierzyn_kozle\">K\u0119dzierzyn-Ko\u017ale Industrial Park<\/a><\/li><li><a href=\"\/en\/why_poland\/investment_incentives\/industrial_and_technology_parks\/opole_stp\">Science and Technology Park in Opole<\/a><br><\/li><\/ul><\/div>\n<\/li><\/ul><\/div>\n\n<div class=\"rodo_col\">\n<ul class=\"rodo_box\">\n<li>\n<div class=\"rodotitle\">Podkarpackie Voivodship&nbsp;&#187;<br><\/div>\n<div><ul><li><a href=\"\/en\/why_poland\/investment_incentives\/industrial_and_technology_parks\/mielec\">Mielec Industrial Park<\/a><\/li><li><a href=\"\/en\/why_poland\/investment_incentives\/industrial_and_technology_parks\/lezajsk\">Industrial Park of the Le\u017cajsk Commune<\/a><\/li><li><a href=\"\/en\/why_poland\/investment_incentives\/industrial_and_technology_parks\/rzeszow\">Podkarpackie Science and Technology Park AEROPOLIS<\/a><\/li><li><a href=\"\/en\/why_poland\/investment_incentives\/industrial_and_technology_parks\/tarnobrzeg\">Tarnobrzeg Industrial and Technology Park<\/a><br><\/li><\/ul><\/div>\n<\/li>\n<li>\n<div class=\"rodotitle\">Podlaskie Voivodship&nbsp;&#187;<br><\/div>\n\n<div><ul><li><a href=\"\/en\/why_poland\/investment_incentives\/industrial_and_technology_parks\/bialystok\">Bia\u0142ystok Science and Technology Park<\/a><\/li><li><a href=\"\/en\/why_poland\/investment_incentives\/industrial_and_technology_parks\/suwalki\">Science and Technology Park Poland-East in Suwa\u0142ki<\/a><\/li><li><a href=\"\/en\/why_poland\/investment_incentives\/industrial_and_technology_parks\/lomza\">\u0141om\u017ca Industrial Park<\/a><\/li><li><a href=\"\/en\/why_poland\/investment_incentives\/industrial_and_technology_parks\/czarna_bialostocka\">Podlaski Industrial Park\n\n\n\n\n<\/a><br><\/li><\/ul><\/div>\n<\/li>\n<li>\n<div class=\"rodotitle\">Pomorskie Voivodship&nbsp;&#187;<br><\/div>\n\n<div><ul><li><a href=\"\/en\/why_poland\/investment_incentives\/industrial_and_technology_parks\/gdansk\">Gda\u0144sk Science and Technology Park<\/a><\/li><li><a href=\"\/en\/why_poland\/investment_incentives\/industrial_and_technology_parks\/kwidzyn\">Kwidzyn Industry and Technology Park\n<\/a><\/li><li><a href=\"\/en\/why_poland\/investment_incentives\/industrial_and_technology_parks\/cierznie\">Green Industrial Park Cierznie\n\n\n<\/a><\/li><li><a href=\"\/en\/why_poland\/investment_incentives\/industrial_and_technology_parks\/gdynia\">Pomeranian Science and Technology Park Gdynia<\/a><\/li><li><a href=\"\/en\/why_poland\/investment_incentives\/industrial_and_technology_parks\/slupsk\">S\u0142upsk Technology Incubator<\/a><\/li><\/ul><\/div>\n<\/li>\n\n<li>\n\n\n\n<div class=\"rodotitle\">\u015al\u0105skie Voivodship&nbsp;&#187;<br><\/div>\n\n\n<div><ul><li><a href=\"\/en\/why_poland\/investment_incentives\/industrial_and_technology_parks\/gliwice_auro_business_park\">AURO Business Park in Gliwice<\/a><\/li><li><a href=\"\/en\/why_poland\/investment_incentives\/industrial_and_technology_parks\/bielsko\">Bielsko Aviation Technology Park<\/a><\/li><li><a href=\"\/en\/why_poland\/investment_incentives\/industrial_and_technology_parks\/bytom\">Bytom Industrial Park<\/a><\/li><li><a href=\"\/en\/why_poland\/investment_incentives\/industrial_and_technology_parks\/katowice_euro_center_stp\">Euro-Center Science and Technology Park\n<\/a><\/li><li><a href=\"\/en\/why_poland\/investment_incentives\/industrial_and_technology_parks\/katowice_euro_center_ip\">Euro-Center Park<\/a><\/li>\n<li><a href=\"\/en\/why_poland\/investment_incentives\/industrial_and_technology_parks\/katowice_usip\">GPP Business Park<\/a><\/li>\n<li><a href=\"\/en\/why_poland\/investment_incentives\/industrial_and_technology_parks\/tychy\">IT LOFT Park in Tychy<\/a><\/li><li><a href=\"\/en\/why_poland\/investment_incentives\/industrial_and_technology_parks\/gliwice_technopark\">Science and Technology Park &#8220;Technopark Gliwice&#8221;<\/a><\/li><li><a href=\"\/en\/why_poland\/investment_incentives\/industrial_and_technology_parks\/piekary_slaskie\">Industrial and Technological Park in Piekary \u015al\u0105skie<\/a><\/li><li><a href=\"\/en\/why_poland\/investment_incentives\/industrial_and_technology_parks\/ruda_slaska_bi\">Ruda \u015al\u0105ska Business Incubator<\/a><\/li><li><a href=\"\/en\/why_poland\/investment_incentives\/industrial_and_technology_parks\/sosnowiec\">Sosnowiec Science and Technology Park<\/a><br><\/li><li><a href=\"\/en\/why_poland\/investment_incentives\/industrial_and_technology_parks\/katowice_synergy\">Synergy Park<\/a><\/li><li><a href=\"\/en\/why_poland\/investment_incentives\/industrial_and_technology_parks\/ruda_slaska_sbi\">Silesian Business Incubator<\/a><\/li><li><a href=\"\/en\/why_poland\/investment_incentives\/industrial_and_technology_parks\/ruda_slaska_ip\">Silesian Industrial and Technological Park<\/a><\/li>\n<li><a href=\"\/en\/why_poland\/investment_incentives\/industrial_and_technology_parks\/zawiercie\">Industrial and Technological Park in Zawiercie<\/a><br><\/li><li><a href=\"\/en\/why_poland\/investment_incentives\/industrial_and_technology_parks\/zory_ip\">\u017bory Industrial Park<\/a><br><\/li>\n<\/ul><\/div>\n\n\n\n\n\n\n\n<\/li>\n<li>\n<div class=\"rodotitle\">\u015awi\u0119tokrzyskie Voivodship&nbsp;&#187;<br><\/div>\n\n<div><ul><li><a href=\"\/en\/why_poland\/investment_incentives\/industrial_and_technology_parks\/kielce\">Kielce Technology Park<\/a><\/li><li><a href=\"\/en\/why_poland\/investment_incentives\/industrial_and_technology_parks\/checiny\">Regional Science and Technology Center<\/a><\/li><\/ul><\/div>\n\n\n\n\n\n\n\n\n<\/li>\n<li>\n<div class=\"rodotitle\">Warmi\u0144sko-Mazurskie Voivodship&nbsp;&#187;<br><\/div>\n\n<div><ul><li><a href=\"\/en\/why_poland\/investment_incentives\/industrial_and_technology_parks\/elblag\">Elbl\u0105g Technology Park<\/a><\/li><li><a href=\"\/en\/why_poland\/investment_incentives\/industrial_and_technology_parks\/olsztyn\">Olsztyn Science and Technology Park <\/a><br><\/li><li><a href=\"\/en\/why_poland\/investment_incentives\/industrial_and_technology_parks\/elk\">The E\u0142k Science and Technology Park <\/a><\/li><\/ul><\/div>\n\n\n\n\n\n<\/li>\n<li>\n<div class=\"rodotitle\">Wielkopolskie Voivodship&nbsp;&#187;<br><\/div>\n\n<div><ul><li><a href=\"\/en\/why_poland\/investment_incentives\/industrial_and_technology_parks\/eureka_tp\">Eureka Technology Park <\/a><br><\/li><li><a href=\"\/en\/why_poland\/investment_incentives\/industrial_and_technology_parks\/kalisz\">Kalisz Technological Incubator\n\n<\/a><br><\/li><li><a href=\"\/en\/why_poland\/investment_incentives\/industrial_and_technology_parks\/lubon\">\nLUVENA Industrial Park <\/a><br><\/li><li><a href=\"\/en\/why_poland\/investment_incentives\/industrial_and_technology_parks\/poznan_stp\">\nPoznan Science and Technology Park of Adam Mickiewicz University Foundation <\/a><br><\/li><li><a href=\"\/en\/why_poland\/investment_incentives\/industrial_and_technology_parks\/poznan_tip\">\nPozna\u0144 Technology and Industry Park\n\n<\/a><br><\/li><!--<li><a href=\"\/en\/why_poland\/investment_incentives\/industrial_and_technology_parks\/srem\">\n\u015arem Investment Park<\/a><br><\/li>--><li><a href=\"\/en\/why_poland\/investment_incentives\/industrial_and_technology_parks\/younick_tp\">YouNick Technology Park<\/a><\/li><\/ul>\n<\/div><\/li>\n\n<li>\n\n\n\n\n\n\n\n\n\n\n\n\n\n\n<div class=\"rodotitle\">Zachodniopomorskie Voivodship&nbsp;&#187;<br><\/div>\n\n\n<div><ul>\n\n\n<li><a href=\"\/en\/why_poland\/investment_incentives\/industrial_and_technology_parks\/bialogard\">Bia\u0142ogard Investment Park INVEST-PARK <\/a><br><\/li>\n\n\n<li><a href=\"\/en\/why_poland\/investment_incentives\/industrial_and_technology_parks\/goleniow\">Goleni\u00f3w Industrial Park <\/a><br><\/li>\n\n\n<li><a href=\"\/en\/why_poland\/investment_incentives\/industrial_and_technology_parks\/koszalin\">Technology Park in Koszalin <\/a><br><\/li>\n\n\n<li><a href=\"\/en\/why_poland\/investment_incentives\/industrial_and_technology_parks\/stargard_htip\">High Technologies Industrial Park in Stargard <\/a><br><\/li>\n\n\n<li><a href=\"\/en\/why_poland\/investment_incentives\/industrial_and_technology_parks\/gryfino\">Regional Park in Gryfino <\/a><br><\/li>\n\n\n<li><a href=\"\/en\/why_poland\/investment_incentives\/industrial_and_technology_parks\/stargard_ip\">Industrial Park in Stargard<\/a><br><\/li>\n\n\n<!--<li><a href=\"\/en\/why_poland\/investment_incentives\/industrial_and_technology_parks\/szczecin_ip\">Stocznia Szczeci\u0144ska &#8222;Wulkan&#8221; sp. z o.o.<\/a><br><\/li>-->\n\n\n<li><a href=\"\/en\/why_poland\/investment_incentives\/industrial_and_technology_parks\/szczecin_technopark_pomerania\">Technopark Pomerania <\/a><\/li><\/ul><\/div><\/li>\n\n<\/ul>\n<br><br>\n\n<script language=\"JavaScript\">\n<!--\ntitles=jQuery('.rodotitle');\ntitles.click(function(){\nif ((jQuery(this).next('div').is(':hidden')))\njQuery('.rodotitle~div').hide(150);\njQuery(this).next('div').toggle(150);\n});\n-->\n<\/script><\/div>\n","protected":false},"excerpt":{"rendered":"<p>Industrial&nbsp;and technology parks are places which, due to a concentrations of firms from one sector and supporting science and research facilities, are enabled to develop quickly. This is a pro-development model that is increasingly being implemented in our country. The facilities being offered, are applicable both to Polish and foreign businesses.&nbsp; &#187; Though there are [&hellip;]<\/p>\n","protected":false},"author":4,"featured_media":0,"parent":10222,"menu_order":0,"comment_status":"closed","ping_status":"open","template":"","meta":{"inline_featured_image":false,"_themeisle_gutenberg_block_has_review":false,"footnotes":"","_links_to":"","_links_to_target":""},"acf":{"template_hide_top_photo":false,"template_btn_contact_disable":false,"template_btn_contact_link":"","template_btn_contact_text":"","_hide_from_search_wp":false,"_hide_from_search_engines":false},"_links":{"self":[{"href":"https:\/\/www.paih.gov.pl\/en\/wp-json\/wp\/v2\/pages\/8576"}],"collection":[{"href":"https:\/\/www.paih.gov.pl\/en\/wp-json\/wp\/v2\/pages"}],"about":[{"href":"https:\/\/www.paih.gov.pl\/en\/wp-json\/wp\/v2\/types\/page"}],"author":[{"embeddable":true,"href":"https:\/\/www.paih.gov.pl\/en\/wp-json\/wp\/v2\/users\/4"}],"replies":[{"embeddable":true,"href":"https:\/\/www.paih.gov.pl\/en\/wp-json\/wp\/v2\/comments?post=8576"}],"version-history":[{"count":13,"href":"https:\/\/www.paih.gov.pl\/en\/wp-json\/wp\/v2\/pages\/8576\/revisions"}],"predecessor-version":[{"id":206066,"href":"https:\/\/www.paih.gov.pl\/en\/wp-json\/wp\/v2\/pages\/8576\/revisions\/206066"}],"up":[{"embeddable":true,"href":"https:\/\/www.paih.gov.pl\/en\/wp-json\/wp\/v2\/pages\/10222"}],"wp:attachment":[{"href":"https:\/\/www.paih.gov.pl\/en\/wp-json\/wp\/v2\/media?parent=8576"}],"curies":[{"name":"wp","href":"https:\/\/api.w.org\/{rel}","templated":true}]}}