{"id":17588,"date":"2023-09-01T13:31:27","date_gmt":"2023-09-01T11:31:27","guid":{"rendered":"https:\/\/www.paih.gov.pl\/?p=17588"},"modified":"2026-02-20T11:32:07","modified_gmt":"2026-02-20T10:32:07","slug":"zory-ip","status":"publish","type":"page","link":"https:\/\/www.paih.gov.pl\/en\/why-poland\/investment-incentives\/industrial-and-technology-parks\/zory-ip\/","title":{"rendered":"\u017bory Industrial Park"},"content":{"rendered":"\n<p align=\"center\"><a title=\"\u017bory Industrial Park\" href=\"https:\/\/gapr.pl\/en\/\" target=\"_blank\" rel=\"noopener\"><img decoding=\"async\" src=\"\/wp-content\/uploads\/sites\/2\/0\/111901\/111916.png\" border=\"0\"><\/a><\/p><div style=\"text-align: right;\"><b><a href=\"https:\/\/www.paih.gov.pl\/dlaczego_polska\/zachety_inwestycyjne\/parki_przemyslowe_i_technologiczne\/zory\">PL<\/a> | EN<\/b><br><br><\/div><p align=\"justify\">The \u017bory Industrial Park is a complex of production halls and warehouses as well as social and office buildings. It was established on the premises of the bankrupt Rybnik Coal Building Company, using the existing infrastructure, which has been thoroughly modernised.<\/p><p align=\"justify\"><strong><br>Location<\/strong><br><\/p><p align=\"justify\">The \u017bory Industrial Park is located in the northern part of \u017bory; in close proximity to Katowice &#8211; the capital of the \u015al\u0105skie Voivodship (approx. 30 km), DK No. 81 Katowice-Cieszyn (approx. 2 km), A1 motorway (approx. 10 km), A4 motorway (approx. 30 km) and in close proximity to the border with the Czech Republic (approx. 40 km).<br><\/p><p align=\"justify\"><b><br><\/b><strong>Offer<\/strong><br><\/p><p align=\"justify\">\u017borski Industrial Park offers:<\/p><div align=\"justify\"><ul><li align=\"justify\">Internet and telephone access,<\/li><li align=\"justify\">conference room rental;<\/li><li align=\"justify\">administrative and office services;<\/li><li align=\"justify\">advisory and training support in management, finances, implementation of own and acquired technologies, quality management and others;<\/li><li align=\"justify\">assistance in obtaining EU funds and searching for sources of business financing;<\/li><li align=\"justify\">loans from the Loan Fund;<\/li><li align=\"justify\">access to services offered by Upper Silesian Accelerator for Commercial Enterprise, including the Regional Innovation and Technology Transfer Centre and the Entrepreneurship Support Centre;<\/li><li align=\"justify\">matchmaking of business partners;<\/li><li align=\"justify\">the favourable environment of other entrepreneurs in the Park.<br><\/li><\/ul><\/div><p align=\"justify\"><strong><br>Contact<\/strong><\/p><p align=\"justify\">\u017borski Industrial Park<br>ul. Boczna 8<br>44-240 \u017bory<br>tel: +48 32 756 00 00<br>fax: +48 32 756 00 05<br>e-mail: <a href=\"mailto: gapr@gapr.pl\"> gapr@gapr.pl<\/a><br><a href=\"https:\/\/gapr.pl\/en\/\" target=\"_blank\" rel=\"noopener\">www.gapr.pl<\/a><\/p>\n\n\n\n<div style=\"height:60px\" aria-hidden=\"true\" class=\"wp-block-spacer\"><\/div>\n\n\n\n<a title=\"back\" href=\"https:\/\/www.paih.gov.pl\/en\/why-poland\/investment-incentives\/industrial-and-technology-parks\/\" class=\"button_back\">back<\/a>\n","protected":false},"excerpt":{"rendered":"<p>PL | EN The \u017bory Industrial Park is a complex of production halls and warehouses as well as social and office buildings. It was established on the premises of the bankrupt Rybnik Coal Building Company, using the existing infrastructure, which has been thoroughly modernised. Location The \u017bory Industrial Park is located in the northern part [&hellip;]<\/p>\n","protected":false},"author":65,"featured_media":0,"parent":8576,"menu_order":0,"comment_status":"closed","ping_status":"open","template":"","meta":{"inline_featured_image":false,"_themeisle_gutenberg_block_has_review":false,"footnotes":"","_links_to":"","_links_to_target":""},"acf":{"template_hide_top_photo":false,"template_btn_contact_disable":false,"template_btn_contact_link":"","template_btn_contact_text":"","_hide_from_search_wp":false,"_hide_from_search_engines":false},"_links":{"self":[{"href":"https:\/\/www.paih.gov.pl\/en\/wp-json\/wp\/v2\/pages\/17588"}],"collection":[{"href":"https:\/\/www.paih.gov.pl\/en\/wp-json\/wp\/v2\/pages"}],"about":[{"href":"https:\/\/www.paih.gov.pl\/en\/wp-json\/wp\/v2\/types\/page"}],"author":[{"embeddable":true,"href":"https:\/\/www.paih.gov.pl\/en\/wp-json\/wp\/v2\/users\/65"}],"replies":[{"embeddable":true,"href":"https:\/\/www.paih.gov.pl\/en\/wp-json\/wp\/v2\/comments?post=17588"}],"version-history":[{"count":3,"href":"https:\/\/www.paih.gov.pl\/en\/wp-json\/wp\/v2\/pages\/17588\/revisions"}],"predecessor-version":[{"id":206120,"href":"https:\/\/www.paih.gov.pl\/en\/wp-json\/wp\/v2\/pages\/17588\/revisions\/206120"}],"up":[{"embeddable":true,"href":"https:\/\/www.paih.gov.pl\/en\/wp-json\/wp\/v2\/pages\/8576"}],"wp:attachment":[{"href":"https:\/\/www.paih.gov.pl\/en\/wp-json\/wp\/v2\/media?parent=17588"}],"curies":[{"name":"wp","href":"https:\/\/api.w.org\/{rel}","templated":true}]}}