{"id":17587,"date":"2023-09-01T09:11:29","date_gmt":"2023-09-01T07:11:29","guid":{"rendered":"https:\/\/www.paih.gov.pl\/?p=17587"},"modified":"2026-02-20T11:15:08","modified_gmt":"2026-02-20T10:15:08","slug":"bytom","status":"publish","type":"page","link":"https:\/\/www.paih.gov.pl\/en\/why-poland\/investment-incentives\/industrial-and-technology-parks\/bytom\/","title":{"rendered":"Bytom Industrial Park"},"content":{"rendered":"\n<p align=\"center\"><a title=\"Bytom Industrial Park\" href=\"https:\/\/gapr.pl\/en\/\" target=\"_blank\" rel=\"noopener\"><img decoding=\"async\" src=\"\/wp-content\/uploads\/sites\/2\/0\/111901\/111963.png\" border=\"0\"><\/a><\/p><div style=\"text-align: right;\"><b><a href=\"https:\/\/www.paih.gov.pl\/dlaczego_polska\/zachety_inwestycyjne\/parki_przemyslowe_i_technologiczne\/bytom\">PL<\/a> | EN<\/b><br><br><\/div><p align=\"justify\">Bytom Industrial Park has been operating since January 2008. The Management Company of Park is the Upper Silesian Accelerator for Commercial Enterprises.<\/p><p align=\"justify\"><strong><br>Location<\/strong><br><\/p><p align=\"justify\">The park is located in the immediate vicinity of the national road No. 94 Krak\u00f3w-Wroc\u0142aw, approx. 15 km from the city of Katowice, approx. 2 km from the national road No. 79 in the direction of Warsaw-Krak\u00f3w-Jaworzno-Katowice. It is located approx. 8 km from the Bytom section of the Northern Ring Road of the Upper Silesian Agglomeration (Strzelc\u00f3w Bytomskich area), from which an access connection to the A1 motorway and further to the airport in Pyrzowice is planned.<br><\/p><p align=\"justify\"><b><br><\/b><strong>Offer<\/strong><br><\/p><p align=\"justify\">Services offered by the Park:<\/p><div align=\"justify\"><ul><li align=\"justify\">5,800 sq. m of rentable space: offices, production and warehouse halls,<\/li><li align=\"justify\">2 ha of investment areas,<\/li><li align=\"justify\">Internet and telephone connections,<\/li><li align=\"justify\">matching business partners,<\/li><li align=\"justify\">favorable environment of other entrepreneurs operating in the Park,<\/li><li align=\"justify\">access to services offered by Upper Silesian Accelerator for Commercial Enterprises.<br><\/li><\/ul><\/div><p align=\"justify\"><strong><br>Contact<\/strong><\/p><p align=\"justify\">Bytom Industrial Park<br>ul. Siemianowicka 98<br>41-902 Bytom<br>tel: +48 32 789 53 04<br><br>Upper Silesian Accelerator for Commercial Enterprises<br>ul. Wincentego Pola 16 <br>44-100 Gliwice<br>tel: +48 32 33 93 110<br>fax: +48 32 33 93 117<br>e-mail: <a href=\"mailto:gapr@gapr.pl\">gapr@gapr.pl<\/a><br><a href=\"https:\/\/gapr.pl\/en\/\" target=\"_blank\" rel=\"noopener\">www.gapr.pl <\/a><\/p>\n\n\n\n<div style=\"height:60px\" aria-hidden=\"true\" class=\"wp-block-spacer\"><\/div>\n\n\n\n<a title=\"back\" href=\"https:\/\/www.paih.gov.pl\/en\/why-poland\/investment-incentives\/industrial-and-technology-parks\/\" class=\"button_back\">back<\/a>\n","protected":false},"excerpt":{"rendered":"<p>PL | EN Bytom Industrial Park has been operating since January 2008. The Management Company of Park is the Upper Silesian Accelerator for Commercial Enterprises. Location The park is located in the immediate vicinity of the national road No. 94 Krak\u00f3w-Wroc\u0142aw, approx. 15 km from the city of Katowice, approx. 2 km from the national [&hellip;]<\/p>\n","protected":false},"author":65,"featured_media":0,"parent":8576,"menu_order":0,"comment_status":"closed","ping_status":"open","template":"","meta":{"inline_featured_image":false,"_themeisle_gutenberg_block_has_review":false,"footnotes":"","_links_to":"","_links_to_target":""},"acf":{"template_hide_top_photo":false,"template_btn_contact_disable":false,"template_btn_contact_link":"","template_btn_contact_text":"","_hide_from_search_wp":false,"_hide_from_search_engines":false},"_links":{"self":[{"href":"https:\/\/www.paih.gov.pl\/en\/wp-json\/wp\/v2\/pages\/17587"}],"collection":[{"href":"https:\/\/www.paih.gov.pl\/en\/wp-json\/wp\/v2\/pages"}],"about":[{"href":"https:\/\/www.paih.gov.pl\/en\/wp-json\/wp\/v2\/types\/page"}],"author":[{"embeddable":true,"href":"https:\/\/www.paih.gov.pl\/en\/wp-json\/wp\/v2\/users\/65"}],"replies":[{"embeddable":true,"href":"https:\/\/www.paih.gov.pl\/en\/wp-json\/wp\/v2\/comments?post=17587"}],"version-history":[{"count":2,"href":"https:\/\/www.paih.gov.pl\/en\/wp-json\/wp\/v2\/pages\/17587\/revisions"}],"predecessor-version":[{"id":206105,"href":"https:\/\/www.paih.gov.pl\/en\/wp-json\/wp\/v2\/pages\/17587\/revisions\/206105"}],"up":[{"embeddable":true,"href":"https:\/\/www.paih.gov.pl\/en\/wp-json\/wp\/v2\/pages\/8576"}],"wp:attachment":[{"href":"https:\/\/www.paih.gov.pl\/en\/wp-json\/wp\/v2\/media?parent=17587"}],"curies":[{"name":"wp","href":"https:\/\/api.w.org\/{rel}","templated":true}]}}