{"id":11572,"date":"2017-09-07T16:09:18","date_gmt":"2017-09-07T14:09:18","guid":{"rendered":"https:\/\/www.paih.gov.pl\/?p=11572"},"modified":"2026-02-20T11:27:47","modified_gmt":"2026-02-20T10:27:47","slug":"ruda-slaska-sbi","status":"publish","type":"page","link":"https:\/\/www.paih.gov.pl\/en\/why-poland\/investment-incentives\/industrial-and-technology-parks\/ruda-slaska-sbi\/","title":{"rendered":"Silesian Business Incubator"},"content":{"rendered":"\n<p align=\"center\"><a title=\"Silesian Business Incubator\" href=\"http:\/\/inkubatorsl.pl\/\" target=\"_blank\" rel=\"noopener\"><img decoding=\"async\" src=\"\/wp-content\/uploads\/sites\/2\/0\/129401\/129425.png\" border=\"0\"><\/a><\/p><div style=\"text-align: right;\"><b><a href=\"https:\/\/www.paih.gov.pl\/dlaczego_polska\/zachety_inwestycyjne\/parki_przemyslowe_i_technologiczne\/sip_ruda_slaska\">PL<\/a> | EN<\/b><br><br><\/div><p align=\"justify\">The Silesian Business Incubator Sp. z o.o. is a business environment organization, established by the city of Ruda \u015al\u0105ska, which has as its aim to foster the development of entrepreneurship. It is not profit-oriented. It focuses on creating favourable conditions for the development of companies, especially those whose area of activity is of an innovative character, offering IT and advisory services, co-working, networking, office space, funds for development, training and various events. As a dynamic centre of advancement, it develops the areas where business, science and self-government organisations cooperate. It ensures access to infrastructure that enables conducting business activity under flexible time and location conditions, access to education, initiating and promoting pioneering technologies. Actively develops the idea of a knowledge-based society, in which employee&#8217;s knowledge and skills determine his or her professional and social position.<\/p><p align=\"justify\"><strong><br>Location<\/strong><br><\/p><p align=\"justify\">The Silesian Business Incubator is located in Ruda \u015al\u0105ska in the centre of the Upper Silesia and Zag\u0142\u0119bie Metropolis. A great advantage is the collision-free access via the A4 motorway and the DT\u015a.<br><\/p><p align=\"justify\"><b><br><\/b><strong>Offer<\/strong><br><\/p><div align=\"justify\"><ul><li align=\"justify\">obtaining grants and loans from the European Union funds,<\/li><li align=\"justify\">implementation of EU projects,<\/li><li align=\"justify\">rental of office space and warehouses,<\/li><li align=\"justify\">rental of training rooms,<\/li><li align=\"justify\">desks for starting\/ Co-working,<\/li><li align=\"justify\">virtual office and virtual address,<\/li><li align=\"justify\">organization of training and conferences,<\/li><li align=\"justify\">pro-innovation services.<br><\/li><\/ul><\/div><p align=\"justify\"><strong><br>Contact<\/strong><\/p><p align=\"justify\">Silesian Business Incubator<br>ul. Karola Goduli 36<br>41-703 Ruda \u015al\u0105ska<br>tel: +48 32 342 22 30<br>e-mail: <a href=\"mailto:info@inkubatorsl.pl\">info@inkubatorsl.pl<\/a><br><a href=\"http:\/\/inkubatorsl.pl\/\" target=\"_blank\" rel=\"noopener\">www.inkubatorsl.pl<\/a><\/p>\n\n\n\n<div style=\"height:60px\" aria-hidden=\"true\" class=\"wp-block-spacer\"><\/div>\n\n\n\n<a title=\"back\" href=\"https:\/\/www.paih.gov.pl\/en\/why-poland\/investment-incentives\/industrial-and-technology-parks\/\" class=\"button_back\">back<\/a>\n","protected":false},"excerpt":{"rendered":"<p>PL | EN The Silesian Business Incubator Sp. z o.o. is a business environment organization, established by the city of Ruda \u015al\u0105ska, which has as its aim to foster the development of entrepreneurship. It is not profit-oriented. It focuses on creating favourable conditions for the development of companies, especially those whose area of activity is [&hellip;]<\/p>\n","protected":false},"author":5,"featured_media":0,"parent":8576,"menu_order":0,"comment_status":"closed","ping_status":"open","template":"","meta":{"inline_featured_image":false,"_themeisle_gutenberg_block_has_review":false,"footnotes":"","_links_to":"","_links_to_target":""},"acf":{"template_hide_top_photo":false,"template_btn_contact_disable":false,"template_btn_contact_link":"","template_btn_contact_text":"","_hide_from_search_wp":false,"_hide_from_search_engines":false},"_links":{"self":[{"href":"https:\/\/www.paih.gov.pl\/en\/wp-json\/wp\/v2\/pages\/11572"}],"collection":[{"href":"https:\/\/www.paih.gov.pl\/en\/wp-json\/wp\/v2\/pages"}],"about":[{"href":"https:\/\/www.paih.gov.pl\/en\/wp-json\/wp\/v2\/types\/page"}],"author":[{"embeddable":true,"href":"https:\/\/www.paih.gov.pl\/en\/wp-json\/wp\/v2\/users\/5"}],"replies":[{"embeddable":true,"href":"https:\/\/www.paih.gov.pl\/en\/wp-json\/wp\/v2\/comments?post=11572"}],"version-history":[{"count":3,"href":"https:\/\/www.paih.gov.pl\/en\/wp-json\/wp\/v2\/pages\/11572\/revisions"}],"predecessor-version":[{"id":206117,"href":"https:\/\/www.paih.gov.pl\/en\/wp-json\/wp\/v2\/pages\/11572\/revisions\/206117"}],"up":[{"embeddable":true,"href":"https:\/\/www.paih.gov.pl\/en\/wp-json\/wp\/v2\/pages\/8576"}],"wp:attachment":[{"href":"https:\/\/www.paih.gov.pl\/en\/wp-json\/wp\/v2\/media?parent=11572"}],"curies":[{"name":"wp","href":"https:\/\/api.w.org\/{rel}","templated":true}]}}