{"id":10825,"date":"2015-07-14T18:12:43","date_gmt":"2015-07-14T16:12:43","guid":{"rendered":"https:\/\/www.paih.gov.pl\/?p=10825"},"modified":"2026-02-20T10:24:33","modified_gmt":"2026-02-20T09:24:33","slug":"branice","status":"publish","type":"page","link":"https:\/\/www.paih.gov.pl\/en\/why-poland\/investment-incentives\/industrial-and-technology-parks\/branice\/","title":{"rendered":"Science and Technology Park &#8220;Branice&#8221;"},"content":{"rendered":"\n<!--<p align=\"center\"><a title=\"Branice Science and Technology Park\" href=\"https:\/\/knhp.com.pl\/\" target=\"_blank\" rel=\"noopener\"><img decoding=\"async\" src=\"\/_img\/_pictures\/.jpg\" border=\"0\"><\/a><\/p>--><div style=\"text-align: right;\"><b><a href=\"https:\/\/www.paih.gov.pl\/dlaczego_polska\/zachety_inwestycyjne\/parki_przemyslowe_i_technologiczne\/branice\">PL<\/a> | EN<\/b><br><br><\/div><p align=\"justify\">The park is a crucial component of the strategic project &#8220;Krakow &#8211; Nowa Huta Przysz\u0142o\u015bci&#8221; (Krakow &#8211; New Huta of the Future). Its purpose is to stimulate and revitalise the economy of the eastern part of Krakow and Ma\u0142opolska. For this reason, the programme concept assumes the implementation of activities that support the development and execution of innovative projects in the city and the region. The project aims to create office, industrial, and laboratory infrastructure primarily for small and medium-sized companies in modern industries. A complex of facilities will be built, offering office, laboratory, workshop, conference, and exhibition spaces, complemented by a range of accompanying services.<\/p><p align=\"justify\">The space is intended for companies specialising in the so-called smart specialisations of the Ma\u0142opolska Region:<\/p><ul><li align=\"justify\">Chemistry<\/li><li align=\"justify\">IT technologies<\/li><li align=\"justify\">Biotechnology<\/li><li align=\"justify\">Sustainable energy<\/li><li align=\"justify\">Metal production<\/li><li align=\"justify\">Electronics<\/li><li align=\"justify\">Creative and leisure industries<strong><br><\/strong><\/li><\/ul><p align=\"justify\"><strong><br>Location<\/strong><br><\/p><p align=\"justify\">The Science and Technology Park &#8220;Branice&#8221; is located in the eastern part of the city of Krakow, in post-industrial areas, specifically in the Nowa Huta district (Branice area), approximately 6 km from the centre of Nowa Huta and about 13 km from the centre of Krakow. The designated area for the investment is situated in the eastern part of the ArcelorMittal Poland S.A. metallurgical plant, along Igo\u0142omska Street. The Science and Technology Park &#8220;Branice&#8221; falls within the Local Spatial Development Plans (MPZP) called &#8220;Nowa Huta Przysz\u0142o\u015bci &#8211; Igo\u0142omska P\u00f3\u0142noc&#8221; and &#8220;Nowa Huta Przysz\u0142o\u015bci &#8211; Igo\u0142omska Po\u0142udnie.&#8221; The park is located near the A4 Motorway, part of the longest European route E40 connecting Western Europe with Asian countries, and the S7 expressway on the north-south axis. The park also has a railway siding. In the immediate vicinity of the park, there is a grass airport with international certification in Pobiednik-Wielki and the regional Krak\u00f3w Airport.<br><\/p><p align=\"justify\"><b><br><\/b><strong>Offer<\/strong><br><\/p><div align=\"justify\"><ul><li align=\"justify\">support for innovative projects;<\/li><li align=\"justify\">support for the implementation of research and development projects;<\/li><li align=\"justify\">access to high-end equipment for students, young entrepreneurs, and inventors;<\/li><li align=\"justify\">professional advice on supporting innovative initiatives and searching for strategic partners for new projects;<\/li><li align=\"justify\">support and promotion of ecological solutions and principles of sustainable development.<strong><br><\/strong><\/li><\/ul><\/div><p align=\"justify\"><strong><br>Contact<\/strong><\/p><p align=\"justify\">Krak\u00f3w Nowa Huta Przysz\u0142o\u015bci S.A. (managing authority) <br>Osiedle Willowe 30 <br>31-902 Krak\u00f3w <br>tel: +48 727 432 104<br>e-mail: <a href=\"mailto:biuro@knhp.com.pl \">biuro@knhp.com.pl<\/a><br><a href=\"https:\/\/knhp.com.pl\/\" target=\"_blank\" rel=\"noopener\">www.knhp.com.pl<\/a><\/p>\n\n\n\n<div style=\"height:60px\" aria-hidden=\"true\" class=\"wp-block-spacer\"><\/div>\n\n\n\n<a title=\"back\" href=\"https:\/\/www.paih.gov.pl\/en\/why-poland\/investment-incentives\/industrial-and-technology-parks\/\" class=\"button_back\">back<\/a>\n","protected":false},"excerpt":{"rendered":"<p>PL | EN The park is a crucial component of the strategic project &#8220;Krakow &#8211; Nowa Huta Przysz\u0142o\u015bci&#8221; (Krakow &#8211; New Huta of the Future). Its purpose is to stimulate and revitalise the economy of the eastern part of Krakow and Ma\u0142opolska. For this reason, the programme concept assumes the implementation of activities that support [&hellip;]<\/p>\n","protected":false},"author":5,"featured_media":0,"parent":8576,"menu_order":0,"comment_status":"closed","ping_status":"open","template":"","meta":{"inline_featured_image":false,"_themeisle_gutenberg_block_has_review":false,"footnotes":"","_links_to":"","_links_to_target":""},"acf":{"template_hide_top_photo":false,"template_btn_contact_disable":false,"template_btn_contact_link":"","template_btn_contact_text":"","_hide_from_search_wp":false,"_hide_from_search_engines":false},"_links":{"self":[{"href":"https:\/\/www.paih.gov.pl\/en\/wp-json\/wp\/v2\/pages\/10825"}],"collection":[{"href":"https:\/\/www.paih.gov.pl\/en\/wp-json\/wp\/v2\/pages"}],"about":[{"href":"https:\/\/www.paih.gov.pl\/en\/wp-json\/wp\/v2\/types\/page"}],"author":[{"embeddable":true,"href":"https:\/\/www.paih.gov.pl\/en\/wp-json\/wp\/v2\/users\/5"}],"replies":[{"embeddable":true,"href":"https:\/\/www.paih.gov.pl\/en\/wp-json\/wp\/v2\/comments?post=10825"}],"version-history":[{"count":6,"href":"https:\/\/www.paih.gov.pl\/en\/wp-json\/wp\/v2\/pages\/10825\/revisions"}],"predecessor-version":[{"id":206069,"href":"https:\/\/www.paih.gov.pl\/en\/wp-json\/wp\/v2\/pages\/10825\/revisions\/206069"}],"up":[{"embeddable":true,"href":"https:\/\/www.paih.gov.pl\/en\/wp-json\/wp\/v2\/pages\/8576"}],"wp:attachment":[{"href":"https:\/\/www.paih.gov.pl\/en\/wp-json\/wp\/v2\/media?parent=10825"}],"curies":[{"name":"wp","href":"https:\/\/api.w.org\/{rel}","templated":true}]}}