{"id":10686,"date":"2015-02-04T10:08:42","date_gmt":"2015-02-04T08:08:42","guid":{"rendered":"https:\/\/www.paih.gov.pl\/?p=10686"},"modified":"2026-02-20T11:08:49","modified_gmt":"2026-02-20T10:08:49","slug":"cierznie","status":"publish","type":"page","link":"https:\/\/www.paih.gov.pl\/en\/why-poland\/investment-incentives\/industrial-and-technology-parks\/cierznie\/","title":{"rendered":"Green Industrial Park Cierznie"},"content":{"rendered":"\n<p align=\"center\"><a title=\"Green Industrial Park Cierznie\" href=\"http:\/\/www.perlowainwestycja.pl\/\" target=\"_blank\" rel=\"noopener\"><img decoding=\"async\" src=\"\/wp-content\/uploads\/sites\/2\/0\/124101\/124190.png\" border=\"0\"><\/a><\/p><div style=\"text-align: right;\"><b><a href=\"https:\/\/www.paih.gov.pl\/dlaczego_polska\/zachety_inwestycyjne\/parki_przemyslowe_i_technologiczne\/cierznie\">PL<\/a> | EN<\/b><br><br><\/div><p align=\"justify\">The Cierznie Business Incubator is located in the&nbsp;Cierznie Green Industrial Park.<strong><br><\/strong><\/p><p align=\"justify\"><strong><br>Location<\/strong><br><\/p><p align=\"justify\">Zielony Park Przemys\u0142owy Cierznie is located in Pomorskie Voivodeship, Cz\u0142uch\u00f3w County, in the northern part of Debrzno municipality, in the direct vicinity of the national road No. 22.<br><\/p><p align=\"justify\"><b><br><\/b><strong>Offer<\/strong><br><\/p><p align=\"justify\">Green Industrial Park offers:<\/p><div align=\"justify\"><ul><li align=\"justify\">lease of office space,<\/li><li align=\"justify\">lease of production and warehouse space,<\/li><li align=\"justify\">&#8220;Virtual Office&#8221; service,<br><\/li><li align=\"justify\">conference room rental,<\/li><li align=\"justify\">support in the recruitment of employees,<\/li><li align=\"justify\">possibility to train staff for the needs of the investor,<\/li><li align=\"justify\">free-of-charge promotion of entities operating within the Green Industrial Park on local websites and during training courses and conferences.<br><\/li><\/ul><\/div><p align=\"justify\"><strong><br>Contact<\/strong><\/p><p align=\"justify\">Business Incubator Cierznie<br>Cierznie 64<br>77-310 Debrzno<br>tel: +48 668 328 243<br>fax: +48 59 722 13 33<br>e-mail: <a href=\"mailto:biuro@ipc.debrzno.pl\">biuro@ipc.debrzno.pl<\/a><br><a href=\"http:\/\/www.perlowainwestycja.pl\/\" target=\"_blank\" rel=\"noopener\">www.perlowainwestycja.pl<\/a><\/p>\n\n\n\n<div style=\"height:60px\" aria-hidden=\"true\" class=\"wp-block-spacer\"><\/div>\n\n\n\n<a title=\"back\" href=\"https:\/\/www.paih.gov.pl\/en\/why-poland\/investment-incentives\/industrial-and-technology-parks\/\" class=\"button_back\">back<\/a>\n","protected":false},"excerpt":{"rendered":"<p>PL | EN The Cierznie Business Incubator is located in the&nbsp;Cierznie Green Industrial Park. Location Zielony Park Przemys\u0142owy Cierznie is located in Pomorskie Voivodeship, Cz\u0142uch\u00f3w County, in the northern part of Debrzno municipality, in the direct vicinity of the national road No. 22. Offer Green Industrial Park offers: lease of office space, lease of production [&hellip;]<\/p>\n","protected":false},"author":19,"featured_media":0,"parent":8576,"menu_order":0,"comment_status":"closed","ping_status":"open","template":"","meta":{"inline_featured_image":false,"_themeisle_gutenberg_block_has_review":false,"footnotes":"","_links_to":"","_links_to_target":""},"acf":{"template_hide_top_photo":false,"template_btn_contact_disable":false,"template_btn_contact_link":"","template_btn_contact_text":"","_hide_from_search_wp":false,"_hide_from_search_engines":false},"_links":{"self":[{"href":"https:\/\/www.paih.gov.pl\/en\/wp-json\/wp\/v2\/pages\/10686"}],"collection":[{"href":"https:\/\/www.paih.gov.pl\/en\/wp-json\/wp\/v2\/pages"}],"about":[{"href":"https:\/\/www.paih.gov.pl\/en\/wp-json\/wp\/v2\/types\/page"}],"author":[{"embeddable":true,"href":"https:\/\/www.paih.gov.pl\/en\/wp-json\/wp\/v2\/users\/19"}],"replies":[{"embeddable":true,"href":"https:\/\/www.paih.gov.pl\/en\/wp-json\/wp\/v2\/comments?post=10686"}],"version-history":[{"count":2,"href":"https:\/\/www.paih.gov.pl\/en\/wp-json\/wp\/v2\/pages\/10686\/revisions"}],"predecessor-version":[{"id":206100,"href":"https:\/\/www.paih.gov.pl\/en\/wp-json\/wp\/v2\/pages\/10686\/revisions\/206100"}],"up":[{"embeddable":true,"href":"https:\/\/www.paih.gov.pl\/en\/wp-json\/wp\/v2\/pages\/8576"}],"wp:attachment":[{"href":"https:\/\/www.paih.gov.pl\/en\/wp-json\/wp\/v2\/media?parent=10686"}],"curies":[{"name":"wp","href":"https:\/\/api.w.org\/{rel}","templated":true}]}}