{"id":10489,"date":"2014-07-16T17:52:25","date_gmt":"2014-07-16T15:52:25","guid":{"rendered":"https:\/\/www.paih.gov.pl\/?p=10489"},"modified":"2026-02-20T11:37:26","modified_gmt":"2026-02-20T10:37:26","slug":"olsztyn","status":"publish","type":"page","link":"https:\/\/www.paih.gov.pl\/en\/why-poland\/investment-incentives\/industrial-and-technology-parks\/olsztyn\/","title":{"rendered":"Olsztyn Science and Technology Park"},"content":{"rendered":"\n<p align=\"center\"><a title=\"Olsztyn Science and Technology Park\" href=\"https:\/\/opnt.olsztyn.eu\/en\/\" target=\"_blank\" rel=\"noopener\"><img decoding=\"async\" src=\"\/wp-content\/uploads\/sites\/2\/0\/122801\/122849.png\" border=\"0\"><\/a><\/p><div style=\"text-align: right;\"><b><a href=\"https:\/\/www.paih.gov.pl\/dlaczego_polska\/zachety_inwestycyjne\/parki_przemyslowe_i_technologiczne\/olsztyn\">PL<\/a> | EN<\/b><br><br><\/div><p align=\"justify\">The Olsztyn Science and Technology Park (OSTP) is a place for companies and academic institutions, which stimulates and manages the flow of knowledge and technology between Universities, research and development institutions, enterprises and the market, supports the creation and development of innovative enterprises using incubation processes.<strong><br><\/strong><\/p><p align=\"justify\"><strong><br>Location<\/strong><br><\/p><p align=\"justify\">Olsztyn is the main economic, educational and cultural centre of the region. The city has the largest railway and road junction in the Warmian-Masurian Voivodeship. There is an Olsztyn-Mazury airport 55 km from the city centre.<br><\/p><p align=\"justify\"><b><br><\/b><strong>Offer<\/strong><br><\/p><p align=\"justify\">The Olsztyn Science and Technology Park offers:<\/p><div align=\"justify\"><ul><li align=\"justify\">conference rooms, business meeting rooms and audio-visual equipment,<\/li><li align=\"justify\">common space, e.g. for exhibition or promotional purposes,<\/li><li align=\"justify\">telephone lines and an Internet network,<\/li><li align=\"justify\">access to server rooms,<\/li><li align=\"justify\">access to business-related services (accounting, training, assistance in promotional activities, legal, tax, insurance and other advice), provided by companies located in&nbsp;OSTP,<\/li><li align=\"justify\">access to international databases of offers and technological inquiries,<\/li><li align=\"justify\">proximity to financial support institutions,<\/li><li align=\"justify\">priority of using trainings organized by&nbsp;OSTP.<br><\/li><\/ul><\/div><p align=\"justify\"><strong><br>Contact<\/strong><\/p><p align=\"justify\">Olsztyn Science and Technology Park (OSTP)<br>W\u0142adys\u0142awa Tryli\u0144skiego 2<br>10-683 Olsztyn<br>tel: +48 89 612 05 00<br>fax: +48 89 612 05 12<br>e-mail: <a href=\"mailto:sekretariat@opnt.olsztyn.eu\">sekretariat@opnt.olsztyn.eu<\/a><br><a href=\"https:\/\/opnt.olsztyn.eu\/en\/\" target=\"_blank\" rel=\"noopener\">www.opnt.olsztyn.eu<\/a><\/p>\n\n\n\n<div style=\"height:60px\" aria-hidden=\"true\" class=\"wp-block-spacer\"><\/div>\n\n\n\n<a title=\"back\" href=\"https:\/\/www.paih.gov.pl\/en\/why-poland\/investment-incentives\/industrial-and-technology-parks\/\" class=\"button_back\">back<\/a>\n","protected":false},"excerpt":{"rendered":"<p>PL | EN The Olsztyn Science and Technology Park (OSTP) is a place for companies and academic institutions, which stimulates and manages the flow of knowledge and technology between Universities, research and development institutions, enterprises and the market, supports the creation and development of innovative enterprises using incubation processes. Location Olsztyn is the main economic, [&hellip;]<\/p>\n","protected":false},"author":5,"featured_media":0,"parent":8576,"menu_order":0,"comment_status":"closed","ping_status":"open","template":"","meta":{"inline_featured_image":false,"_themeisle_gutenberg_block_has_review":false,"footnotes":"","_links_to":"","_links_to_target":""},"acf":{"template_hide_top_photo":false,"template_btn_contact_disable":false,"template_btn_contact_link":"","template_btn_contact_text":"","_hide_from_search_wp":false,"_hide_from_search_engines":false},"_links":{"self":[{"href":"https:\/\/www.paih.gov.pl\/en\/wp-json\/wp\/v2\/pages\/10489"}],"collection":[{"href":"https:\/\/www.paih.gov.pl\/en\/wp-json\/wp\/v2\/pages"}],"about":[{"href":"https:\/\/www.paih.gov.pl\/en\/wp-json\/wp\/v2\/types\/page"}],"author":[{"embeddable":true,"href":"https:\/\/www.paih.gov.pl\/en\/wp-json\/wp\/v2\/users\/5"}],"replies":[{"embeddable":true,"href":"https:\/\/www.paih.gov.pl\/en\/wp-json\/wp\/v2\/comments?post=10489"}],"version-history":[{"count":2,"href":"https:\/\/www.paih.gov.pl\/en\/wp-json\/wp\/v2\/pages\/10489\/revisions"}],"predecessor-version":[{"id":206127,"href":"https:\/\/www.paih.gov.pl\/en\/wp-json\/wp\/v2\/pages\/10489\/revisions\/206127"}],"up":[{"embeddable":true,"href":"https:\/\/www.paih.gov.pl\/en\/wp-json\/wp\/v2\/pages\/8576"}],"wp:attachment":[{"href":"https:\/\/www.paih.gov.pl\/en\/wp-json\/wp\/v2\/media?parent=10489"}],"curies":[{"name":"wp","href":"https:\/\/api.w.org\/{rel}","templated":true}]}}