{"id":10471,"date":"2014-07-08T17:44:36","date_gmt":"2014-07-08T15:44:36","guid":{"rendered":"https:\/\/www.paih.gov.pl\/?p=10471"},"modified":"2026-02-20T11:05:32","modified_gmt":"2026-02-20T10:05:32","slug":"lomza","status":"publish","type":"page","link":"https:\/\/www.paih.gov.pl\/en\/why-poland\/investment-incentives\/industrial-and-technology-parks\/lomza\/","title":{"rendered":"\u0141om\u017ca Industrial Park"},"content":{"rendered":"\n<p align=\"center\"><a title=\"\u0141om\u017ca Industrial Park\" href=\"http:\/\/www.parklomza.pl\/\" target=\"_blank\" rel=\"noopener\"><img decoding=\"async\" src=\"\/wp-content\/uploads\/sites\/2\/0\/122701\/122766.png\" border=\"0\"><\/a><\/p><div style=\"text-align: right;\"><b><a href=\"https:\/\/www.paih.gov.pl\/dlaczego_polska\/zachety_inwestycyjne\/parki_przemyslowe_i_technologiczne\/lomza\">PL<\/a> | EN<\/b><br><br><\/div><p align=\"justify\">The \u0141om\u017ca Industrial Park is a coherent element of series of actions taken by the local municipality authorities. It was established in order to provide a needed space for supporting and developing business initiatives. Also, to increase an economic attractiveness of the city. \u0141om\u017ca Industrial Park is a place created for people with innovative business ideas. The purpose of creating this was to establish an up-to-date Business Support Institution with various functions, such as to support the development of innovative enterprises based on knowledge, skills and activity of the inhabitants of the \u0141om\u017ca&#8217;s subregion.<strong><br><\/strong><\/p><p align=\"justify\"><strong><br>Location<\/strong><br><\/p><p align=\"justify\">Convenient connections are guaranteed by the national roads DK61 (Warsaw &#8211; August\u00f3w), DK64 (\u0141om\u017ca &#8211; Bialystok) and DK63 which connects Wegorzewo with a border crossing point with Belarus in Slawatycze. In upcoming years, an express road S61- is to be built as a part of European Union strategy &#8211; the first Pan-European Transport Corridor (TEN-T) connecting Warsaw and Helsiniki (in Finland) through Lithuania, Latvia and Estonia. The commute from \u0141om\u017ca to Warsaw Chopin Airport- the biggest airport in Poland, which is located 151km away from \u0141om\u017ca &#8211; takes less than two hours. Warsaw Modlin Airport is slightly closer to \u0141om\u017ca, at a distance of 140 km.<br><\/p><p align=\"justify\"><b><br><\/b><strong>Offer<\/strong><br><\/p><p align=\"justify\">The \u0141om\u017ca Industrial Park offers:<\/p><div align=\"justify\"><ul><li align=\"justify\">Lease of open space and services area,<\/li><li align=\"justify\">Business Incubator,<\/li><li align=\"justify\">Virtual Office,<\/li><li align=\"justify\">conference room,<\/li><li align=\"justify\">business meetings&#8217; places,<\/li><li align=\"justify\">Call Centre Room,<\/li><li align=\"justify\">server rental,<\/li><li align=\"justify\">hosting services,<\/li><li align=\"justify\">colocation services.<br><\/li><\/ul><\/div><p align=\"justify\"><strong><br>Contact<\/strong><\/p><p align=\"justify\">\u0141om\u017ca Industrial Park <br>ul. Gen. W\u0142. Sikorskiego 166<br>18-400 \u0141om\u017ca<br>tel: +48 86 219 93 00<br>fax: +48 86 218 37 33<br>e-mail: <a href=\"mailto:sekretariat@parklomza.pl\">sekretariat@parklomza.pl<\/a><br><a href=\"http:\/\/www.parklomza.pl\/\" target=\"_blank\" rel=\"noopener\">www.parklomza.pl<\/a><br><a href=\"http:\/\/www.ppl24.pl\/\" target=\"_blank\" rel=\"noopener\">www.ppl24.pl<\/a><\/p>\n\n\n\n<div style=\"height:60px\" aria-hidden=\"true\" class=\"wp-block-spacer\"><\/div>\n\n\n\n<a title=\"back\" href=\"https:\/\/www.paih.gov.pl\/en\/why-poland\/investment-incentives\/industrial-and-technology-parks\/\" class=\"button_back\">back<\/a>\n","protected":false},"excerpt":{"rendered":"<p>PL | EN The \u0141om\u017ca Industrial Park is a coherent element of series of actions taken by the local municipality authorities. It was established in order to provide a needed space for supporting and developing business initiatives. Also, to increase an economic attractiveness of the city. \u0141om\u017ca Industrial Park is a place created for people [&hellip;]<\/p>\n","protected":false},"author":5,"featured_media":0,"parent":8576,"menu_order":0,"comment_status":"closed","ping_status":"open","template":"","meta":{"inline_featured_image":false,"_themeisle_gutenberg_block_has_review":false,"footnotes":"","_links_to":"","_links_to_target":""},"acf":{"template_hide_top_photo":false,"template_btn_contact_disable":false,"template_btn_contact_link":"","template_btn_contact_text":"","_hide_from_search_wp":false,"_hide_from_search_engines":false},"_links":{"self":[{"href":"https:\/\/www.paih.gov.pl\/en\/wp-json\/wp\/v2\/pages\/10471"}],"collection":[{"href":"https:\/\/www.paih.gov.pl\/en\/wp-json\/wp\/v2\/pages"}],"about":[{"href":"https:\/\/www.paih.gov.pl\/en\/wp-json\/wp\/v2\/types\/page"}],"author":[{"embeddable":true,"href":"https:\/\/www.paih.gov.pl\/en\/wp-json\/wp\/v2\/users\/5"}],"replies":[{"embeddable":true,"href":"https:\/\/www.paih.gov.pl\/en\/wp-json\/wp\/v2\/comments?post=10471"}],"version-history":[{"count":2,"href":"https:\/\/www.paih.gov.pl\/en\/wp-json\/wp\/v2\/pages\/10471\/revisions"}],"predecessor-version":[{"id":206093,"href":"https:\/\/www.paih.gov.pl\/en\/wp-json\/wp\/v2\/pages\/10471\/revisions\/206093"}],"up":[{"embeddable":true,"href":"https:\/\/www.paih.gov.pl\/en\/wp-json\/wp\/v2\/pages\/8576"}],"wp:attachment":[{"href":"https:\/\/www.paih.gov.pl\/en\/wp-json\/wp\/v2\/media?parent=10471"}],"curies":[{"name":"wp","href":"https:\/\/api.w.org\/{rel}","templated":true}]}}