{"id":10118,"date":"2013-10-31T15:34:31","date_gmt":"2013-10-31T13:34:31","guid":{"rendered":"https:\/\/www.paih.gov.pl\/?p=10118"},"modified":"2026-02-20T11:09:18","modified_gmt":"2026-02-20T10:09:18","slug":"slupsk","status":"publish","type":"page","link":"https:\/\/www.paih.gov.pl\/en\/why-poland\/investment-incentives\/industrial-and-technology-parks\/slupsk\/","title":{"rendered":"S\u0142upsk Technology Incubator"},"content":{"rendered":"\n<p align=\"center\"><a title=\"S\u0142upsk Technology Incubator\" href=\"https:\/\/www.sit.slupsk.pl\/\" target=\"_blank\" rel=\"noopener\"><img decoding=\"async\" src=\"\/wp-content\/uploads\/sites\/2\/0\/119601\/119650.png\" border=\"0\"><\/a><\/p><div style=\"text-align: right;\"><b><a href=\"https:\/\/www.paih.gov.pl\/dlaczego_polska\/zachety_inwestycyjne\/parki_przemyslowe_i_technologiczne\/slupsk\">PL<\/a> | EN<\/b><br><br><\/div><p align=\"justify\">The S\u0142upsk Technology Incubator was established on the initiative of the Pomeranian Regional Development Agency S.A. It is an office and production facility offering space for rent for companies, institutions and entities and offering activities supporting entrepreneurship and cooperation. The S\u0142upsk Technology Incubator was established to create conditions for the development of companies conducting business activity based on advanced technologies.<strong><br><\/strong><\/p><p align=\"justify\"><strong><br>Location<\/strong><br><\/p><p align=\"justify\">S\u0142upsk is a medium-sized industrial center located in northern Poland, in the Pomeranian Voivodeship. The S\u0142upsk Technology Incubator is located in the &#8220;S\u0142upsk-W\u0142ynk\u00f3wko&#8221; subzone of the S\u0142upsk Special Economic Zone, about 2 km from the city center. S\u0142upsk Technology Incubator is a multifunctional office building with production facilities, supporting the emergence of modern and innovative technologies.<br><\/p><p align=\"justify\"><b><br><\/b><strong>Offer<\/strong><br><\/p><p align=\"justify\">S\u0142upsk Technology Incubator services:<\/p><div align=\"justify\"><ul><li align=\"justify\">lease of office spaces on preferential terms,<\/li><li align=\"justify\">meetings, trainings, conferences, networking,<\/li><li align=\"justify\">administrative and office suport,<\/li><li align=\"justify\">training and advisory suport: date extended training offer include: computer training, energetic efficiency, automation of production processes, marketing and interpersonal trainings. Accreditation of the Office of Technical Inspection for the photovoltaic industry,<\/li><li align=\"justify\">specialized services in Labs (tests, energetic efficiency analysis, 3D scanning, reverse engineering,<\/li><li align=\"justify\">access to use meeting rooms, discounts at the Conference and Training Center,<\/li><li align=\"justify\">promotion tenants and their offer, free advertising on the website and periodic publications,<\/li><li align=\"justify\">virtual office services and desk for hours,<\/li><li align=\"justify\">door-to-door cooperation and establishing business contacts,<\/li><li align=\"justify\">guest rooms for the tenants partners, trainers, co-workers.<br><\/li><\/ul><\/div><p align=\"justify\"><strong><br>Contact<\/strong><\/p><p align=\"justify\">S\u0142upski Technology Incubator<br>ul. Portowa 13 B<br>76-200 S\u0142upsk<br>tel: +48 59 846 81 00<br>fax: +48 59 846 81 01<br>e-mail: <a href=\"mailto:sit@sit.slupsk.pl \">sit@sit.slupsk.pl <\/a><br><a href=\"https:\/\/www.sit.slupsk.pl\/\" target=\"_blank\" rel=\"noopener\">www.sit.slupsk.pl<\/a><\/p>\n\n\n\n<div style=\"height:60px\" aria-hidden=\"true\" class=\"wp-block-spacer\"><\/div>\n\n\n\n<a title=\"back\" href=\"https:\/\/www.paih.gov.pl\/en\/why-poland\/investment-incentives\/industrial-and-technology-parks\/\" class=\"button_back\">back<\/a>\n","protected":false},"excerpt":{"rendered":"<p>PL | EN The S\u0142upsk Technology Incubator was established on the initiative of the Pomeranian Regional Development Agency S.A. It is an office and production facility offering space for rent for companies, institutions and entities and offering activities supporting entrepreneurship and cooperation. The S\u0142upsk Technology Incubator was established to create conditions for the development of [&hellip;]<\/p>\n","protected":false},"author":4,"featured_media":0,"parent":8576,"menu_order":0,"comment_status":"closed","ping_status":"open","template":"","meta":{"inline_featured_image":false,"_themeisle_gutenberg_block_has_review":false,"footnotes":"","_links_to":"","_links_to_target":""},"acf":{"template_hide_top_photo":false,"template_btn_contact_disable":false,"template_btn_contact_link":"","template_btn_contact_text":"","_hide_from_search_wp":false,"_hide_from_search_engines":false},"_links":{"self":[{"href":"https:\/\/www.paih.gov.pl\/en\/wp-json\/wp\/v2\/pages\/10118"}],"collection":[{"href":"https:\/\/www.paih.gov.pl\/en\/wp-json\/wp\/v2\/pages"}],"about":[{"href":"https:\/\/www.paih.gov.pl\/en\/wp-json\/wp\/v2\/types\/page"}],"author":[{"embeddable":true,"href":"https:\/\/www.paih.gov.pl\/en\/wp-json\/wp\/v2\/users\/4"}],"replies":[{"embeddable":true,"href":"https:\/\/www.paih.gov.pl\/en\/wp-json\/wp\/v2\/comments?post=10118"}],"version-history":[{"count":2,"href":"https:\/\/www.paih.gov.pl\/en\/wp-json\/wp\/v2\/pages\/10118\/revisions"}],"predecessor-version":[{"id":206102,"href":"https:\/\/www.paih.gov.pl\/en\/wp-json\/wp\/v2\/pages\/10118\/revisions\/206102"}],"up":[{"embeddable":true,"href":"https:\/\/www.paih.gov.pl\/en\/wp-json\/wp\/v2\/pages\/8576"}],"wp:attachment":[{"href":"https:\/\/www.paih.gov.pl\/en\/wp-json\/wp\/v2\/media?parent=10118"}],"curies":[{"name":"wp","href":"https:\/\/api.w.org\/{rel}","templated":true}]}}