{"id":10019,"date":"2013-10-31T15:33:51","date_gmt":"2013-10-31T13:33:51","guid":{"rendered":"https:\/\/www.paih.gov.pl\/?p=10019"},"modified":"2026-02-20T12:00:36","modified_gmt":"2026-02-20T11:00:36","slug":"lubon","status":"publish","type":"page","link":"https:\/\/www.paih.gov.pl\/en\/why-poland\/investment-incentives\/industrial-and-technology-parks\/lubon\/","title":{"rendered":"LUVENA Industrial Park"},"content":{"rendered":"\n<p align=\"center\"><a title=\"LUVENA Industrial Park\" href=\"https:\/\/luvena.pl\/en\/\" target=\"_blank\" rel=\"noopener\"><img decoding=\"async\" src=\"\/wp-content\/uploads\/sites\/2\/0\/149801\/149871.png\" border=\"0\"><\/a><\/p><div style=\"text-align: right;\"><b><a href=\"https:\/\/www.paih.gov.pl\/dlaczego_polska\/zachety_inwestycyjne\/parki_przemyslowe_i_technologiczne\/lubon\">PL<\/a> | EN<\/b><br><br><\/div><p align=\"justify\">Industrial Park LUVENA is an initiative of Luvena S.A. established on the grounds of an agreement on creation and partners&#8217; cooperation within the scope of Industrial Park whose signatories are:<\/p><ul><li align=\"justify\">Municipality of Lubo\u0144, pl. Edmunda Bojanowskiego 2, 62-030 Lubo\u0144;<\/li><li align=\"justify\">Luvena S.A., ul. Romana Maya 1, 62-030 Lubo\u0144;<\/li><li align=\"justify\">Fundacja Uniwersytetu im. Adama Mickiewicza (Adam Mickiewicz University Foundation), ul. Rubie\u017c 46, Pozna\u0144;<\/li><li align=\"justify\">Instytut Logistyki i Magazynowania (The Insytitute of Logistics and Warehousing), ul. Estkowskiego 6, Pozna\u0144;<\/li><li align=\"justify\">Adam Mickiewicz University, ul. Wieniawskiego 1, 61-712 Pozna\u0144;<\/li><li align=\"justify\">Pozna\u0144 University of Technology, pl. Marii Sk\u0142odowskiej-Curie 5, 60-965 Pozna\u0144.<\/li><\/ul><p align=\"justify\"><strong><br>Location<\/strong><br><\/p><p align=\"justify\">The Park is located in close vicinity of A2 motorway (approx. 2 km from the hub Pozna\u0144-D\u0119biec) constituting pan-European transportation channel. This area has got its own sidings connected with the railways covered by the Trans-European Network of Cargo Transportation Pozna\u0144-Leszno-Wroc\u0142aw. Distance from the very centre of Pozna\u0144 is approx. 8 km North. Pozna\u0144 \u0141awica Airport is only 15 km away.<br><\/p><!--<p align=\"justify\"><b><br><\/b><strong>Offer<\/strong><br><\/p><p align=\"justify\">Industrial Park LUVENA offers:<\/p><div align=\"justify\"><ul><li align=\"justify\">.<strong><br><\/strong><\/li><\/ul><\/div>--><p align=\"justify\"><strong><br>Contact<\/strong><\/p><p align=\"justify\">Luvena S.A.<br>ul. Romana Maya 1<br>62-030 Lubo\u0144<br>tel: +48 509 809 109<br>e-mail: <a href=\"mailto:luvena@luvena.pl\">luvena@luvena.pl<\/a><br><a href=\"https:\/\/luvena.pl\/en\/\" target=\"_blank\" rel=\"noopener\">www.luvena.pl<\/a><\/p>\n\n\n\n<div style=\"height:60px\" aria-hidden=\"true\" class=\"wp-block-spacer\"><\/div>\n\n\n\n<a title=\"back\" href=\"https:\/\/www.paih.gov.pl\/en\/why-poland\/investment-incentives\/industrial-and-technology-parks\/\" class=\"button_back\">back<\/a>\n","protected":false},"excerpt":{"rendered":"<p>PL | EN Industrial Park LUVENA is an initiative of Luvena S.A. established on the grounds of an agreement on creation and partners&#8217; cooperation within the scope of Industrial Park whose signatories are: Municipality of Lubo\u0144, pl. Edmunda Bojanowskiego 2, 62-030 Lubo\u0144; Luvena S.A., ul. Romana Maya 1, 62-030 Lubo\u0144; Fundacja Uniwersytetu im. Adama Mickiewicza [&hellip;]<\/p>\n","protected":false},"author":4,"featured_media":0,"parent":8576,"menu_order":0,"comment_status":"closed","ping_status":"open","template":"","meta":{"inline_featured_image":false,"_themeisle_gutenberg_block_has_review":false,"footnotes":"","_links_to":"","_links_to_target":""},"acf":{"template_hide_top_photo":false,"template_btn_contact_disable":false,"template_btn_contact_link":"","template_btn_contact_text":"","_hide_from_search_wp":false,"_hide_from_search_engines":false},"_links":{"self":[{"href":"https:\/\/www.paih.gov.pl\/en\/wp-json\/wp\/v2\/pages\/10019"}],"collection":[{"href":"https:\/\/www.paih.gov.pl\/en\/wp-json\/wp\/v2\/pages"}],"about":[{"href":"https:\/\/www.paih.gov.pl\/en\/wp-json\/wp\/v2\/types\/page"}],"author":[{"embeddable":true,"href":"https:\/\/www.paih.gov.pl\/en\/wp-json\/wp\/v2\/users\/4"}],"replies":[{"embeddable":true,"href":"https:\/\/www.paih.gov.pl\/en\/wp-json\/wp\/v2\/comments?post=10019"}],"version-history":[{"count":2,"href":"https:\/\/www.paih.gov.pl\/en\/wp-json\/wp\/v2\/pages\/10019\/revisions"}],"predecessor-version":[{"id":206132,"href":"https:\/\/www.paih.gov.pl\/en\/wp-json\/wp\/v2\/pages\/10019\/revisions\/206132"}],"up":[{"embeddable":true,"href":"https:\/\/www.paih.gov.pl\/en\/wp-json\/wp\/v2\/pages\/8576"}],"wp:attachment":[{"href":"https:\/\/www.paih.gov.pl\/en\/wp-json\/wp\/v2\/media?parent=10019"}],"curies":[{"name":"wp","href":"https:\/\/api.w.org\/{rel}","templated":true}]}}