{"id":17679,"date":"2024-11-04T15:36:59","date_gmt":"2024-11-04T14:36:59","guid":{"rendered":"https:\/\/www.paih.gov.pl\/bip\/?p=17679"},"modified":"2026-03-30T11:34:39","modified_gmt":"2026-03-30T09:34:39","slug":"polskie-mosty-technologiczne-feng","status":"publish","type":"page","link":"https:\/\/www.paih.gov.pl\/bip\/o-agencji\/projekty\/polskie-mosty-technologiczne-feng\/","title":{"rendered":"Polskie Mosty Technologiczne (FENG 2024-2029)"},"content":{"rendered":"\n<div align=\"justify\">Realizacja na podstawie Umowy o dofinansowanie Projektu grantowego w ramach dzia\u0142ania 2.24 Polskie Mosty Technologiczne w ramach Funduszy Europejskich dla Nowoczesnej Gospodarki nr FENG.02.24.-IP.07-0001\/23 zawartej w dniu 19.09.2024 r., pomi\u0119dzy Ministrem Funduszy i Polityki Regionalnej a Polsk\u0105 Agencj\u0105 Inwestycji i Handlu S.A.<br><br>Tryb przeprowadzania naboru wniosk\u00f3w o dofinansowanie: projekt niekonkurencyjny.<br><br>Okres kwalifikowalno\u015bci wydatk\u00f3w dla Projektu: 2 pa\u017adziernika 2023 r. &#8211; 31 grudnia 2029 r.<br><br>Warto\u015b\u0107 Projektu grantowego i warto\u015b\u0107 dofinansowania: <br>Ca\u0142kowity koszt realizacji Projektu wynosi 175 826 067,27 z\u0142.<br>Ca\u0142kowita kwota wydatk\u00f3w kwalifikowalnych wynosi 175 826 067,27 z\u0142.<br>Ca\u0142kowita kwota dofinansowania wynosi 146 000 000,00 z\u0142.<br><br>G\u0142\u00f3wnym celem projektu jest wsparcie promocji oraz internacjonalizacji przedsi\u0119biorstw, posiadaj\u0105cych innowacyjny produkt, us\u0142ug\u0119 b\u0105d\u017a technologi\u0119 na wyselekcjonowanych rynkach zagranicznych poza unijnych, z wykorzystaniem r\u00f3\u017cnych modeli ecommerce. <br><br>Osi\u0105gni\u0119cie celu g\u0142\u00f3wnego Projektu b\u0119dzie mo\u017cliwe poprzez realizacj\u0119 projektu, obejmuj\u0105cego dwa etapy:<br><br>Etap krajowy o charakterze szkoleniowo-warsztatowym:<br>W ramach tych dzia\u0142a\u0144, zorganizowane zostan\u0105 3-dniowe warsztaty dla grantobiorc\u00f3w. Celem warsztat\u00f3w b\u0119dzie m.in. przekazanie wiedzy bran\u017cowej o konkretnych rynkach i uwarunkowaniach dla eksportu w tym np. mo\u017cliwo\u015bci wykorzystania dzia\u0142a\u0144 e-commerce, ale tak\u017ce wypracowanie strategii ekspansji i przygotowanie przedsi\u0119biorcy do jej wdro\u017cenia na danym rynku zagranicznym.<br><br>Etap zagraniczny: <br>Przedsi\u0119biorcy w ramach przyznanego dofinansowania b\u0119d\u0105 mogli realizowa\u0107 dzia\u0142ania umo\u017cliwiaj\u0105ce im bezpo\u015brednie wej\u015bcie na konkretny rynek, m.in. poprzez udzia\u0142 w zagranicznych wyjazdach, misjach i targach, wsparcie w zakresie certyfikacji produkt\u00f3w i dzia\u0142a\u0144 informacyjno-promocyjnych, doradztwo prawno-techniczne i w zakresie wzornictwa.<br><br>W ramach Projektu zaplanowano podpisanie 667 um\u00f3w o powierzenie grant\u00f3w. Zak\u0142adana wysoko\u015b\u0107 wsparcia otrzymywanego przez jednego przedsi\u0119biorc\u0119 to max. 180 000,00 z\u0142. Ca\u0142o\u015b\u0107 wsparcia stanowi pomoc de minimis.<br><\/div>\n","protected":false},"excerpt":{"rendered":"<p>Realizacja na podstawie Umowy o dofinansowanie Projektu grantowego w ramach dzia\u0142ania 2.24 Polskie Mosty Technologiczne w ramach Funduszy Europejskich dla Nowoczesnej Gospodarki nr FENG.02.24.-IP.07-0001\/23 zawartej w dniu 19.09.2024 r., pomi\u0119dzy Ministrem Funduszy i Polityki Regionalnej a Polsk\u0105 Agencj\u0105 Inwestycji i Handlu S.A. Tryb przeprowadzania naboru wniosk\u00f3w o dofinansowanie: projekt niekonkurencyjny. Okres kwalifikowalno\u015bci wydatk\u00f3w dla Projektu: [&hellip;]<\/p>\n","protected":false},"author":65,"featured_media":0,"parent":13479,"menu_order":0,"comment_status":"closed","ping_status":"open","template":"","meta":{"inline_featured_image":false,"_themeisle_gutenberg_block_has_review":false,"footnotes":"","_links_to":"","_links_to_target":""},"acf":[],"_links":{"self":[{"href":"https:\/\/www.paih.gov.pl\/bip\/wp-json\/wp\/v2\/pages\/17679"}],"collection":[{"href":"https:\/\/www.paih.gov.pl\/bip\/wp-json\/wp\/v2\/pages"}],"about":[{"href":"https:\/\/www.paih.gov.pl\/bip\/wp-json\/wp\/v2\/types\/page"}],"author":[{"embeddable":true,"href":"https:\/\/www.paih.gov.pl\/bip\/wp-json\/wp\/v2\/users\/65"}],"replies":[{"embeddable":true,"href":"https:\/\/www.paih.gov.pl\/bip\/wp-json\/wp\/v2\/comments?post=17679"}],"version-history":[{"count":7,"href":"https:\/\/www.paih.gov.pl\/bip\/wp-json\/wp\/v2\/pages\/17679\/revisions"}],"predecessor-version":[{"id":1000113,"href":"https:\/\/www.paih.gov.pl\/bip\/wp-json\/wp\/v2\/pages\/17679\/revisions\/1000113"}],"up":[{"embeddable":true,"href":"https:\/\/www.paih.gov.pl\/bip\/wp-json\/wp\/v2\/pages\/13479"}],"wp:attachment":[{"href":"https:\/\/www.paih.gov.pl\/bip\/wp-json\/wp\/v2\/media?parent=17679"}],"curies":[{"name":"wp","href":"https:\/\/api.w.org\/{rel}","templated":true}]}}