{"id":17678,"date":"2024-08-12T13:36:25","date_gmt":"2024-08-12T12:36:25","guid":{"rendered":"https:\/\/www.paih.gov.pl\/bip\/?p=17678"},"modified":"2026-03-30T11:34:39","modified_gmt":"2026-03-30T09:34:39","slug":"adm-ukraina","status":"publish","type":"page","link":"https:\/\/www.paih.gov.pl\/bip\/o-agencji\/projekty\/adm-ukraina\/","title":{"rendered":"Wsparcie Rozwoju Przedsi\u0119biorczo\u015bci i Konkurencyjno\u015bci Ukrai\u0144skich Region\u00f3w &#8211; kontynuacja"},"content":{"rendered":"\n<div align=\"justify\"><b>Czas trwania projektu:<\/b> lata 2024-2026 (kontynuacja projektu z lat 2018-2023).<\/div><div align=\"justify\"><br><\/div><div align=\"justify\"><b>Celem projektu<\/b> jest wsparcie zmian zachodz\u0105cych w Ukrainie w zakresie rozwoju regionalnego i rozwoju przedsi\u0119biorczo\u015bci poprzez podwy\u017cszanie zdolno\u015bci instytucjonalnej ukrai\u0144skiej administracji w tych obszarach.<\/div><div align=\"justify\"><br><\/div><div align=\"justify\"><b>Lider projektu: <\/b>Ministerstwo Funduszy i Polityki Regionalnej.<\/div><div align=\"justify\"><br><\/div><div align=\"justify\"><b>Partnerzy projektu:<\/b> Polska Agencja Inwestycji i Handlu S.A. oraz Polska Agencja Rozwoju Przedsi\u0119biorczo\u015bci.<\/div><div align=\"justify\"><br><\/div><div align=\"justify\">Projekt realizowany jest na podstawie 3-letniej partnerskiej umowy zawartej pomi\u0119dzy Polsk\u0105 Agencj\u0105 Inwestycji i Handlu S.A. a Ministerstwem Funduszy i Polityki Regionalnej.<\/div><div align=\"justify\"><br><\/div><div align=\"justify\">Projekt finansowany jest w ramach Planu Wsp\u00f3\u0142pracy Rozwojowej Ministerstwa Spraw Zagranicznych RP ze \u015brodk\u00f3w rezerwy celowej przeznaczonej na wsp\u00f3\u0142prac\u0119 rozwojow\u0105.<\/div><div align=\"justify\"><b><br><\/b><\/div><div align=\"justify\"><b>Wysoko\u015b\u0107 dotacji celowej <\/b>na dany rok uzgadniana jest corocznie. Kwota dotacji dla projektu na 2024 rok wynosi <b>400&nbsp;000,00&nbsp;z\u0142.<\/b><\/div><div align=\"justify\"><br><\/div><div align=\"justify\"><b>Beneficjent projektu: <\/b>ukrai\u0144ska administracja lokalna i regionalna oraz organizacje pozarz\u0105dowe zrzeszaj\u0105ce miasta, samorz\u0105dy i instytucje otoczenia biznesu w Ukrainie.<\/div><div align=\"justify\"><br><\/div><div align=\"justify\">W ramach projektu PAIH S.A. zrealizuje <b>trzy dzia\u0142ania:<\/b><br><\/div><div align=\"justify\"><ol><li><b>Wsparcie szkoleniowo-doradcze<\/b><br><br>Celem tego dzia\u0142ania jest stworzenie profesjonalnej oferty inwestycyjnej przez ukrai\u0144skie regiony i miasta oraz wypracowanie ekosystemu wsparcia eksportera.<br><br>Realizowane w ramach tego dzia\u0142ania zadania (seminaria\/ konferencje\/ webinaria\/ szkolenia) pozwol\u0105 wyposa\u017cy\u0107 beneficjent\u00f3w projektu w wiedz\u0119 i kompetencje, kt\u00f3re b\u0119d\u0105 niezb\u0119dne w kontek\u015bcie przygotowa\u0144 do powojennej odbudowy kraju, a w dalszym kroku, w procesie przywracania atrakcyjno\u015bci inwestycyjnej oraz potencja\u0142u do wsp\u00f3\u0142pracy z przedsi\u0119biorcami\/inwestorami zagranicznymi.<br><br><\/li><li><b>Szkolenia (sta\u017c\/ wizyta studyjna) w Polsce w obszarze inwestycji<\/b><br><br>Celem jest stworzenie profesjonalnego ekosystemu inwestycyjnego przez ukrai\u0144skie regiony i miasta w ramach park\u00f3w naukowo-technologicznych.<br><br>W ramach dzia\u0142ania zorganizowane zostan\u0105 misje przyjazdowe\/ wizyty studyjne przedstawicieli miast, instytucji centralnych i samorz\u0105dowych do wybranych park\u00f3w naukowo-technologicznych w Polsce. Tematyk\u0105 misji b\u0119dzie polskie do\u015bwiadczenia tworzenia park\u00f3w naukowo-technologicznych, pozyskiwanie funduszy unijnych na ten cel, stworzenie warunk\u00f3w dla budowania infrastruktury park\u00f3w naukowo-technologicznych oraz sposoby przyci\u0105gania firm. Misja obejmowa\u0107 b\u0119dzie warsztaty w wybranych parkach prowadzone przez przedstawicieli jednostki zarz\u0105dzaj\u0105cej.<br><br><\/li><li><b>Szkolenia i materia\u0142y edukacyjne buduj\u0105ce kompetencje do przekazywania wiedzy dotycz\u0105cej standard\u00f3w obs\u0142ugi inwestora<br><\/b><br>Celem dzia\u0142ania jest stworzenie profesjonalnej oferty inwestycyjnej przez ukrai\u0144skie regiony i miasta oraz zwi\u0119kszenie atrakcyjno\u015bci inwestycyjnej region\u00f3w.<br><br>W ramach dzia\u0142ania zorganizowane zostan\u0105 szkolenia i warsztaty skupione na podnoszeniu kompetencji i ugruntowaniu wiedzy uczestnik\u00f3w w zakresie efektywnej obs\u0142ugi inwestycyjnej oraz zapoznaniu uczestnik\u00f3w ze sposobami promocji ofert teren\u00f3w inwestycyjnych.<\/li><\/ol><\/div>\n","protected":false},"excerpt":{"rendered":"<p>Czas trwania projektu: lata 2024-2026 (kontynuacja projektu z lat 2018-2023). Celem projektu jest wsparcie zmian zachodz\u0105cych w Ukrainie w zakresie rozwoju regionalnego i rozwoju przedsi\u0119biorczo\u015bci poprzez podwy\u017cszanie zdolno\u015bci instytucjonalnej ukrai\u0144skiej administracji w tych obszarach. Lider projektu: Ministerstwo Funduszy i Polityki Regionalnej. Partnerzy projektu: Polska Agencja Inwestycji i Handlu S.A. oraz Polska Agencja Rozwoju Przedsi\u0119biorczo\u015bci. Projekt [&hellip;]<\/p>\n","protected":false},"author":65,"featured_media":0,"parent":13479,"menu_order":0,"comment_status":"closed","ping_status":"open","template":"","meta":{"inline_featured_image":false,"_themeisle_gutenberg_block_has_review":false,"footnotes":"","_links_to":"","_links_to_target":""},"acf":[],"_links":{"self":[{"href":"https:\/\/www.paih.gov.pl\/bip\/wp-json\/wp\/v2\/pages\/17678"}],"collection":[{"href":"https:\/\/www.paih.gov.pl\/bip\/wp-json\/wp\/v2\/pages"}],"about":[{"href":"https:\/\/www.paih.gov.pl\/bip\/wp-json\/wp\/v2\/types\/page"}],"author":[{"embeddable":true,"href":"https:\/\/www.paih.gov.pl\/bip\/wp-json\/wp\/v2\/users\/65"}],"replies":[{"embeddable":true,"href":"https:\/\/www.paih.gov.pl\/bip\/wp-json\/wp\/v2\/comments?post=17678"}],"version-history":[{"count":7,"href":"https:\/\/www.paih.gov.pl\/bip\/wp-json\/wp\/v2\/pages\/17678\/revisions"}],"predecessor-version":[{"id":1000115,"href":"https:\/\/www.paih.gov.pl\/bip\/wp-json\/wp\/v2\/pages\/17678\/revisions\/1000115"}],"up":[{"embeddable":true,"href":"https:\/\/www.paih.gov.pl\/bip\/wp-json\/wp\/v2\/pages\/13479"}],"wp:attachment":[{"href":"https:\/\/www.paih.gov.pl\/bip\/wp-json\/wp\/v2\/media?parent=17678"}],"curies":[{"name":"wp","href":"https:\/\/api.w.org\/{rel}","templated":true}]}}