{"id":17677,"date":"2024-06-06T14:12:29","date_gmt":"2024-06-06T13:12:29","guid":{"rendered":"https:\/\/www.paih.gov.pl\/bip\/?p=17677"},"modified":"2026-03-30T11:34:39","modified_gmt":"2026-03-30T09:34:39","slug":"brand-hub","status":"publish","type":"page","link":"https:\/\/www.paih.gov.pl\/bip\/o-agencji\/projekty\/brand-hub\/","title":{"rendered":"Umi\u0119dzynarodowienie M\u015aP &#8211; Brand HUB"},"content":{"rendered":"\n<div align=\"justify\">Projekt pn. &#8222;Umi\u0119dzynarodowienie M\u015aP &#8211; BRAND HUB&#8221; realizowany jest na podstawie Um\u00f3w o partnerstwie dla 7 bran\u017c, zawartych z Ministerstwem Rozwoju i Technologii jako projekt niekonkurencyjny w ramach Programu &#8222;Fundusze Europejskie dla Nowoczesnej Gospodarki 2021-2027&#8221; (FENG).<br><br>Projekt realizowany jest w ramach Priorytetu FENG.02 \u015arodowisko sprzyjaj\u0105ce innowacjom, dzia\u0142anie FENG.02.26.<br><br>Umowy o partnerstwie zosta\u0142y zawarte w dniu 30.04.2024 r., pomi\u0119dzy Ministrem Rozwoju i Technologii a Polsk\u0105 Agencj\u0105 Inwestycji i Handlu S.A.<br><br>Umowy zawarte to:<br>Sektor kosmetyczny &#8211; Umowa nr II\/031\/P\/50005\/2007\/24\/DRI<br>Sektor maszyn i urz\u0105dze\u0144 &#8211; Umowa nr II\/030\/P\/50005\/2007\/24\/DRI<br>Sektor meblarski &#8211; Umowa nr II\/027\/P\/50005\/2007\/24\/DRI<br>Sektor motoryzacyjny &#8211; Umowa nr II\/032\/P\/50005\/2007\/24\/DRI<br>Sektor pojazd\u00f3w szynowych &#8211; Umowa nr II\/028\/P\/50005\/2007\/24\/DRI<br>Sektor statk\u00f3w specjalistycznych, jacht\u00f3w i \u0142odzi &#8211; Umowa nr II\/029\/P\/50005\/2007\/24\/DRI<br>Sektor wysokich technologii w obszarze bezpiecze\u0144stwa i towar\u00f3w podw\u00f3jnego zastosowania &#8211; Umowa nr II\/033\/P\/50005\/2007\/24\/DRI<\/div><div align=\"justify\"><br><\/div><div align=\"justify\">Warto\u015b\u0107 przyznanego dofinansowania na 7 sektor\u00f3w to 63 785 495,92 z\u0142.<\/div><div align=\"justify\"><br><\/div><div align=\"justify\">W dniu 14 stycznia 2026 roku do um\u00f3w o partnerstwie:<br>Sektor kosmetyczny &#8211; Umowa nr II\/031\/P\/50005\/2007\/24\/DRI<br>Sektor maszyn i urz\u0105dze\u0144 &#8211; Umowa nr II\/030\/P\/50005\/2007\/24\/DRI<br>Sektor meblarski &#8211; Umowa nr II\/027\/P\/50005\/2007\/24\/DRI<br>Sektor motoryzacyjny &#8211; Umowa nr II\/032\/P\/50005\/2007\/24\/DRI<br>Sektor pojazd\u00f3w szynowych &#8211; Umowa nr II\/028\/P\/50005\/2007\/24\/DRI<br>Sektor statk\u00f3w specjalistycznych, jacht\u00f3w i \u0142odzi &#8211; Umowa nr II\/029\/P\/50005\/2007\/24\/DRI<br>Sektor wysokich technologii w obszarze bezpiecze\u0144stwa i towar\u00f3w podw\u00f3jnego zastosowania &#8211; Umowa nr II\/033\/P\/50005\/2007\/24\/DRI<br><br><b>zosta\u0142y zawarte aneksy zgodnie z kt\u00f3rymi, zwi\u0119kszy\u0142a si\u0119 warto\u015b\u0107 przyznanego dofinansowania.<\/b><br><br><b>Aktualna warto\u015b\u0107 przyznanego dofinansowania na 7 sektor\u00f3w wynosi 64 283 109, 74 z\u0142.<\/b><br><br>Tryb przeprowadzania naboru wniosk\u00f3w o dofinansowanie: projekt niekonkurencyjny.<br><br>Okres kwalifikowalno\u015bci wydatk\u00f3w dla Projektu: 1 stycznia 2024 r. &#8211; 31 grudnia 2029 r.<br><br>Warto\u015b\u0107 Projektu i warto\u015b\u0107 dofinansowania: ca\u0142kowity koszt realizacji Projektu, a tym samym ca\u0142kowita kwota wydatk\u00f3w kwalifikowalnych Projektu wynosi 64 283 109,74 z\u0142 z\u0142.<br><br>G\u0142\u00f3wnym celem Projektu Brand HUB jest wykorzystanie i zwi\u0119kszenie potencja\u0142u rozwojowego polskich M\u015aP oraz wzrost wolumenu eksportu poprzez ich udzia\u0142 w dzia\u0142aniach promocyjnych na rynkach zagranicznych. Sektorowe programy promocji maj\u0105 za zadanie wesprze\u0107 rozpoznawalno\u015b\u0107 tych\u017ce sektor\u00f3w na rynkach zagranicznych dzi\u0119ki promowaniu Marki Polskiej Gospodarki pod has\u0142em &#8222;Poland. Business Forward&#8221;.<br><br>Cel projektu zostanie osi\u0105gni\u0119ty poprzez realizacj\u0119 7 sektorowych program\u00f3w promocji w latach 2024-2029. Programy promocji realizowane b\u0119d\u0105 zar\u00f3wno w kraju w postaci organizacji misji przyjazdowych, jak i za granic\u0105, poprzez organizacj\u0119 polskich pawilon\u00f3w narodowych na kluczowych wydarzeniach targowych i kampanii promocyjnych w lokalnych mediach dla 7 sektor\u00f3w.<br><br>Planowane w projekcie dzia\u0142ania promocyjne ukierunkowane s\u0105 na:<\/div><ul><li align=\"justify\">rozw\u00f3j i promocj\u0119 potencja\u0142u innowacyjnego i eksportowego M\u015aP,<\/li><li align=\"justify\">umocnienie rozpoznawalno\u015bci Polski poprzez promocj\u0119 Marki Polskiej Gospodarki &#8211; MPG oraz polskich M\u015aP i ich produkt\u00f3w\/us\u0142ug na rynkach zagranicznych,<\/li><li align=\"justify\">zwi\u0119kszenie liczby przedsi\u0119biorstw posiadaj\u0105cych kompetencje i uczestnicz\u0105cych w transformacji cyfrowej w obszarze eksportu,<\/li><li>zwi\u0119kszenie poziomu eksportu M\u015aP posiadaj\u0105cych w swojej ofercie innowacyjne produkty i us\u0142ugi.<\/li><\/ul><div align=\"justify\"><br>Projekt realizowany jest w partnerstwie z czterema instytucjami: Polsk\u0105 Agencj\u0105 Rozwoju Przedsi\u0119biorczo\u015bci, Polsk\u0105 Agencj\u0105 Inwestycji i Handlu, Krajowym O\u015brodkiem Wsparcia Rolnictwa oraz Polsk\u0105 Agencj\u0105 Kosmiczn\u0105. Partnerzy b\u0119d\u0105 odpowiedzialni za realizacj\u0119 g\u0142\u00f3wnego zadania projektu, tj. program\u00f3w promocji dla sektor\u00f3w obj\u0119tych wsparciem.<br><\/div>\n","protected":false},"excerpt":{"rendered":"<p>Projekt pn. &#8222;Umi\u0119dzynarodowienie M\u015aP &#8211; BRAND HUB&#8221; realizowany jest na podstawie Um\u00f3w o partnerstwie dla 7 bran\u017c, zawartych z Ministerstwem Rozwoju i Technologii jako projekt niekonkurencyjny w ramach Programu &#8222;Fundusze Europejskie dla Nowoczesnej Gospodarki 2021-2027&#8221; (FENG). Projekt realizowany jest w ramach Priorytetu FENG.02 \u015arodowisko sprzyjaj\u0105ce innowacjom, dzia\u0142anie FENG.02.26. Umowy o partnerstwie zosta\u0142y zawarte w dniu [&hellip;]<\/p>\n","protected":false},"author":65,"featured_media":0,"parent":13479,"menu_order":0,"comment_status":"closed","ping_status":"open","template":"","meta":{"inline_featured_image":false,"_themeisle_gutenberg_block_has_review":false,"footnotes":"","_links_to":"","_links_to_target":""},"acf":[],"_links":{"self":[{"href":"https:\/\/www.paih.gov.pl\/bip\/wp-json\/wp\/v2\/pages\/17677"}],"collection":[{"href":"https:\/\/www.paih.gov.pl\/bip\/wp-json\/wp\/v2\/pages"}],"about":[{"href":"https:\/\/www.paih.gov.pl\/bip\/wp-json\/wp\/v2\/types\/page"}],"author":[{"embeddable":true,"href":"https:\/\/www.paih.gov.pl\/bip\/wp-json\/wp\/v2\/users\/65"}],"replies":[{"embeddable":true,"href":"https:\/\/www.paih.gov.pl\/bip\/wp-json\/wp\/v2\/comments?post=17677"}],"version-history":[{"count":5,"href":"https:\/\/www.paih.gov.pl\/bip\/wp-json\/wp\/v2\/pages\/17677\/revisions"}],"predecessor-version":[{"id":1000111,"href":"https:\/\/www.paih.gov.pl\/bip\/wp-json\/wp\/v2\/pages\/17677\/revisions\/1000111"}],"up":[{"embeddable":true,"href":"https:\/\/www.paih.gov.pl\/bip\/wp-json\/wp\/v2\/pages\/13479"}],"wp:attachment":[{"href":"https:\/\/www.paih.gov.pl\/bip\/wp-json\/wp\/v2\/media?parent=17677"}],"curies":[{"name":"wp","href":"https:\/\/api.w.org\/{rel}","templated":true}]}}