{"id":17675,"date":"2024-06-04T15:56:09","date_gmt":"2024-06-04T14:56:09","guid":{"rendered":"https:\/\/www.paih.gov.pl\/bip\/?p=17675"},"modified":"2026-03-30T11:34:39","modified_gmt":"2026-03-30T09:34:39","slug":"expo-2025-osaka-kansai","status":"publish","type":"page","link":"https:\/\/www.paih.gov.pl\/bip\/o-agencji\/projekty\/expo-2025-osaka-kansai\/","title":{"rendered":"Expo 2025 Osaka, Kansai"},"content":{"rendered":"\n<div align=\"justify\">Okres realizacji projektu Expo Osaka obejmuje lata 2023-2026. Projekt polega na przygotowaniu udzia\u0142u Polski w Wystawie \u015awiatowej Expo 2025 Osaka, Kansai i obejmuje: budow\u0119 Pawilonu Polski wraz z ekspozycj\u0105 wewn\u0119trzn\u0105 i zagospodarowaniem terenu przyleg\u0142ego, realizacj\u0119 programu wydarze\u0144 towarzysz\u0105cych oraz dzia\u0142a\u0144 promocyjnych wspieraj\u0105cych w szczeg\u00f3lno\u015bci ekspansj\u0119 mi\u0119dzynarodow\u0105 polskich firm oraz prowadzenie dzia\u0142a\u0144 komunikacyjnych &#8211; r\u00f3wnolegle na obu rynkach, tj. polskim i japo\u0144skim.<br><br>Polskiej ekspozycji towarzyszy\u0107 b\u0119dzie program gospodarczy, program polityczno-dyplomatyczny, program promocji kultury, program promocji turystyki oraz programy regionalne, a w realizacj\u0119 projektu zaanga\u017cowanych jest kilkadziesi\u0105t podmiot\u00f3w publicznych oraz prywatnych.<br><br>Has\u0142o przewodnie Wystawy to &#8222;Projektowanie przysz\u0142ego spo\u0142ecze\u0144stwa dla naszego \u017cycia&#8221;, natomiast has\u0142o udzia\u0142u Polski to &#8222;Polska. Dziedzictwo, kt\u00f3re nap\u0119dza przysz\u0142o\u015b\u0107&#8221;.<br><br>\u015arodki Programu Wieloletniego zaplanowane na lata 2023-2026 na realizacj\u0119 projektu wynosz\u0105 165.740.000,00 z\u0142. Projekt finansowany jest z bud\u017cetu Pa\u0144stwa w oparciu o uchwa\u0142\u0119 Rady Ministr\u00f3w. Projekt jest realizowany zgodnie z prawem zam\u00f3wie\u0144 publicznych.<br><br>Zadania projektu obejmuj\u0105 zar\u00f3wno promocj\u0119 gospodarcz\u0105 &#8211; wzmocnienie kontakt\u00f3w gospodarczych Polski z Japoni\u0105 oraz pa\u0144stw azjatyckich, w szczeg\u00f3lno\u015bci w zakresie wspierania polskich przedsi\u0119biorc\u00f3w w poszukiwaniu nowych rynk\u00f3w zbytu oraz budowaniu trwa\u0142ych relacji handlowych &#8211; a tak\u017ce wzmocnienie wizerunku Polski na arenie mi\u0119dzynarodowej.<br><br>Bli\u017csze informacje o projekcie znajduj\u0105 si\u0119 na stronie <a href=\"https:\/\/expo.gov.pl\/\" target=\"_blank\" rel=\"noopener\">www.expo.gov.pl<\/a>.<\/div>\n","protected":false},"excerpt":{"rendered":"<p>Okres realizacji projektu Expo Osaka obejmuje lata 2023-2026. Projekt polega na przygotowaniu udzia\u0142u Polski w Wystawie \u015awiatowej Expo 2025 Osaka, Kansai i obejmuje: budow\u0119 Pawilonu Polski wraz z ekspozycj\u0105 wewn\u0119trzn\u0105 i zagospodarowaniem terenu przyleg\u0142ego, realizacj\u0119 programu wydarze\u0144 towarzysz\u0105cych oraz dzia\u0142a\u0144 promocyjnych wspieraj\u0105cych w szczeg\u00f3lno\u015bci ekspansj\u0119 mi\u0119dzynarodow\u0105 polskich firm oraz prowadzenie dzia\u0142a\u0144 komunikacyjnych &#8211; r\u00f3wnolegle na [&hellip;]<\/p>\n","protected":false},"author":65,"featured_media":0,"parent":13479,"menu_order":0,"comment_status":"closed","ping_status":"open","template":"","meta":{"inline_featured_image":false,"_themeisle_gutenberg_block_has_review":false,"footnotes":"","_links_to":"","_links_to_target":""},"acf":[],"_links":{"self":[{"href":"https:\/\/www.paih.gov.pl\/bip\/wp-json\/wp\/v2\/pages\/17675"}],"collection":[{"href":"https:\/\/www.paih.gov.pl\/bip\/wp-json\/wp\/v2\/pages"}],"about":[{"href":"https:\/\/www.paih.gov.pl\/bip\/wp-json\/wp\/v2\/types\/page"}],"author":[{"embeddable":true,"href":"https:\/\/www.paih.gov.pl\/bip\/wp-json\/wp\/v2\/users\/65"}],"replies":[{"embeddable":true,"href":"https:\/\/www.paih.gov.pl\/bip\/wp-json\/wp\/v2\/comments?post=17675"}],"version-history":[{"count":4,"href":"https:\/\/www.paih.gov.pl\/bip\/wp-json\/wp\/v2\/pages\/17675\/revisions"}],"predecessor-version":[{"id":1000109,"href":"https:\/\/www.paih.gov.pl\/bip\/wp-json\/wp\/v2\/pages\/17675\/revisions\/1000109"}],"up":[{"embeddable":true,"href":"https:\/\/www.paih.gov.pl\/bip\/wp-json\/wp\/v2\/pages\/13479"}],"wp:attachment":[{"href":"https:\/\/www.paih.gov.pl\/bip\/wp-json\/wp\/v2\/media?parent=17675"}],"curies":[{"name":"wp","href":"https:\/\/api.w.org\/{rel}","templated":true}]}}