{"id":17437,"date":"2023-07-14T10:27:50","date_gmt":"2023-07-14T09:27:50","guid":{"rendered":"https:\/\/www.paih.gov.pl\/bip\/?p=17437"},"modified":"2026-03-30T11:34:39","modified_gmt":"2026-03-30T09:34:39","slug":"klauzula-informacyjna","status":"publish","type":"page","link":"https:\/\/www.paih.gov.pl\/bip\/ogloszenia\/zamowienia-publiczne\/klauzula-informacyjna\/","title":{"rendered":"Klauzula informacyjna dotycz\u0105ca przetwarzania danych osobowych przez PAIH S.A. dla uczestnik\u00f3w post\u0119powa\u0144 w ramach zam\u00f3wie\u0144 publicznych"},"content":{"rendered":"\r\n<img decoding=\"async\" src=\"\/wp-content\/uploads\/sites\/3\/0\/128001\/128076.png\" border=\"0\" align=\"middle\"><div align=\"justify\"><hr><b><\/b><\/div><div align=\"justify\">Zgodnie z art. 13 ust. 1 i 2 rozporz\u0105dzenia Parlamentu Europejskiego i Rady (UE) 2016\/679 z dnia 27 kwietnia 2016 r. w sprawie ochrony os\u00f3b fizycznych w zwi\u0105zku z przetwarzaniem danych osobowych i w sprawie swobodnego przep\u0142ywu takich danych oraz uchylenia dyrektywy 95\/46\/WE (og\u00f3lne rozporz\u0105dzenie o ochronie danych) (Dz.Urz.UE.L Nr 119, str. 1), dalej &#8222;<b>RODO<\/b>&#8221;, informujmy, \u017ce:<br><\/div><div align=\"justify\"><div align=\"justify\"><hr><\/div><\/div><div align=\"justify\"><b>1. Administrator danych<\/b><br>Administratorem danych osobowych zawartych w Umowie jest Polska Agencja Inwestycji i Handlu S.A. z siedzib\u0105 w Warszawie (adres: ul. Krucza 50, 00-025 Warszawa), wpisana do rejestru przedsi\u0119biorc\u00f3w Krajowego Rejestru S\u0105dowego przez S\u0105d Rejonowy dla m.st. Warszawy w Warszawie pod nr KRS 0000109815 (dalej &#8222;<b>Administrator<\/b>&#8221;). <br>Z Administratorem mo\u017cna skontaktowa\u0107 si\u0119 za po\u015brednictwem formularza kontaktowego na stronie <b><a href=\"\/kontakt\">www.paih.gov.pl<\/a><\/b> lub przesy\u0142aj\u0105c e-mail na adres: <a href=\"mailto:iod@paih.gov.pl\"><b>iod@paih.gov.pl<\/b><\/a>, a tak\u017ce za po\u015brednictwem poczty tradycyjnej, pod wskazanym powy\u017cej adresem siedziby Administratora.<br><\/div><div align=\"justify\"><hr><\/div><div align=\"justify\"><b>2. Inspektor ochrony danych<\/b><br><\/div><div align=\"justify\">Administrator wyznaczy\u0142 osob\u0119 odpowiedzialn\u0105 za ochron\u0119 danych osobowych, tj. Inspektora Ochrony Danych, z kt\u00f3rym kontakt jest mo\u017cliwy za po\u015brednictwem adresu mailowego <a href=\"mailto:iod@paih.gov.pl\"><b>iod@paih.gov.pl<\/b><\/a> lub za po\u015brednictwem poczty tradycyjnej pod wskazanym powy\u017cej adresem siedziby Administratora z dopiskiem &#8222;Do Inspektora Ochrony Danych&#8221;.<br><\/div><div align=\"justify\"><hr><\/div><div align=\"justify\"><b>3. Cele i podstawy przetwarzania<\/b><br>Administrator przetwarza dane osobowe w celu:<\/div><blockquote><div align=\"justify\"><b>1)<\/b> zwi\u0105zanym z realizacj\u0105 post\u0119powania o udzielenie zam\u00f3wienia publicznego n podstawie ustawy Prawo zam\u00f3wie\u0144 publicznych oraz dzia\u0142anie przez administratora w interesie publicznym [PZP], zgodnie z art. 6 ust. 1 lit. c, e oraz art. 10 RODO;<\/div><\/blockquote><blockquote><div align=\"justify\"><b>2)<\/b> zawarcia Umowy &#8211; podstaw\u0105 prawn\u0105 przetwarzania s\u0105 czynno\u015bci niezb\u0119dne do wykonania umowy, kt\u00f3rej stron\u0105 jest osoba, kt\u00f3rej dane dotycz\u0105, lub do podj\u0119cia dzia\u0142a\u0144 na \u017c\u0105danie osoby, kt\u00f3rej dane dotycz\u0105, przed zawarciem umowy (art. 6 ust. 1 lit. b RODO);<br><\/div><\/blockquote><blockquote><div align=\"justify\"><b>3)<\/b> realizowania przez Pani\u0105\/a czynno\u015bci na rzecz reprezentowanego podmiotu, na podstawie prawnie uzasadnionego interesu administratora, jakim jest konieczno\u015b\u0107 przetwarzania danych niezb\u0119dnych do zawarcia um\u00f3w z kontrahentami (art. 6 ust. 1 lit. f RODO);<br><\/div><\/blockquote><blockquote><div align=\"justify\"><b>4)<\/b> ewentualnego ustalenia, dochodzenia lub obrony przed roszczeniami zwi\u0105zanymi z zawart\u0105 Umow\u0105 &#8211; podstaw\u0105 prawn\u0105 przetwarzania danych jest niezb\u0119dno\u015b\u0107 przetwarzania do realizacji prawnie uzasadnionego interesu Administratora. Uzasadnionym interesem Administratora jest w tym przypadku mo\u017cliwo\u015b\u0107 ustalenia, dochodzenia lub obrony przed roszczeniami (art. 6 ust. 1 lit. f RODO);<\/div><\/blockquote><blockquote><div align=\"justify\"><b>5)<\/b> dla cel\u00f3w podatkowych i rachunkowych i archiwalnych &#8211; podstaw\u0105 prawn\u0105 przetwarzania danych jest niezb\u0119dno\u015b\u0107 ich przetwarzania w celu wype\u0142nienia obowi\u0105zku prawnego ci\u0105\u017c\u0105cego na Administratorze (art. 6 ust. 1 lit. c RODO).<\/div><\/blockquote><div align=\"justify\"><hr><\/div><div align=\"justify\"><b>4. Odbiorcy danych<\/b><br>Odbiorcami Pani\/Pana danych osobowych s\u0105 podmioty kt\u00f3rym Administrator zleca wykonywanie czynno\u015bci, z kt\u00f3rymi wi\u0105\u017ce si\u0119 konieczno\u015b\u0107 przetwarzania danych osobowych, w szczeg\u00f3lno\u015bci w zakresie obs\u0142ugi poczty elektronicznej, hostingu, IT, obs\u0142ugi administracyjnej, obs\u0142ugi prawnej lub doradczej. Odbiorcami Pani\/Pana danych osobowych mog\u0105 by\u0107 r\u00f3wnie\u017c podmioty lub organy uprawnione do otrzymania Pani\/Pana danych &#8211; tylko w uzasadnionych przypadkach i na podstawie powszechnie obowi\u0105zuj\u0105cych przepis\u00f3w prawa. <br>Ze wzgl\u0119du na jawno\u015b\u0107 post\u0119powania o udzielenie zam\u00f3wienia publicznego, odbiorcami Pani\/Pana danych osobowych mog\u0105 by\u0107 wszystkie zainteresowane osoby lub podmioty. Ograniczenie dost\u0119pu do danych mo\u017ce wyst\u0105pi\u0107 jedynie w szczeg\u00f3lnych przypadkach, je\u015bli jest to uzasadnione ochron\u0105 prywatno\u015bci, interesem publicznym lub informacja stanowi tajemnic\u0119 przedsi\u0119biorstwa.<br><\/div><div align=\"justify\"><hr><\/div><div align=\"justify\"><b>5. Okres przechowywania danych<\/b><br>Podane przez Pani\u0105\/a dane b\u0119d\u0105 przechowywane przez okres 4 lat od dnia zako\u0144czenia post\u0119powania. Je\u017celi okres obowi\u0105zywania umowy w sprawie zam\u00f3wienia publicznego przekroczy 4 lata, administrator przechowuje dane przez ca\u0142y okres obowi\u0105zywania tej umowy.<\/div><div align=\"justify\"><hr><\/div><div align=\"justify\"><b>6. Prawa os\u00f3b, kt\u00f3rych dane dotycz\u0105<\/b><br>Posiada Pani\/Pan prawo \u017c\u0105dania dost\u0119pu do tre\u015bci swoich danych i ich sprostowania, sprzeciwu na dalsze przetwarzanie, usuni\u0119cia, ograniczenia przetwarzania, prawo do przenoszenia danych. Posiada Pani\/Pan prawo do wniesienia skargi do Prezesa UODO (<b><a href=\"https:\/\/www.uodo.gov.pl\/\" target=\"_blank\" rel=\"noopener\">www.uodo.gov.pl<\/a><\/b>) w razie uznania, \u017ce przetwarzanie danych przez Administratora narusza przepisy prawa.<br><\/div><div align=\"justify\"><hr><\/div><div align=\"justify\"><b>7. Ograniczenie praw<\/b><br>Administrator informuje, \u017ce przepisy PZP ograniczaj\u0105 prawo do skorzystania: <br>a) ze sprostowania lub uzupe\u0142nienia danych (art. 16 RODO), je\u017celi zrealizowanie tego prawa mog\u0142oby skutkowa\u0107 zmian\u0105 wyniku post\u0119powania o udzielenie zam\u00f3wienia lub zmian\u0105 postanowie\u0144 umowy w sprawie zam\u00f3wienia publicznego w zakresie niezgodnym z PZP; <br>b) z ograniczenia przetwarzania (art. 18 RODO), kt\u00f3re nie mo\u017ce zosta\u0107 zrealizowane do czasu zako\u0144czenia tego post\u0119powania.<br><\/div><div align=\"justify\"><hr><b><\/b><\/div><div align=\"justify\"><b>8. Informacja o wymogu\/dobrowolno\u015bci podania danych <\/b><br><\/div><div align=\"justify\">Podanie przez Pani\u0105\/Pana danych osobowych jest wymagane przepisami PZP do wzi\u0119cia udzia\u0142u w post\u0119powaniu.<b><br><\/b><\/div><div align=\"justify\"><hr><\/div><div align=\"justify\"><b>9. Informacja o zautomatyzowanym podejmowaniu decyzji, w tym profilowaniu<\/b><br>W oparciu o dane osobowe Administrator nie b\u0119dzie podejmowa\u0142 zautomatyzowanych decyzji, w tym decyzji b\u0119d\u0105cych wynikiem profilowania.<br><\/div><div align=\"justify\"><hr><b><\/b><\/div><div align=\"justify\"><b>10. Przekazywanie do pa\u0144stw trzecich<\/b><br><\/div><div align=\"justify\">W zwi\u0105zku z jawno\u015bci\u0105 post\u0119powania o udzielenie zam\u00f3wienia publicznego Pani\/a dane mog\u0105 by\u0107 tak\u017ce przekazywane do pa\u0144stw trzecich.<br><b><\/b><\/div>\r\n","protected":false},"excerpt":{"rendered":"<p>Zgodnie z art. 13 ust. 1 i 2 rozporz\u0105dzenia Parlamentu Europejskiego i Rady (UE) 2016\/679 z dnia 27 kwietnia 2016 r. w sprawie ochrony os\u00f3b fizycznych w zwi\u0105zku z przetwarzaniem danych osobowych i w sprawie swobodnego przep\u0142ywu takich danych oraz uchylenia dyrektywy 95\/46\/WE (og\u00f3lne rozporz\u0105dzenie o ochronie danych) (Dz.Urz.UE.L Nr 119, str. 1), dalej &#8222;RODO&#8221;, [&hellip;]<\/p>\n","protected":false},"author":65,"featured_media":0,"parent":11660,"menu_order":0,"comment_status":"closed","ping_status":"open","template":"","meta":{"inline_featured_image":false,"_themeisle_gutenberg_block_has_review":false,"footnotes":"","_links_to":"","_links_to_target":""},"acf":[],"_links":{"self":[{"href":"https:\/\/www.paih.gov.pl\/bip\/wp-json\/wp\/v2\/pages\/17437"}],"collection":[{"href":"https:\/\/www.paih.gov.pl\/bip\/wp-json\/wp\/v2\/pages"}],"about":[{"href":"https:\/\/www.paih.gov.pl\/bip\/wp-json\/wp\/v2\/types\/page"}],"author":[{"embeddable":true,"href":"https:\/\/www.paih.gov.pl\/bip\/wp-json\/wp\/v2\/users\/65"}],"replies":[{"embeddable":true,"href":"https:\/\/www.paih.gov.pl\/bip\/wp-json\/wp\/v2\/comments?post=17437"}],"version-history":[{"count":4,"href":"https:\/\/www.paih.gov.pl\/bip\/wp-json\/wp\/v2\/pages\/17437\/revisions"}],"predecessor-version":[{"id":1000104,"href":"https:\/\/www.paih.gov.pl\/bip\/wp-json\/wp\/v2\/pages\/17437\/revisions\/1000104"}],"up":[{"embeddable":true,"href":"https:\/\/www.paih.gov.pl\/bip\/wp-json\/wp\/v2\/pages\/11660"}],"wp:attachment":[{"href":"https:\/\/www.paih.gov.pl\/bip\/wp-json\/wp\/v2\/media?parent=17437"}],"curies":[{"name":"wp","href":"https:\/\/api.w.org\/{rel}","templated":true}]}}