{"id":14927,"date":"2021-03-02T12:35:02","date_gmt":"2021-03-02T11:35:02","guid":{"rendered":"https:\/\/www.paih.gov.pl\/bip\/?p=14927"},"modified":"2026-03-30T11:34:39","modified_gmt":"2026-03-30T09:34:39","slug":"moj-biznes-za-granica","status":"publish","type":"page","link":"https:\/\/www.paih.gov.pl\/bip\/o-agencji\/projekty\/moj-biznes-za-granica\/","title":{"rendered":"M\u00f3j biznes za granic\u0105"},"content":{"rendered":"\n<div align=\"center\"><img decoding=\"async\" style=\"width: 100%; max-width: 780px;\" src=\"\/wp-content\/uploads\/sites\/3\/0\/148701\/148732.jpg\" alt=\"Logotypy\" title=\"Logotypy\" border=\"0\"><\/div><br>\r\n<div align=\"justify\">Polska Agencja Inwestycji i Handlu S.A. jest Liderem Projektu &#8222;M\u00f3j biznes za granic\u0105 &#8211; model wsparcia instytucjonalnego M\u015aP w obszarze umi\u0119dzynarodowienia oferty firm i rozpocz\u0119cia dzia\u0142alno\u015bci na rynkach mi\u0119dzynarodowych&#8221; na podstawie Umowy o dofinansowanie Projektu UDA-POWER.04.03.00-00-0026\/19-00; w ramach Programu Operacyjnego Wiedza Edukacja Rozw\u00f3j 2014-2020; O\u015b priorytetowa: IV. Innowacje spo\u0142eczne i wsp\u00f3\u0142praca ponadnarodowa; Dzia\u0142anie 4.3 Wsp\u00f3\u0142praca ponadnarodowa; Umowa zosta\u0142a zawarta w dniu 15 grudnia 2020 r. pomi\u0119dzy Centrum Projekt\u00f3w Europejskich a Polsk\u0105 Agencj\u0105 Inwestycji i Handlu S.A.<br><br>Warto\u015b\u0107 projektu: 3 602 138,22 z\u0142.<br><br>Okres realizacji projektu: XI 2020 &#8211; XII 2023.<br><br>Projekt w partnerstwie z Fundacj\u0105 Przedsi\u0119biorczo\u015bci Kobiet (FPK) &#8211; partner krajowy oraz Business France (BF) &#8211; partner ponadnarodowy.<br><br>G\u0142\u00f3wnym celem projektu jest rozw\u00f3j i podniesienie jako\u015bci wsparcia firm w Polsce zainteresowanych eksportem przez wypracowanie i wdro\u017cenie dobrych praktyk w zakresie standard\u00f3w dzia\u0142a\u0144 PAIH z wykorzystaniem do\u015bwiadcze\u0144 partnera ponadnarodowego. Celem jest przygotowanie i przetestowanie modelu wsparcia, w tym edukacyjnego, kt\u00f3ry PAIH b\u0119dzie wykorzystywa\u0107 w obs\u0142udze M\u015aP rozwa\u017caj\u0105cych ekspansj\u0119 zagraniczn\u0105. Opracowany model ma za zadanie podnie\u015b\u0107 efektywno\u015b\u0107 polskich M\u015aP w procesie ekspansji mi\u0119dzynarodowej. Wypracowany zestaw narz\u0119dzi b\u0119dzie skierowany do przedsi\u0119biorc\u00f3w planuj\u0105cych rozpocz\u0105\u0107 ekspansj\u0119 zagraniczn\u0105, w tym tych nie maj\u0105cych w pe\u0142ni sprecyzowanego potencja\u0142u eksportowego.<br><br>Wsp\u00f3\u0142praca z Partnerami umo\u017cliwi opracowanie nowego narz\u0119dzia wsparcia i zestawu standard\u00f3w dotycz\u0105cych wsparcia M\u015aP planuj\u0105cych ekspansj\u0119 zagraniczn\u0105. Produktem finalnym b\u0119dzie zar\u00f3wno zestaw szkole\u0144 jak i narz\u0119dzie analizy pozwalaj\u0105ce na identyfikacje potrzeb konkretnego przedsi\u0119biorcy jak i jego stanu przygotowania do eksportu.<br><br>Zadania w projekcie:<br><ul><li>wypracowanie nowego rozwi\u0105zania,<\/li><li>testowanie i analiza efekt\u00f3w,<\/li><li>opracowanie wersji ostatecznej,<\/li><li>wdro\u017cenie i upowszechnienie.<\/li><\/ul>Rezultaty projektu:<br><ul><li>wypracowany i przetestowany model wsparcia edukacyjnego M\u015aP, kt\u00f3re zamierza umi\u0119dzynarodowi\u0107 swoj\u0105 ofert\u0119,<\/li><li>podniesienie efektywno\u015bci instytucji obs\u0142uguj\u0105cych M\u015aP planuj\u0105cych ekspansj\u0119 zagraniczn\u0105,<\/li><li>transfer wiedzy i do\u015bwiadczenia.<\/li><\/ul><br>Projekt realizowany ze \u015brodk\u00f3w Unii Europejskiej zgodnie z zaplanowanym bud\u017cetem ze \u015brodk\u00f3w bud\u017cetowych i pozabud\u017cetowych.<\/div><div align=\"justify\"><br><\/div><div align=\"justify\">Bli\u017csze informacje o projekcie znajduj\u0105 si\u0119 na stronie <a title=\"M\u00f3j biznes za granic\u0105\" href=\"https:\/\/www.paih.gov.pl\/moj_biznes_za_granica\/\" target=\"_blank\" rel=\"noopener\">www.paih.gov.pl\/moj_biznes_za_granica<\/a>.<br><br>\r\n<div align=\"center\"><img decoding=\"async\" src=\"\/wp-content\/uploads\/sites\/3\/0\/141801\/141833.jpg\" alt=\"M\u00f3j biznes za granic\u0105 logotypy\" title=\"M\u00f3j biznes za granic\u0105 logotypy\" border=\"0\"><\/div>\r\n<\/div>\n","protected":false},"excerpt":{"rendered":"<p>Polska Agencja Inwestycji i Handlu S.A. jest Liderem Projektu &#8222;M\u00f3j biznes za granic\u0105 &#8211; model wsparcia instytucjonalnego M\u015aP w obszarze umi\u0119dzynarodowienia oferty firm i rozpocz\u0119cia dzia\u0142alno\u015bci na rynkach mi\u0119dzynarodowych&#8221; na podstawie Umowy o dofinansowanie Projektu UDA-POWER.04.03.00-00-0026\/19-00; w ramach Programu Operacyjnego Wiedza Edukacja Rozw\u00f3j 2014-2020; O\u015b priorytetowa: IV. Innowacje spo\u0142eczne i wsp\u00f3\u0142praca ponadnarodowa; Dzia\u0142anie 4.3 Wsp\u00f3\u0142praca [&hellip;]<\/p>\n","protected":false},"author":65,"featured_media":0,"parent":13479,"menu_order":0,"comment_status":"closed","ping_status":"open","template":"","meta":{"inline_featured_image":false,"_themeisle_gutenberg_block_has_review":false,"footnotes":"","_links_to":"","_links_to_target":""},"acf":[],"_links":{"self":[{"href":"https:\/\/www.paih.gov.pl\/bip\/wp-json\/wp\/v2\/pages\/14927"}],"collection":[{"href":"https:\/\/www.paih.gov.pl\/bip\/wp-json\/wp\/v2\/pages"}],"about":[{"href":"https:\/\/www.paih.gov.pl\/bip\/wp-json\/wp\/v2\/types\/page"}],"author":[{"embeddable":true,"href":"https:\/\/www.paih.gov.pl\/bip\/wp-json\/wp\/v2\/users\/65"}],"replies":[{"embeddable":true,"href":"https:\/\/www.paih.gov.pl\/bip\/wp-json\/wp\/v2\/comments?post=14927"}],"version-history":[{"count":9,"href":"https:\/\/www.paih.gov.pl\/bip\/wp-json\/wp\/v2\/pages\/14927\/revisions"}],"predecessor-version":[{"id":1000117,"href":"https:\/\/www.paih.gov.pl\/bip\/wp-json\/wp\/v2\/pages\/14927\/revisions\/1000117"}],"up":[{"embeddable":true,"href":"https:\/\/www.paih.gov.pl\/bip\/wp-json\/wp\/v2\/pages\/13479"}],"wp:attachment":[{"href":"https:\/\/www.paih.gov.pl\/bip\/wp-json\/wp\/v2\/media?parent=14927"}],"curies":[{"name":"wp","href":"https:\/\/api.w.org\/{rel}","templated":true}]}}