{"id":13485,"date":"2019-12-09T13:27:34","date_gmt":"2019-12-09T12:27:34","guid":{"rendered":"https:\/\/www.paih.gov.pl\/bip\/?p=13485"},"modified":"2026-03-30T11:34:39","modified_gmt":"2026-03-30T09:34:39","slug":"wspolpraca-regionalna","status":"publish","type":"page","link":"https:\/\/www.paih.gov.pl\/bip\/o-agencji\/projekty\/wspolpraca-regionalna\/","title":{"rendered":"Wsp\u00f3\u0142praca z partnerami regionalnymi"},"content":{"rendered":"\n<div align=\"justify\">Cel: podniesienie wiedzy i kwalifikacji pracownik\u00f3w instytucji regionalnych oraz utrzymanie i rozwijanie sieci wsp\u00f3\u0142pracy partnerskiej z instytucjami regionalnymi.<\/div><div align=\"justify\"><ol><li>Organizacja sta\u017cy i szkole\u0144 dla przedstawicieli JST, SSE, COI\/COIE, park\u00f3w przemys\u0142owych etc. Podczas szkole\u0144 przekazywana jest wiedza i do\u015bwiadczenia pracownik\u00f3w Agencji, przybli\u017cane dzia\u0142ania Agencji, przekazywane standardy obs\u0142ugi inwestor\u00f3w na szczebel regionalny i gminny. Szkolenia organizowane s\u0105 z w siedzibie Agencji oraz w regionach.<\/li><li>Umowy partnerskie podpisywane s\u0105 z partnerami PAIH w celu pog\u0142\u0119bienia wsp\u00f3\u0142pracy:<br>a) z marsza\u0142kami wojew\u00f3dztw na prowadzenie Centrum Obs\u0142ugi Inwestora w regionach, <br>b) z miastami prezydenckimi &#8211; porozumienia wspieraj\u0105ce dzia\u0142ania miast dzia\u0142ania promuj\u0105ce gospodark\u0119 miasta i wspieraj\u0105ce przyci\u0105ganie inwestor\u00f3w;<\/li><li>Utrzymywanie relacji z obecnymi partnerami &#8211; kontakty z COI\/COIE, SSE, JST z miastami prezydenckimi, doradztwo w zakresie standard\u00f3w obs\u0142ugi inwestora.<\/li><\/ol>Zadania realizowane w ramach umowy dotacyjnej z Ministerstwem Rozwoju i Technologii w ramach realizacji strategii Rz\u0105du.<br><\/div>\n","protected":false},"excerpt":{"rendered":"<p>Cel: podniesienie wiedzy i kwalifikacji pracownik\u00f3w instytucji regionalnych oraz utrzymanie i rozwijanie sieci wsp\u00f3\u0142pracy partnerskiej z instytucjami regionalnymi. Organizacja sta\u017cy i szkole\u0144 dla przedstawicieli JST, SSE, COI\/COIE, park\u00f3w przemys\u0142owych etc. Podczas szkole\u0144 przekazywana jest wiedza i do\u015bwiadczenia pracownik\u00f3w Agencji, przybli\u017cane dzia\u0142ania Agencji, przekazywane standardy obs\u0142ugi inwestor\u00f3w na szczebel regionalny i gminny. Szkolenia organizowane s\u0105 z [&hellip;]<\/p>\n","protected":false},"author":65,"featured_media":0,"parent":13479,"menu_order":0,"comment_status":"closed","ping_status":"open","template":"","meta":{"inline_featured_image":false,"_themeisle_gutenberg_block_has_review":false,"footnotes":"","_links_to":"","_links_to_target":""},"acf":[],"_links":{"self":[{"href":"https:\/\/www.paih.gov.pl\/bip\/wp-json\/wp\/v2\/pages\/13485"}],"collection":[{"href":"https:\/\/www.paih.gov.pl\/bip\/wp-json\/wp\/v2\/pages"}],"about":[{"href":"https:\/\/www.paih.gov.pl\/bip\/wp-json\/wp\/v2\/types\/page"}],"author":[{"embeddable":true,"href":"https:\/\/www.paih.gov.pl\/bip\/wp-json\/wp\/v2\/users\/65"}],"replies":[{"embeddable":true,"href":"https:\/\/www.paih.gov.pl\/bip\/wp-json\/wp\/v2\/comments?post=13485"}],"version-history":[{"count":7,"href":"https:\/\/www.paih.gov.pl\/bip\/wp-json\/wp\/v2\/pages\/13485\/revisions"}],"predecessor-version":[{"id":1000121,"href":"https:\/\/www.paih.gov.pl\/bip\/wp-json\/wp\/v2\/pages\/13485\/revisions\/1000121"}],"up":[{"embeddable":true,"href":"https:\/\/www.paih.gov.pl\/bip\/wp-json\/wp\/v2\/pages\/13479"}],"wp:attachment":[{"href":"https:\/\/www.paih.gov.pl\/bip\/wp-json\/wp\/v2\/media?parent=13485"}],"curies":[{"name":"wp","href":"https:\/\/api.w.org\/{rel}","templated":true}]}}